{"id":8534,"date":"2025-11-18T07:08:44","date_gmt":"2025-11-18T07:08:44","guid":{"rendered":"https:\/\/www.ceramicbasin.com\/?post_type=product&#038;p=8534"},"modified":"2025-11-20T08:51:44","modified_gmt":"2025-11-20T08:51:44","slug":"modern-wall-hung-sink-wholesale","status":"publish","type":"product","link":"https:\/\/www.ceramicbasin.com\/fr\/produit\/modern-wall-hung-sink-wholesale\/","title":{"rendered":"Evier moderne suspendu Wholesale, Custom Ceramic Bath Basins"},"content":{"rendered":"<div class=\"wp-block-columns is-layout-flex wp-container-core-columns-is-layout-9d6595d7 wp-block-columns-is-layout-flex\">\n<div class=\"wp-block-column is-layout-flow wp-block-column-is-layout-flow\">\n<h2 class=\"wp-block-heading\">Premium Modern Wall Hung Sink Wholesale Caract\u00e9ristiques :<\/h2>\n\n\n\n<ul class=\"wp-block-list\">\n<li><strong>Nouvelle conception :<\/strong> Notre lavabo moderne suspendu en gros pr\u00e9sente un design minimaliste ultra-mince, avec une hauteur totale de seulement 100 mm. Les lignes \u00e9pur\u00e9es sont parfaites pour les salles de bains modernes et minimalistes. Une plate-forme sur le c\u00f4t\u00e9 gauche peut accueillir du savon, du d\u00e9sinfectant pour les mains ou d'autres petits articles de tous les jours, ce qui facilite l'utilisation de l'\u00e9vier.<\/li>\n\n\n\n<li><strong>Peu encombrant : <\/strong>Le lavabo de salle de bains en c\u00e9ramique personnalis\u00e9 avec une structure murale permet une utilisation efficace de l'espace. Il est particuli\u00e8rement bien adapt\u00e9 aux petites salles de bains, ainsi qu'aux salles d'eau commerciales, o\u00f9 il constitue un placement de produit cibl\u00e9 dans des espaces compacts.<\/li>\n\n\n\n<li><strong>Mat\u00e9riau c\u00e9ramique de haute qualit\u00e9 :<\/strong> Cet \u00e9vier moderne suspendu au mur est fabriqu\u00e9 \u00e0 partir d'une cuisson c\u00e9ramique \u00e0 haute temp\u00e9rature. La surface est dense, r\u00e9sistante aux rayures et aux taches, et a une longue dur\u00e9e de vie.<\/li>\n\n\n\n<li><strong>Glace facile \u00e0 nettoyer :<\/strong> Le lavabo de salle de bains en c\u00e9ramique personnalis\u00e9 pr\u00e9sente une surface lisse et brillante ou, en option, une gla\u00e7ure mate, une excellente r\u00e9sistance aux taches et un entretien quotidien simple. L'installation est flexible et compatible avec diverses configurations de robinetterie et d'\u00e9vacuation.<\/li>\n<\/ul>\n<\/div>\n\n\n\n<div class=\"wp-block-column is-layout-flow wp-block-column-is-layout-flow\">\n<figure class=\"wp-block-image size-full\"><img fetchpriority=\"high\" decoding=\"async\" width=\"800\" height=\"800\" src=\"https:\/\/www.ceramicbasin.com\/wp-content\/uploads\/2025\/11\/modern-wall-hung-sink-wholesale-custom-ceramic-bath-basins-5.webp\" alt=\"modern-wall-hung-sink-wholesale-custom-ceramic-bath-basins-5\" class=\"wp-image-8567\" srcset=\"https:\/\/www.ceramicbasin.com\/wp-content\/uploads\/2025\/11\/modern-wall-hung-sink-wholesale-custom-ceramic-bath-basins-5.webp 800w, https:\/\/www.ceramicbasin.com\/wp-content\/uploads\/2025\/11\/modern-wall-hung-sink-wholesale-custom-ceramic-bath-basins-5-300x300.webp 300w, https:\/\/www.ceramicbasin.com\/wp-content\/uploads\/2025\/11\/modern-wall-hung-sink-wholesale-custom-ceramic-bath-basins-5-150x150.webp 150w, https:\/\/www.ceramicbasin.com\/wp-content\/uploads\/2025\/11\/modern-wall-hung-sink-wholesale-custom-ceramic-bath-basins-5-768x768.webp 768w, https:\/\/www.ceramicbasin.com\/wp-content\/uploads\/2025\/11\/modern-wall-hung-sink-wholesale-custom-ceramic-bath-basins-5-12x12.webp 12w, https:\/\/www.ceramicbasin.com\/wp-content\/uploads\/2025\/11\/modern-wall-hung-sink-wholesale-custom-ceramic-bath-basins-5-285x285.webp 285w, https:\/\/www.ceramicbasin.com\/wp-content\/uploads\/2025\/11\/modern-wall-hung-sink-wholesale-custom-ceramic-bath-basins-5-270x270.webp 270w, https:\/\/www.ceramicbasin.com\/wp-content\/uploads\/2025\/11\/modern-wall-hung-sink-wholesale-custom-ceramic-bath-basins-5-540x540.webp 540w, https:\/\/www.ceramicbasin.com\/wp-content\/uploads\/2025\/11\/modern-wall-hung-sink-wholesale-custom-ceramic-bath-basins-5-660x660.webp 660w\" sizes=\"(max-width: 800px) 100vw, 800px\" \/><\/figure>\n<\/div>\n<\/div>","protected":false},"excerpt":{"rendered":"<p>Nous vous invitons \u00e0 acheter en gros nos lavabos muraux modernes qui sont particuli\u00e8rement con\u00e7us pour les petites salles de bains ou les salles d'eau. Le lavabo de salle de bain en c\u00e9ramique personnalis\u00e9 est fabriqu\u00e9 en c\u00e9ramique durable \u00e0 haute temp\u00e9rature avec une finition facile \u00e0 nettoyer. Ce lavabo mural personnalis\u00e9 est id\u00e9al pour les h\u00f4tels, les appartements et les salles de bains commerciales. Possibilit\u00e9 de fabrication en gros OEM\/ODM.<\/p>\n<table border=\"0\" width=\"478\" cellspacing=\"0\" cellpadding=\"0\">\n<tbody>\n<tr>\n<td width=\"166\" height=\"23\">Fabricant<\/td>\n<td width=\"312\">HanYu<\/td>\n<\/tr>\n<tr>\n<td height=\"23\">Num\u00e9ro de mod\u00e8le.<\/td>\n<td>HY-3131<\/td>\n<\/tr>\n<tr>\n<td height=\"23\">Type<\/td>\n<td width=\"312\">\u00c9viers muraux<\/td>\n<\/tr>\n<tr>\n<td height=\"24\">Forme<\/td>\n<td>Forme rectangulaire<\/td>\n<\/tr>\n<tr>\n<td height=\"46\">Couleur<\/td>\n<td width=\"312\">noir\/blanc\/bleu\/gris\/rose\/vert\/marron\/kaki<\/td>\n<\/tr>\n<tr>\n<td height=\"24\">Dimension<\/td>\n<td width=\"312\">60*22*10<\/td>\n<\/tr>\n<tr>\n<td height=\"23\">N.W \/SET<\/td>\n<td>10KGS\/PCS<\/td>\n<\/tr>\n<tr>\n<td height=\"23\">MOQ<\/td>\n<td>20pcs<\/td>\n<\/tr>\n<tr>\n<td height=\"23\">Option personnalis\u00e9e<\/td>\n<td>Couleur\/Pattenue\/Taille\/Logo\/Emballage<\/td>\n<\/tr>\n<\/tbody>\n<\/table>","protected":false},"featured_media":8566,"comment_status":"closed","ping_status":"closed","template":"","meta":{"_acf_changed":false},"product_brand":[],"product_cat":[57],"product_tag":[],"class_list":{"0":"post-8534","1":"product","2":"type-product","3":"status-publish","4":"has-post-thumbnail","6":"product_cat-wholesale-wall-mounted-sinks","8":"first","9":"instock","10":"shipping-taxable","11":"product-type-simple"},"acf":[],"_links":{"self":[{"href":"https:\/\/www.ceramicbasin.com\/fr\/wp-json\/wp\/v2\/product\/8534","targetHints":{"allow":["GET"]}}],"collection":[{"href":"https:\/\/www.ceramicbasin.com\/fr\/wp-json\/wp\/v2\/product"}],"about":[{"href":"https:\/\/www.ceramicbasin.com\/fr\/wp-json\/wp\/v2\/types\/product"}],"replies":[{"embeddable":true,"href":"https:\/\/www.ceramicbasin.com\/fr\/wp-json\/wp\/v2\/comments?post=8534"}],"wp:featuredmedia":[{"embeddable":true,"href":"https:\/\/www.ceramicbasin.com\/fr\/wp-json\/wp\/v2\/media\/8566"}],"wp:attachment":[{"href":"https:\/\/www.ceramicbasin.com\/fr\/wp-json\/wp\/v2\/media?parent=8534"}],"wp:term":[{"taxonomy":"product_brand","embeddable":true,"href":"https:\/\/www.ceramicbasin.com\/fr\/wp-json\/wp\/v2\/product_brand?post=8534"},{"taxonomy":"product_cat","embeddable":true,"href":"https:\/\/www.ceramicbasin.com\/fr\/wp-json\/wp\/v2\/product_cat?post=8534"},{"taxonomy":"product_tag","embeddable":true,"href":"https:\/\/www.ceramicbasin.com\/fr\/wp-json\/wp\/v2\/product_tag?post=8534"}],"curies":[{"name":"wp","href":"https:\/\/api.w.org\/{rel}","templated":true}]}}