{"id":8541,"date":"2025-11-18T08:30:43","date_gmt":"2025-11-18T08:30:43","guid":{"rendered":"https:\/\/www.ceramicbasin.com\/?post_type=product&#038;p=8541"},"modified":"2025-11-20T09:36:04","modified_gmt":"2025-11-20T09:36:04","slug":"wholesale-wall-mounted-bathroom-sinks","status":"publish","type":"product","link":"https:\/\/www.ceramicbasin.com\/fr\/produit\/wholesale-wall-mounted-bathroom-sinks\/","title":{"rendered":"Wholesale Wall Mounted Bathroom Sinks, Ceramic Sink Bulk (\u00e9vier en c\u00e9ramique en vrac)"},"content":{"rendered":"<div class=\"wp-block-columns is-layout-flex wp-container-core-columns-is-layout-9d6595d7 wp-block-columns-is-layout-flex\">\n<div class=\"wp-block-column is-layout-flow wp-block-column-is-layout-flow\">\n<h2 class=\"wp-block-heading\">Premium Wholesale Wall Mounted Bathroom Sinks Caract\u00e9ristiques :<\/h2>\n\n\n\n<ul class=\"wp-block-list\">\n<li><strong>Nouvelle conception : <\/strong>Nos petits lavabos muraux sont particuli\u00e8rement con\u00e7us pour les petites salles d'eau ou salles de bains, avec une installation murale compacte pour utiliser l'espace limit\u00e9.<\/li>\n\n\n\n<li><strong>Installation murale : <\/strong>Ces lavabos de salle de bains \u00e0 vendre sont fix\u00e9s au mur, ce qui permet de r\u00e9duire l'encombrement. La structure plus profonde du bassin minimise les \u00e9claboussures d'eau et ajoute \u00e0 l'aspect pratique.<\/li>\n\n\n\n<li><strong>Fabriqu\u00e9 en c\u00e9ramique de haute qualit\u00e9 :<\/strong> Cet \u00e9vier rectangulaire en c\u00e9ramique est r\u00e9sistant aux rayures et aux taches et pr\u00e9sente une surface lisse et facile \u00e0 nettoyer, d'une grande long\u00e9vit\u00e9. Il est compatible avec les normes internationales de drainage et de robinetterie pour une installation facile.<\/li>\n\n\n\n<li><strong>Options personnalisables :<\/strong> Avec une vari\u00e9t\u00e9 de couleurs, de finitions de surface et d'emballages personnalis\u00e9s, cet \u00e9vier rectangulaire en c\u00e9ramique en vrac peut facilement r\u00e9pondre aux besoins sp\u00e9cifiques de votre marque et de votre march\u00e9.<\/li>\n<\/ul>\n<\/div>\n\n\n\n<div class=\"wp-block-column is-layout-flow wp-block-column-is-layout-flow\">\n<figure class=\"wp-block-image size-full\"><img fetchpriority=\"high\" decoding=\"async\" width=\"800\" height=\"800\" src=\"https:\/\/www.ceramicbasin.com\/wp-content\/uploads\/2025\/11\/wholesale-wall-mounted-bathroom-sinks-ceramic-sink-bulk-5.webp\" alt=\"wholesale-wall-mounted-bathroom-sinks-ceramic-sink-bulk-5\" class=\"wp-image-8574\" srcset=\"https:\/\/www.ceramicbasin.com\/wp-content\/uploads\/2025\/11\/wholesale-wall-mounted-bathroom-sinks-ceramic-sink-bulk-5.webp 800w, https:\/\/www.ceramicbasin.com\/wp-content\/uploads\/2025\/11\/wholesale-wall-mounted-bathroom-sinks-ceramic-sink-bulk-5-300x300.webp 300w, https:\/\/www.ceramicbasin.com\/wp-content\/uploads\/2025\/11\/wholesale-wall-mounted-bathroom-sinks-ceramic-sink-bulk-5-150x150.webp 150w, https:\/\/www.ceramicbasin.com\/wp-content\/uploads\/2025\/11\/wholesale-wall-mounted-bathroom-sinks-ceramic-sink-bulk-5-768x768.webp 768w, https:\/\/www.ceramicbasin.com\/wp-content\/uploads\/2025\/11\/wholesale-wall-mounted-bathroom-sinks-ceramic-sink-bulk-5-12x12.webp 12w, https:\/\/www.ceramicbasin.com\/wp-content\/uploads\/2025\/11\/wholesale-wall-mounted-bathroom-sinks-ceramic-sink-bulk-5-285x285.webp 285w, https:\/\/www.ceramicbasin.com\/wp-content\/uploads\/2025\/11\/wholesale-wall-mounted-bathroom-sinks-ceramic-sink-bulk-5-270x270.webp 270w, https:\/\/www.ceramicbasin.com\/wp-content\/uploads\/2025\/11\/wholesale-wall-mounted-bathroom-sinks-ceramic-sink-bulk-5-540x540.webp 540w, https:\/\/www.ceramicbasin.com\/wp-content\/uploads\/2025\/11\/wholesale-wall-mounted-bathroom-sinks-ceramic-sink-bulk-5-660x660.webp 660w\" sizes=\"(max-width: 800px) 100vw, 800px\" \/><\/figure>\n<\/div>\n<\/div>\n\n\n\n<p><\/p>","protected":false},"excerpt":{"rendered":"<p>Bienvenue sur notre site de vente en gros de lavabos de salle de bain muraux con\u00e7us sp\u00e9cialement pour les petites salles de bain et les espaces commerciaux restreints. Ce mini lavabo a une cuve plus profonde, un trou pour le robinet sur le c\u00f4t\u00e9 gauche, et une finition en c\u00e9ramique durable et facile \u00e0 nettoyer pour permettre une fonctionnalit\u00e9 pratique tout en \u00e9conomisant de l'espace. Il convient parfaitement aux salles d'eau r\u00e9sidentielles, aux caf\u00e9s, aux restaurants et aux toilettes publiques.<\/p>\n<table border=\"0\" width=\"478\" cellspacing=\"0\" cellpadding=\"0\">\n<tbody>\n<tr>\n<td width=\"166\" height=\"23\">Fabricant<\/td>\n<td width=\"312\">HanYu<\/td>\n<\/tr>\n<tr>\n<td height=\"23\">Num\u00e9ro de mod\u00e8le.<\/td>\n<td>HY-3132L<\/td>\n<\/tr>\n<tr>\n<td height=\"23\">Type<\/td>\n<td width=\"312\">\u00c9viers muraux<\/td>\n<\/tr>\n<tr>\n<td height=\"24\">Forme<\/td>\n<td>Forme rectangulaire<\/td>\n<\/tr>\n<tr>\n<td height=\"46\">Couleur<\/td>\n<td width=\"312\">noir\/blanc\/bleu\/gris\/rose\/vert\/marron\/kaki<\/td>\n<\/tr>\n<tr>\n<td height=\"24\">Dimension<\/td>\n<td width=\"312\">40*22*14<\/td>\n<\/tr>\n<tr>\n<td height=\"23\">N.W \/SET<\/td>\n<td>8KGS\/PCS<\/td>\n<\/tr>\n<tr>\n<td height=\"23\">MOQ<\/td>\n<td>20pcs<\/td>\n<\/tr>\n<tr>\n<td height=\"23\">Option personnalis\u00e9e<\/td>\n<td>Couleur\/Pattenue\/Taille\/Logo\/Emballage<\/td>\n<\/tr>\n<\/tbody>\n<\/table>","protected":false},"featured_media":8573,"comment_status":"closed","ping_status":"closed","template":"","meta":{"_acf_changed":false},"product_brand":[],"product_cat":[57,56],"product_tag":[],"class_list":{"0":"post-8541","1":"product","2":"type-product","3":"status-publish","4":"has-post-thumbnail","6":"product_cat-wholesale-wall-mounted-sinks","7":"product_cat-wholesale-small-bathroom-sinks","9":"first","10":"instock","11":"shipping-taxable","12":"product-type-simple"},"acf":[],"_links":{"self":[{"href":"https:\/\/www.ceramicbasin.com\/fr\/wp-json\/wp\/v2\/product\/8541","targetHints":{"allow":["GET"]}}],"collection":[{"href":"https:\/\/www.ceramicbasin.com\/fr\/wp-json\/wp\/v2\/product"}],"about":[{"href":"https:\/\/www.ceramicbasin.com\/fr\/wp-json\/wp\/v2\/types\/product"}],"replies":[{"embeddable":true,"href":"https:\/\/www.ceramicbasin.com\/fr\/wp-json\/wp\/v2\/comments?post=8541"}],"wp:featuredmedia":[{"embeddable":true,"href":"https:\/\/www.ceramicbasin.com\/fr\/wp-json\/wp\/v2\/media\/8573"}],"wp:attachment":[{"href":"https:\/\/www.ceramicbasin.com\/fr\/wp-json\/wp\/v2\/media?parent=8541"}],"wp:term":[{"taxonomy":"product_brand","embeddable":true,"href":"https:\/\/www.ceramicbasin.com\/fr\/wp-json\/wp\/v2\/product_brand?post=8541"},{"taxonomy":"product_cat","embeddable":true,"href":"https:\/\/www.ceramicbasin.com\/fr\/wp-json\/wp\/v2\/product_cat?post=8541"},{"taxonomy":"product_tag","embeddable":true,"href":"https:\/\/www.ceramicbasin.com\/fr\/wp-json\/wp\/v2\/product_tag?post=8541"}],"curies":[{"name":"wp","href":"https:\/\/api.w.org\/{rel}","templated":true}]}}