{"id":8548,"date":"2025-11-18T08:37:50","date_gmt":"2025-11-18T08:37:50","guid":{"rendered":"https:\/\/www.ceramicbasin.com\/?post_type=product&#038;p=8548"},"modified":"2025-11-20T10:16:41","modified_gmt":"2025-11-20T10:16:41","slug":"bulk-small-wall-mounted-sink","status":"publish","type":"product","link":"https:\/\/www.ceramicbasin.com\/fr\/produit\/bulk-small-wall-mounted-sink\/","title":{"rendered":"Petit \u00e9vier mural en vrac, fourniture de vasque de salle de bain r\u00e9guli\u00e8re"},"content":{"rendered":"<div class=\"wp-block-columns is-layout-flex wp-container-core-columns-is-layout-9d6595d7 wp-block-columns-is-layout-flex\">\n<div class=\"wp-block-column is-layout-flow wp-block-column-is-layout-flow\">\n<h2 class=\"wp-block-heading\">Premium Bulk Petit \u00e9vier mural Caract\u00e9ristiques :<\/h2>\n\n\n\n<ul class=\"wp-block-list\">\n<li><strong>Ventes \u00e0 chaud :<\/strong> Ce petit \u00e9vier mural en c\u00e9ramique est bien accueilli par le march\u00e9 en raison de sa durabilit\u00e9, de sa couleur uniforme, de sa facilit\u00e9 de nettoyage et d'entretien, et de son co\u00fbt \u00e9lev\u00e9.<\/li>\n\n\n\n<li><strong>Qualit\u00e9 c\u00e9ramique sup\u00e9rieure : <\/strong>Ce petit \u00e9vier mural en vrac est fabriqu\u00e9 en c\u00e9ramique cuite \u00e0 haute temp\u00e9rature, ce qui permet d'obtenir une surface lisse, r\u00e9sistante aux rayures et aux taches, facile \u00e0 nettoyer et durable.<\/li>\n\n\n\n<li><strong>Montage mural Design :<\/strong> Ces vasques de salle de bains en c\u00e9ramique sur mesure permettent de gagner de l'espace au sol, de garder les petites salles de bains propres et bien rang\u00e9es, et de nettoyer facilement le sol. Elles sont sp\u00e9cialement con\u00e7ues pour les petits appartements, les chambres d'h\u00f4tel, les toilettes publiques et autres espaces restreints, car elles utilisent efficacement l'espace mural.<\/li>\n\n\n\n<li><strong>Plusieurs tailles standard disponibles :<\/strong> Ces vasques de salle de bains en c\u00e9ramique personnalis\u00e9es ont une capacit\u00e9 de production stable qui leur permet d'\u00eatre vendues en gros, d'assurer l'approvisionnement de gros volumes avec des d\u00e9lais de livraison stables, ce qui convient \u00e0 une coop\u00e9ration \u00e0 long terme avec des projets d'ing\u00e9nierie, des distributeurs et des propri\u00e9taires de marques.<\/li>\n<\/ul>\n<\/div>\n\n\n\n<div class=\"wp-block-column is-layout-flow wp-block-column-is-layout-flow\">\n<figure class=\"wp-block-image size-full\"><img fetchpriority=\"high\" decoding=\"async\" width=\"800\" height=\"800\" src=\"https:\/\/www.ceramicbasin.com\/wp-content\/uploads\/2025\/11\/white-ceramic-sinkporcelain-vanity-sinksbasin-wall-mount5.webp\" alt=\"factory-bulk-petit-montage-mural-\u00e9vier-salle-de-bain-r\u00e9guli\u00e8re-fourniture-5\" class=\"wp-image-8553\" srcset=\"https:\/\/www.ceramicbasin.com\/wp-content\/uploads\/2025\/11\/white-ceramic-sinkporcelain-vanity-sinksbasin-wall-mount5.webp 800w, https:\/\/www.ceramicbasin.com\/wp-content\/uploads\/2025\/11\/white-ceramic-sinkporcelain-vanity-sinksbasin-wall-mount5-300x300.webp 300w, https:\/\/www.ceramicbasin.com\/wp-content\/uploads\/2025\/11\/white-ceramic-sinkporcelain-vanity-sinksbasin-wall-mount5-150x150.webp 150w, https:\/\/www.ceramicbasin.com\/wp-content\/uploads\/2025\/11\/white-ceramic-sinkporcelain-vanity-sinksbasin-wall-mount5-768x768.webp 768w, https:\/\/www.ceramicbasin.com\/wp-content\/uploads\/2025\/11\/white-ceramic-sinkporcelain-vanity-sinksbasin-wall-mount5-12x12.webp 12w, https:\/\/www.ceramicbasin.com\/wp-content\/uploads\/2025\/11\/white-ceramic-sinkporcelain-vanity-sinksbasin-wall-mount5-285x285.webp 285w, https:\/\/www.ceramicbasin.com\/wp-content\/uploads\/2025\/11\/white-ceramic-sinkporcelain-vanity-sinksbasin-wall-mount5-270x270.webp 270w, https:\/\/www.ceramicbasin.com\/wp-content\/uploads\/2025\/11\/white-ceramic-sinkporcelain-vanity-sinksbasin-wall-mount5-540x540.webp 540w, https:\/\/www.ceramicbasin.com\/wp-content\/uploads\/2025\/11\/white-ceramic-sinkporcelain-vanity-sinksbasin-wall-mount5-660x660.webp 660w\" sizes=\"(max-width: 800px) 100vw, 800px\" \/><\/figure>\n<\/div>\n<\/div>\n\n\n\n<p><\/p>","protected":false},"excerpt":{"rendered":"<p>Notre petit \u00e9vier mural en vrac est con\u00e7u pour les salles de bains compactes et les projets commerciaux. Il offre une structure peu encombrante, une construction en c\u00e9ramique durable et une gla\u00e7ure facile \u00e0 nettoyer. Disponible dans des tailles r\u00e9guli\u00e8res avec un approvisionnement en vrac stable, il peut \u00eatre personnalis\u00e9 OEM\/ODM pour les h\u00f4tels, les appartements et les entrepreneurs en r\u00e9novation.<\/p>\n<table border=\"0\" width=\"478\" cellspacing=\"0\" cellpadding=\"0\">\n<tbody>\n<tr>\n<td width=\"166\" height=\"23\">Fabricant<\/td>\n<td width=\"312\">HanYu<\/td>\n<\/tr>\n<tr>\n<td height=\"23\">Num\u00e9ro de mod\u00e8le.<\/td>\n<td>HY-3132L<\/td>\n<\/tr>\n<tr>\n<td height=\"23\">Type<\/td>\n<td width=\"312\">\u00c9viers muraux<\/td>\n<\/tr>\n<tr>\n<td height=\"24\">Forme<\/td>\n<td>Forme rectangulaire<\/td>\n<\/tr>\n<tr>\n<td height=\"46\">Couleur<\/td>\n<td width=\"312\">noir\/blanc\/bleu\/gris\/rose\/vert\/marron\/kaki<\/td>\n<\/tr>\n<tr>\n<td height=\"24\">Dimension<\/td>\n<td width=\"312\">40*22*14<\/td>\n<\/tr>\n<tr>\n<td height=\"23\">N.W \/SET<\/td>\n<td>8KGS\/PCS<\/td>\n<\/tr>\n<tr>\n<td height=\"23\">MOQ<\/td>\n<td>20pcs<\/td>\n<\/tr>\n<tr>\n<td height=\"23\">Option personnalis\u00e9e<\/td>\n<td>Couleur\/Pattenue\/Taille\/Logo\/Emballage<\/td>\n<\/tr>\n<\/tbody>\n<\/table>","protected":false},"featured_media":8549,"comment_status":"closed","ping_status":"closed","template":"","meta":{"_acf_changed":false},"product_brand":[],"product_cat":[57,56],"product_tag":[],"class_list":{"0":"post-8548","1":"product","2":"type-product","3":"status-publish","4":"has-post-thumbnail","6":"product_cat-wholesale-wall-mounted-sinks","7":"product_cat-wholesale-small-bathroom-sinks","9":"first","10":"instock","11":"shipping-taxable","12":"product-type-simple"},"acf":[],"_links":{"self":[{"href":"https:\/\/www.ceramicbasin.com\/fr\/wp-json\/wp\/v2\/product\/8548","targetHints":{"allow":["GET"]}}],"collection":[{"href":"https:\/\/www.ceramicbasin.com\/fr\/wp-json\/wp\/v2\/product"}],"about":[{"href":"https:\/\/www.ceramicbasin.com\/fr\/wp-json\/wp\/v2\/types\/product"}],"replies":[{"embeddable":true,"href":"https:\/\/www.ceramicbasin.com\/fr\/wp-json\/wp\/v2\/comments?post=8548"}],"wp:featuredmedia":[{"embeddable":true,"href":"https:\/\/www.ceramicbasin.com\/fr\/wp-json\/wp\/v2\/media\/8549"}],"wp:attachment":[{"href":"https:\/\/www.ceramicbasin.com\/fr\/wp-json\/wp\/v2\/media?parent=8548"}],"wp:term":[{"taxonomy":"product_brand","embeddable":true,"href":"https:\/\/www.ceramicbasin.com\/fr\/wp-json\/wp\/v2\/product_brand?post=8548"},{"taxonomy":"product_cat","embeddable":true,"href":"https:\/\/www.ceramicbasin.com\/fr\/wp-json\/wp\/v2\/product_cat?post=8548"},{"taxonomy":"product_tag","embeddable":true,"href":"https:\/\/www.ceramicbasin.com\/fr\/wp-json\/wp\/v2\/product_tag?post=8548"}],"curies":[{"name":"wp","href":"https:\/\/api.w.org\/{rel}","templated":true}]}}