{"id":8578,"date":"2025-11-27T08:39:44","date_gmt":"2025-11-27T08:39:44","guid":{"rendered":"https:\/\/www.ceramicbasin.com\/?post_type=product&#038;p=8578"},"modified":"2025-11-27T08:39:48","modified_gmt":"2025-11-27T08:39:48","slug":"bulk-above-counter-bathroom-sink","status":"publish","type":"product","link":"https:\/\/www.ceramicbasin.com\/fr\/produit\/bulk-above-counter-bathroom-sink\/","title":{"rendered":"Lavabo de salle de bain en vrac au-dessus du comptoir, grand bassin en c\u00e9ramique sur\u00e9lev\u00e9 Approvisionnement"},"content":{"rendered":"<div class=\"wp-block-columns is-layout-flex wp-container-core-columns-is-layout-9d6595d7 wp-block-columns-is-layout-flex\">\n<div class=\"wp-block-column is-layout-flow wp-block-column-is-layout-flow\">\n<h2 class=\"wp-block-heading\">Premium Modern Bulk Above Counter Bathroom Sink Features :<\/h2>\n\n\n\n<ul class=\"wp-block-list\">\n<li><strong>Aspect moderne et minimaliste : <\/strong>Ce lavabo de salle de bain en vrac au-dessus du comptoir pr\u00e9sente un style nordique, un design tridimensionnel, des lignes douces et une silhouette \u00e9l\u00e9gante, qui mettent en valeur l'aspect moderne et le design de l'espace de la salle de bain. Les bords arrondis offrent un toucher doux et am\u00e9liorent la s\u00e9curit\u00e9.<\/li>\n\n\n\n<li><strong>Porcelaine de qualit\u00e9 sup\u00e9rieure Mat\u00e9riau<\/strong> Ce lavabo de salle de bain en vrac utilise de la c\u00e9ramique\/porcelaine de premi\u00e8re qualit\u00e9 cuite \u00e0 haute temp\u00e9rature. La surface est dure et dense, non absorbante, r\u00e9sistante aux rayures et conserve son \u00e9clat m\u00eame apr\u00e8s une utilisation prolong\u00e9e.<\/li>\n\n\n\n<li><strong>Au-dessus du comptoir :<\/strong> L'installation d'un comptoir en c\u00e9ramique sur mesure cr\u00e9e un aspect plus tridimensionnel tout en \u00e9conomisant de l'espace sur le comptoir, ce qui convient \u00e0 divers sc\u00e9narios tels que les h\u00f4tels haut de gamme, les maisons et les salles de bains commerciales.<\/li>\n\n\n\n<li><strong>Design de la cuvette haute :<\/strong> Cette vasque en c\u00e9ramique haute et sur\u00e9lev\u00e9e est relativement profonde, ce qui emp\u00eache l'eau d'\u00e9clabousser lors du lavage des mains et permet de garder le plan de travail propre et hygi\u00e9nique.<\/li>\n\n\n\n<li><strong>Vente directe \u00e0 l'usine :\u00a0<\/strong>Les lavabos en c\u00e9ramique de HanYu sont vendus en gros directement par l'usine, ce qui \u00e9limine la diff\u00e9rence de prix des interm\u00e9diaires. L'achat en gros de lavabos de salle de bain vous assure d'acheter des lavabos de salle de bain de haute qualit\u00e9 en gros au prix le plus bas.<\/li>\n<\/ul>\n<\/div>\n\n\n\n<div class=\"wp-block-column is-layout-flow wp-block-column-is-layout-flow\">\n<figure class=\"wp-block-image size-full\"><img fetchpriority=\"high\" decoding=\"async\" width=\"1024\" height=\"1024\" src=\"https:\/\/www.ceramicbasin.com\/wp-content\/uploads\/2025\/11\/Modern-Porcelain-Luxury-Counter-Top-Wash-Basin-Nordic-Ceramic-Vanity-Designer-Bathroom-Sink-Tall-Basin-5.webp\" alt=\"bulk-above-counter-bathroom-sink-tall-overtop-ceramic-basin-supply-5\" class=\"wp-image-8584\" srcset=\"https:\/\/www.ceramicbasin.com\/wp-content\/uploads\/2025\/11\/Modern-Porcelain-Luxury-Counter-Top-Wash-Basin-Nordic-Ceramic-Vanity-Designer-Bathroom-Sink-Tall-Basin-5.webp 1024w, https:\/\/www.ceramicbasin.com\/wp-content\/uploads\/2025\/11\/Modern-Porcelain-Luxury-Counter-Top-Wash-Basin-Nordic-Ceramic-Vanity-Designer-Bathroom-Sink-Tall-Basin-5-300x300.webp 300w, https:\/\/www.ceramicbasin.com\/wp-content\/uploads\/2025\/11\/Modern-Porcelain-Luxury-Counter-Top-Wash-Basin-Nordic-Ceramic-Vanity-Designer-Bathroom-Sink-Tall-Basin-5-150x150.webp 150w, https:\/\/www.ceramicbasin.com\/wp-content\/uploads\/2025\/11\/Modern-Porcelain-Luxury-Counter-Top-Wash-Basin-Nordic-Ceramic-Vanity-Designer-Bathroom-Sink-Tall-Basin-5-768x768.webp 768w, https:\/\/www.ceramicbasin.com\/wp-content\/uploads\/2025\/11\/Modern-Porcelain-Luxury-Counter-Top-Wash-Basin-Nordic-Ceramic-Vanity-Designer-Bathroom-Sink-Tall-Basin-5-12x12.webp 12w, https:\/\/www.ceramicbasin.com\/wp-content\/uploads\/2025\/11\/Modern-Porcelain-Luxury-Counter-Top-Wash-Basin-Nordic-Ceramic-Vanity-Designer-Bathroom-Sink-Tall-Basin-5-285x285.webp 285w, https:\/\/www.ceramicbasin.com\/wp-content\/uploads\/2025\/11\/Modern-Porcelain-Luxury-Counter-Top-Wash-Basin-Nordic-Ceramic-Vanity-Designer-Bathroom-Sink-Tall-Basin-5-270x270.webp 270w, https:\/\/www.ceramicbasin.com\/wp-content\/uploads\/2025\/11\/Modern-Porcelain-Luxury-Counter-Top-Wash-Basin-Nordic-Ceramic-Vanity-Designer-Bathroom-Sink-Tall-Basin-5-540x540.webp 540w, https:\/\/www.ceramicbasin.com\/wp-content\/uploads\/2025\/11\/Modern-Porcelain-Luxury-Counter-Top-Wash-Basin-Nordic-Ceramic-Vanity-Designer-Bathroom-Sink-Tall-Basin-5-660x660.webp 660w\" sizes=\"(max-width: 1024px) 100vw, 1024px\" \/><\/figure>\n<\/div>\n<\/div>\n\n\n\n<p><\/p>","protected":false},"excerpt":{"rendered":"<p>Bienvenue dans l'achat de ce lavabo de salle de bain en vrac, de forme rectangulaire blanche \u00e9l\u00e9gante et de conception haute, id\u00e9al pour les salles de bain de la maison ou de l'h\u00f4tel. Fabriqu\u00e9 en c\u00e9ramique de premi\u00e8re qualit\u00e9 avec une gla\u00e7ure lisse et facile \u00e0 nettoyer, il offre une excellente durabilit\u00e9, une r\u00e9sistance aux taches et une brillance durable. Disponible pour les commandes en vrac, il prend en charge une vari\u00e9t\u00e9 d'options de personnalisation pour r\u00e9pondre aux besoins des marques et des projets. Parfait pour les acheteurs B2B \u00e0 la recherche d'\u00e9viers en c\u00e9ramique de qualit\u00e9 sup\u00e9rieure.<\/p>\n<table style=\"border-collapse: collapse; width: 311.02pt;\" border=\"0\" width=\"311\" cellspacing=\"0\" cellpadding=\"0\">\n<tbody>\n<tr style=\"height: 17.60pt;\">\n<td class=\"et3\" style=\"height: 17.60pt; width: 108.35pt;\" width=\"108\" height=\"17\">Fabricant<\/td>\n<td class=\"et3\" style=\"width: 202.95pt;\" width=\"202\">HanYu<\/td>\n<\/tr>\n<tr style=\"height: 17.60pt;\">\n<td class=\"et3\" style=\"height: 17.60pt;\" height=\"17\">Num\u00e9ro de mod\u00e8le.<\/td>\n<td class=\"et4\">HY-8187<\/td>\n<\/tr>\n<tr style=\"height: 17.60pt;\">\n<td class=\"et3\" style=\"height: 17.60pt;\" height=\"17\">Type<\/td>\n<td class=\"et3\">Bassin de comptoir<\/td>\n<\/tr>\n<tr style=\"height: 17.60pt;\">\n<td class=\"et3\" style=\"height: 17.60pt;\" height=\"17\">Forme<\/td>\n<td class=\"et3\">Forme rectangulaire<\/td>\n<\/tr>\n<tr style=\"height: 17.60pt;\">\n<td class=\"et4\" style=\"height: 17.60pt;\" height=\"17\">Couleur<\/td>\n<td class=\"et3\">Blanc<\/td>\n<\/tr>\n<tr style=\"height: 18.00pt;\">\n<td class=\"et3\" style=\"height: 18.00pt;\" height=\"18\">Dimension<\/td>\n<td class=\"et5\" style=\"width: 202.95pt;\" width=\"202\">50*38.5*25<\/td>\n<\/tr>\n<tr style=\"height: 17.60pt;\">\n<td class=\"et3\" style=\"height: 17.60pt;\" height=\"17\">N.W \/SET<\/td>\n<td class=\"et3\">17KGS\/PCS<\/td>\n<\/tr>\n<tr style=\"height: 17.60pt;\">\n<td class=\"et3\" style=\"height: 17.60pt;\" height=\"17\">MOQ<\/td>\n<td class=\"et3\">20pcs<\/td>\n<\/tr>\n<tr style=\"height: 17.60pt;\">\n<td class=\"et3\" style=\"height: 17.60pt;\" height=\"17\">Option personnalis\u00e9e<\/td>\n<td class=\"et3\">Couleur\/Pattenue\/Taille\/Logo\/Emballage<\/td>\n<\/tr>\n<\/tbody>\n<\/table>","protected":false},"featured_media":8581,"comment_status":"closed","ping_status":"closed","template":"","meta":{"_acf_changed":false},"product_brand":[],"product_cat":[50],"product_tag":[],"class_list":{"0":"post-8578","1":"product","2":"type-product","3":"status-publish","4":"has-post-thumbnail","6":"product_cat-wholesale-countertop-sinks","8":"first","9":"instock","10":"shipping-taxable","11":"product-type-simple"},"acf":[],"_links":{"self":[{"href":"https:\/\/www.ceramicbasin.com\/fr\/wp-json\/wp\/v2\/product\/8578","targetHints":{"allow":["GET"]}}],"collection":[{"href":"https:\/\/www.ceramicbasin.com\/fr\/wp-json\/wp\/v2\/product"}],"about":[{"href":"https:\/\/www.ceramicbasin.com\/fr\/wp-json\/wp\/v2\/types\/product"}],"replies":[{"embeddable":true,"href":"https:\/\/www.ceramicbasin.com\/fr\/wp-json\/wp\/v2\/comments?post=8578"}],"wp:featuredmedia":[{"embeddable":true,"href":"https:\/\/www.ceramicbasin.com\/fr\/wp-json\/wp\/v2\/media\/8581"}],"wp:attachment":[{"href":"https:\/\/www.ceramicbasin.com\/fr\/wp-json\/wp\/v2\/media?parent=8578"}],"wp:term":[{"taxonomy":"product_brand","embeddable":true,"href":"https:\/\/www.ceramicbasin.com\/fr\/wp-json\/wp\/v2\/product_brand?post=8578"},{"taxonomy":"product_cat","embeddable":true,"href":"https:\/\/www.ceramicbasin.com\/fr\/wp-json\/wp\/v2\/product_cat?post=8578"},{"taxonomy":"product_tag","embeddable":true,"href":"https:\/\/www.ceramicbasin.com\/fr\/wp-json\/wp\/v2\/product_tag?post=8578"}],"curies":[{"name":"wp","href":"https:\/\/api.w.org\/{rel}","templated":true}]}}