{"id":8591,"date":"2025-11-27T10:09:05","date_gmt":"2025-11-27T10:09:05","guid":{"rendered":"https:\/\/www.ceramicbasin.com\/?post_type=product&#038;p=8591"},"modified":"2025-11-27T10:09:11","modified_gmt":"2025-11-27T10:09:11","slug":"wholesale-ceramic-above-counter-basin","status":"publish","type":"product","link":"https:\/\/www.ceramicbasin.com\/fr\/produit\/wholesale-ceramic-above-counter-basin\/","title":{"rendered":"Vasque de comptoir en c\u00e9ramique en gros, \u00e9vier en c\u00e9ramique sur mesure"},"content":{"rendered":"<div class=\"wp-block-columns is-layout-flex wp-container-core-columns-is-layout-9d6595d7 wp-block-columns-is-layout-flex\">\n<div class=\"wp-block-column is-layout-flow wp-block-column-is-layout-flow\">\n<h2 class=\"wp-block-heading\">Premium Wholesale Ceramic Above Counter Basin Caract\u00e9ristiques :<\/h2>\n\n\n\n<ul class=\"wp-block-list\">\n<li><strong>Cuisson c\u00e9ramique \u00e0 haute temp\u00e9rature :<\/strong> Nos vasques en c\u00e9ramique pour comptoir sont fabriqu\u00e9es \u00e0 partir de mati\u00e8res premi\u00e8res c\u00e9ramiques de premi\u00e8re qualit\u00e9 et cuites \u00e0 haute temp\u00e9rature pour cr\u00e9er une surface lisse et d\u00e9licate qui r\u00e9siste aux taches et facilite le nettoyage quotidien.<\/li>\n\n\n\n<li><strong>Conception pratique de la hauteur :<\/strong> La hauteur de 220 mm de la cuvette en c\u00e9ramique au-dessus du comptoir offre une profondeur interne suffisante pour mieux amortir le flux d'eau, ce qui r\u00e9duit consid\u00e9rablement la probabilit\u00e9 d'\u00e9claboussures pendant l'utilisation, am\u00e9liore l'exp\u00e9rience de l'utilisateur et permet de garder le comptoir sec et propre.<\/li>\n\n\n\n<li><strong>Forme ovale :<\/strong> Cet \u00e9vier en c\u00e9ramique personnalis\u00e9 pr\u00e9sente une silhouette ovale pleine et arrondie. Des lignes simples et douces, sans ar\u00eates vives, \u00e9voquent l'espace moderne avec un art chaleureux. La paroi int\u00e9rieure du bassin \u00e9tant arrondie, elle annule les angles vifs, ce qui \u00e9vite les zones difficiles \u00e0 nettoyer et simplifie incroyablement l'entretien quotidien.<\/li>\n\n\n\n<li><strong>Assortiment de couleurs polyvalent : <\/strong>Une vasque en c\u00e9ramique classique, d'un blanc pur, s'accordera parfaitement avec les plans de travail et les murs courants, tels que le gris clair, le bois et le noir, offrant ainsi une grande libert\u00e9 de conception aux architectes d'int\u00e9rieur.<\/li>\n\n\n\n<li><strong>Approvisionnement efficace et livraison rapide :<\/strong> Notre grossiste en bassin c\u00e9ramique au-dessus du comptoir offre une livraison rapide, s'adapte avec souplesse aux commandes de gros volumes et apporte un soutien solide \u00e0 l'avancement des projets de nos clients et \u00e0 leurs ventes sur le march\u00e9.<\/li>\n<\/ul>\n<\/div>\n\n\n\n<div class=\"wp-block-column is-layout-flow wp-block-column-is-layout-flow\">\n<figure class=\"wp-block-image size-full\"><img fetchpriority=\"high\" decoding=\"async\" width=\"1024\" height=\"1024\" src=\"https:\/\/www.ceramicbasin.com\/wp-content\/uploads\/2025\/11\/Bathroom-Vanity-Sanitary-Wash-Sink-Basin-Luxury-Counter-Top-Wash-Tall-Basin-5.webp\" alt=\"wholesale-ceramic-above-counter-basin-custom-ceramic-sink-5\" class=\"wp-image-8596\" srcset=\"https:\/\/www.ceramicbasin.com\/wp-content\/uploads\/2025\/11\/Bathroom-Vanity-Sanitary-Wash-Sink-Basin-Luxury-Counter-Top-Wash-Tall-Basin-5.webp 1024w, https:\/\/www.ceramicbasin.com\/wp-content\/uploads\/2025\/11\/Bathroom-Vanity-Sanitary-Wash-Sink-Basin-Luxury-Counter-Top-Wash-Tall-Basin-5-300x300.webp 300w, https:\/\/www.ceramicbasin.com\/wp-content\/uploads\/2025\/11\/Bathroom-Vanity-Sanitary-Wash-Sink-Basin-Luxury-Counter-Top-Wash-Tall-Basin-5-150x150.webp 150w, https:\/\/www.ceramicbasin.com\/wp-content\/uploads\/2025\/11\/Bathroom-Vanity-Sanitary-Wash-Sink-Basin-Luxury-Counter-Top-Wash-Tall-Basin-5-768x768.webp 768w, https:\/\/www.ceramicbasin.com\/wp-content\/uploads\/2025\/11\/Bathroom-Vanity-Sanitary-Wash-Sink-Basin-Luxury-Counter-Top-Wash-Tall-Basin-5-12x12.webp 12w, https:\/\/www.ceramicbasin.com\/wp-content\/uploads\/2025\/11\/Bathroom-Vanity-Sanitary-Wash-Sink-Basin-Luxury-Counter-Top-Wash-Tall-Basin-5-285x285.webp 285w, https:\/\/www.ceramicbasin.com\/wp-content\/uploads\/2025\/11\/Bathroom-Vanity-Sanitary-Wash-Sink-Basin-Luxury-Counter-Top-Wash-Tall-Basin-5-270x270.webp 270w, https:\/\/www.ceramicbasin.com\/wp-content\/uploads\/2025\/11\/Bathroom-Vanity-Sanitary-Wash-Sink-Basin-Luxury-Counter-Top-Wash-Tall-Basin-5-540x540.webp 540w, https:\/\/www.ceramicbasin.com\/wp-content\/uploads\/2025\/11\/Bathroom-Vanity-Sanitary-Wash-Sink-Basin-Luxury-Counter-Top-Wash-Tall-Basin-5-660x660.webp 660w\" sizes=\"(max-width: 1024px) 100vw, 1024px\" \/><\/figure>\n<\/div>\n<\/div>","protected":false},"excerpt":{"rendered":"<p>Bienvenue dans l'achat de cette vasque en c\u00e9ramique pour comptoir, fabriqu\u00e9e avec une cuisson \u00e0 haute temp\u00e9rature pour une surface brillante, durable et facile \u00e0 nettoyer. L'apparence profil\u00e9e, le design et le traitement des bords arrondis montrent une beaut\u00e9 artistique extraordinaire, ce qui en fait une solution de gros parfaite pour les marques, les h\u00f4tels et les entrepreneurs de projets. Les achats en gros peuvent b\u00e9n\u00e9ficier d'un meilleur rapport qualit\u00e9-prix.<\/p>\n<table style=\"border-collapse: collapse; width: 311.02pt;\" border=\"0\" width=\"311\" cellspacing=\"0\" cellpadding=\"0\">\n<tbody>\n<tr style=\"height: 17.60pt;\">\n<td class=\"et3\" style=\"height: 17.60pt; width: 108.35pt;\" width=\"108\" height=\"17\">Fabricant<\/td>\n<td class=\"et3\" style=\"width: 202.95pt;\" width=\"202\">HanYu<\/td>\n<\/tr>\n<tr style=\"height: 17.60pt;\">\n<td class=\"et3\" style=\"height: 17.60pt;\" height=\"17\">Num\u00e9ro de mod\u00e8le.<\/td>\n<td class=\"et4\">HY-8189<\/td>\n<\/tr>\n<tr style=\"height: 17.60pt;\">\n<td class=\"et3\" style=\"height: 17.60pt;\" height=\"17\">Type<\/td>\n<td class=\"et3\">Bassin de comptoir<\/td>\n<\/tr>\n<tr style=\"height: 17.60pt;\">\n<td class=\"et3\" style=\"height: 17.60pt;\" height=\"17\">Forme<\/td>\n<td class=\"et3\">Forme rectangulaire<\/td>\n<\/tr>\n<tr style=\"height: 17.60pt;\">\n<td class=\"et4\" style=\"height: 17.60pt;\" height=\"17\">Couleur<\/td>\n<td class=\"et3\">Blanc<\/td>\n<\/tr>\n<tr style=\"height: 18.00pt;\">\n<td class=\"et3\" style=\"height: 18.00pt;\" height=\"18\">Dimension<\/td>\n<td class=\"et5\" style=\"width: 202.95pt;\" width=\"202\">45.5*32.5*22<\/td>\n<\/tr>\n<tr style=\"height: 17.60pt;\">\n<td class=\"et3\" style=\"height: 17.60pt;\" height=\"17\">N.W \/SET<\/td>\n<td class=\"et3\">16KGS\/PCS<\/td>\n<\/tr>\n<tr style=\"height: 17.60pt;\">\n<td class=\"et3\" style=\"height: 17.60pt;\" height=\"17\">MOQ<\/td>\n<td class=\"et3\">20pcs<\/td>\n<\/tr>\n<tr style=\"height: 17.60pt;\">\n<td class=\"et3\" style=\"height: 17.60pt;\" height=\"17\">Option personnalis\u00e9e<\/td>\n<td class=\"et3\">Couleur\/Pattenue\/Taille\/Logo\/Emballage<\/td>\n<\/tr>\n<\/tbody>\n<\/table>","protected":false},"featured_media":8593,"comment_status":"closed","ping_status":"closed","template":"","meta":{"_acf_changed":false},"product_brand":[],"product_cat":[50],"product_tag":[],"class_list":{"0":"post-8591","1":"product","2":"type-product","3":"status-publish","4":"has-post-thumbnail","6":"product_cat-wholesale-countertop-sinks","8":"first","9":"instock","10":"shipping-taxable","11":"product-type-simple"},"acf":[],"_links":{"self":[{"href":"https:\/\/www.ceramicbasin.com\/fr\/wp-json\/wp\/v2\/product\/8591","targetHints":{"allow":["GET"]}}],"collection":[{"href":"https:\/\/www.ceramicbasin.com\/fr\/wp-json\/wp\/v2\/product"}],"about":[{"href":"https:\/\/www.ceramicbasin.com\/fr\/wp-json\/wp\/v2\/types\/product"}],"replies":[{"embeddable":true,"href":"https:\/\/www.ceramicbasin.com\/fr\/wp-json\/wp\/v2\/comments?post=8591"}],"wp:featuredmedia":[{"embeddable":true,"href":"https:\/\/www.ceramicbasin.com\/fr\/wp-json\/wp\/v2\/media\/8593"}],"wp:attachment":[{"href":"https:\/\/www.ceramicbasin.com\/fr\/wp-json\/wp\/v2\/media?parent=8591"}],"wp:term":[{"taxonomy":"product_brand","embeddable":true,"href":"https:\/\/www.ceramicbasin.com\/fr\/wp-json\/wp\/v2\/product_brand?post=8591"},{"taxonomy":"product_cat","embeddable":true,"href":"https:\/\/www.ceramicbasin.com\/fr\/wp-json\/wp\/v2\/product_cat?post=8591"},{"taxonomy":"product_tag","embeddable":true,"href":"https:\/\/www.ceramicbasin.com\/fr\/wp-json\/wp\/v2\/product_tag?post=8591"}],"curies":[{"name":"wp","href":"https:\/\/api.w.org\/{rel}","templated":true}]}}