{"id":8597,"date":"2025-11-29T09:05:13","date_gmt":"2025-11-29T09:05:13","guid":{"rendered":"https:\/\/www.ceramicbasin.com\/?post_type=product&#038;p=8597"},"modified":"2025-11-29T09:05:16","modified_gmt":"2025-11-29T09:05:16","slug":"wholesale-round-countertop-sink","status":"publish","type":"product","link":"https:\/\/www.ceramicbasin.com\/fr\/produit\/wholesale-round-countertop-sink\/","title":{"rendered":"Wholesale Round Countertop Sink, Custom Tall Overtop Ceramic Basin (\u00e9vier de comptoir rond personnalis\u00e9)"},"content":{"rendered":"<div class=\"wp-block-columns is-layout-flex wp-container-core-columns-is-layout-9d6595d7 wp-block-columns-is-layout-flex\">\n<div class=\"wp-block-column is-layout-flow wp-block-column-is-layout-flow\">\n<h2 class=\"wp-block-heading\">Premium Wholesale Round Countertop Sink Features :<\/h2>\n\n\n\n<ul class=\"wp-block-list\">\n<li><strong>Construction en c\u00e9ramique de haute qualit\u00e9 :<\/strong> L'\u00e9vier de comptoir rond est fabriqu\u00e9 en c\u00e9ramique de haute qualit\u00e9, obtenue par cuisson \u00e0 haute temp\u00e9rature. La c\u00e9ramique a \u00e9t\u00e9 rendue tr\u00e8s r\u00e9sistante et stable afin qu'elle puisse durer de nombreuses ann\u00e9es. La c\u00e9ramique utilis\u00e9e pour cet \u00e9vier pr\u00e9sente une surface \u00e0 grain fin et une composition tr\u00e8s dense qui conserve sa brillance pendant de nombreuses ann\u00e9es et offre une excellente protection contre les rayures, l'usure et les chocs.<\/li>\n\n\n\n<li><strong>Plan de travail rond moderne :<\/strong> Le style unique de ce lavabo rond pour comptoir pr\u00e9sente un design moderne et \u00e9l\u00e9gant avec un aspect tridimensionnel qui cr\u00e9e une hauteur visuelle et rehausse le style de votre salle de bains. Ce lavabo pr\u00e9sente une \u00e9l\u00e9gance discr\u00e8te qui s'accorde parfaitement avec les styles de design modernes et minimalistes.<\/li>\n\n\n\n<li><strong>Surface glac\u00e9e lisse :<\/strong> L'\u00e9mail de la surface du grand bassin en c\u00e9ramique \u00e0 poser a \u00e9t\u00e9 trait\u00e9 avec un produit d'imperm\u00e9abilisation et de r\u00e9sistance qui cr\u00e9e une surface tr\u00e8s lisse et facile \u00e0 nettoyer. Cet \u00e9vier est facile \u00e0 entretenir et reste propre et durable dans les h\u00f4tels ou les lieux commerciaux tr\u00e8s fr\u00e9quent\u00e9s, pour un co\u00fbt d'entretien tr\u00e8s faible.<\/li>\n\n\n\n<li><strong>Installation facile :<\/strong>\u00a0Con\u00e7us pour \u00eatre install\u00e9s au-dessus du comptoir, ces lavabos de salle de bains en gros sont faciles \u00e0 installer, offrant une solution sans probl\u00e8me pour les nouvelles constructions et les r\u00e9novations de salles de bains.<\/li>\n\n\n\n<li><strong>Vente directe \u00e0 l'usine :\u00a0<\/strong>Les lavabos en c\u00e9ramique de HanYu sont vendus en gros directement par l'usine, ce qui \u00e9limine la diff\u00e9rence de prix des interm\u00e9diaires. L'achat en gros de lavabos de salle de bain vous assure d'acheter des lavabos de salle de bain de haute qualit\u00e9 en gros au prix le plus bas.<\/li>\n<\/ul>\n<\/div>\n\n\n\n<div class=\"wp-block-column is-layout-flow wp-block-column-is-layout-flow\">\n<figure class=\"wp-block-image size-full\"><img fetchpriority=\"high\" decoding=\"async\" width=\"1024\" height=\"1024\" src=\"https:\/\/www.ceramicbasin.com\/wp-content\/uploads\/2025\/11\/Round-White-Table-Top-Ceramic-Wash-High-End-Art-Bathroom-Sinks-Wholesale-Modern-Design-Vessel-Basin-5.webp\" alt=\"wholesale-round-countertop-sink-custom-tall-overtop-ceramic-basin-5\" class=\"wp-image-8602\" srcset=\"https:\/\/www.ceramicbasin.com\/wp-content\/uploads\/2025\/11\/Round-White-Table-Top-Ceramic-Wash-High-End-Art-Bathroom-Sinks-Wholesale-Modern-Design-Vessel-Basin-5.webp 1024w, https:\/\/www.ceramicbasin.com\/wp-content\/uploads\/2025\/11\/Round-White-Table-Top-Ceramic-Wash-High-End-Art-Bathroom-Sinks-Wholesale-Modern-Design-Vessel-Basin-5-300x300.webp 300w, https:\/\/www.ceramicbasin.com\/wp-content\/uploads\/2025\/11\/Round-White-Table-Top-Ceramic-Wash-High-End-Art-Bathroom-Sinks-Wholesale-Modern-Design-Vessel-Basin-5-150x150.webp 150w, https:\/\/www.ceramicbasin.com\/wp-content\/uploads\/2025\/11\/Round-White-Table-Top-Ceramic-Wash-High-End-Art-Bathroom-Sinks-Wholesale-Modern-Design-Vessel-Basin-5-768x768.webp 768w, https:\/\/www.ceramicbasin.com\/wp-content\/uploads\/2025\/11\/Round-White-Table-Top-Ceramic-Wash-High-End-Art-Bathroom-Sinks-Wholesale-Modern-Design-Vessel-Basin-5-12x12.webp 12w, https:\/\/www.ceramicbasin.com\/wp-content\/uploads\/2025\/11\/Round-White-Table-Top-Ceramic-Wash-High-End-Art-Bathroom-Sinks-Wholesale-Modern-Design-Vessel-Basin-5-285x285.webp 285w, https:\/\/www.ceramicbasin.com\/wp-content\/uploads\/2025\/11\/Round-White-Table-Top-Ceramic-Wash-High-End-Art-Bathroom-Sinks-Wholesale-Modern-Design-Vessel-Basin-5-270x270.webp 270w, https:\/\/www.ceramicbasin.com\/wp-content\/uploads\/2025\/11\/Round-White-Table-Top-Ceramic-Wash-High-End-Art-Bathroom-Sinks-Wholesale-Modern-Design-Vessel-Basin-5-540x540.webp 540w, https:\/\/www.ceramicbasin.com\/wp-content\/uploads\/2025\/11\/Round-White-Table-Top-Ceramic-Wash-High-End-Art-Bathroom-Sinks-Wholesale-Modern-Design-Vessel-Basin-5-660x660.webp 660w\" sizes=\"(max-width: 1024px) 100vw, 1024px\" \/><\/figure>\n<\/div>\n<\/div>","protected":false},"excerpt":{"rendered":"<p>Bienvenue dans l'achat de cet \u00e9vier de comptoir rond en gros, offrant \u00e0 la fois \u00e9l\u00e9gance et durabilit\u00e9 pour les salles de bains modernes. Avec un gla\u00e7age lisse et facile \u00e0 nettoyer et des options personnalisables, il est id\u00e9al pour les h\u00f4tels, les projets r\u00e9sidentiels et les espaces commerciaux haut de gamme. HanYu propose les prix les plus comp\u00e9titifs.<\/p>\n<table style=\"border-collapse: collapse; width: 311.02pt;\" border=\"0\" width=\"311\" cellspacing=\"0\" cellpadding=\"0\">\n<tbody>\n<tr style=\"height: 17.60pt;\">\n<td class=\"et3\" style=\"height: 17.60pt; width: 108.35pt;\" width=\"108\" height=\"17\">Fabricant<\/td>\n<td class=\"et3\" style=\"width: 202.95pt;\" width=\"202\">HanYu<\/td>\n<\/tr>\n<tr style=\"height: 17.60pt;\">\n<td class=\"et3\" style=\"height: 17.60pt;\" height=\"17\">Num\u00e9ro de mod\u00e8le.<\/td>\n<td class=\"et4\">HY-8190<\/td>\n<\/tr>\n<tr style=\"height: 17.60pt;\">\n<td class=\"et3\" style=\"height: 17.60pt;\" height=\"17\">Type<\/td>\n<td class=\"et3\">Bassin de comptoir<\/td>\n<\/tr>\n<tr style=\"height: 17.60pt;\">\n<td class=\"et3\" style=\"height: 17.60pt;\" height=\"17\">Forme<\/td>\n<td class=\"et3\">Forme ronde<\/td>\n<\/tr>\n<tr style=\"height: 17.60pt;\">\n<td class=\"et4\" style=\"height: 17.60pt;\" height=\"17\">Couleur<\/td>\n<td class=\"et3\">Blanc<\/td>\n<\/tr>\n<tr style=\"height: 18.00pt;\">\n<td class=\"et3\" style=\"height: 18.00pt;\" height=\"18\">Dimension<\/td>\n<td class=\"et5\" style=\"width: 202.95pt;\" width=\"202\">36*36*28<\/td>\n<\/tr>\n<tr style=\"height: 17.60pt;\">\n<td class=\"et3\" style=\"height: 17.60pt;\" height=\"17\">N.W \/SET<\/td>\n<td class=\"et3\">16KGS\/PCS<\/td>\n<\/tr>\n<tr style=\"height: 17.60pt;\">\n<td class=\"et3\" style=\"height: 17.60pt;\" height=\"17\">MOQ<\/td>\n<td class=\"et3\">20pcs<\/td>\n<\/tr>\n<tr style=\"height: 17.60pt;\">\n<td class=\"et3\" style=\"height: 17.60pt;\" height=\"17\">Option personnalis\u00e9e<\/td>\n<td class=\"et3\">Couleur\/Pattenue\/Taille\/Logo\/Emballage<\/td>\n<\/tr>\n<\/tbody>\n<\/table>","protected":false},"featured_media":8601,"comment_status":"closed","ping_status":"closed","template":"","meta":{"_acf_changed":false},"product_brand":[],"product_cat":[50],"product_tag":[],"class_list":{"0":"post-8597","1":"product","2":"type-product","3":"status-publish","4":"has-post-thumbnail","6":"product_cat-wholesale-countertop-sinks","8":"first","9":"instock","10":"shipping-taxable","11":"product-type-simple"},"acf":[],"_links":{"self":[{"href":"https:\/\/www.ceramicbasin.com\/fr\/wp-json\/wp\/v2\/product\/8597","targetHints":{"allow":["GET"]}}],"collection":[{"href":"https:\/\/www.ceramicbasin.com\/fr\/wp-json\/wp\/v2\/product"}],"about":[{"href":"https:\/\/www.ceramicbasin.com\/fr\/wp-json\/wp\/v2\/types\/product"}],"replies":[{"embeddable":true,"href":"https:\/\/www.ceramicbasin.com\/fr\/wp-json\/wp\/v2\/comments?post=8597"}],"wp:featuredmedia":[{"embeddable":true,"href":"https:\/\/www.ceramicbasin.com\/fr\/wp-json\/wp\/v2\/media\/8601"}],"wp:attachment":[{"href":"https:\/\/www.ceramicbasin.com\/fr\/wp-json\/wp\/v2\/media?parent=8597"}],"wp:term":[{"taxonomy":"product_brand","embeddable":true,"href":"https:\/\/www.ceramicbasin.com\/fr\/wp-json\/wp\/v2\/product_brand?post=8597"},{"taxonomy":"product_cat","embeddable":true,"href":"https:\/\/www.ceramicbasin.com\/fr\/wp-json\/wp\/v2\/product_cat?post=8597"},{"taxonomy":"product_tag","embeddable":true,"href":"https:\/\/www.ceramicbasin.com\/fr\/wp-json\/wp\/v2\/product_tag?post=8597"}],"curies":[{"name":"wp","href":"https:\/\/api.w.org\/{rel}","templated":true}]}}