{"id":8634,"date":"2025-12-04T02:05:22","date_gmt":"2025-12-04T02:05:22","guid":{"rendered":"https:\/\/www.ceramicbasin.com\/?post_type=product&#038;p=8634"},"modified":"2025-12-05T02:16:21","modified_gmt":"2025-12-05T02:16:21","slug":"wholesale-small-wall-hung-sink","status":"publish","type":"product","link":"https:\/\/www.ceramicbasin.com\/fr\/produit\/wholesale-small-wall-hung-sink\/","title":{"rendered":"Wholesale Small Wall Hung Sink, Custom Ceramic Bathroom Basin (lavabo de salle de bain en c\u00e9ramique)"},"content":{"rendered":"<div class=\"wp-block-columns is-layout-flex wp-container-core-columns-is-layout-9d6595d7 wp-block-columns-is-layout-flex\">\n<div class=\"wp-block-column is-layout-flow wp-block-column-is-layout-flow\">\n<h2 class=\"wp-block-heading\">Premium Wholesale Small Wall Hung Sink Caract\u00e9ristiques :<\/h2>\n\n\n\n<ul class=\"wp-block-list\">\n<li><strong>Cuvette en c\u00e9ramique durable :<\/strong> Ce petit \u00e9vier mural est fabriqu\u00e9 en c\u00e9ramique cuite \u00e0 haute temp\u00e9rature ; la gla\u00e7ure lisse est tr\u00e8s r\u00e9sistante aux taches, aux rayures et \u00e0 l'usure, elle est facile \u00e0 nettoyer r\u00e9guli\u00e8rement et restera propre et d'un blanc \u00e9clatant pendant longtemps.<\/li>\n\n\n\n<li><strong>Conception compacte pour montage mural :<\/strong> Ce petit \u00e9vier mural est optimis\u00e9 pour \u00e9conomiser de l'espace ; l'installation murale lib\u00e8re de l'espace sous le comptoir, ce qui rend les am\u00e9nagements plus flexibles dans les petites salles de bains, les semi-salles de bains ou les espaces commerciaux, et il est facile \u00e0 nettoyer.<\/li>\n\n\n\n<li><strong>Lignes \u00e9pur\u00e9es, design unique :<\/strong> Le corps de la vasque carr\u00e9e, d'un blanc pur, est fabriqu\u00e9 en c\u00e9ramique de haute qualit\u00e9 et pr\u00e9sente des lignes \u00e9pur\u00e9es. Cette vasque de salle de bains en c\u00e9ramique personnalis\u00e9e pr\u00e9sente un design moderne et minimaliste qui peut \u00eatre facilement associ\u00e9 \u00e0 diff\u00e9rents styles de d\u00e9coration de salle de bains, ce qui permet d'obtenir une esth\u00e9tique visuelle claire et nette.<\/li>\n\n\n\n<li><strong>Installation facile : <\/strong>Les interfaces standard de cette vasque de salle de bains en c\u00e9ramique personnalis\u00e9e permettent aux \u00e9quipes de construction de l'installer rapidement, ce qui accro\u00eet l'efficacit\u00e9 du projet et r\u00e9duit les co\u00fbts d'entretien. Elles sont id\u00e9ales pour les environnements o\u00f9 la fr\u00e9quence d'utilisation est \u00e9lev\u00e9e, comme les salles de bains domestiques, les chambres d'h\u00f4tel ou les immeubles de bureaux commerciaux, les zones publiques de lavage des mains et les \u00e9coles.<\/li>\n\n\n\n<li><strong>Prix de gros Avantage :<\/strong> En tant que fabricant de lavabos personnalis\u00e9s, HanYu propose des prix de gros tr\u00e8s comp\u00e9titifs, et les achats en gros b\u00e9n\u00e9ficient de remises plus importantes, faisant des accessoires de salle de bain de haute qualit\u00e9 votre choix id\u00e9al sous contr\u00f4le des co\u00fbts.<\/li>\n<\/ul>\n<\/div>\n\n\n\n<div class=\"wp-block-column is-layout-flow wp-block-column-is-layout-flow\">\n<figure class=\"wp-block-image size-full\"><img fetchpriority=\"high\" decoding=\"async\" width=\"600\" height=\"800\" src=\"https:\/\/www.ceramicbasin.com\/wp-content\/uploads\/2025\/12\/wholesale-small-wall-hung-sink-custom-ceramic-bathroom-basin-6.webp\" alt=\"wholesale-small-wall-hung-sink-customeramic-bathroom-basin-6\" class=\"wp-image-8673\" srcset=\"https:\/\/www.ceramicbasin.com\/wp-content\/uploads\/2025\/12\/wholesale-small-wall-hung-sink-custom-ceramic-bathroom-basin-6.webp 600w, https:\/\/www.ceramicbasin.com\/wp-content\/uploads\/2025\/12\/wholesale-small-wall-hung-sink-custom-ceramic-bathroom-basin-6-225x300.webp 225w, https:\/\/www.ceramicbasin.com\/wp-content\/uploads\/2025\/12\/wholesale-small-wall-hung-sink-custom-ceramic-bathroom-basin-6-9x12.webp 9w, https:\/\/www.ceramicbasin.com\/wp-content\/uploads\/2025\/12\/wholesale-small-wall-hung-sink-custom-ceramic-bathroom-basin-6-285x380.webp 285w, https:\/\/www.ceramicbasin.com\/wp-content\/uploads\/2025\/12\/wholesale-small-wall-hung-sink-custom-ceramic-bathroom-basin-6-495x660.webp 495w, https:\/\/www.ceramicbasin.com\/wp-content\/uploads\/2025\/12\/wholesale-small-wall-hung-sink-custom-ceramic-bathroom-basin-6-113x150.webp 113w\" sizes=\"(max-width: 600px) 100vw, 600px\" \/><\/figure>\n<\/div>\n<\/div>\n\n\n\n<p><\/p>","protected":false},"excerpt":{"rendered":"<p>Nous vous invitons \u00e0 acheter en gros notre petit \u00e9vier suspendu au mur, dont les dimensions compactes permettent d'\u00e9conomiser de l'espace. Fabriqu\u00e9 en c\u00e9ramique de haute qualit\u00e9 et facile \u00e0 nettoyer, il est id\u00e9al pour les petites salles de bains et les projets commerciaux. Nous offrons des options de personnalisation et de vente en gros. Parfait pour les salles de bains modernes et peu encombrantes.<\/p>\n<table border=\"0\" width=\"478\" cellspacing=\"0\" cellpadding=\"0\">\n<tbody>\n<tr>\n<td width=\"166\" height=\"23\">Fabricant<\/td>\n<td width=\"312\">HanYu<\/td>\n<\/tr>\n<tr>\n<td height=\"23\">Num\u00e9ro de mod\u00e8le.<\/td>\n<td>HY-3134<\/td>\n<\/tr>\n<tr>\n<td height=\"23\">Type<\/td>\n<td width=\"312\">Eviers suspendus<\/td>\n<\/tr>\n<tr>\n<td height=\"24\">Forme<\/td>\n<td>Forme rectangulaire<\/td>\n<\/tr>\n<tr>\n<td height=\"46\">Couleur<\/td>\n<td width=\"312\">noir\/blanc\/bleu\/gris\/rose\/vert\/marron\/kaki<\/td>\n<\/tr>\n<tr>\n<td height=\"24\">Dimension<\/td>\n<td width=\"312\">46.5*39.5*11.5<\/td>\n<\/tr>\n<tr>\n<td height=\"23\">N.W \/SET<\/td>\n<td>8 KGS\/PCS<\/td>\n<\/tr>\n<tr>\n<td height=\"23\">MOQ<\/td>\n<td>20 pi\u00e8ces<\/td>\n<\/tr>\n<tr>\n<td height=\"23\">Option personnalis\u00e9e<\/td>\n<td>Couleur\/Pattenue\/Taille\/Logo\/Emballage<\/td>\n<\/tr>\n<\/tbody>\n<\/table>","protected":false},"featured_media":8668,"comment_status":"closed","ping_status":"closed","template":"","meta":{"_acf_changed":false},"product_brand":[],"product_cat":[57,56],"product_tag":[],"class_list":{"0":"post-8634","1":"product","2":"type-product","3":"status-publish","4":"has-post-thumbnail","6":"product_cat-wholesale-wall-mounted-sinks","7":"product_cat-wholesale-small-bathroom-sinks","9":"first","10":"instock","11":"shipping-taxable","12":"product-type-simple"},"acf":[],"_links":{"self":[{"href":"https:\/\/www.ceramicbasin.com\/fr\/wp-json\/wp\/v2\/product\/8634","targetHints":{"allow":["GET"]}}],"collection":[{"href":"https:\/\/www.ceramicbasin.com\/fr\/wp-json\/wp\/v2\/product"}],"about":[{"href":"https:\/\/www.ceramicbasin.com\/fr\/wp-json\/wp\/v2\/types\/product"}],"replies":[{"embeddable":true,"href":"https:\/\/www.ceramicbasin.com\/fr\/wp-json\/wp\/v2\/comments?post=8634"}],"wp:featuredmedia":[{"embeddable":true,"href":"https:\/\/www.ceramicbasin.com\/fr\/wp-json\/wp\/v2\/media\/8668"}],"wp:attachment":[{"href":"https:\/\/www.ceramicbasin.com\/fr\/wp-json\/wp\/v2\/media?parent=8634"}],"wp:term":[{"taxonomy":"product_brand","embeddable":true,"href":"https:\/\/www.ceramicbasin.com\/fr\/wp-json\/wp\/v2\/product_brand?post=8634"},{"taxonomy":"product_cat","embeddable":true,"href":"https:\/\/www.ceramicbasin.com\/fr\/wp-json\/wp\/v2\/product_cat?post=8634"},{"taxonomy":"product_tag","embeddable":true,"href":"https:\/\/www.ceramicbasin.com\/fr\/wp-json\/wp\/v2\/product_tag?post=8634"}],"curies":[{"name":"wp","href":"https:\/\/api.w.org\/{rel}","templated":true}]}}