{"id":8644,"date":"2025-12-04T02:38:38","date_gmt":"2025-12-04T02:38:38","guid":{"rendered":"https:\/\/www.ceramicbasin.com\/?post_type=product&#038;p=8644"},"modified":"2025-12-11T06:07:12","modified_gmt":"2025-12-11T06:07:12","slug":"small-wall-mounted-wash-basin-in-bulk","status":"publish","type":"product","link":"https:\/\/www.ceramicbasin.com\/fr\/produit\/small-wall-mounted-wash-basin-in-bulk\/","title":{"rendered":"Petit lavabo mural en vrac, \u00e9vier en c\u00e9ramique sur mesure"},"content":{"rendered":"<div class=\"wp-block-columns is-layout-flex wp-container-core-columns-is-layout-9d6595d7 wp-block-columns-is-layout-flex\">\n<div class=\"wp-block-column is-layout-flow wp-block-column-is-layout-flow\">\n<h2 class=\"wp-block-heading\">Petit lavabo mural Premium en vrac Caract\u00e9ristiques :<\/h2>\n\n\n\n<ul class=\"wp-block-list\">\n<li><strong>Design minimaliste europ\u00e9en : <\/strong>Ce petit lavabo mural en vrac se compose d'une vasque en c\u00e9ramique ovale\/carr\u00e9e d'un blanc pur, associ\u00e9e \u00e0 un robinet \u00e0 une seule poign\u00e9e noire, \u00e0 l'arche haute. Les lignes simples et \u00e9pur\u00e9es soulignent un style europ\u00e9en moderne, adapt\u00e9 \u00e0 diverses r\u00e9novations de salles de bains.<\/li>\n\n\n\n<li><strong>Structure murale compacte :<\/strong> Nos petits lavabos muraux sont particuli\u00e8rement con\u00e7us pour les petites salles d'eau ou salles de bains, avec une installation murale compacte pour utiliser l'espace limit\u00e9.<\/li>\n\n\n\n<li><strong>Fabriqu\u00e9 en c\u00e9ramique de haute qualit\u00e9 :<\/strong> Ce petit lavabo mural en vrac est r\u00e9sistant aux rayures et aux taches et pr\u00e9sente une surface lisse et facile \u00e0 nettoyer, d'une grande long\u00e9vit\u00e9.<\/li>\n\n\n\n<li><strong>Adaptabilit\u00e9 multifonctionnelle : <\/strong>Cet \u00e9vier en c\u00e9ramique personnalis\u00e9 est compatible avec les normes internationales de drainage et de robinetterie pour une installation facile. Les orifices de trop-plein et de vidange standard sont pr\u00e9install\u00e9s, ce qui permet d'utiliser des drains escamotables et de les rendre compatibles avec diverses installations de conduites d'eau, facilitant ainsi les configurations de projets en vrac.<\/li>\n\n\n\n<li><strong>Options personnalisables : <\/strong>Avec une vari\u00e9t\u00e9 de couleurs, de finitions de surface et d'emballages personnalis\u00e9s, ces \u00e9viers en c\u00e9ramique en vrac peuvent facilement r\u00e9pondre aux besoins sp\u00e9cifiques de votre marque et de votre march\u00e9.<\/li>\n<\/ul>\n<\/div>\n\n\n\n<div class=\"wp-block-column is-layout-flow wp-block-column-is-layout-flow\">\n<figure class=\"wp-block-image size-full\"><img fetchpriority=\"high\" decoding=\"async\" width=\"621\" height=\"905\" src=\"https:\/\/www.ceramicbasin.com\/wp-content\/uploads\/2025\/12\/small-wall-mounted-wash-basin-in-bulk-european-style-custom-ceramic-sink-6.webp\" alt=\"petit-lavabo-mural-dans-le-bulk-style-europ\u00e9en-\u00e9vier-c\u00e9ramique-personnalis\u00e9-6\" class=\"wp-image-8680\" srcset=\"https:\/\/www.ceramicbasin.com\/wp-content\/uploads\/2025\/12\/small-wall-mounted-wash-basin-in-bulk-european-style-custom-ceramic-sink-6.webp 621w, https:\/\/www.ceramicbasin.com\/wp-content\/uploads\/2025\/12\/small-wall-mounted-wash-basin-in-bulk-european-style-custom-ceramic-sink-6-206x300.webp 206w, https:\/\/www.ceramicbasin.com\/wp-content\/uploads\/2025\/12\/small-wall-mounted-wash-basin-in-bulk-european-style-custom-ceramic-sink-6-8x12.webp 8w, https:\/\/www.ceramicbasin.com\/wp-content\/uploads\/2025\/12\/small-wall-mounted-wash-basin-in-bulk-european-style-custom-ceramic-sink-6-285x415.webp 285w, https:\/\/www.ceramicbasin.com\/wp-content\/uploads\/2025\/12\/small-wall-mounted-wash-basin-in-bulk-european-style-custom-ceramic-sink-6-453x660.webp 453w, https:\/\/www.ceramicbasin.com\/wp-content\/uploads\/2025\/12\/small-wall-mounted-wash-basin-in-bulk-european-style-custom-ceramic-sink-6-103x150.webp 103w\" sizes=\"(max-width: 621px) 100vw, 621px\" \/><\/figure>\n<\/div>\n<\/div>\n\n\n\n<p><\/p>","protected":false},"excerpt":{"rendered":"<p>Nous vous invitons \u00e0 acheter en gros notre petit lavabo mural, con\u00e7u sp\u00e9cialement pour les petites salles de bains et les espaces commerciaux restreints. Avec un design europ\u00e9en minimaliste, id\u00e9al pour les salles de bains peu encombr\u00e9es. Il se caract\u00e9rise par une c\u00e9ramique de haute qualit\u00e9, une installation facile et une personnalisation OEM. Parfait pour les projets d'h\u00f4tels et d'appartements. Prix de gros comp\u00e9titifs et logos personnalis\u00e9s possibles.<\/p>\n<table border=\"0\" width=\"478\" cellspacing=\"0\" cellpadding=\"0\">\n<tbody>\n<tr>\n<td width=\"166\" height=\"23\">Fabricant<\/td>\n<td width=\"312\">HanYu<\/td>\n<\/tr>\n<tr>\n<td height=\"23\">Num\u00e9ro de mod\u00e8le.<\/td>\n<td>HY-3134A<\/td>\n<\/tr>\n<tr>\n<td height=\"23\">Type<\/td>\n<td width=\"312\">\u00c9viers muraux<\/td>\n<\/tr>\n<tr>\n<td height=\"24\">Forme<\/td>\n<td>Forme rectangulaire<\/td>\n<\/tr>\n<tr>\n<td height=\"46\">Couleur<\/td>\n<td width=\"312\">noir\/blanc\/bleu\/gris\/rose\/vert\/marron\/kaki<\/td>\n<\/tr>\n<tr>\n<td height=\"24\">Dimension<\/td>\n<td width=\"312\">52*42*14<\/td>\n<\/tr>\n<tr>\n<td height=\"23\">N.W \/SET<\/td>\n<td>10 KGS\/PCS<\/td>\n<\/tr>\n<tr>\n<td height=\"23\">MOQ<\/td>\n<td>20pcs<\/td>\n<\/tr>\n<tr>\n<td height=\"23\">Option personnalis\u00e9e<\/td>\n<td>Couleur\/Pattenue\/Taille\/Logo\/Emballage<\/td>\n<\/tr>\n<\/tbody>\n<\/table>","protected":false},"featured_media":8675,"comment_status":"closed","ping_status":"closed","template":"","meta":{"_acf_changed":false},"product_brand":[],"product_cat":[57,56],"product_tag":[],"class_list":{"0":"post-8644","1":"product","2":"type-product","3":"status-publish","4":"has-post-thumbnail","6":"product_cat-wholesale-wall-mounted-sinks","7":"product_cat-wholesale-small-bathroom-sinks","9":"first","10":"instock","11":"shipping-taxable","12":"product-type-simple"},"acf":[],"_links":{"self":[{"href":"https:\/\/www.ceramicbasin.com\/fr\/wp-json\/wp\/v2\/product\/8644","targetHints":{"allow":["GET"]}}],"collection":[{"href":"https:\/\/www.ceramicbasin.com\/fr\/wp-json\/wp\/v2\/product"}],"about":[{"href":"https:\/\/www.ceramicbasin.com\/fr\/wp-json\/wp\/v2\/types\/product"}],"replies":[{"embeddable":true,"href":"https:\/\/www.ceramicbasin.com\/fr\/wp-json\/wp\/v2\/comments?post=8644"}],"wp:featuredmedia":[{"embeddable":true,"href":"https:\/\/www.ceramicbasin.com\/fr\/wp-json\/wp\/v2\/media\/8675"}],"wp:attachment":[{"href":"https:\/\/www.ceramicbasin.com\/fr\/wp-json\/wp\/v2\/media?parent=8644"}],"wp:term":[{"taxonomy":"product_brand","embeddable":true,"href":"https:\/\/www.ceramicbasin.com\/fr\/wp-json\/wp\/v2\/product_brand?post=8644"},{"taxonomy":"product_cat","embeddable":true,"href":"https:\/\/www.ceramicbasin.com\/fr\/wp-json\/wp\/v2\/product_cat?post=8644"},{"taxonomy":"product_tag","embeddable":true,"href":"https:\/\/www.ceramicbasin.com\/fr\/wp-json\/wp\/v2\/product_tag?post=8644"}],"curies":[{"name":"wp","href":"https:\/\/api.w.org\/{rel}","templated":true}]}}