{"id":8660,"date":"2025-12-04T03:38:55","date_gmt":"2025-12-04T03:38:55","guid":{"rendered":"https:\/\/www.ceramicbasin.com\/?post_type=product&#038;p=8660"},"modified":"2025-12-05T04:05:16","modified_gmt":"2025-12-05T04:05:16","slug":"wholesale-small-wall-mounted-sink","status":"publish","type":"product","link":"https:\/\/www.ceramicbasin.com\/fr\/produit\/wholesale-small-wall-mounted-sink\/","title":{"rendered":"Petit \u00e9vier mural en gros, \u00e9vier de salle de bain en c\u00e9ramique sur mesure"},"content":{"rendered":"<div class=\"wp-block-columns is-layout-flex wp-container-core-columns-is-layout-9d6595d7 wp-block-columns-is-layout-flex\">\n<div class=\"wp-block-column is-layout-flow wp-block-column-is-layout-flow\">\n<h2 class=\"wp-block-heading\">Premium Wholesale Small Wall Mounted Sink Caract\u00e9ristiques :<\/h2>\n\n\n\n<ul class=\"wp-block-list\">\n<li><strong>Conception de l'optimisation de l'espace :<\/strong> Ce petit lavabo mural est particuli\u00e8rement adapt\u00e9 aux petites salles de bains et permet d'am\u00e9liorer l'utilisation de l'espace. Il convient aux appartements, aux h\u00f4tels et aux petits espaces commerciaux.<\/li>\n\n\n\n<li><strong>Fabriqu\u00e9 en porcelaine de haute qualit\u00e9 :<\/strong> Notre petit \u00e9vier mural est fabriqu\u00e9 en argile porcelaine de haute qualit\u00e9 et cuit \u00e0 haute temp\u00e9rature pour garantir que les bassins ont une texture solide, une surface lisse, facile \u00e0 nettoyer et durablement brillante.<\/li>\n\n\n\n<li><strong>Style moderne et minimaliste : <\/strong>Ces lavabos de salle de bains en c\u00e9ramique personnalis\u00e9s sont dot\u00e9s d'un bassin carr\u00e9 en c\u00e9ramique d'un blanc pur aux coins arrondis, associ\u00e9 \u00e0 un haut robinet noir \u00e0 une seule poign\u00e9e, qui pr\u00e9sente un contraste classique entre le noir et le blanc, cr\u00e9ant un look simple et \u00e9l\u00e9gant adapt\u00e9 \u00e0 divers sc\u00e9narios de d\u00e9coration.<\/li>\n\n\n\n<li><strong>Forte compatibilit\u00e9 d'installation :<\/strong> Des trous de trop-plein et de vidange standard sont pr\u00e9vus, permettant l'installation de vidanges universelles. L'installation murale est stable et compatible avec la plupart des surfaces murales et des syst\u00e8mes d'alimentation en eau.<\/li>\n\n\n\n<li><strong>Services de personnalisation et de vente en gros :<\/strong> Nous prenons en charge la personnalisation OEM\/ODM (logo, ajustement de la taille) et proposons des prix de gros \u00e9chelonn\u00e9s pour r\u00e9pondre aux besoins d'achat en gros des projets d'ing\u00e9nierie.<\/li>\n<\/ul>\n<\/div>\n\n\n\n<div class=\"wp-block-column is-layout-flow wp-block-column-is-layout-flow\">\n<figure class=\"wp-block-image size-full\"><img fetchpriority=\"high\" decoding=\"async\" width=\"660\" height=\"882\" src=\"https:\/\/www.ceramicbasin.com\/wp-content\/uploads\/2025\/12\/wholesale-small-wall-mounted-sink-custom-ceramic-bath-sink-6.webp\" alt=\"grossiste-petit-\u00e9vier-mural-\u00e9vier-de-bain-c\u00e9ramique-personnalis\u00e9-6\" class=\"wp-image-8694\" srcset=\"https:\/\/www.ceramicbasin.com\/wp-content\/uploads\/2025\/12\/wholesale-small-wall-mounted-sink-custom-ceramic-bath-sink-6.webp 660w, https:\/\/www.ceramicbasin.com\/wp-content\/uploads\/2025\/12\/wholesale-small-wall-mounted-sink-custom-ceramic-bath-sink-6-224x300.webp 224w, https:\/\/www.ceramicbasin.com\/wp-content\/uploads\/2025\/12\/wholesale-small-wall-mounted-sink-custom-ceramic-bath-sink-6-9x12.webp 9w, https:\/\/www.ceramicbasin.com\/wp-content\/uploads\/2025\/12\/wholesale-small-wall-mounted-sink-custom-ceramic-bath-sink-6-285x381.webp 285w, https:\/\/www.ceramicbasin.com\/wp-content\/uploads\/2025\/12\/wholesale-small-wall-mounted-sink-custom-ceramic-bath-sink-6-494x660.webp 494w, https:\/\/www.ceramicbasin.com\/wp-content\/uploads\/2025\/12\/wholesale-small-wall-mounted-sink-custom-ceramic-bath-sink-6-112x150.webp 112w\" sizes=\"(max-width: 660px) 100vw, 660px\" \/><\/figure>\n<\/div>\n<\/div>\n\n\n\n<p><\/p>","protected":false},"excerpt":{"rendered":"<p>Nous vous invitons \u00e0 acheter notre petit \u00e9vier mural en gros, qui pr\u00e9sente un design moderne avec une c\u00e9ramique de haute qualit\u00e9 et une installation facile. Nos \u00e9viers muraux en c\u00e9ramique sont con\u00e7us pour les petites salles de bains qui recherchent la praticit\u00e9 et la beaut\u00e9. Prix personnalisables et en gros pour les projets d'h\u00f4tels\/appartements.<\/p>\n<table style=\"border-collapse: collapse; width: 358.52pt;\" border=\"0\" width=\"478\" cellspacing=\"0\" cellpadding=\"0\">\n<tbody>\n<tr style=\"height: 17.25pt;\">\n<td class=\"et3\" style=\"height: 17.25pt; width: 125.00pt;\" width=\"166\" height=\"23\">Fabricant<\/td>\n<td class=\"et3\" style=\"width: 234.15pt;\" width=\"312\">HanYu<\/td>\n<\/tr>\n<tr style=\"height: 17.25pt;\">\n<td class=\"et3\" style=\"height: 17.25pt;\" height=\"23\">Num\u00e9ro de mod\u00e8le.<\/td>\n<td class=\"et4\">HY-3136<\/td>\n<\/tr>\n<tr style=\"height: 17.25pt;\">\n<td class=\"et3\" style=\"height: 17.25pt;\" height=\"23\">Type<\/td>\n<td class=\"et5\" style=\"width: 234.15pt;\" width=\"312\">\u00c9viers muraux<\/td>\n<\/tr>\n<tr style=\"height: 18.00pt;\">\n<td class=\"et3\" style=\"height: 18.00pt;\" height=\"24\">Forme<\/td>\n<td class=\"et3\">Forme rectangulaire<\/td>\n<\/tr>\n<tr style=\"height: 34.50pt;\">\n<td class=\"et4\" style=\"height: 34.50pt;\" height=\"46\">Couleur<\/td>\n<td class=\"et5\" style=\"width: 234.15pt;\" width=\"312\">noir\/blanc\/bleu\/gris\/rose\/vert\/marron\/kaki<\/td>\n<\/tr>\n<tr style=\"height: 18.00pt;\">\n<td class=\"et3\" style=\"height: 18.00pt;\" height=\"24\">Dimension<\/td>\n<td class=\"et5\" style=\"width: 234.15pt;\" width=\"312\">45.5*36.5*17<\/td>\n<\/tr>\n<tr style=\"height: 17.25pt;\">\n<td class=\"et3\" style=\"height: 17.25pt;\" height=\"23\">N.W \/SET<\/td>\n<td class=\"et3\">8 KGS\/PCS<\/td>\n<\/tr>\n<tr style=\"height: 17.25pt;\">\n<td class=\"et3\" style=\"height: 17.25pt;\" height=\"23\">MOQ<\/td>\n<td class=\"et3\">20pcs<\/td>\n<\/tr>\n<tr style=\"height: 17.25pt;\">\n<td class=\"et3\" style=\"height: 17.25pt;\" height=\"23\">Option personnalis\u00e9e<\/td>\n<td class=\"et3\">Couleur\/Pattenue\/Taille\/Logo\/Emballage<\/td>\n<\/tr>\n<\/tbody>\n<\/table>","protected":false},"featured_media":8689,"comment_status":"closed","ping_status":"closed","template":"","meta":{"_acf_changed":false},"product_brand":[],"product_cat":[57,56],"product_tag":[],"class_list":{"0":"post-8660","1":"product","2":"type-product","3":"status-publish","4":"has-post-thumbnail","6":"product_cat-wholesale-wall-mounted-sinks","7":"product_cat-wholesale-small-bathroom-sinks","9":"first","10":"instock","11":"shipping-taxable","12":"product-type-simple"},"acf":[],"_links":{"self":[{"href":"https:\/\/www.ceramicbasin.com\/fr\/wp-json\/wp\/v2\/product\/8660","targetHints":{"allow":["GET"]}}],"collection":[{"href":"https:\/\/www.ceramicbasin.com\/fr\/wp-json\/wp\/v2\/product"}],"about":[{"href":"https:\/\/www.ceramicbasin.com\/fr\/wp-json\/wp\/v2\/types\/product"}],"replies":[{"embeddable":true,"href":"https:\/\/www.ceramicbasin.com\/fr\/wp-json\/wp\/v2\/comments?post=8660"}],"wp:featuredmedia":[{"embeddable":true,"href":"https:\/\/www.ceramicbasin.com\/fr\/wp-json\/wp\/v2\/media\/8689"}],"wp:attachment":[{"href":"https:\/\/www.ceramicbasin.com\/fr\/wp-json\/wp\/v2\/media?parent=8660"}],"wp:term":[{"taxonomy":"product_brand","embeddable":true,"href":"https:\/\/www.ceramicbasin.com\/fr\/wp-json\/wp\/v2\/product_brand?post=8660"},{"taxonomy":"product_cat","embeddable":true,"href":"https:\/\/www.ceramicbasin.com\/fr\/wp-json\/wp\/v2\/product_cat?post=8660"},{"taxonomy":"product_tag","embeddable":true,"href":"https:\/\/www.ceramicbasin.com\/fr\/wp-json\/wp\/v2\/product_tag?post=8660"}],"curies":[{"name":"wp","href":"https:\/\/api.w.org\/{rel}","templated":true}]}}