{"id":8722,"date":"2025-12-18T07:17:37","date_gmt":"2025-12-18T07:17:37","guid":{"rendered":"https:\/\/www.ceramicbasin.com\/?post_type=product&#038;p=8722"},"modified":"2025-12-18T07:17:40","modified_gmt":"2025-12-18T07:17:40","slug":"above-counter-basin-wholesale","status":"publish","type":"product","link":"https:\/\/www.ceramicbasin.com\/fr\/produit\/above-counter-basin-wholesale\/","title":{"rendered":"Vasque en porcelaine au-dessus du comptoir Wholesale, Oval Bathroom Sink Bulk (\u00e9vier de salle de bain ovale)"},"content":{"rendered":"<div class=\"wp-block-columns is-layout-flex wp-container-core-columns-is-layout-9d6595d7 wp-block-columns-is-layout-flex\">\n<div class=\"wp-block-column is-layout-flow wp-block-column-is-layout-flow\">\n<h2 class=\"wp-block-heading\">Premium Above Counter Basin Wholesale Caract\u00e9ristiques :<\/h2>\n\n\n\n<ul class=\"wp-block-list\">\n<li><strong>C\u00e9ramique de haute qualit\u00e9 :<\/strong>\u00a0Cette vasque en porcelaine est cuite \u00e0 haute temp\u00e9rature pour obtenir une surface plus lisse et plus dense qui r\u00e9siste aux rayures et aux taches et qui est facile \u00e0 nettoyer.<\/li>\n\n\n\n<li><strong>Stock en vrac :<\/strong>\u00a0Nos bassins en porcelaine au-dessus du comptoir peuvent \u00eatre achet\u00e9s en gros ou dans le cadre de projets, r\u00e9pondant ainsi aux besoins de livraison rapide des d\u00e9taillants, des distributeurs et des clients de projets.<\/li>\n\n\n\n<li><strong>Traitement de l'\u00e9mail facile \u00e0 nettoyer :<\/strong>\u00a0La surface de l'\u00e9vier de salle de bains ovale personnalis\u00e9 de ces mod\u00e8les d'\u00e9vier de salle de bains personnalis\u00e9s adopte une technologie de gla\u00e7age sp\u00e9ciale facile \u00e0 nettoyer, qui est lisse et d\u00e9licate, rendant les taches moins susceptibles d'adh\u00e9rer et faciles \u00e0 nettoyer.<\/li>\n\n\n\n<li><strong>Bassin de comptoir structurel : <\/strong>Le design de la vasque en porcelaine au-dessus du comptoir est facile \u00e0 installer et peut rapidement am\u00e9liorer l'attrait visuel de l'ensemble de l'espace de la salle de bains.<\/li>\n\n\n\n<li><strong>Avantage de prix :\u00a0<\/strong>Nous fournissons des services de commande en gros pour les lavabos de salle de bain ovales personnalis\u00e9s, qui sont non seulement abordables mais aussi livr\u00e9s rapidement, adapt\u00e9s aux projets commerciaux et \u00e0 la d\u00e9coration r\u00e9sidentielle \u00e0 grande \u00e9chelle, r\u00e9pondant aux besoins d'une grande efficacit\u00e9 et d'un faible co\u00fbt.<\/li>\n<\/ul>\n<\/div>\n\n\n\n<div class=\"wp-block-column is-layout-flow wp-block-column-is-layout-flow\">\n<figure class=\"wp-block-image size-full\"><img fetchpriority=\"high\" decoding=\"async\" width=\"726\" height=\"929\" src=\"https:\/\/www.ceramicbasin.com\/wp-content\/uploads\/2025\/12\/porcelain-above-counter-basin-wholesale-oval-bathroom-sink-bulk-5.webp\" alt=\"porcelaine-above-counter-basin-wholesale-oval-bathroom-sink-bulk-5\" class=\"wp-image-8742\" srcset=\"https:\/\/www.ceramicbasin.com\/wp-content\/uploads\/2025\/12\/porcelain-above-counter-basin-wholesale-oval-bathroom-sink-bulk-5.webp 726w, https:\/\/www.ceramicbasin.com\/wp-content\/uploads\/2025\/12\/porcelain-above-counter-basin-wholesale-oval-bathroom-sink-bulk-5-234x300.webp 234w, https:\/\/www.ceramicbasin.com\/wp-content\/uploads\/2025\/12\/porcelain-above-counter-basin-wholesale-oval-bathroom-sink-bulk-5-9x12.webp 9w, https:\/\/www.ceramicbasin.com\/wp-content\/uploads\/2025\/12\/porcelain-above-counter-basin-wholesale-oval-bathroom-sink-bulk-5-285x365.webp 285w, https:\/\/www.ceramicbasin.com\/wp-content\/uploads\/2025\/12\/porcelain-above-counter-basin-wholesale-oval-bathroom-sink-bulk-5-516x660.webp 516w, https:\/\/www.ceramicbasin.com\/wp-content\/uploads\/2025\/12\/porcelain-above-counter-basin-wholesale-oval-bathroom-sink-bulk-5-117x150.webp 117w\" sizes=\"(max-width: 726px) 100vw, 726px\" \/><\/figure>\n<\/div>\n<\/div>","protected":false},"excerpt":{"rendered":"<p>Bienvenue \u00e0 l'achat de ce lavabo en porcelaine pour comptoir en gros qui pr\u00e9sente un design ovale \u00e9l\u00e9gant avec une finition glac\u00e9e lisse, offrant une durabilit\u00e9, un entretien facile et une esth\u00e9tique intemporelle. Id\u00e9al pour les commandes en gros, les h\u00f4tels et les projets r\u00e9sidentiels, ce lavabo de salle de bain ovale est livr\u00e9 rapidement et \u00e0 un prix abordable.<\/p>\n<table style=\"border-collapse: collapse; width: 358.52pt;\" border=\"0\" width=\"478\" cellspacing=\"0\" cellpadding=\"0\">\n<tbody>\n<tr style=\"height: 17.25pt;\">\n<td class=\"et3\" style=\"height: 17.25pt; width: 125.00pt;\" width=\"166\" height=\"23\">Fabricant<\/td>\n<td class=\"et3\" style=\"width: 234.15pt;\" width=\"312\">HanYu<\/td>\n<\/tr>\n<tr style=\"height: 17.25pt;\">\n<td class=\"et3\" style=\"height: 17.25pt;\" height=\"23\">Num\u00e9ro de mod\u00e8le.<\/td>\n<td class=\"et4\">HY-8259A<\/td>\n<\/tr>\n<tr style=\"height: 17.25pt;\">\n<td class=\"et3\" style=\"height: 17.25pt;\" height=\"23\">Type<\/td>\n<td class=\"et5\" style=\"width: 234.15pt;\" width=\"312\">Evier de comptoir<\/td>\n<\/tr>\n<tr style=\"height: 18.00pt;\">\n<td class=\"et3\" style=\"height: 18.00pt;\" height=\"24\">Forme<\/td>\n<td class=\"et3\">Forme ovale<\/td>\n<\/tr>\n<tr style=\"height: 34.50pt;\">\n<td class=\"et4\" style=\"height: 34.50pt;\" height=\"46\">Couleur<\/td>\n<td class=\"et5\" style=\"width: 234.15pt;\" width=\"312\">noir\/blanc\/bleu\/gris\/rose\/vert\/marron\/kaki<\/td>\n<\/tr>\n<tr style=\"height: 18.00pt;\">\n<td class=\"et3\" style=\"height: 18.00pt;\" height=\"24\">Dimension<\/td>\n<td class=\"et5\" style=\"width: 234.15pt;\" width=\"312\">56*40.5*-16.5<\/td>\n<\/tr>\n<tr style=\"height: 17.25pt;\">\n<td class=\"et3\" style=\"height: 17.25pt;\" height=\"23\">N.W \/SET<\/td>\n<td class=\"et3\">8KGS\/PCS<\/td>\n<\/tr>\n<tr style=\"height: 17.25pt;\">\n<td class=\"et3\" style=\"height: 17.25pt;\" height=\"23\">MOQ<\/td>\n<td class=\"et3\">20pcs<\/td>\n<\/tr>\n<tr style=\"height: 17.25pt;\">\n<td class=\"et3\" style=\"height: 17.25pt;\" height=\"23\">Option personnalis\u00e9e<\/td>\n<td class=\"et3\">Couleur\/Pattenue\/Taille\/Logo\/Emballage<\/td>\n<\/tr>\n<\/tbody>\n<\/table>","protected":false},"featured_media":8741,"comment_status":"closed","ping_status":"closed","template":"","meta":{"_acf_changed":false},"product_brand":[],"product_cat":[50],"product_tag":[],"class_list":{"0":"post-8722","1":"product","2":"type-product","3":"status-publish","4":"has-post-thumbnail","6":"product_cat-wholesale-countertop-sinks","8":"first","9":"instock","10":"shipping-taxable","11":"product-type-simple"},"acf":[],"_links":{"self":[{"href":"https:\/\/www.ceramicbasin.com\/fr\/wp-json\/wp\/v2\/product\/8722","targetHints":{"allow":["GET"]}}],"collection":[{"href":"https:\/\/www.ceramicbasin.com\/fr\/wp-json\/wp\/v2\/product"}],"about":[{"href":"https:\/\/www.ceramicbasin.com\/fr\/wp-json\/wp\/v2\/types\/product"}],"replies":[{"embeddable":true,"href":"https:\/\/www.ceramicbasin.com\/fr\/wp-json\/wp\/v2\/comments?post=8722"}],"wp:featuredmedia":[{"embeddable":true,"href":"https:\/\/www.ceramicbasin.com\/fr\/wp-json\/wp\/v2\/media\/8741"}],"wp:attachment":[{"href":"https:\/\/www.ceramicbasin.com\/fr\/wp-json\/wp\/v2\/media?parent=8722"}],"wp:term":[{"taxonomy":"product_brand","embeddable":true,"href":"https:\/\/www.ceramicbasin.com\/fr\/wp-json\/wp\/v2\/product_brand?post=8722"},{"taxonomy":"product_cat","embeddable":true,"href":"https:\/\/www.ceramicbasin.com\/fr\/wp-json\/wp\/v2\/product_cat?post=8722"},{"taxonomy":"product_tag","embeddable":true,"href":"https:\/\/www.ceramicbasin.com\/fr\/wp-json\/wp\/v2\/product_tag?post=8722"}],"curies":[{"name":"wp","href":"https:\/\/api.w.org\/{rel}","templated":true}]}}