{"id":8724,"date":"2025-12-18T08:06:44","date_gmt":"2025-12-18T08:06:44","guid":{"rendered":"https:\/\/www.ceramicbasin.com\/?post_type=product&#038;p=8724"},"modified":"2025-12-18T08:06:48","modified_gmt":"2025-12-18T08:06:48","slug":"ceramic-wash-basin-wholesale","status":"publish","type":"product","link":"https:\/\/www.ceramicbasin.com\/fr\/produit\/ceramic-wash-basin-wholesale\/","title":{"rendered":"Newest Ceramic Wash Basin Wholesale, Custom Countertop Sink"},"content":{"rendered":"<div class=\"wp-block-columns is-layout-flex wp-container-core-columns-is-layout-9d6595d7 wp-block-columns-is-layout-flex\">\n<div class=\"wp-block-column is-layout-flow wp-block-column-is-layout-flow\">\n<h2 class=\"wp-block-heading\">Lavabo en c\u00e9ramique de premi\u00e8re qualit\u00e9 Caract\u00e9ristiques en gros :<\/h2>\n\n\n\n<ul class=\"wp-block-list\">\n<li><strong>Cr\u00e9ation de mode :\u00a0<\/strong>Notre lavabo en c\u00e9ramique en gros, qui a un design moderne et \u00e0 la mode avec des lignes douces, convient \u00e0 divers agencements de salle de bains et rehausse la beaut\u00e9 g\u00e9n\u00e9rale et la qualit\u00e9 de l'espace.<\/li>\n\n\n\n<li><strong>Structure du bassin de comptoir :<\/strong> Ce lavabo en c\u00e9ramique en gros est install\u00e9 sur un comptoir, offrant une installation et un entretien pratiques, un attrait visuel fort et une ad\u00e9quation avec les projets r\u00e9sidentiels et commerciaux.<\/li>\n\n\n\n<li><strong>Cuisson c\u00e9ramique \u00e0 haute temp\u00e9rature :<\/strong> Fabriqu\u00e9 \u00e0 partir de mati\u00e8res premi\u00e8res c\u00e9ramiques de haute qualit\u00e9 et cuit \u00e0 haute temp\u00e9rature, ce lavabo en c\u00e9ramique se distingue par sa structure dense, sa durabilit\u00e9 et sa r\u00e9sistance aux fissures.<\/li>\n\n\n\n<li><strong>Grande capacit\u00e9 de production :\u00a0<\/strong>Un grand entrep\u00f4t pour contenir ces \u00e9viers en c\u00e9ramique en gros. Choisissez les articles qui vous int\u00e9ressent et renseignez-vous aupr\u00e8s de nous ; la plupart des \u00e9viers en c\u00e9ramique sont en stock, le d\u00e9lai d'exp\u00e9dition sera donc beaucoup plus court.<\/li>\n\n\n\n<li><strong>Livraison rapide :<\/strong>\u00a0Notre \u00e9vier de comptoir personnalis\u00e9 dispose d'un syst\u00e8me de production et de logistique efficace pour assurer une r\u00e9ponse rapide et une livraison dans les d\u00e9lais des commandes. Que vous ayez besoin d'acheter de grandes quantit\u00e9s ou de personnaliser de petites quantit\u00e9s, nous pouvons achever la production et la livraison dans les d\u00e9lais convenus afin que vous puissiez recevoir les produits requis \u00e0 temps.<\/li>\n<\/ul>\n<\/div>\n\n\n\n<div class=\"wp-block-column is-layout-flow wp-block-column-is-layout-flow\">\n<figure class=\"wp-block-image size-full\"><img fetchpriority=\"high\" decoding=\"async\" width=\"663\" height=\"936\" src=\"https:\/\/www.ceramicbasin.com\/wp-content\/uploads\/2025\/12\/Newest-design-ceramic-cabinet-top-mounting-hand-washing-basin-supplier-5.webp\" alt=\"newest-ceramic-wash-basin-wholesale-custom-countertop-sink-5\" class=\"wp-image-8705\" srcset=\"https:\/\/www.ceramicbasin.com\/wp-content\/uploads\/2025\/12\/Newest-design-ceramic-cabinet-top-mounting-hand-washing-basin-supplier-5.webp 663w, https:\/\/www.ceramicbasin.com\/wp-content\/uploads\/2025\/12\/Newest-design-ceramic-cabinet-top-mounting-hand-washing-basin-supplier-5-213x300.webp 213w, https:\/\/www.ceramicbasin.com\/wp-content\/uploads\/2025\/12\/Newest-design-ceramic-cabinet-top-mounting-hand-washing-basin-supplier-5-9x12.webp 9w, https:\/\/www.ceramicbasin.com\/wp-content\/uploads\/2025\/12\/Newest-design-ceramic-cabinet-top-mounting-hand-washing-basin-supplier-5-285x402.webp 285w, https:\/\/www.ceramicbasin.com\/wp-content\/uploads\/2025\/12\/Newest-design-ceramic-cabinet-top-mounting-hand-washing-basin-supplier-5-468x660.webp 468w, https:\/\/www.ceramicbasin.com\/wp-content\/uploads\/2025\/12\/Newest-design-ceramic-cabinet-top-mounting-hand-washing-basin-supplier-5-106x150.webp 106w\" sizes=\"(max-width: 663px) 100vw, 663px\" \/><\/figure>\n<\/div>\n<\/div>\n\n\n\n<p><\/p>","protected":false},"excerpt":{"rendered":"<p>Nous vous invitons \u00e0 acheter en gros nos lavabos en c\u00e9ramique, fabriqu\u00e9s \u00e0 partir de c\u00e9ramique cuite \u00e0 haute temp\u00e9rature pour une meilleure durabilit\u00e9 et un entretien plus facile. Avec une surface glac\u00e9e lisse et un drainage standard, ces \u00e9viers de comptoir personnalis\u00e9s sont id\u00e9aux pour les projets r\u00e9sidentiels, h\u00f4teliers et commerciaux. Nous avons un grand entrep\u00f4t pour contenir ces \u00e9viers en c\u00e9ramique en gros, la plupart des \u00e9viers en c\u00e9ramique blancs en gros sont en stock.<\/p>\n<table style=\"border-collapse: collapse; width: 358.52pt;\" border=\"0\" width=\"478\" cellspacing=\"0\" cellpadding=\"0\">\n<tbody>\n<tr style=\"height: 17.25pt;\">\n<td class=\"et3\" style=\"height: 17.25pt; width: 125.00pt;\" width=\"166\" height=\"23\">Fabricant<\/td>\n<td class=\"et3\" style=\"width: 234.15pt;\" width=\"312\">HanYu<\/td>\n<\/tr>\n<tr style=\"height: 17.25pt;\">\n<td class=\"et3\" style=\"height: 17.25pt;\" height=\"23\">Num\u00e9ro de mod\u00e8le.<\/td>\n<td class=\"et4\">HY-8256A<\/td>\n<\/tr>\n<tr style=\"height: 17.25pt;\">\n<td class=\"et3\" style=\"height: 17.25pt;\" height=\"23\">Type<\/td>\n<td class=\"et5\" style=\"width: 234.15pt;\" width=\"312\">Eviers de comptoir<\/td>\n<\/tr>\n<tr style=\"height: 18.00pt;\">\n<td class=\"et3\" style=\"height: 18.00pt;\" height=\"24\">Forme<\/td>\n<td class=\"et3\">Forme rectangulaire<\/td>\n<\/tr>\n<tr style=\"height: 34.50pt;\">\n<td class=\"et4\" style=\"height: 34.50pt;\" height=\"46\">Couleur<\/td>\n<td class=\"et5\" style=\"width: 234.15pt;\" width=\"312\">noir\/blanc\/bleu\/gris\/rose\/vert\/marron\/kaki<\/td>\n<\/tr>\n<tr style=\"height: 18.00pt;\">\n<td class=\"et3\" style=\"height: 18.00pt;\" height=\"24\">Dimension<\/td>\n<td class=\"et5\" style=\"width: 234.15pt;\" width=\"312\">50*37.5*15<\/td>\n<\/tr>\n<tr style=\"height: 17.25pt;\">\n<td class=\"et3\" style=\"height: 17.25pt;\" height=\"23\">N.W \/SET<\/td>\n<td class=\"et3\">8KGS\/PCS<\/td>\n<\/tr>\n<tr style=\"height: 17.25pt;\">\n<td class=\"et3\" style=\"height: 17.25pt;\" height=\"23\">MOQ<\/td>\n<td class=\"et3\">20pcs<\/td>\n<\/tr>\n<tr style=\"height: 17.25pt;\">\n<td class=\"et3\" style=\"height: 17.25pt;\" height=\"23\">Option personnalis\u00e9e<\/td>\n<td class=\"et3\">Couleur\/Pattenue\/Taille\/Logo\/Emballage<\/td>\n<\/tr>\n<\/tbody>\n<\/table>","protected":false},"featured_media":8701,"comment_status":"closed","ping_status":"closed","template":"","meta":{"_acf_changed":false},"product_brand":[],"product_cat":[50],"product_tag":[],"class_list":{"0":"post-8724","1":"product","2":"type-product","3":"status-publish","4":"has-post-thumbnail","6":"product_cat-wholesale-countertop-sinks","8":"first","9":"instock","10":"shipping-taxable","11":"product-type-simple"},"acf":[],"_links":{"self":[{"href":"https:\/\/www.ceramicbasin.com\/fr\/wp-json\/wp\/v2\/product\/8724","targetHints":{"allow":["GET"]}}],"collection":[{"href":"https:\/\/www.ceramicbasin.com\/fr\/wp-json\/wp\/v2\/product"}],"about":[{"href":"https:\/\/www.ceramicbasin.com\/fr\/wp-json\/wp\/v2\/types\/product"}],"replies":[{"embeddable":true,"href":"https:\/\/www.ceramicbasin.com\/fr\/wp-json\/wp\/v2\/comments?post=8724"}],"wp:featuredmedia":[{"embeddable":true,"href":"https:\/\/www.ceramicbasin.com\/fr\/wp-json\/wp\/v2\/media\/8701"}],"wp:attachment":[{"href":"https:\/\/www.ceramicbasin.com\/fr\/wp-json\/wp\/v2\/media?parent=8724"}],"wp:term":[{"taxonomy":"product_brand","embeddable":true,"href":"https:\/\/www.ceramicbasin.com\/fr\/wp-json\/wp\/v2\/product_brand?post=8724"},{"taxonomy":"product_cat","embeddable":true,"href":"https:\/\/www.ceramicbasin.com\/fr\/wp-json\/wp\/v2\/product_cat?post=8724"},{"taxonomy":"product_tag","embeddable":true,"href":"https:\/\/www.ceramicbasin.com\/fr\/wp-json\/wp\/v2\/product_tag?post=8724"}],"curies":[{"name":"wp","href":"https:\/\/api.w.org\/{rel}","templated":true}]}}