{"id":8725,"date":"2025-12-18T07:37:02","date_gmt":"2025-12-18T07:37:02","guid":{"rendered":"https:\/\/www.ceramicbasin.com\/?post_type=product&#038;p=8725"},"modified":"2025-12-18T07:37:05","modified_gmt":"2025-12-18T07:37:05","slug":"bulk-ceramic-countertop-basin","status":"publish","type":"product","link":"https:\/\/www.ceramicbasin.com\/fr\/produit\/bulk-ceramic-countertop-basin\/","title":{"rendered":"Factory Bulk Ceramic Countertop Basin, Rectangular Bath Sink"},"content":{"rendered":"<div class=\"wp-block-columns is-layout-flex wp-container-core-columns-is-layout-9d6595d7 wp-block-columns-is-layout-flex\">\n<div class=\"wp-block-column is-layout-flow wp-block-column-is-layout-flow\">\n<h2 class=\"wp-block-heading\">Bassin de comptoir en c\u00e9ramique de premi\u00e8re qualit\u00e9 Caract\u00e9ristiques :<\/h2>\n\n\n\n<ul class=\"wp-block-list\">\n<li><strong>C\u00e9ramique de haute qualit\u00e9 :<\/strong>\u00a0Le bassin de comptoir c\u00e9ramique en vrac de l'usine a s\u00e9lectionn\u00e9 des mati\u00e8res premi\u00e8res c\u00e9ramiques de haute qualit\u00e9 fritt\u00e9es \u00e0 haute temp\u00e9rature, ce qui rend notre \u00e9vier en c\u00e9ramique solide dans sa structure, d\u00e9licat et lisse dans sa surface, facile \u00e0 nettoyer et durable comme neuf.<\/li>\n\n\n\n<li><strong>Design rectangulaire moderne :<\/strong> La vasque \u00e0 poser en c\u00e9ramique Factory bulk est de forme rectangulaire simple et \u00e9pur\u00e9e, avec des lignes douces. Elle convient aux salles de bains modernes, minimalistes et commerciales.<\/li>\n\n\n\n<li><strong>Mode d'installation par le haut :<\/strong>\u00a0Cette vasque en c\u00e9ramique en vrac d'usine s'installe par le haut, est facile \u00e0 installer et fonctionne de mani\u00e8re stable et fiable. Il permet non seulement d'\u00e9conomiser de l'espace dans la salle de bains, mais aussi de faciliter l'entretien et le nettoyage quotidiens et d'am\u00e9liorer l'exp\u00e9rience de l'utilisateur.<\/li>\n\n\n\n<li><strong>Excellente performance :<\/strong> Notre \u00e9vier de salle de bain rectangulaire en gros est fabriqu\u00e9 \u00e0 partir de mat\u00e9riaux c\u00e9ramiques de haute qualit\u00e9, de sorte que l'\u00e9vier pr\u00e9sente une excellente durabilit\u00e9 et une r\u00e9sistance aux rayures et peut conserver un bon \u00e9tat m\u00eame apr\u00e8s une longue p\u00e9riode d'utilisation.<\/li>\n\n\n\n<li><strong>Fourniture directe par l'usine : <\/strong>Nous vendons en gros des lavabos de salle de bains \u00e0 des prix raisonnables, en soutenant l'approvisionnement direct de l'usine et les achats en gros, avec une capacit\u00e9 de production stable, convenant aux h\u00f4tels, aux appartements et aux canaux de projet.<\/li>\n<\/ul>\n<\/div>\n\n\n\n<div class=\"wp-block-column is-layout-flow wp-block-column-is-layout-flow\">\n<figure class=\"wp-block-image size-full\"><img fetchpriority=\"high\" decoding=\"async\" width=\"660\" height=\"912\" src=\"https:\/\/www.ceramicbasin.com\/wp-content\/uploads\/2025\/12\/Top-counter-ceramic-washbasin-manufacturer-rectanglue-shape-hand-washing-sink-bowl-5.webp\" alt=\"factory-bulk-ceramic-countertop-basin-rectangular-bath-sink-5\" class=\"wp-image-8700\" srcset=\"https:\/\/www.ceramicbasin.com\/wp-content\/uploads\/2025\/12\/Top-counter-ceramic-washbasin-manufacturer-rectanglue-shape-hand-washing-sink-bowl-5.webp 660w, https:\/\/www.ceramicbasin.com\/wp-content\/uploads\/2025\/12\/Top-counter-ceramic-washbasin-manufacturer-rectanglue-shape-hand-washing-sink-bowl-5-217x300.webp 217w, https:\/\/www.ceramicbasin.com\/wp-content\/uploads\/2025\/12\/Top-counter-ceramic-washbasin-manufacturer-rectanglue-shape-hand-washing-sink-bowl-5-9x12.webp 9w, https:\/\/www.ceramicbasin.com\/wp-content\/uploads\/2025\/12\/Top-counter-ceramic-washbasin-manufacturer-rectanglue-shape-hand-washing-sink-bowl-5-285x394.webp 285w, https:\/\/www.ceramicbasin.com\/wp-content\/uploads\/2025\/12\/Top-counter-ceramic-washbasin-manufacturer-rectanglue-shape-hand-washing-sink-bowl-5-478x660.webp 478w, https:\/\/www.ceramicbasin.com\/wp-content\/uploads\/2025\/12\/Top-counter-ceramic-washbasin-manufacturer-rectanglue-shape-hand-washing-sink-bowl-5-109x150.webp 109w\" sizes=\"(max-width: 660px) 100vw, 660px\" \/><\/figure>\n<\/div>\n<\/div>","protected":false},"excerpt":{"rendered":"<p>Bienvenue sur notre site d'achat en vrac de vasques en c\u00e9ramique au design rectangulaire moderne, fabriqu\u00e9es en c\u00e9ramique cuite \u00e0 haute temp\u00e9rature pour une meilleure durabilit\u00e9 et un entretien plus facile. Dot\u00e9s d'une surface \u00e9maill\u00e9e lisse et d'un drainage standard, ces lavabos de salle de bains rectangulaires sont id\u00e9aux pour les projets r\u00e9sidentiels, h\u00f4teliers et commerciaux. Ils facilitent l'entretien et le nettoyage quotidiens et am\u00e9liorent l'exp\u00e9rience de l'utilisateur.<\/p>\n<table style=\"border-collapse: collapse; width: 358.52pt;\" border=\"0\" width=\"478\" cellspacing=\"0\" cellpadding=\"0\">\n<tbody>\n<tr style=\"height: 17.25pt;\">\n<td class=\"et3\" style=\"height: 17.25pt; width: 125.00pt;\" width=\"166\" height=\"23\">Fabricant<\/td>\n<td class=\"et3\" style=\"width: 234.15pt;\" width=\"312\">HanYu<\/td>\n<\/tr>\n<tr style=\"height: 17.25pt;\">\n<td class=\"et3\" style=\"height: 17.25pt;\" height=\"23\">Num\u00e9ro de mod\u00e8le.<\/td>\n<td class=\"et4\">HY-8256<\/td>\n<\/tr>\n<tr style=\"height: 17.25pt;\">\n<td class=\"et3\" style=\"height: 17.25pt;\" height=\"23\">Type<\/td>\n<td class=\"et5\" style=\"width: 234.15pt;\" width=\"312\">Eviers de comptoir<\/td>\n<\/tr>\n<tr style=\"height: 18.00pt;\">\n<td class=\"et3\" style=\"height: 18.00pt;\" height=\"24\">Forme<\/td>\n<td class=\"et3\">Forme carr\u00e9e<\/td>\n<\/tr>\n<tr style=\"height: 34.50pt;\">\n<td class=\"et4\" style=\"height: 34.50pt;\" height=\"46\">Couleur<\/td>\n<td class=\"et5\" style=\"width: 234.15pt;\" width=\"312\">noir\/blanc\/bleu\/gris\/rose\/vert\/marron\/kaki<\/td>\n<\/tr>\n<tr style=\"height: 18.00pt;\">\n<td class=\"et3\" style=\"height: 18.00pt;\" height=\"24\">Dimension<\/td>\n<td class=\"et5\" style=\"width: 234.15pt;\" width=\"312\">40*40*15<\/td>\n<\/tr>\n<tr style=\"height: 17.25pt;\">\n<td class=\"et3\" style=\"height: 17.25pt;\" height=\"23\">N.W \/SET<\/td>\n<td class=\"et3\">6KGS\/PCS<\/td>\n<\/tr>\n<tr style=\"height: 17.25pt;\">\n<td class=\"et3\" style=\"height: 17.25pt;\" height=\"23\">MOQ<\/td>\n<td class=\"et3\">20pcs<\/td>\n<\/tr>\n<tr style=\"height: 17.25pt;\">\n<td class=\"et3\" style=\"height: 17.25pt;\" height=\"23\">Option personnalis\u00e9e<\/td>\n<td class=\"et3\">Couleur\/Pattenue\/Taille\/Logo\/Emballage<\/td>\n<\/tr>\n<\/tbody>\n<\/table>","protected":false},"featured_media":8699,"comment_status":"closed","ping_status":"closed","template":"","meta":{"_acf_changed":false},"product_brand":[],"product_cat":[50],"product_tag":[],"class_list":{"0":"post-8725","1":"product","2":"type-product","3":"status-publish","4":"has-post-thumbnail","6":"product_cat-wholesale-countertop-sinks","8":"first","9":"instock","10":"shipping-taxable","11":"product-type-simple"},"acf":[],"_links":{"self":[{"href":"https:\/\/www.ceramicbasin.com\/fr\/wp-json\/wp\/v2\/product\/8725","targetHints":{"allow":["GET"]}}],"collection":[{"href":"https:\/\/www.ceramicbasin.com\/fr\/wp-json\/wp\/v2\/product"}],"about":[{"href":"https:\/\/www.ceramicbasin.com\/fr\/wp-json\/wp\/v2\/types\/product"}],"replies":[{"embeddable":true,"href":"https:\/\/www.ceramicbasin.com\/fr\/wp-json\/wp\/v2\/comments?post=8725"}],"wp:featuredmedia":[{"embeddable":true,"href":"https:\/\/www.ceramicbasin.com\/fr\/wp-json\/wp\/v2\/media\/8699"}],"wp:attachment":[{"href":"https:\/\/www.ceramicbasin.com\/fr\/wp-json\/wp\/v2\/media?parent=8725"}],"wp:term":[{"taxonomy":"product_brand","embeddable":true,"href":"https:\/\/www.ceramicbasin.com\/fr\/wp-json\/wp\/v2\/product_brand?post=8725"},{"taxonomy":"product_cat","embeddable":true,"href":"https:\/\/www.ceramicbasin.com\/fr\/wp-json\/wp\/v2\/product_cat?post=8725"},{"taxonomy":"product_tag","embeddable":true,"href":"https:\/\/www.ceramicbasin.com\/fr\/wp-json\/wp\/v2\/product_tag?post=8725"}],"curies":[{"name":"wp","href":"https:\/\/api.w.org\/{rel}","templated":true}]}}