{"id":8782,"date":"2025-12-31T02:46:47","date_gmt":"2025-12-31T02:46:47","guid":{"rendered":"https:\/\/www.ceramicbasin.com\/?post_type=product&#038;p=8782"},"modified":"2025-12-31T02:49:20","modified_gmt":"2025-12-31T02:49:20","slug":"wholesale-ceramic-counter-top-basin","status":"publish","type":"product","link":"https:\/\/www.ceramicbasin.com\/fr\/produit\/wholesale-ceramic-counter-top-basin\/","title":{"rendered":"Wholesale Ceramic Counter Top Basin With Blue Marble Pattern (Vasque de comptoir en c\u00e9ramique avec motif en marbre bleu)"},"content":{"rendered":"<div class=\"wp-block-columns is-layout-flex wp-container-core-columns-is-layout-9d6595d7 wp-block-columns-is-layout-flex\">\n<div class=\"wp-block-column is-layout-flow wp-block-column-is-layout-flow\">\n<h2 class=\"wp-block-heading\"><strong>Bassin de comptoir en c\u00e9ramique de premi\u00e8re qualit\u00e9 (Wholesale) Caract\u00e9ristiques :<\/strong><\/h2>\n\n\n\n<ul class=\"wp-block-list\">\n<li><strong>Cr\u00e9ation de mode :<\/strong> Nos vasques \u00e0 poser en c\u00e9ramique ont un design moderne et \u00e0 la mode avec des lignes douces, conviennent \u00e0 divers agencements de salles de bains et rehaussent la beaut\u00e9 g\u00e9n\u00e9rale et la qualit\u00e9 de l'espace.<\/li>\n\n\n\n<li><strong>Mat\u00e9riau c\u00e9ramique de haute qualit\u00e9 : <\/strong>Ces lavabos de salle de bains en gros sont fabriqu\u00e9s en verre de haute qualit\u00e9, d'une grande transparence et d'une texture d\u00e9licate, qui a d'excellents effets visuels et un sens moderne, garantissant la durabilit\u00e9 et la beaut\u00e9 du produit.<\/li>\n\n\n\n<li><strong>Color\u00e9e : <\/strong>La couleur marbre de nos vasques de comptoir en c\u00e9ramique est obtenue par impression par transfert d'eau sur la base de vasques en c\u00e9ramique normales. Ils sont beaux et \u00e9l\u00e9gants. Nous avons plus de 100 choix de couleurs. Elle peut \u00eatre appliqu\u00e9e \u00e0 tous les mod\u00e8les que nous avons.<\/li>\n\n\n\n<li><strong>Grande capacit\u00e9 de production :<\/strong> Notre grand entrep\u00f4t contient divers types de lavabos de salle de bain en c\u00e9ramique en gros. Choisissez les articles qui sont en production, nous avons suffisamment de vasques blanches pour fabriquer des vasques de couleur marbre, ainsi le d\u00e9lai d'exp\u00e9dition sera beaucoup plus court.<\/li>\n<\/ul>\n<\/div>\n\n\n\n<div class=\"wp-block-column is-layout-flow wp-block-column-is-layout-flow\">\n<figure class=\"wp-block-image size-full\"><img fetchpriority=\"high\" decoding=\"async\" width=\"1024\" height=\"1024\" src=\"https:\/\/www.ceramicbasin.com\/wp-content\/uploads\/2025\/12\/Modern-Above-Counter-Top-Rectangle-Hand-Wash-Basin-Home-Hotel-Ceramic-Bathroom-Sinks-5.webp\" alt=\"Wholesale Ceramic Counter Top Basin With Blue Marble Pattern (Vasque de comptoir en c\u00e9ramique avec motif en marbre bleu)\" class=\"wp-image-8787\" srcset=\"https:\/\/www.ceramicbasin.com\/wp-content\/uploads\/2025\/12\/Modern-Above-Counter-Top-Rectangle-Hand-Wash-Basin-Home-Hotel-Ceramic-Bathroom-Sinks-5.webp 1024w, https:\/\/www.ceramicbasin.com\/wp-content\/uploads\/2025\/12\/Modern-Above-Counter-Top-Rectangle-Hand-Wash-Basin-Home-Hotel-Ceramic-Bathroom-Sinks-5-300x300.webp 300w, https:\/\/www.ceramicbasin.com\/wp-content\/uploads\/2025\/12\/Modern-Above-Counter-Top-Rectangle-Hand-Wash-Basin-Home-Hotel-Ceramic-Bathroom-Sinks-5-150x150.webp 150w, https:\/\/www.ceramicbasin.com\/wp-content\/uploads\/2025\/12\/Modern-Above-Counter-Top-Rectangle-Hand-Wash-Basin-Home-Hotel-Ceramic-Bathroom-Sinks-5-768x768.webp 768w, https:\/\/www.ceramicbasin.com\/wp-content\/uploads\/2025\/12\/Modern-Above-Counter-Top-Rectangle-Hand-Wash-Basin-Home-Hotel-Ceramic-Bathroom-Sinks-5-12x12.webp 12w, https:\/\/www.ceramicbasin.com\/wp-content\/uploads\/2025\/12\/Modern-Above-Counter-Top-Rectangle-Hand-Wash-Basin-Home-Hotel-Ceramic-Bathroom-Sinks-5-285x285.webp 285w, https:\/\/www.ceramicbasin.com\/wp-content\/uploads\/2025\/12\/Modern-Above-Counter-Top-Rectangle-Hand-Wash-Basin-Home-Hotel-Ceramic-Bathroom-Sinks-5-270x270.webp 270w, https:\/\/www.ceramicbasin.com\/wp-content\/uploads\/2025\/12\/Modern-Above-Counter-Top-Rectangle-Hand-Wash-Basin-Home-Hotel-Ceramic-Bathroom-Sinks-5-540x540.webp 540w, https:\/\/www.ceramicbasin.com\/wp-content\/uploads\/2025\/12\/Modern-Above-Counter-Top-Rectangle-Hand-Wash-Basin-Home-Hotel-Ceramic-Bathroom-Sinks-5-660x660.webp 660w\" sizes=\"(max-width: 1024px) 100vw, 1024px\" \/><\/figure>\n<\/div>\n<\/div>","protected":false},"excerpt":{"rendered":"<p>Bienvenue sur le site d'achat en gros de lavabos en c\u00e9ramique. Nos lavabos d'aspect marbre sont faciles \u00e0 installer, offrant une solution sans probl\u00e8me pour les nouvelles constructions et les r\u00e9novations de salles de bains.<\/p>\n<table style=\"border-collapse: collapse; width: 311.02pt;\" border=\"0\" width=\"311\" cellspacing=\"0\" cellpadding=\"0\">\n<tbody>\n<tr style=\"height: 17.60pt;\">\n<td class=\"et3\" style=\"height: 17.60pt; width: 108.35pt;\" width=\"108\" height=\"17\">Fabricant<\/td>\n<td class=\"et3\" style=\"width: 202.95pt;\" width=\"202\">HanYu<\/td>\n<\/tr>\n<tr style=\"height: 17.60pt;\">\n<td class=\"et3\" style=\"height: 17.60pt;\" height=\"17\">Num\u00e9ro de mod\u00e8le.<\/td>\n<td class=\"et4\">HY-8064-75D86<\/td>\n<\/tr>\n<tr style=\"height: 36.00pt;\">\n<td class=\"et3\" style=\"height: 36.00pt;\" height=\"36\">Type<\/td>\n<td class=\"et5\" style=\"width: 202.95pt;\" width=\"202\">Cuvette en marbre, cuvette de comptoir<\/td>\n<\/tr>\n<tr style=\"height: 17.60pt;\">\n<td class=\"et3\" style=\"height: 17.60pt;\" height=\"17\">Forme<\/td>\n<td class=\"et3\">Forme rectangulaire<\/td>\n<\/tr>\n<tr style=\"height: 18.00pt;\">\n<td class=\"et4\" style=\"height: 18.00pt;\" height=\"18\">Couleur<\/td>\n<td class=\"et5\" style=\"width: 202.95pt;\" width=\"202\">Noir<\/td>\n<\/tr>\n<tr style=\"height: 18.00pt;\">\n<td class=\"et3\" style=\"height: 18.00pt;\" height=\"18\">Dimension<\/td>\n<td class=\"et5\" style=\"width: 202.95pt;\" width=\"202\">75*38*13<\/td>\n<\/tr>\n<tr style=\"height: 17.60pt;\">\n<td class=\"et3\" style=\"height: 17.60pt;\" height=\"17\">N.W \/SET<\/td>\n<td class=\"et3\">17KGS\/PCS<\/td>\n<\/tr>\n<tr style=\"height: 17.60pt;\">\n<td class=\"et3\" style=\"height: 17.60pt;\" height=\"17\">MOQ<\/td>\n<td class=\"et3\">20pcs<\/td>\n<\/tr>\n<tr style=\"height: 17.60pt;\">\n<td class=\"et3\" style=\"height: 17.60pt;\" height=\"17\">Option personnalis\u00e9e<\/td>\n<td class=\"et3\">Couleur\/Pattenue\/Taille\/Logo\/Emballage<\/td>\n<\/tr>\n<\/tbody>\n<\/table>","protected":false},"featured_media":8783,"comment_status":"closed","ping_status":"closed","template":"","meta":{"_acf_changed":false},"product_brand":[],"product_cat":[50,54],"product_tag":[],"class_list":{"0":"post-8782","1":"product","2":"type-product","3":"status-publish","4":"has-post-thumbnail","6":"product_cat-wholesale-countertop-sinks","7":"product_cat-wholesale-marble-sinks","9":"first","10":"instock","11":"shipping-taxable","12":"product-type-simple"},"acf":[],"_links":{"self":[{"href":"https:\/\/www.ceramicbasin.com\/fr\/wp-json\/wp\/v2\/product\/8782","targetHints":{"allow":["GET"]}}],"collection":[{"href":"https:\/\/www.ceramicbasin.com\/fr\/wp-json\/wp\/v2\/product"}],"about":[{"href":"https:\/\/www.ceramicbasin.com\/fr\/wp-json\/wp\/v2\/types\/product"}],"replies":[{"embeddable":true,"href":"https:\/\/www.ceramicbasin.com\/fr\/wp-json\/wp\/v2\/comments?post=8782"}],"wp:featuredmedia":[{"embeddable":true,"href":"https:\/\/www.ceramicbasin.com\/fr\/wp-json\/wp\/v2\/media\/8783"}],"wp:attachment":[{"href":"https:\/\/www.ceramicbasin.com\/fr\/wp-json\/wp\/v2\/media?parent=8782"}],"wp:term":[{"taxonomy":"product_brand","embeddable":true,"href":"https:\/\/www.ceramicbasin.com\/fr\/wp-json\/wp\/v2\/product_brand?post=8782"},{"taxonomy":"product_cat","embeddable":true,"href":"https:\/\/www.ceramicbasin.com\/fr\/wp-json\/wp\/v2\/product_cat?post=8782"},{"taxonomy":"product_tag","embeddable":true,"href":"https:\/\/www.ceramicbasin.com\/fr\/wp-json\/wp\/v2\/product_tag?post=8782"}],"curies":[{"name":"wp","href":"https:\/\/api.w.org\/{rel}","templated":true}]}}