{"id":8789,"date":"2025-12-31T07:03:43","date_gmt":"2025-12-31T07:03:43","guid":{"rendered":"https:\/\/www.ceramicbasin.com\/?post_type=product&#038;p=8789"},"modified":"2025-12-31T07:03:45","modified_gmt":"2025-12-31T07:03:45","slug":"wholesale-art-basins","status":"publish","type":"product","link":"https:\/\/www.ceramicbasin.com\/fr\/produit\/wholesale-art-basins\/","title":{"rendered":"Low MOQ Wholesale Art Basins, Luxury Grey Bathroom Sinks (lavabos de salle de bain gris de luxe)"},"content":{"rendered":"<div class=\"wp-block-columns is-layout-flex wp-container-core-columns-is-layout-9d6595d7 wp-block-columns-is-layout-flex\">\n<div class=\"wp-block-column is-layout-flow wp-block-column-is-layout-flow\">\n<h2 class=\"wp-block-heading\">Premium Wholesale Art Basins Caract\u00e9ristiques :<\/h2>\n\n\n\n<ul class=\"wp-block-list\">\n<li><strong>Faible MOQ (5 pi\u00e8ces) :<\/strong> Nos bassins d'art en gros ont un faible MOQ de 5 pi\u00e8ces pour r\u00e9pondre aux besoins des nouveaux clients en mati\u00e8re de commandes d'essai et de personnalisation de petits lots.<\/li>\n\n\n\n<li><strong>Design artistique gris luxueux : <\/strong>La couleur grise luxueuse de cet \u00e9vier de salle de bain en gros rehaussera le design g\u00e9n\u00e9ral de toute salle de bain et peut \u00eatre utilis\u00e9e dans des projets de salle de bain de milieu \u00e0 haut de gamme ou dans des salles de bain con\u00e7ues sur mesure.<\/li>\n\n\n\n<li><strong>Mat\u00e9riau c\u00e9ramique de haute qualit\u00e9 : <\/strong>Nos vasques d'art en gros utilisent un mat\u00e9riau c\u00e9ramique tr\u00e8s dense qui r\u00e9siste aux taches et \u00e0 l'usure et qui ne se d\u00e9colore pas facilement, ce qui lui conf\u00e8re une longue dur\u00e9e de vie.<\/li>\n\n\n\n<li><strong>Stock suffisant et exp\u00e9dition rapide :<\/strong> Cet \u00e9vier de salle de bain en gros dispose d'un stock stable, ce qui permet de r\u00e9duire les d\u00e9lais de livraison et de faciliter la r\u00e9alisation rapide des projets.<\/li>\n<\/ul>\n<\/div>\n\n\n\n<div class=\"wp-block-column is-layout-flow wp-block-column-is-layout-flow\">\n<figure class=\"wp-block-image size-full\"><img fetchpriority=\"high\" decoding=\"async\" width=\"1024\" height=\"1024\" src=\"https:\/\/www.ceramicbasin.com\/wp-content\/uploads\/2025\/12\/Wholesale-Low-Price-Marble-Style-Bathroom-Basin-Sinks-Colorful-Art-Ceramic-Counter-Top-Face-Washing-Sinks-5.webp\" alt=\"Wholesale Low Price Marble Style Bathroom Basin Sinks, Colorful Art Ceramic Counter Top Face Washing Sinks\" class=\"wp-image-8794\" srcset=\"https:\/\/www.ceramicbasin.com\/wp-content\/uploads\/2025\/12\/Wholesale-Low-Price-Marble-Style-Bathroom-Basin-Sinks-Colorful-Art-Ceramic-Counter-Top-Face-Washing-Sinks-5.webp 1024w, https:\/\/www.ceramicbasin.com\/wp-content\/uploads\/2025\/12\/Wholesale-Low-Price-Marble-Style-Bathroom-Basin-Sinks-Colorful-Art-Ceramic-Counter-Top-Face-Washing-Sinks-5-300x300.webp 300w, https:\/\/www.ceramicbasin.com\/wp-content\/uploads\/2025\/12\/Wholesale-Low-Price-Marble-Style-Bathroom-Basin-Sinks-Colorful-Art-Ceramic-Counter-Top-Face-Washing-Sinks-5-150x150.webp 150w, https:\/\/www.ceramicbasin.com\/wp-content\/uploads\/2025\/12\/Wholesale-Low-Price-Marble-Style-Bathroom-Basin-Sinks-Colorful-Art-Ceramic-Counter-Top-Face-Washing-Sinks-5-768x768.webp 768w, https:\/\/www.ceramicbasin.com\/wp-content\/uploads\/2025\/12\/Wholesale-Low-Price-Marble-Style-Bathroom-Basin-Sinks-Colorful-Art-Ceramic-Counter-Top-Face-Washing-Sinks-5-12x12.webp 12w, https:\/\/www.ceramicbasin.com\/wp-content\/uploads\/2025\/12\/Wholesale-Low-Price-Marble-Style-Bathroom-Basin-Sinks-Colorful-Art-Ceramic-Counter-Top-Face-Washing-Sinks-5-285x285.webp 285w, https:\/\/www.ceramicbasin.com\/wp-content\/uploads\/2025\/12\/Wholesale-Low-Price-Marble-Style-Bathroom-Basin-Sinks-Colorful-Art-Ceramic-Counter-Top-Face-Washing-Sinks-5-270x270.webp 270w, https:\/\/www.ceramicbasin.com\/wp-content\/uploads\/2025\/12\/Wholesale-Low-Price-Marble-Style-Bathroom-Basin-Sinks-Colorful-Art-Ceramic-Counter-Top-Face-Washing-Sinks-5-540x540.webp 540w, https:\/\/www.ceramicbasin.com\/wp-content\/uploads\/2025\/12\/Wholesale-Low-Price-Marble-Style-Bathroom-Basin-Sinks-Colorful-Art-Ceramic-Counter-Top-Face-Washing-Sinks-5-660x660.webp 660w\" sizes=\"(max-width: 1024px) 100vw, 1024px\" \/><\/figure>\n<\/div>\n<\/div>","protected":false},"excerpt":{"rendered":"<p>Bienvenue sur le site d'achat en gros de vasques d'art. Notre luxueux lavabo de salle de bain gris est con\u00e7u avec une esth\u00e9tique moderne \u00e0 son c\u0153ur, mettant en vedette un gla\u00e7age gris sophistiqu\u00e9 qui est \u00e0 la fois \u00e9l\u00e9gant et pratique. Livraison rapide disponible.<\/p>\n<table style=\"border-collapse: collapse; width: 311.02pt;\" border=\"0\" width=\"311\" cellspacing=\"0\" cellpadding=\"0\">\n<tbody>\n<tr style=\"height: 17.60pt;\">\n<td class=\"et3\" style=\"height: 17.60pt; width: 108.35pt;\" width=\"108\" height=\"17\">Fabricant<\/td>\n<td class=\"et3\" style=\"width: 202.95pt;\" width=\"202\">HanYu<\/td>\n<\/tr>\n<tr style=\"height: 17.60pt;\">\n<td class=\"et3\" style=\"height: 17.60pt;\" height=\"17\">Num\u00e9ro de mod\u00e8le.<\/td>\n<td class=\"et4\">HY-8064-65D90<\/td>\n<\/tr>\n<tr style=\"height: 36.00pt;\">\n<td class=\"et3\" style=\"height: 36.00pt;\" height=\"36\">Type<\/td>\n<td class=\"et5\" style=\"width: 202.95pt;\" width=\"202\">Cuvette en marbre, cuvette de comptoir<\/td>\n<\/tr>\n<tr style=\"height: 17.60pt;\">\n<td class=\"et3\" style=\"height: 17.60pt;\" height=\"17\">Forme<\/td>\n<td class=\"et3\">Forme rectangulaire<\/td>\n<\/tr>\n<tr style=\"height: 18.00pt;\">\n<td class=\"et4\" style=\"height: 18.00pt;\" height=\"18\">Couleur<\/td>\n<td class=\"et5\" style=\"width: 202.95pt;\" width=\"202\">Noir<\/td>\n<\/tr>\n<tr style=\"height: 18.00pt;\">\n<td class=\"et3\" style=\"height: 18.00pt;\" height=\"18\">Dimension<\/td>\n<td class=\"et5\" style=\"width: 202.95pt;\" width=\"202\">65*38*11<\/td>\n<\/tr>\n<tr style=\"height: 17.60pt;\">\n<td class=\"et3\" style=\"height: 17.60pt;\" height=\"17\">N.W \/SET<\/td>\n<td class=\"et3\">15KGS\/PCS<\/td>\n<\/tr>\n<tr style=\"height: 17.60pt;\">\n<td class=\"et3\" style=\"height: 17.60pt;\" height=\"17\">MOQ<\/td>\n<td class=\"et3\">20pcs<\/td>\n<\/tr>\n<tr style=\"height: 17.60pt;\">\n<td class=\"et3\" style=\"height: 17.60pt;\" height=\"17\">Option personnalis\u00e9e<\/td>\n<td class=\"et3\">Couleur\/Pattenue\/Taille\/Logo\/Emballage<\/td>\n<\/tr>\n<\/tbody>\n<\/table>","protected":false},"featured_media":8793,"comment_status":"closed","ping_status":"closed","template":"","meta":{"_acf_changed":false},"product_brand":[],"product_cat":[50,54],"product_tag":[],"class_list":{"0":"post-8789","1":"product","2":"type-product","3":"status-publish","4":"has-post-thumbnail","6":"product_cat-wholesale-countertop-sinks","7":"product_cat-wholesale-marble-sinks","9":"first","10":"instock","11":"shipping-taxable","12":"product-type-simple"},"acf":[],"_links":{"self":[{"href":"https:\/\/www.ceramicbasin.com\/fr\/wp-json\/wp\/v2\/product\/8789","targetHints":{"allow":["GET"]}}],"collection":[{"href":"https:\/\/www.ceramicbasin.com\/fr\/wp-json\/wp\/v2\/product"}],"about":[{"href":"https:\/\/www.ceramicbasin.com\/fr\/wp-json\/wp\/v2\/types\/product"}],"replies":[{"embeddable":true,"href":"https:\/\/www.ceramicbasin.com\/fr\/wp-json\/wp\/v2\/comments?post=8789"}],"wp:featuredmedia":[{"embeddable":true,"href":"https:\/\/www.ceramicbasin.com\/fr\/wp-json\/wp\/v2\/media\/8793"}],"wp:attachment":[{"href":"https:\/\/www.ceramicbasin.com\/fr\/wp-json\/wp\/v2\/media?parent=8789"}],"wp:term":[{"taxonomy":"product_brand","embeddable":true,"href":"https:\/\/www.ceramicbasin.com\/fr\/wp-json\/wp\/v2\/product_brand?post=8789"},{"taxonomy":"product_cat","embeddable":true,"href":"https:\/\/www.ceramicbasin.com\/fr\/wp-json\/wp\/v2\/product_cat?post=8789"},{"taxonomy":"product_tag","embeddable":true,"href":"https:\/\/www.ceramicbasin.com\/fr\/wp-json\/wp\/v2\/product_tag?post=8789"}],"curies":[{"name":"wp","href":"https:\/\/api.w.org\/{rel}","templated":true}]}}