{"id":8795,"date":"2025-12-31T03:05:11","date_gmt":"2025-12-31T03:05:11","guid":{"rendered":"https:\/\/www.ceramicbasin.com\/?post_type=product&#038;p=8795"},"modified":"2025-12-31T03:05:14","modified_gmt":"2025-12-31T03:05:14","slug":"wholesale-counter-top-wash-basin","status":"publish","type":"product","link":"https:\/\/www.ceramicbasin.com\/fr\/produit\/wholesale-counter-top-wash-basin\/","title":{"rendered":"Lavabo de comptoir moderne en gros, sans trou pour le robinet"},"content":{"rendered":"<div class=\"wp-block-columns is-layout-flex wp-container-core-columns-is-layout-9d6595d7 wp-block-columns-is-layout-flex\">\n<div class=\"wp-block-column is-layout-flow wp-block-column-is-layout-flow\">\n<h2 class=\"wp-block-heading\">Premium Wholesale Counter Top Wash Basin Features :<\/h2>\n\n\n\n<ul class=\"wp-block-list\">\n<li><strong>Conception sans trou de robinet : <\/strong>Notre lavabo de comptoir en gros offre une plus grande flexibilit\u00e9 de conception, compatible avec les robinets de comptoir ou les robinets muraux, r\u00e9pondant ainsi \u00e0 divers besoins d'am\u00e9nagement de l'espace.<\/li>\n\n\n\n<li><strong>Gla\u00e7ure blanche \u00e0 texture de marbre : <\/strong>Ce lavabo de salle de bain \u00e0 poser pr\u00e9sente une texture naturelle et sophistiqu\u00e9e, qui rehausse l'aspect moderne et la qualit\u00e9 de l'ensemble de l'espace de la salle de bain.<\/li>\n\n\n\n<li><strong>Mat\u00e9riau c\u00e9ramique de haute qualit\u00e9 : <\/strong>Notre lavabo de comptoir en gros est cuit \u00e0 haute temp\u00e9rature, ce qui donne une structure dense, r\u00e9sistante \u00e0 l'usure et aux taches, et r\u00e9sistante \u00e0 la d\u00e9coloration, restant comme neuve m\u00eame apr\u00e8s une utilisation de longue dur\u00e9e.<\/li>\n\n\n\n<li><strong>Stock important et exp\u00e9dition rapide : <\/strong>Nos \u00e9viers de salle de bain en gros sont facilement disponibles en stock, ce qui les rend id\u00e9aux pour les projets d'ing\u00e9nierie et les achats en gros.<\/li>\n<\/ul>\n<\/div>\n\n\n\n<div class=\"wp-block-column is-layout-flow wp-block-column-is-layout-flow\">\n<figure class=\"wp-block-image size-full\"><img fetchpriority=\"high\" decoding=\"async\" width=\"1024\" height=\"1024\" src=\"https:\/\/www.ceramicbasin.com\/wp-content\/uploads\/2025\/12\/Modern-No-Hole-Faucet-Mount-Bathroom-Vessel-Sink-Ceramic-Porcelain-Basin-Washing-Bowl-5.webp\" alt=\"Cuvette de salle de bain moderne sans trou, montage sur robinet, vasque en c\u00e9ramique et porcelaine\" class=\"wp-image-8800\" srcset=\"https:\/\/www.ceramicbasin.com\/wp-content\/uploads\/2025\/12\/Modern-No-Hole-Faucet-Mount-Bathroom-Vessel-Sink-Ceramic-Porcelain-Basin-Washing-Bowl-5.webp 1024w, https:\/\/www.ceramicbasin.com\/wp-content\/uploads\/2025\/12\/Modern-No-Hole-Faucet-Mount-Bathroom-Vessel-Sink-Ceramic-Porcelain-Basin-Washing-Bowl-5-300x300.webp 300w, https:\/\/www.ceramicbasin.com\/wp-content\/uploads\/2025\/12\/Modern-No-Hole-Faucet-Mount-Bathroom-Vessel-Sink-Ceramic-Porcelain-Basin-Washing-Bowl-5-150x150.webp 150w, https:\/\/www.ceramicbasin.com\/wp-content\/uploads\/2025\/12\/Modern-No-Hole-Faucet-Mount-Bathroom-Vessel-Sink-Ceramic-Porcelain-Basin-Washing-Bowl-5-768x768.webp 768w, https:\/\/www.ceramicbasin.com\/wp-content\/uploads\/2025\/12\/Modern-No-Hole-Faucet-Mount-Bathroom-Vessel-Sink-Ceramic-Porcelain-Basin-Washing-Bowl-5-12x12.webp 12w, https:\/\/www.ceramicbasin.com\/wp-content\/uploads\/2025\/12\/Modern-No-Hole-Faucet-Mount-Bathroom-Vessel-Sink-Ceramic-Porcelain-Basin-Washing-Bowl-5-285x285.webp 285w, https:\/\/www.ceramicbasin.com\/wp-content\/uploads\/2025\/12\/Modern-No-Hole-Faucet-Mount-Bathroom-Vessel-Sink-Ceramic-Porcelain-Basin-Washing-Bowl-5-270x270.webp 270w, https:\/\/www.ceramicbasin.com\/wp-content\/uploads\/2025\/12\/Modern-No-Hole-Faucet-Mount-Bathroom-Vessel-Sink-Ceramic-Porcelain-Basin-Washing-Bowl-5-540x540.webp 540w, https:\/\/www.ceramicbasin.com\/wp-content\/uploads\/2025\/12\/Modern-No-Hole-Faucet-Mount-Bathroom-Vessel-Sink-Ceramic-Porcelain-Basin-Washing-Bowl-5-660x660.webp 660w\" sizes=\"(max-width: 1024px) 100vw, 1024px\" \/><\/figure>\n<\/div>\n<\/div>","protected":false},"excerpt":{"rendered":"<p>Bienvenue sur le site d'achat en gros de lavabos de comptoir. Ce lavabo de salle de bain de style moderne est dot\u00e9 d'un design sans trou de robinet, de lignes simples et \u00e9pur\u00e9es et d'un gla\u00e7age \u00e0 texture de marbre blanc, offrant un aspect haut de gamme et polyvalent.<\/p>\n<table style=\"border-collapse: collapse; width: 311.02pt;\" border=\"0\" width=\"311\" cellspacing=\"0\" cellpadding=\"0\">\n<tbody>\n<tr style=\"height: 17.60pt;\">\n<td class=\"et3\" style=\"height: 17.60pt; width: 108.35pt;\" width=\"108\" height=\"17\">Fabricant<\/td>\n<td class=\"et3\" style=\"width: 202.95pt;\" width=\"202\">HanYu<\/td>\n<\/tr>\n<tr style=\"height: 17.60pt;\">\n<td class=\"et3\" style=\"height: 17.60pt;\" height=\"17\">Num\u00e9ro de mod\u00e8le.<\/td>\n<td class=\"et4\">HY-8064-65D89<\/td>\n<\/tr>\n<tr style=\"height: 36.00pt;\">\n<td class=\"et3\" style=\"height: 36.00pt;\" height=\"36\">Type<\/td>\n<td class=\"et5\" style=\"width: 202.95pt;\" width=\"202\">Cuvette en marbre, cuvette de comptoir<\/td>\n<\/tr>\n<tr style=\"height: 17.60pt;\">\n<td class=\"et3\" style=\"height: 17.60pt;\" height=\"17\">Forme<\/td>\n<td class=\"et3\">Forme rectangulaire<\/td>\n<\/tr>\n<tr style=\"height: 18.00pt;\">\n<td class=\"et4\" style=\"height: 18.00pt;\" height=\"18\">Couleur<\/td>\n<td class=\"et5\" style=\"width: 202.95pt;\" width=\"202\">Noir<\/td>\n<\/tr>\n<tr style=\"height: 18.00pt;\">\n<td class=\"et3\" style=\"height: 18.00pt;\" height=\"18\">Dimension<\/td>\n<td class=\"et5\" style=\"width: 202.95pt;\" width=\"202\">65*38*11<\/td>\n<\/tr>\n<tr style=\"height: 17.60pt;\">\n<td class=\"et3\" style=\"height: 17.60pt;\" height=\"17\">N.W \/SET<\/td>\n<td class=\"et3\">15KGS\/PCS<\/td>\n<\/tr>\n<tr style=\"height: 17.60pt;\">\n<td class=\"et3\" style=\"height: 17.60pt;\" height=\"17\">MOQ<\/td>\n<td class=\"et3\">20pcs<\/td>\n<\/tr>\n<tr style=\"height: 17.60pt;\">\n<td class=\"et3\" style=\"height: 17.60pt;\" height=\"17\">Option personnalis\u00e9e<\/td>\n<td class=\"et3\">Couleur\/Pattenue\/Taille\/Logo\/Emballage<\/td>\n<\/tr>\n<\/tbody>\n<\/table>","protected":false},"featured_media":8796,"comment_status":"closed","ping_status":"closed","template":"","meta":{"_acf_changed":false},"product_brand":[],"product_cat":[50,54],"product_tag":[],"class_list":{"0":"post-8795","1":"product","2":"type-product","3":"status-publish","4":"has-post-thumbnail","6":"product_cat-wholesale-countertop-sinks","7":"product_cat-wholesale-marble-sinks","9":"first","10":"instock","11":"shipping-taxable","12":"product-type-simple"},"acf":[],"_links":{"self":[{"href":"https:\/\/www.ceramicbasin.com\/fr\/wp-json\/wp\/v2\/product\/8795","targetHints":{"allow":["GET"]}}],"collection":[{"href":"https:\/\/www.ceramicbasin.com\/fr\/wp-json\/wp\/v2\/product"}],"about":[{"href":"https:\/\/www.ceramicbasin.com\/fr\/wp-json\/wp\/v2\/types\/product"}],"replies":[{"embeddable":true,"href":"https:\/\/www.ceramicbasin.com\/fr\/wp-json\/wp\/v2\/comments?post=8795"}],"wp:featuredmedia":[{"embeddable":true,"href":"https:\/\/www.ceramicbasin.com\/fr\/wp-json\/wp\/v2\/media\/8796"}],"wp:attachment":[{"href":"https:\/\/www.ceramicbasin.com\/fr\/wp-json\/wp\/v2\/media?parent=8795"}],"wp:term":[{"taxonomy":"product_brand","embeddable":true,"href":"https:\/\/www.ceramicbasin.com\/fr\/wp-json\/wp\/v2\/product_brand?post=8795"},{"taxonomy":"product_cat","embeddable":true,"href":"https:\/\/www.ceramicbasin.com\/fr\/wp-json\/wp\/v2\/product_cat?post=8795"},{"taxonomy":"product_tag","embeddable":true,"href":"https:\/\/www.ceramicbasin.com\/fr\/wp-json\/wp\/v2\/product_tag?post=8795"}],"curies":[{"name":"wp","href":"https:\/\/api.w.org\/{rel}","templated":true}]}}