{"id":8801,"date":"2025-12-31T07:23:15","date_gmt":"2025-12-31T07:23:15","guid":{"rendered":"https:\/\/www.ceramicbasin.com\/?post_type=product&#038;p=8801"},"modified":"2025-12-31T07:23:17","modified_gmt":"2025-12-31T07:23:17","slug":"wholesale-art-wash-basin","status":"publish","type":"product","link":"https:\/\/www.ceramicbasin.com\/fr\/produit\/wholesale-art-wash-basin\/","title":{"rendered":"Vasque d'art en marbre, Low MOQ, Fast Delivery"},"content":{"rendered":"<div class=\"wp-block-columns is-layout-flex wp-container-core-columns-is-layout-9d6595d7 wp-block-columns-is-layout-flex\">\n<div class=\"wp-block-column is-layout-flow wp-block-column-is-layout-flow\">\n<h2 class=\"wp-block-heading\">Premium Wholesale Art Wash Basin Caract\u00e9ristiques :<\/h2>\n\n\n\n<ul class=\"wp-block-list\">\n<li><strong>Texture marbr\u00e9e artistique : <\/strong>Ce lavabo d'art en gros pr\u00e9sente des couches distinctes de tons bleu-noir profonds et des textures naturelles et fluides. Il conserve le toucher luxueux de la pierre naturelle tout en \u00e9vitant les probl\u00e8mes de poids et d'entretien du marbre naturel, ce qui permet d'obtenir un effet visuel plus stable et plus coh\u00e9rent.<\/li>\n\n\n\n<li><strong>Processus de fabrication mature et professionnel, qualit\u00e9 stable et reproductible : <\/strong>Nos bassins de comptoir en gros sont produits \u00e0 l'aide d'un syst\u00e8me de traitement sophistiqu\u00e9, garantissant une grande uniformit\u00e9 dans la distribution de la texture et l'effet de gla\u00e7age. Cela convient particuli\u00e8rement aux projets de cha\u00eenes, aux projets d'h\u00f4tels et aux achats en gros de marques, r\u00e9duisant ainsi le risque de diff\u00e9rences de couleur et de fluctuations de qualit\u00e9.<\/li>\n\n\n\n<li><strong>Structure en c\u00e9ramique de haute densit\u00e9, alliant esth\u00e9tique et durabilit\u00e9 : <\/strong>Notre lavabo d'art en gros a un corps en c\u00e9ramique dense et \u00e9pais avec une excellente r\u00e9sistance aux chocs et une capacit\u00e9 de charge. Il est r\u00e9sistant aux fissures, aux fuites et \u00e0 la d\u00e9coloration lors d'une utilisation \u00e0 long terme, et r\u00e9pond aux besoins de diverses applications commerciales et r\u00e9sidentielles.<\/li>\n\n\n\n<li><strong>Faible quantit\u00e9 minimale de commande + stock disponible, d\u00e9lai de livraison plus contr\u00f4lable : <\/strong>Nos bassins de comptoir en gros ont une quantit\u00e9 de commande minimale de 5 pi\u00e8ces, ce qui r\u00e9duit le seuil d'approvisionnement. Gr\u00e2ce \u00e0 nos stocks stables et \u00e0 nos capacit\u00e9s d'exp\u00e9dition rapide, nous aidons nos clients \u00e0 raccourcir les cycles de pr\u00e9paration et \u00e0 acc\u00e9l\u00e9rer la mise en \u0153uvre des projets et la vitesse de r\u00e9action du march\u00e9.<\/li>\n<\/ul>\n<\/div>\n\n\n\n<div class=\"wp-block-column is-layout-flow wp-block-column-is-layout-flow\">\n<figure class=\"wp-block-image size-full\"><img fetchpriority=\"high\" decoding=\"async\" width=\"1024\" height=\"1024\" src=\"https:\/\/www.ceramicbasin.com\/wp-content\/uploads\/2025\/12\/Factory-Price-Marble-Style-Black-Ceramic-Table-Top-Rectangular-Art-Sink-Bathroom-Solid-Surface-Fancy-Washbasin-5.webp\" alt=\"Factory Price Marble Style Black Ceramic Table Top Rectangular Art Sink, Bathroom Solid Surface Fancy Washbasin\" class=\"wp-image-8806\" srcset=\"https:\/\/www.ceramicbasin.com\/wp-content\/uploads\/2025\/12\/Factory-Price-Marble-Style-Black-Ceramic-Table-Top-Rectangular-Art-Sink-Bathroom-Solid-Surface-Fancy-Washbasin-5.webp 1024w, https:\/\/www.ceramicbasin.com\/wp-content\/uploads\/2025\/12\/Factory-Price-Marble-Style-Black-Ceramic-Table-Top-Rectangular-Art-Sink-Bathroom-Solid-Surface-Fancy-Washbasin-5-300x300.webp 300w, https:\/\/www.ceramicbasin.com\/wp-content\/uploads\/2025\/12\/Factory-Price-Marble-Style-Black-Ceramic-Table-Top-Rectangular-Art-Sink-Bathroom-Solid-Surface-Fancy-Washbasin-5-150x150.webp 150w, https:\/\/www.ceramicbasin.com\/wp-content\/uploads\/2025\/12\/Factory-Price-Marble-Style-Black-Ceramic-Table-Top-Rectangular-Art-Sink-Bathroom-Solid-Surface-Fancy-Washbasin-5-768x768.webp 768w, https:\/\/www.ceramicbasin.com\/wp-content\/uploads\/2025\/12\/Factory-Price-Marble-Style-Black-Ceramic-Table-Top-Rectangular-Art-Sink-Bathroom-Solid-Surface-Fancy-Washbasin-5-12x12.webp 12w, https:\/\/www.ceramicbasin.com\/wp-content\/uploads\/2025\/12\/Factory-Price-Marble-Style-Black-Ceramic-Table-Top-Rectangular-Art-Sink-Bathroom-Solid-Surface-Fancy-Washbasin-5-285x285.webp 285w, https:\/\/www.ceramicbasin.com\/wp-content\/uploads\/2025\/12\/Factory-Price-Marble-Style-Black-Ceramic-Table-Top-Rectangular-Art-Sink-Bathroom-Solid-Surface-Fancy-Washbasin-5-270x270.webp 270w, https:\/\/www.ceramicbasin.com\/wp-content\/uploads\/2025\/12\/Factory-Price-Marble-Style-Black-Ceramic-Table-Top-Rectangular-Art-Sink-Bathroom-Solid-Surface-Fancy-Washbasin-5-540x540.webp 540w, https:\/\/www.ceramicbasin.com\/wp-content\/uploads\/2025\/12\/Factory-Price-Marble-Style-Black-Ceramic-Table-Top-Rectangular-Art-Sink-Bathroom-Solid-Surface-Fancy-Washbasin-5-660x660.webp 660w\" sizes=\"(max-width: 1024px) 100vw, 1024px\" \/><\/figure>\n<\/div>\n<\/div>","protected":false},"excerpt":{"rendered":"<p>Bienvenue sur le site d'achat en gros de lavabos d'art. Cette vasque en faux marbre pr\u00e9sente un ton principal bleu-noir profond, m\u00e9langeant des textures de marbre naturelles et fluides. L'effet visuel global est sophistiqu\u00e9 et artistique, parfait pour cr\u00e9er des espaces de salle de bain personnalis\u00e9s et haut de gamme.<\/p>\n<table style=\"border-collapse: collapse; width: 311.02pt;\" border=\"0\" width=\"311\" cellspacing=\"0\" cellpadding=\"0\">\n<tbody>\n<tr style=\"height: 17.60pt;\">\n<td class=\"et3\" style=\"height: 17.60pt; width: 108.35pt;\" width=\"108\" height=\"17\">Fabricant<\/td>\n<td class=\"et3\" style=\"width: 202.95pt;\" width=\"202\">HanYu<\/td>\n<\/tr>\n<tr style=\"height: 17.60pt;\">\n<td class=\"et3\" style=\"height: 17.60pt;\" height=\"17\">Num\u00e9ro de mod\u00e8le.<\/td>\n<td class=\"et4\">HY-8064-65D88<\/td>\n<\/tr>\n<tr style=\"height: 36.00pt;\">\n<td class=\"et3\" style=\"height: 36.00pt;\" height=\"36\">Type<\/td>\n<td class=\"et5\" style=\"width: 202.95pt;\" width=\"202\">Cuvette en marbre, cuvette de comptoir<\/td>\n<\/tr>\n<tr style=\"height: 17.60pt;\">\n<td class=\"et3\" style=\"height: 17.60pt;\" height=\"17\">Forme<\/td>\n<td class=\"et3\">Forme rectangulaire<\/td>\n<\/tr>\n<tr style=\"height: 18.00pt;\">\n<td class=\"et4\" style=\"height: 18.00pt;\" height=\"18\">Couleur<\/td>\n<td class=\"et5\" style=\"width: 202.95pt;\" width=\"202\">Noir<\/td>\n<\/tr>\n<tr style=\"height: 18.00pt;\">\n<td class=\"et3\" style=\"height: 18.00pt;\" height=\"18\">Dimension<\/td>\n<td class=\"et5\" style=\"width: 202.95pt;\" width=\"202\">65*38*11<\/td>\n<\/tr>\n<tr style=\"height: 17.60pt;\">\n<td class=\"et3\" style=\"height: 17.60pt;\" height=\"17\">N.W \/SET<\/td>\n<td class=\"et3\">15KGS\/PCS<\/td>\n<\/tr>\n<tr style=\"height: 17.60pt;\">\n<td class=\"et3\" style=\"height: 17.60pt;\" height=\"17\">MOQ<\/td>\n<td class=\"et3\">20pcs<\/td>\n<\/tr>\n<tr style=\"height: 17.60pt;\">\n<td class=\"et3\" style=\"height: 17.60pt;\" height=\"17\">Option personnalis\u00e9e<\/td>\n<td class=\"et3\">Couleur\/Pattenue\/Taille\/Logo\/Emballage<\/td>\n<\/tr>\n<\/tbody>\n<\/table>","protected":false},"featured_media":8802,"comment_status":"closed","ping_status":"closed","template":"","meta":{"_acf_changed":false},"product_brand":[],"product_cat":[50,54],"product_tag":[],"class_list":{"0":"post-8801","1":"product","2":"type-product","3":"status-publish","4":"has-post-thumbnail","6":"product_cat-wholesale-countertop-sinks","7":"product_cat-wholesale-marble-sinks","9":"first","10":"instock","11":"shipping-taxable","12":"product-type-simple"},"acf":[],"_links":{"self":[{"href":"https:\/\/www.ceramicbasin.com\/fr\/wp-json\/wp\/v2\/product\/8801","targetHints":{"allow":["GET"]}}],"collection":[{"href":"https:\/\/www.ceramicbasin.com\/fr\/wp-json\/wp\/v2\/product"}],"about":[{"href":"https:\/\/www.ceramicbasin.com\/fr\/wp-json\/wp\/v2\/types\/product"}],"replies":[{"embeddable":true,"href":"https:\/\/www.ceramicbasin.com\/fr\/wp-json\/wp\/v2\/comments?post=8801"}],"wp:featuredmedia":[{"embeddable":true,"href":"https:\/\/www.ceramicbasin.com\/fr\/wp-json\/wp\/v2\/media\/8802"}],"wp:attachment":[{"href":"https:\/\/www.ceramicbasin.com\/fr\/wp-json\/wp\/v2\/media?parent=8801"}],"wp:term":[{"taxonomy":"product_brand","embeddable":true,"href":"https:\/\/www.ceramicbasin.com\/fr\/wp-json\/wp\/v2\/product_brand?post=8801"},{"taxonomy":"product_cat","embeddable":true,"href":"https:\/\/www.ceramicbasin.com\/fr\/wp-json\/wp\/v2\/product_cat?post=8801"},{"taxonomy":"product_tag","embeddable":true,"href":"https:\/\/www.ceramicbasin.com\/fr\/wp-json\/wp\/v2\/product_tag?post=8801"}],"curies":[{"name":"wp","href":"https:\/\/api.w.org\/{rel}","templated":true}]}}