{"id":8841,"date":"2026-01-01T06:14:27","date_gmt":"2026-01-01T06:14:27","guid":{"rendered":"https:\/\/www.ceramicbasin.com\/?post_type=product&#038;p=8841"},"modified":"2026-01-07T08:42:43","modified_gmt":"2026-01-07T08:42:43","slug":"custom-ceramic-countertop-sink","status":"publish","type":"product","link":"https:\/\/www.ceramicbasin.com\/fr\/produit\/custom-ceramic-countertop-sink\/","title":{"rendered":"Lavabo en c\u00e9ramique sur mesure, vente en gros de lavabos de salle de bains"},"content":{"rendered":"<div class=\"wp-block-columns is-layout-flex wp-container-core-columns-is-layout-9d6595d7 wp-block-columns-is-layout-flex\">\n<div class=\"wp-block-column is-layout-flow wp-block-column-is-layout-flow\">\n<h2 class=\"wp-block-heading\">Caract\u00e9ristiques de l'\u00e9vier de comptoir en c\u00e9ramique de premi\u00e8re qualit\u00e9 :<\/h2>\n\n\n\n<ul class=\"wp-block-list\">\n<li><strong>Design rectangulaire contemporain :<\/strong>\u00a0Notre \u00e9vier de comptoir en c\u00e9ramique personnalis\u00e9 pr\u00e9sente un design rectangulaire \u00e9l\u00e9gant et facile \u00e0 utiliser, avec des lignes douces et un style moderne. Il s'int\u00e8gre parfaitement \u00e0 tous les styles de d\u00e9coration de la salle de bains, ajoutant \u00e9l\u00e9gance et modernit\u00e9 \u00e0 la salle de bains.<\/li>\n\n\n\n<li><strong>Conception de taille g\u00e9n\u00e9reuse :\u00a0<\/strong>L'\u00e9vier de comptoir en c\u00e9ramique personnalis\u00e9 factory-direct pr\u00e9sente une taille g\u00e9n\u00e9reuse de r\u00e9cipient, r\u00e9pondant au besoin d'espace d'un lavabo. Il est non seulement pratique, mais il peut \u00e9galement am\u00e9liorer la qualit\u00e9 et le confort de la salle de bains. Il convient aux maisons et aux h\u00f4tels de luxe.<\/li>\n\n\n\n<li><strong>Installation du comptoir :<\/strong> \u00a0Notre \u00e9vier de comptoir en c\u00e9ramique personnalis\u00e9 est un mod\u00e8le au-dessus du comptoir qui permet une installation flexible, am\u00e9liore la profondeur visuelle et simplifie le remplacement dans le cadre de projets de r\u00e9novation.<\/li>\n\n\n\n<li><strong>Stock en vrac :<\/strong>\u00a0Ces lavabos de salle de bain en gros peuvent \u00eatre achet\u00e9s en gros ou dans le cadre de projets, et r\u00e9pondent aux besoins de livraison rapide des d\u00e9taillants, des distributeurs et des clients de projets.<\/li>\n\n\n\n<li><strong>Polyvalent :\u00a0<\/strong>Ce lavabo de salle de bain en gros convient aux vanit\u00e9s de salle de bain, aux h\u00f4tels, aux salles de bain commerciales et aux r\u00e9novations r\u00e9sidentielles, offrant \u00e0 la fois esth\u00e9tique et praticit\u00e9.<\/li>\n<\/ul>\n<\/div>\n\n\n\n<div class=\"wp-block-column is-layout-flow wp-block-column-is-layout-flow\">\n<figure class=\"wp-block-image size-full\"><img fetchpriority=\"high\" decoding=\"async\" width=\"660\" height=\"938\" src=\"https:\/\/www.ceramicbasin.com\/wp-content\/uploads\/2026\/01\/White-Ceramic-Vessel-Sink-Durable-Washbasin-6.webp\" alt=\"\u00e9vier en c\u00e9ramique sur mesure - salle de bain en gros - lavabo - 6\" class=\"wp-image-8842\" srcset=\"https:\/\/www.ceramicbasin.com\/wp-content\/uploads\/2026\/01\/White-Ceramic-Vessel-Sink-Durable-Washbasin-6.webp 660w, https:\/\/www.ceramicbasin.com\/wp-content\/uploads\/2026\/01\/White-Ceramic-Vessel-Sink-Durable-Washbasin-6-211x300.webp 211w, https:\/\/www.ceramicbasin.com\/wp-content\/uploads\/2026\/01\/White-Ceramic-Vessel-Sink-Durable-Washbasin-6-8x12.webp 8w, https:\/\/www.ceramicbasin.com\/wp-content\/uploads\/2026\/01\/White-Ceramic-Vessel-Sink-Durable-Washbasin-6-285x405.webp 285w, https:\/\/www.ceramicbasin.com\/wp-content\/uploads\/2026\/01\/White-Ceramic-Vessel-Sink-Durable-Washbasin-6-464x660.webp 464w, https:\/\/www.ceramicbasin.com\/wp-content\/uploads\/2026\/01\/White-Ceramic-Vessel-Sink-Durable-Washbasin-6-106x150.webp 106w\" sizes=\"(max-width: 660px) 100vw, 660px\" \/><\/figure>\n<\/div>\n<\/div>","protected":false},"excerpt":{"rendered":"<p>Nous vous invitons \u00e0 commander notre \u00e9vier de comptoir en c\u00e9ramique con\u00e7u pour la distribution en gros avec un contr\u00f4le de qualit\u00e9 coh\u00e9rent, un d\u00e9lai de livraison stable et un emballage adapt\u00e9 aux march\u00e9s d'exportation. Notre \u00e9vier de salle de bain \u00e0 poser en direct de l'usine pr\u00e9sente un design rectangulaire simple et \u00e9l\u00e9gant avec des lignes douces et un caract\u00e8re moderne.<\/p>\n<table style=\"border-collapse: collapse; width: 358.52pt;\" border=\"0\" width=\"478\" cellspacing=\"0\" cellpadding=\"0\">\n<tbody>\n<tr style=\"height: 17.25pt;\">\n<td class=\"et3\" style=\"height: 17.25pt; width: 125.00pt;\" width=\"166\" height=\"23\">Fabricant<\/td>\n<td class=\"et3\" style=\"width: 234.15pt;\" width=\"312\">HanYu<\/td>\n<\/tr>\n<tr style=\"height: 17.25pt;\">\n<td class=\"et3\" style=\"height: 17.25pt;\" height=\"23\">Num\u00e9ro de mod\u00e8le.<\/td>\n<td class=\"et4\">HY-8141<\/td>\n<\/tr>\n<tr style=\"height: 17.25pt;\">\n<td class=\"et3\" style=\"height: 17.25pt;\" height=\"23\">Type<\/td>\n<td class=\"et5\" style=\"width: 234.15pt;\" width=\"312\">Eviers de comptoir<\/td>\n<\/tr>\n<tr style=\"height: 18.00pt;\">\n<td class=\"et3\" style=\"height: 18.00pt;\" height=\"24\">Forme<\/td>\n<td class=\"et3\">Forme rectangulaire<\/td>\n<\/tr>\n<tr style=\"height: 34.50pt;\">\n<td class=\"et4\" style=\"height: 34.50pt;\" height=\"46\">Couleur<\/td>\n<td class=\"et5\" style=\"width: 234.15pt;\" width=\"312\">noir\/blanc\/bleu\/gris\/rose\/vert\/marron\/kaki<\/td>\n<\/tr>\n<tr style=\"height: 18.00pt;\">\n<td class=\"et3\" style=\"height: 18.00pt;\" height=\"24\">Dimension<\/td>\n<td class=\"et5\" style=\"width: 234.15pt;\" width=\"312\">43*39*13<\/td>\n<\/tr>\n<tr style=\"height: 17.25pt;\">\n<td class=\"et3\" style=\"height: 17.25pt;\" height=\"23\">N.W \/SET<\/td>\n<td class=\"et3\">12 KGS\/PCS<\/td>\n<\/tr>\n<tr style=\"height: 17.25pt;\">\n<td class=\"et3\" style=\"height: 17.25pt;\" height=\"23\">MOQ<\/td>\n<td class=\"et3\">20pcs<\/td>\n<\/tr>\n<tr style=\"height: 17.25pt;\">\n<td class=\"et3\" style=\"height: 17.25pt;\" height=\"23\">Option personnalis\u00e9e<\/td>\n<td class=\"et3\">Couleur\/Pattenue\/Taille\/Logo\/Emballage<\/td>\n<\/tr>\n<\/tbody>\n<\/table>","protected":false},"featured_media":8844,"comment_status":"closed","ping_status":"closed","template":"","meta":{"_acf_changed":false},"product_brand":[],"product_cat":[50],"product_tag":[],"class_list":{"0":"post-8841","1":"product","2":"type-product","3":"status-publish","4":"has-post-thumbnail","6":"product_cat-wholesale-countertop-sinks","8":"first","9":"instock","10":"shipping-taxable","11":"product-type-simple"},"acf":[],"_links":{"self":[{"href":"https:\/\/www.ceramicbasin.com\/fr\/wp-json\/wp\/v2\/product\/8841","targetHints":{"allow":["GET"]}}],"collection":[{"href":"https:\/\/www.ceramicbasin.com\/fr\/wp-json\/wp\/v2\/product"}],"about":[{"href":"https:\/\/www.ceramicbasin.com\/fr\/wp-json\/wp\/v2\/types\/product"}],"replies":[{"embeddable":true,"href":"https:\/\/www.ceramicbasin.com\/fr\/wp-json\/wp\/v2\/comments?post=8841"}],"wp:featuredmedia":[{"embeddable":true,"href":"https:\/\/www.ceramicbasin.com\/fr\/wp-json\/wp\/v2\/media\/8844"}],"wp:attachment":[{"href":"https:\/\/www.ceramicbasin.com\/fr\/wp-json\/wp\/v2\/media?parent=8841"}],"wp:term":[{"taxonomy":"product_brand","embeddable":true,"href":"https:\/\/www.ceramicbasin.com\/fr\/wp-json\/wp\/v2\/product_brand?post=8841"},{"taxonomy":"product_cat","embeddable":true,"href":"https:\/\/www.ceramicbasin.com\/fr\/wp-json\/wp\/v2\/product_cat?post=8841"},{"taxonomy":"product_tag","embeddable":true,"href":"https:\/\/www.ceramicbasin.com\/fr\/wp-json\/wp\/v2\/product_tag?post=8841"}],"curies":[{"name":"wp","href":"https:\/\/api.w.org\/{rel}","templated":true}]}}