{"id":8851,"date":"2026-01-01T06:32:52","date_gmt":"2026-01-01T06:32:52","guid":{"rendered":"https:\/\/www.ceramicbasin.com\/?post_type=product&#038;p=8851"},"modified":"2026-01-07T09:19:25","modified_gmt":"2026-01-07T09:19:25","slug":"wholesale-bath-lavatory-sink","status":"publish","type":"product","link":"https:\/\/www.ceramicbasin.com\/fr\/produit\/wholesale-bath-lavatory-sink\/","title":{"rendered":"Wholesale Bath Lavatory Sink, Small Custom Bathroom Basins (lavabos de salle de bain sur mesure)"},"content":{"rendered":"<div class=\"wp-block-columns is-layout-flex wp-container-core-columns-is-layout-9d6595d7 wp-block-columns-is-layout-flex\">\n<div class=\"wp-block-column is-layout-flow wp-block-column-is-layout-flow\">\n<h2 class=\"wp-block-heading\">Premium Wholesale Bath Lavatory Sink Features :<\/h2>\n\n\n\n<ul class=\"wp-block-list\">\n<li><strong>Mat\u00e9riau de haute qualit\u00e9 :<\/strong> Ce lavabo de salle de bain en gros est fabriqu\u00e9 \u00e0 partir de mat\u00e9riaux c\u00e9ramiques de premi\u00e8re qualit\u00e9, cuits \u00e0 haute temp\u00e9rature, r\u00e9sistants, \u00e0 l'\u00e9preuve des taches et des rayures. La surface transparente est facile \u00e0 nettoyer.<\/li>\n\n\n\n<li><strong>Design moderne et minimaliste : <\/strong>Ce lavabo de bain en gros a des bords droits, nets et carr\u00e9s qui cr\u00e9ent une d\u00e9claration visuelle claire et nette, adapt\u00e9e aux styles moderne, nordique, minimaliste et autres styles de salle de bains.<\/li>\n\n\n\n<li><strong>Comptoir \u00e0 cuve unique Design : <\/strong>Ce lavabo de bain en gros est dot\u00e9 d'une structure de comptoir \u00e0 cuve unique, facile \u00e0 installer et adapt\u00e9e \u00e0 divers mat\u00e9riaux de comptoir, ce qui r\u00e9duit les difficult\u00e9s de construction et les co\u00fbts d'installation.<\/li>\n\n\n\n<li><strong>Petite taille Design : <\/strong>Nos lavabos de salle de bains sur mesure sont sp\u00e9cialement con\u00e7us pour les petites salles de bains, les salles de bains d'invit\u00e9s, les chambres d'h\u00f4tel et les projets d'appartements, en \u00e9quilibrant la fonctionnalit\u00e9 et l'utilisation de l'espace.<\/li>\n\n\n\n<li><strong>Convient \u00e0 une vari\u00e9t\u00e9 de sc\u00e9narios :<\/strong> Les lavabos de salle de bains sur mesure sont largement utilis\u00e9s dans les toilettes des h\u00f4tels, des appartements commerciaux, des bureaux et des immeubles r\u00e9sidentiels haut de gamme ; ils r\u00e9pondent \u00e0 la fois aux besoins des achats en gros et \u00e0 ceux des projets.<\/li>\n<\/ul>\n<\/div>\n\n\n\n<div class=\"wp-block-column is-layout-flow wp-block-column-is-layout-flow\">\n<figure class=\"wp-block-image size-full\"><img fetchpriority=\"high\" decoding=\"async\" width=\"660\" height=\"936\" src=\"https:\/\/www.ceramicbasin.com\/wp-content\/uploads\/2026\/01\/wholesale-bath-lavatory-sink-small-custom-bathroom-basins-6.webp\" alt=\"wholesale-bath-lavatory-sink-small-custom-bathroom-basins-6\" class=\"wp-image-8871\" srcset=\"https:\/\/www.ceramicbasin.com\/wp-content\/uploads\/2026\/01\/wholesale-bath-lavatory-sink-small-custom-bathroom-basins-6.webp 660w, https:\/\/www.ceramicbasin.com\/wp-content\/uploads\/2026\/01\/wholesale-bath-lavatory-sink-small-custom-bathroom-basins-6-212x300.webp 212w, https:\/\/www.ceramicbasin.com\/wp-content\/uploads\/2026\/01\/wholesale-bath-lavatory-sink-small-custom-bathroom-basins-6-8x12.webp 8w, https:\/\/www.ceramicbasin.com\/wp-content\/uploads\/2026\/01\/wholesale-bath-lavatory-sink-small-custom-bathroom-basins-6-285x404.webp 285w, https:\/\/www.ceramicbasin.com\/wp-content\/uploads\/2026\/01\/wholesale-bath-lavatory-sink-small-custom-bathroom-basins-6-465x660.webp 465w, https:\/\/www.ceramicbasin.com\/wp-content\/uploads\/2026\/01\/wholesale-bath-lavatory-sink-small-custom-bathroom-basins-6-106x150.webp 106w\" sizes=\"(max-width: 660px) 100vw, 660px\" \/><\/figure>\n<\/div>\n<\/div>","protected":false},"excerpt":{"rendered":"<div class=\"highlights-border-container\" data-v-944c06bb=\"\">Bienvenue dans l'achat en gros d'un \u00e9vier de salle de bain en c\u00e9ramique cuite, avec une gla\u00e7ure lisse, adapt\u00e9 aux h\u00f4tels, aux projets d'ing\u00e9nierie et aux propri\u00e9taires de marques. Cet \u00e9vier carr\u00e9 en c\u00e9ramique blanche avec une surface glac\u00e9e lisse et d\u00e9licate offre une excellente r\u00e9sistance aux taches et aux rayures, ce qui le rend facile \u00e0 nettoyer et lui permet de garder son aspect neuf pendant longtemps. Nous offrons des prix tr\u00e8s comp\u00e9titifs pour r\u00e9pondre \u00e0 vos besoins d'achat d'\u00e9vier de salle de bain.<\/div>\n<div class=\"text-stats\" data-v-944c06bb=\"\">\n<div class=\"stats\" data-v-944c06bb=\"\"><span class=\"highlights-note\" data-v-944c06bb=\"\">\u00a0<\/span><\/div>\n<\/div>\n<table style=\"border-collapse: collapse; width: 311.02pt;\" border=\"0\" width=\"311\" cellspacing=\"0\" cellpadding=\"0\">\n<tbody>\n<tr style=\"height: 17.60pt;\">\n<td class=\"et3\" style=\"height: 17.60pt; width: 108.35pt;\" width=\"108\" height=\"17\">Fabricant<\/td>\n<td class=\"et3\" style=\"width: 202.95pt;\" width=\"202\">HanYu<\/td>\n<\/tr>\n<tr style=\"height: 17.60pt;\">\n<td class=\"et3\" style=\"height: 17.60pt;\" height=\"17\">Num\u00e9ro de mod\u00e8le.<\/td>\n<td class=\"et4\">HY-8264<\/td>\n<\/tr>\n<tr style=\"height: 17.60pt;\">\n<td class=\"et3\" style=\"height: 17.60pt;\" height=\"17\">Type<\/td>\n<td class=\"et3\">Bassin de comptoir<\/td>\n<\/tr>\n<tr style=\"height: 17.60pt;\">\n<td class=\"et3\" style=\"height: 17.60pt;\" height=\"17\">Forme<\/td>\n<td class=\"et3\">Forme rectangulaire<\/td>\n<\/tr>\n<tr style=\"height: 17.60pt;\">\n<td class=\"et4\" style=\"height: 17.60pt;\" height=\"17\">Couleur<\/td>\n<td class=\"et3\">Blanc<\/td>\n<\/tr>\n<tr style=\"height: 18.00pt;\">\n<td class=\"et3\" style=\"height: 18.00pt;\" height=\"18\">Dimension<\/td>\n<td class=\"et5\" style=\"width: 202.95pt;\" width=\"202\">44*27*12<\/td>\n<\/tr>\n<tr style=\"height: 17.60pt;\">\n<td class=\"et3\" style=\"height: 17.60pt;\" height=\"17\">N.W \/SET<\/td>\n<td class=\"et3\">12 KGS\/PCS<\/td>\n<\/tr>\n<tr style=\"height: 17.60pt;\">\n<td class=\"et3\" style=\"height: 17.60pt;\" height=\"17\">MOQ<\/td>\n<td class=\"et3\">20pcs<\/td>\n<\/tr>\n<tr style=\"height: 17.60pt;\">\n<td class=\"et3\" style=\"height: 17.60pt;\" height=\"17\">Option personnalis\u00e9e<\/td>\n<td class=\"et3\">Couleur\/Pattenue\/Taille\/Logo\/Emballage<\/td>\n<\/tr>\n<\/tbody>\n<\/table>","protected":false},"featured_media":8870,"comment_status":"closed","ping_status":"closed","template":"","meta":{"_acf_changed":false},"product_brand":[],"product_cat":[50],"product_tag":[],"class_list":{"0":"post-8851","1":"product","2":"type-product","3":"status-publish","4":"has-post-thumbnail","6":"product_cat-wholesale-countertop-sinks","8":"first","9":"instock","10":"shipping-taxable","11":"product-type-simple"},"acf":[],"_links":{"self":[{"href":"https:\/\/www.ceramicbasin.com\/fr\/wp-json\/wp\/v2\/product\/8851","targetHints":{"allow":["GET"]}}],"collection":[{"href":"https:\/\/www.ceramicbasin.com\/fr\/wp-json\/wp\/v2\/product"}],"about":[{"href":"https:\/\/www.ceramicbasin.com\/fr\/wp-json\/wp\/v2\/types\/product"}],"replies":[{"embeddable":true,"href":"https:\/\/www.ceramicbasin.com\/fr\/wp-json\/wp\/v2\/comments?post=8851"}],"wp:featuredmedia":[{"embeddable":true,"href":"https:\/\/www.ceramicbasin.com\/fr\/wp-json\/wp\/v2\/media\/8870"}],"wp:attachment":[{"href":"https:\/\/www.ceramicbasin.com\/fr\/wp-json\/wp\/v2\/media?parent=8851"}],"wp:term":[{"taxonomy":"product_brand","embeddable":true,"href":"https:\/\/www.ceramicbasin.com\/fr\/wp-json\/wp\/v2\/product_brand?post=8851"},{"taxonomy":"product_cat","embeddable":true,"href":"https:\/\/www.ceramicbasin.com\/fr\/wp-json\/wp\/v2\/product_cat?post=8851"},{"taxonomy":"product_tag","embeddable":true,"href":"https:\/\/www.ceramicbasin.com\/fr\/wp-json\/wp\/v2\/product_tag?post=8851"}],"curies":[{"name":"wp","href":"https:\/\/api.w.org\/{rel}","templated":true}]}}