{"id":8858,"date":"2026-01-01T06:36:16","date_gmt":"2026-01-01T06:36:16","guid":{"rendered":"https:\/\/www.ceramicbasin.com\/?post_type=product&#038;p=8858"},"modified":"2026-01-07T10:01:58","modified_gmt":"2026-01-07T10:01:58","slug":"factory-bulk-bathroom-sinks","status":"publish","type":"product","link":"https:\/\/www.ceramicbasin.com\/fr\/produit\/factory-bulk-bathroom-sinks\/","title":{"rendered":"Lavabos de salle de bain en vrac, lavabos en c\u00e9ramique pour h\u00f4tels Wholesale"},"content":{"rendered":"<div class=\"wp-block-columns is-layout-flex wp-container-core-columns-is-layout-9d6595d7 wp-block-columns-is-layout-flex\">\n<div class=\"wp-block-column is-layout-flow wp-block-column-is-layout-flow\">\n<h2 class=\"wp-block-heading\">Premium Factory Bulk Bathroom Sinks Caract\u00e9ristiques :<\/h2>\n\n\n\n<ul class=\"wp-block-list\">\n<li><strong>Design exquis : <\/strong>Ces lavabos de salle de bains en vrac ont adopt\u00e9 un design \u00e9pur\u00e9 avec un bord rond et une ligne lisse, ce qui garantit une valeur esth\u00e9tique \u00e9lev\u00e9e, ajoutant raffinement et \u00e9l\u00e9gance \u00e0 l'espace de la salle de bains.<\/li>\n\n\n\n<li><strong>C\u00e9ramique de haute qualit\u00e9 :<\/strong> Ces \u00e9viers de salle de bain en vrac sont s\u00e9lectionn\u00e9s \u00e0 partir de mati\u00e8res premi\u00e8res c\u00e9ramiques de haute qualit\u00e9, fritt\u00e9es \u00e0 haute temp\u00e9rature, ce qui rend notre \u00e9vier c\u00e9ramique en gros solide dans sa structure, d\u00e9licat et lisse dans sa surface, facile \u00e0 nettoyer et durable comme neuf.<\/li>\n\n\n\n<li><strong>Mode d'installation par le haut :<\/strong> Cette vasque en c\u00e9ramique pour h\u00f4tel s'installe par le haut, est facile \u00e0 installer et fonctionne de mani\u00e8re stable et fiable. Il est facile \u00e0 entretenir et permet de gagner de l'espace dans la salle de bains, tout en am\u00e9liorant l'exp\u00e9rience de l'utilisateur.<\/li>\n\n\n\n<li><strong>Livraison en vrac stable :<\/strong> Ces \u00e9viers de salle de bain en vrac de l'usine de c\u00e9ramique source permettent des achats de gros volumes avec des cycles de livraison stables, adapt\u00e9s \u00e0 une coop\u00e9ration \u00e0 long terme avec des projets h\u00f4teliers, des projets immobiliers et des grossistes.<\/li>\n\n\n\n<li><strong>Prix de gros et comp\u00e9titivit\u00e9 : <\/strong>En tant que fabricant de lavabos en gros, HanYu propose des prix tr\u00e8s comp\u00e9titifs pour les lavabos en c\u00e9ramique en gros, ce qui permet de profiter d'un lavabo en c\u00e9ramique de haute qualit\u00e9 tout en gardant les co\u00fbts sous contr\u00f4le.<\/li>\n<\/ul>\n<\/div>\n\n\n\n<div class=\"wp-block-column is-layout-flow wp-block-column-is-layout-flow\">\n<figure class=\"wp-block-image size-full\"><img fetchpriority=\"high\" decoding=\"async\" width=\"657\" height=\"936\" src=\"https:\/\/www.ceramicbasin.com\/wp-content\/uploads\/2026\/01\/Rectangle-Art-Basin-Hotel-Integrated-Sink-6.webp\" alt=\"factory-bulk-bathroom-sinks-hotel-ceramic-basins-wholesale-6\" class=\"wp-image-8859\" srcset=\"https:\/\/www.ceramicbasin.com\/wp-content\/uploads\/2026\/01\/Rectangle-Art-Basin-Hotel-Integrated-Sink-6.webp 657w, https:\/\/www.ceramicbasin.com\/wp-content\/uploads\/2026\/01\/Rectangle-Art-Basin-Hotel-Integrated-Sink-6-211x300.webp 211w, https:\/\/www.ceramicbasin.com\/wp-content\/uploads\/2026\/01\/Rectangle-Art-Basin-Hotel-Integrated-Sink-6-8x12.webp 8w, https:\/\/www.ceramicbasin.com\/wp-content\/uploads\/2026\/01\/Rectangle-Art-Basin-Hotel-Integrated-Sink-6-285x406.webp 285w, https:\/\/www.ceramicbasin.com\/wp-content\/uploads\/2026\/01\/Rectangle-Art-Basin-Hotel-Integrated-Sink-6-463x660.webp 463w, https:\/\/www.ceramicbasin.com\/wp-content\/uploads\/2026\/01\/Rectangle-Art-Basin-Hotel-Integrated-Sink-6-105x150.webp 105w\" sizes=\"(max-width: 657px) 100vw, 657px\" \/><\/figure>\n<\/div>\n<\/div>\n\n\n\n<p><\/p>","protected":false},"excerpt":{"rendered":"<p>Bienvenue \u00e0 l'achat de lavabos de salle de bain en vrac pour les projets h\u00f4teliers. Les lavabos de comptoir en c\u00e9ramique en gros sont dot\u00e9s d'une cuisson durable \u00e0 haute temp\u00e9rature, d'une finition \u00e9maill\u00e9e lisse, de tailles multiples et d'une personnalisation OEM\/ODM. Id\u00e9al pour les h\u00f4tels, les commerces et l'approvisionnement en vrac de l'ing\u00e9nierie.<\/p>\n<table style=\"border-collapse: collapse; width: 311.02pt;\" border=\"0\" width=\"311\" cellspacing=\"0\" cellpadding=\"0\">\n<tbody>\n<tr style=\"height: 17.60pt;\">\n<td class=\"et3\" style=\"height: 17.60pt; width: 108.35pt;\" width=\"108\" height=\"17\">Fabricant<\/td>\n<td class=\"et3\" style=\"width: 202.95pt;\" width=\"202\">HanYu<\/td>\n<\/tr>\n<tr style=\"height: 17.60pt;\">\n<td class=\"et3\" style=\"height: 17.60pt;\" height=\"17\">Num\u00e9ro de mod\u00e8le.<\/td>\n<td class=\"et4\">HY-8267<\/td>\n<\/tr>\n<tr style=\"height: 17.60pt;\">\n<td class=\"et3\" style=\"height: 17.60pt;\" height=\"17\">Type<\/td>\n<td class=\"et3\">Bassin de comptoir<\/td>\n<\/tr>\n<tr style=\"height: 17.60pt;\">\n<td class=\"et3\" style=\"height: 17.60pt;\" height=\"17\">Forme<\/td>\n<td class=\"et3\">Forme rectangulaire<\/td>\n<\/tr>\n<tr style=\"height: 17.60pt;\">\n<td class=\"et4\" style=\"height: 17.60pt;\" height=\"17\">Couleur<\/td>\n<td class=\"et3\">Blanc<\/td>\n<\/tr>\n<tr style=\"height: 18.00pt;\">\n<td class=\"et3\" style=\"height: 18.00pt;\" height=\"18\">Dimension<\/td>\n<td class=\"et5\" style=\"width: 202.95pt;\" width=\"202\">31*31*14<\/td>\n<\/tr>\n<tr style=\"height: 17.60pt;\">\n<td class=\"et3\" style=\"height: 17.60pt;\" height=\"17\">N.W \/SET<\/td>\n<td class=\"et3\">11 KGS\/PCS<\/td>\n<\/tr>\n<tr style=\"height: 17.60pt;\">\n<td class=\"et3\" style=\"height: 17.60pt;\" height=\"17\">MOQ<\/td>\n<td class=\"et3\">20pcs<\/td>\n<\/tr>\n<tr style=\"height: 17.60pt;\">\n<td class=\"et3\" style=\"height: 17.60pt;\" height=\"17\">Option personnalis\u00e9e<\/td>\n<td class=\"et3\">Couleur\/Pattenue\/Taille\/Logo\/Emballage<\/td>\n<\/tr>\n<\/tbody>\n<\/table>","protected":false},"featured_media":8860,"comment_status":"closed","ping_status":"closed","template":"","meta":{"_acf_changed":false},"product_brand":[],"product_cat":[50],"product_tag":[],"class_list":{"0":"post-8858","1":"product","2":"type-product","3":"status-publish","4":"has-post-thumbnail","6":"product_cat-wholesale-countertop-sinks","8":"first","9":"instock","10":"shipping-taxable","11":"product-type-simple"},"acf":[],"_links":{"self":[{"href":"https:\/\/www.ceramicbasin.com\/fr\/wp-json\/wp\/v2\/product\/8858","targetHints":{"allow":["GET"]}}],"collection":[{"href":"https:\/\/www.ceramicbasin.com\/fr\/wp-json\/wp\/v2\/product"}],"about":[{"href":"https:\/\/www.ceramicbasin.com\/fr\/wp-json\/wp\/v2\/types\/product"}],"replies":[{"embeddable":true,"href":"https:\/\/www.ceramicbasin.com\/fr\/wp-json\/wp\/v2\/comments?post=8858"}],"wp:featuredmedia":[{"embeddable":true,"href":"https:\/\/www.ceramicbasin.com\/fr\/wp-json\/wp\/v2\/media\/8860"}],"wp:attachment":[{"href":"https:\/\/www.ceramicbasin.com\/fr\/wp-json\/wp\/v2\/media?parent=8858"}],"wp:term":[{"taxonomy":"product_brand","embeddable":true,"href":"https:\/\/www.ceramicbasin.com\/fr\/wp-json\/wp\/v2\/product_brand?post=8858"},{"taxonomy":"product_cat","embeddable":true,"href":"https:\/\/www.ceramicbasin.com\/fr\/wp-json\/wp\/v2\/product_cat?post=8858"},{"taxonomy":"product_tag","embeddable":true,"href":"https:\/\/www.ceramicbasin.com\/fr\/wp-json\/wp\/v2\/product_tag?post=8858"}],"curies":[{"name":"wp","href":"https:\/\/api.w.org\/{rel}","templated":true}]}}