{"id":8894,"date":"2026-01-14T03:24:44","date_gmt":"2026-01-14T03:24:44","guid":{"rendered":"https:\/\/www.ceramicbasin.com\/?post_type=product&#038;p=8894"},"modified":"2026-01-14T03:24:47","modified_gmt":"2026-01-14T03:24:47","slug":"wholesale-large-bathroom-sinks","status":"publish","type":"product","link":"https:\/\/www.ceramicbasin.com\/fr\/produit\/wholesale-large-bathroom-sinks\/","title":{"rendered":"Wholesale Large Bathroom Sinks, Bulk Ceramic Countertop Sink (\u00e9vier de comptoir en c\u00e9ramique)"},"content":{"rendered":"<div class=\"wp-block-columns is-layout-flex wp-container-core-columns-is-layout-9d6595d7 wp-block-columns-is-layout-flex\">\n<div class=\"wp-block-column is-layout-flow wp-block-column-is-layout-flow\">\n<h2 class=\"wp-block-heading\">Premium Wholesale Large Bathroom Sinks Caract\u00e9ristiques :<\/h2>\n\n\n\n<ul class=\"wp-block-list\">\n<li><strong>Conception \u00e9l\u00e9gante et unique du bol :<\/strong>\u00a0Ces grands lavabos de salle de bains en gros utilisent une forme de bol d\u00e9licate et une atmosph\u00e8re artistique unique pour rompre le design monotone du lavabo de salle de bains traditionnel. Ses lignes rondes et douces ajoutent de l'\u00e9l\u00e9gance et du style \u00e0 la salle de bains.<\/li>\n\n\n\n<li><strong>Mat\u00e9riaux c\u00e9ramiques de haute qualit\u00e9 pour une plus grande durabilit\u00e9 :\u00a0<\/strong>Ces grands lavabos de salle de bains en gros utilisent des c\u00e9ramiques s\u00e9lectionn\u00e9es de haute qualit\u00e9, cuites \u00e0 haute temp\u00e9rature pour garantir une duret\u00e9 et une durabilit\u00e9 excellentes.<\/li>\n\n\n\n<li><strong>Surface glac\u00e9e lisse :<\/strong> L'\u00e9mail lisse et uniforme des \u00e9viers de comptoir en c\u00e9ramique en vrac emp\u00eache efficacement les taches d'eau et la salet\u00e9 d'adh\u00e9rer, r\u00e9duisant ainsi les co\u00fbts d'entretien des espaces commerciaux.<\/li>\n\n\n\n<li><strong>Installation facile :<\/strong>\u00a0Les grands lavabos de salle de bains \u00e9tant sp\u00e9cialement con\u00e7us pour \u00eatre mont\u00e9s au-dessus du comptoir, ils sont faciles \u00e0 installer et constituent une option sans probl\u00e8me pour les nouvelles constructions et les r\u00e9novations de salles de bains.<\/li>\n\n\n\n<li><strong>Prix de gros :\u00a0<\/strong>Nos \u00e9viers de comptoir en c\u00e9ramique en vrac sont vendus au prix de gros direct de l'usine afin de permettre aux clients de r\u00e9aliser davantage de b\u00e9n\u00e9fices. Nous souhaitons la bienvenue aux acheteurs B2B pour l'achat en gros.<\/li>\n<\/ul>\n<\/div>\n\n\n\n<div class=\"wp-block-column is-layout-flow wp-block-column-is-layout-flow\">\n<figure class=\"wp-block-image size-full\"><img fetchpriority=\"high\" decoding=\"async\" width=\"827\" height=\"1169\" src=\"https:\/\/www.ceramicbasin.com\/wp-content\/uploads\/2026\/01\/Newest-design-washbasin-wholesalebig-size-ceramic-sinks-factory-5.webp\" alt=\"wholesale-large-bathroom-sinks-bulk-ceramic-countertop-sinks-5\" class=\"wp-image-8892\" srcset=\"https:\/\/www.ceramicbasin.com\/wp-content\/uploads\/2026\/01\/Newest-design-washbasin-wholesalebig-size-ceramic-sinks-factory-5.webp 827w, https:\/\/www.ceramicbasin.com\/wp-content\/uploads\/2026\/01\/Newest-design-washbasin-wholesalebig-size-ceramic-sinks-factory-5-212x300.webp 212w, https:\/\/www.ceramicbasin.com\/wp-content\/uploads\/2026\/01\/Newest-design-washbasin-wholesalebig-size-ceramic-sinks-factory-5-768x1086.webp 768w, https:\/\/www.ceramicbasin.com\/wp-content\/uploads\/2026\/01\/Newest-design-washbasin-wholesalebig-size-ceramic-sinks-factory-5-8x12.webp 8w, https:\/\/www.ceramicbasin.com\/wp-content\/uploads\/2026\/01\/Newest-design-washbasin-wholesalebig-size-ceramic-sinks-factory-5-285x403.webp 285w, https:\/\/www.ceramicbasin.com\/wp-content\/uploads\/2026\/01\/Newest-design-washbasin-wholesalebig-size-ceramic-sinks-factory-5-467x660.webp 467w, https:\/\/www.ceramicbasin.com\/wp-content\/uploads\/2026\/01\/Newest-design-washbasin-wholesalebig-size-ceramic-sinks-factory-5-106x150.webp 106w\" sizes=\"(max-width: 827px) 100vw, 827px\" \/><\/figure>\n<\/div>\n<\/div>","protected":false},"excerpt":{"rendered":"<p>Nous vous invitons \u00e0 acheter en gros nos grands \u00e9viers de salle de bains en c\u00e9ramique de haute qualit\u00e9, con\u00e7us pour une utilisation commerciale en vrac et pour des projets. Ces grands \u00e9viers de comptoir en c\u00e9ramique offrent une construction durable, des surfaces \u00e9maill\u00e9es lisses et des tailles et finitions personnalisables. Id\u00e9aux pour les projets h\u00f4teliers, les d\u00e9veloppements r\u00e9sidentiels et les grossistes en accessoires de salle de bain, ils combinent un design moderne avec un approvisionnement en gros fiable et des options de personnalisation OEM.<\/p>\n<table border=\"0\" width=\"478\" cellspacing=\"0\" cellpadding=\"0\">\n<tbody>\n<tr>\n<td width=\"166\" height=\"23\">Fabricant<\/td>\n<td width=\"312\">HanYu<\/td>\n<\/tr>\n<tr>\n<td height=\"23\">Num\u00e9ro de mod\u00e8le.<\/td>\n<td>HY-8247A<\/td>\n<\/tr>\n<tr>\n<td height=\"23\">Type<\/td>\n<td width=\"312\">Eviers de comptoir<\/td>\n<\/tr>\n<tr>\n<td height=\"24\">Forme<\/td>\n<td>Forme ovale<\/td>\n<\/tr>\n<tr>\n<td height=\"46\">Couleur<\/td>\n<td width=\"312\">noir\/blanc\/bleu\/gris\/rose\/vert\/marron\/kaki<\/td>\n<\/tr>\n<tr>\n<td height=\"24\">Dimension<\/td>\n<td width=\"312\">70*38*12<\/td>\n<\/tr>\n<tr>\n<td height=\"23\">N.W \/SET<\/td>\n<td>13KGS\/PCS<\/td>\n<\/tr>\n<tr>\n<td height=\"23\">MOQ<\/td>\n<td>20pcs<\/td>\n<\/tr>\n<tr>\n<td height=\"23\">Option personnalis\u00e9e<\/td>\n<td>Couleur\/Pattenue\/Taille\/Logo\/Emballage<\/td>\n<\/tr>\n<\/tbody>\n<\/table>","protected":false},"featured_media":8888,"comment_status":"closed","ping_status":"closed","template":"","meta":{"_acf_changed":false},"product_brand":[],"product_cat":[50],"product_tag":[],"class_list":{"0":"post-8894","1":"product","2":"type-product","3":"status-publish","4":"has-post-thumbnail","6":"product_cat-wholesale-countertop-sinks","8":"first","9":"instock","10":"shipping-taxable","11":"product-type-simple"},"acf":[],"_links":{"self":[{"href":"https:\/\/www.ceramicbasin.com\/fr\/wp-json\/wp\/v2\/product\/8894","targetHints":{"allow":["GET"]}}],"collection":[{"href":"https:\/\/www.ceramicbasin.com\/fr\/wp-json\/wp\/v2\/product"}],"about":[{"href":"https:\/\/www.ceramicbasin.com\/fr\/wp-json\/wp\/v2\/types\/product"}],"replies":[{"embeddable":true,"href":"https:\/\/www.ceramicbasin.com\/fr\/wp-json\/wp\/v2\/comments?post=8894"}],"wp:featuredmedia":[{"embeddable":true,"href":"https:\/\/www.ceramicbasin.com\/fr\/wp-json\/wp\/v2\/media\/8888"}],"wp:attachment":[{"href":"https:\/\/www.ceramicbasin.com\/fr\/wp-json\/wp\/v2\/media?parent=8894"}],"wp:term":[{"taxonomy":"product_brand","embeddable":true,"href":"https:\/\/www.ceramicbasin.com\/fr\/wp-json\/wp\/v2\/product_brand?post=8894"},{"taxonomy":"product_cat","embeddable":true,"href":"https:\/\/www.ceramicbasin.com\/fr\/wp-json\/wp\/v2\/product_cat?post=8894"},{"taxonomy":"product_tag","embeddable":true,"href":"https:\/\/www.ceramicbasin.com\/fr\/wp-json\/wp\/v2\/product_tag?post=8894"}],"curies":[{"name":"wp","href":"https:\/\/api.w.org\/{rel}","templated":true}]}}