{"id":8895,"date":"2026-01-14T03:58:44","date_gmt":"2026-01-14T03:58:44","guid":{"rendered":"https:\/\/www.ceramicbasin.com\/?post_type=product&#038;p=8895"},"modified":"2026-01-14T03:58:47","modified_gmt":"2026-01-14T03:58:47","slug":"wholesale-vessel-bowl-bathroom-sink","status":"publish","type":"product","link":"https:\/\/www.ceramicbasin.com\/fr\/produit\/wholesale-vessel-bowl-bathroom-sink\/","title":{"rendered":"Wholesale Vessel Bowl Bathroom Sink, White ODM Ceramic Basin (vasque en c\u00e9ramique)"},"content":{"rendered":"<div class=\"wp-block-columns is-layout-flex wp-container-core-columns-is-layout-9d6595d7 wp-block-columns-is-layout-flex\">\n<div class=\"wp-block-column is-layout-flow wp-block-column-is-layout-flow\">\n<h2 class=\"wp-block-heading\">Premium Wholesale Vessel Bowl Bathroom Sink Features :<\/h2>\n\n\n\n<ul class=\"wp-block-list\">\n<li><strong>Design moderne et de mode :<\/strong>\u00a0L'\u00e9vier de salle de bain \u00e0 cuve, au design moderne, simple et \u00e9l\u00e9gant, blanc brillant, s'adapte \u00e0 tous les styles de salle de bain.<\/li>\n\n\n\n<li><strong>R\u00e9sistant \u00e0 la pression et durable :<\/strong>\u00a0La fabrication de haute qualit\u00e9 permet \u00e0 chaque \u00e9vier de salle de bain \u00e0 cuve d'avoir une r\u00e9sistance \u00e0 la pression et une durabilit\u00e9 extr\u00eamement \u00e9lev\u00e9es, et de conserver sa stabilit\u00e9 m\u00eame en cas d'utilisation fr\u00e9quente.<\/li>\n\n\n\n<li><strong>Forme carr\u00e9e :\u00a0<\/strong>L'aspect carr\u00e9, sobre et \u00e9pur\u00e9, avec des bords arrondis et chanfrein\u00e9s, de l'\u00e9vier de salle de bain \u00e0 cuve en gros, met en valeur l'ensemble de l'espace de lavage de la salle de bain et du salon et s'adapte bien \u00e0 la plupart des styles de d\u00e9coration, tels que le moderne, le minimaliste et le nordique.<\/li>\n\n\n\n<li><strong>Conception standard du trou de drainage : <\/strong>Ce bassin blanc \u00e0 poser est compatible en gros avec les principaux raccords d'\u00e9vacuation disponibles sur le march\u00e9, ce qui facilite l'installation et r\u00e9duit les co\u00fbts d'achat et de construction.<\/li>\n\n\n\n<li><strong>Convient \u00e0 de nombreux usages :<\/strong>\u00a0Ce lavabo blanc au-dessus du comptoir peut \u00eatre personnalis\u00e9 en termes de taille, de couleur, de logo et d'emballage en fonction des diff\u00e9rentes demandes des familles, des h\u00f4tels, des appartements, des salles d'eau commerciales, etc.<\/li>\n<\/ul>\n<\/div>\n\n\n\n<div class=\"wp-block-column is-layout-flow wp-block-column-is-layout-flow\">\n<figure class=\"wp-block-image size-full is-resized\"><img fetchpriority=\"high\" decoding=\"async\" width=\"827\" height=\"1217\" src=\"https:\/\/www.ceramicbasin.com\/wp-content\/uploads\/2026\/01\/Wholesale-Above-Counter-Vessel-Sinkwhite-color-hand-washing-basin-design-4.webp\" alt=\"wholesale-vessel-bowl-bathroom-sink-white-odm-ceramic-basin-4\" class=\"wp-image-8886\" style=\"aspect-ratio:0.6795447974979631;width:339px;height:auto\" srcset=\"https:\/\/www.ceramicbasin.com\/wp-content\/uploads\/2026\/01\/Wholesale-Above-Counter-Vessel-Sinkwhite-color-hand-washing-basin-design-4.webp 827w, https:\/\/www.ceramicbasin.com\/wp-content\/uploads\/2026\/01\/Wholesale-Above-Counter-Vessel-Sinkwhite-color-hand-washing-basin-design-4-204x300.webp 204w, https:\/\/www.ceramicbasin.com\/wp-content\/uploads\/2026\/01\/Wholesale-Above-Counter-Vessel-Sinkwhite-color-hand-washing-basin-design-4-768x1130.webp 768w, https:\/\/www.ceramicbasin.com\/wp-content\/uploads\/2026\/01\/Wholesale-Above-Counter-Vessel-Sinkwhite-color-hand-washing-basin-design-4-8x12.webp 8w, https:\/\/www.ceramicbasin.com\/wp-content\/uploads\/2026\/01\/Wholesale-Above-Counter-Vessel-Sinkwhite-color-hand-washing-basin-design-4-285x419.webp 285w, https:\/\/www.ceramicbasin.com\/wp-content\/uploads\/2026\/01\/Wholesale-Above-Counter-Vessel-Sinkwhite-color-hand-washing-basin-design-4-448x660.webp 448w, https:\/\/www.ceramicbasin.com\/wp-content\/uploads\/2026\/01\/Wholesale-Above-Counter-Vessel-Sinkwhite-color-hand-washing-basin-design-4-102x150.webp 102w\" sizes=\"(max-width: 827px) 100vw, 827px\" \/><\/figure>\n<\/div>\n<\/div>","protected":false},"excerpt":{"rendered":"<p>Bienvenue sur notre site de vente en gros d'\u00e9vier de salle de bain avec un design carr\u00e9 moderne et des bords doucement arrondis, id\u00e9al pour les projets de salle de bain commerciaux et r\u00e9sidentiels. Ce bassin en c\u00e9ramique blanc au-dessus du comptoir avec une finition glac\u00e9e lisse offre une durabilit\u00e9, un entretien facile et une apparence raffin\u00e9e. Con\u00e7u pour les fournitures, les achats personnalis\u00e9s et les projets, c'est un excellent choix pour les h\u00f4tels, les appartements et les marques de salles de bains.<\/p>\n<table style=\"border-collapse: collapse; width: 358.52pt;\" border=\"0\" width=\"478\" cellspacing=\"0\" cellpadding=\"0\">\n<tbody>\n<tr style=\"height: 17.25pt;\">\n<td class=\"et3\" style=\"height: 17.25pt; width: 125.00pt;\" width=\"166\" height=\"23\">Fabricant<\/td>\n<td class=\"et3\" style=\"width: 234.15pt;\" width=\"312\">HanYu<\/td>\n<\/tr>\n<tr style=\"height: 17.25pt;\">\n<td class=\"et3\" style=\"height: 17.25pt;\" height=\"23\">Num\u00e9ro de mod\u00e8le.<\/td>\n<td class=\"et4\">HY-8248<\/td>\n<\/tr>\n<tr style=\"height: 17.25pt;\">\n<td class=\"et3\" style=\"height: 17.25pt;\" height=\"23\">Type<\/td>\n<td class=\"et5\" style=\"width: 234.15pt;\" width=\"312\">Eviers de comptoir<\/td>\n<\/tr>\n<tr style=\"height: 18.00pt;\">\n<td class=\"et3\" style=\"height: 18.00pt;\" height=\"24\">Forme<\/td>\n<td class=\"et3\">Forme rectangulaire<\/td>\n<\/tr>\n<tr style=\"height: 34.50pt;\">\n<td class=\"et4\" style=\"height: 34.50pt;\" height=\"46\">Couleur<\/td>\n<td class=\"et5\" style=\"width: 234.15pt;\" width=\"312\">noir\/blanc\/bleu\/gris\/rose\/vert\/marron\/kaki<\/td>\n<\/tr>\n<tr style=\"height: 18.00pt;\">\n<td class=\"et3\" style=\"height: 18.00pt;\" height=\"24\">Dimension<\/td>\n<td class=\"et5\" style=\"width: 234.15pt;\" width=\"312\">60*40.5*14<\/td>\n<\/tr>\n<tr style=\"height: 17.25pt;\">\n<td class=\"et3\" style=\"height: 17.25pt;\" height=\"23\">N.W \/SET<\/td>\n<td class=\"et3\">10KGS\/PCS<\/td>\n<\/tr>\n<tr style=\"height: 17.25pt;\">\n<td class=\"et3\" style=\"height: 17.25pt;\" height=\"23\">MOQ<\/td>\n<td class=\"et3\">20pcs<\/td>\n<\/tr>\n<tr style=\"height: 17.25pt;\">\n<td class=\"et3\" style=\"height: 17.25pt;\" height=\"23\">Option personnalis\u00e9e<\/td>\n<td class=\"et3\">Couleur\/Pattenue\/Taille\/Logo\/Emballage<\/td>\n<\/tr>\n<\/tbody>\n<\/table>","protected":false},"featured_media":8885,"comment_status":"closed","ping_status":"closed","template":"","meta":{"_acf_changed":false},"product_brand":[],"product_cat":[50],"product_tag":[],"class_list":{"0":"post-8895","1":"product","2":"type-product","3":"status-publish","4":"has-post-thumbnail","6":"product_cat-wholesale-countertop-sinks","8":"first","9":"instock","10":"shipping-taxable","11":"product-type-simple"},"acf":[],"_links":{"self":[{"href":"https:\/\/www.ceramicbasin.com\/fr\/wp-json\/wp\/v2\/product\/8895","targetHints":{"allow":["GET"]}}],"collection":[{"href":"https:\/\/www.ceramicbasin.com\/fr\/wp-json\/wp\/v2\/product"}],"about":[{"href":"https:\/\/www.ceramicbasin.com\/fr\/wp-json\/wp\/v2\/types\/product"}],"replies":[{"embeddable":true,"href":"https:\/\/www.ceramicbasin.com\/fr\/wp-json\/wp\/v2\/comments?post=8895"}],"wp:featuredmedia":[{"embeddable":true,"href":"https:\/\/www.ceramicbasin.com\/fr\/wp-json\/wp\/v2\/media\/8885"}],"wp:attachment":[{"href":"https:\/\/www.ceramicbasin.com\/fr\/wp-json\/wp\/v2\/media?parent=8895"}],"wp:term":[{"taxonomy":"product_brand","embeddable":true,"href":"https:\/\/www.ceramicbasin.com\/fr\/wp-json\/wp\/v2\/product_brand?post=8895"},{"taxonomy":"product_cat","embeddable":true,"href":"https:\/\/www.ceramicbasin.com\/fr\/wp-json\/wp\/v2\/product_cat?post=8895"},{"taxonomy":"product_tag","embeddable":true,"href":"https:\/\/www.ceramicbasin.com\/fr\/wp-json\/wp\/v2\/product_tag?post=8895"}],"curies":[{"name":"wp","href":"https:\/\/api.w.org\/{rel}","templated":true}]}}