{"id":8897,"date":"2026-01-14T06:47:53","date_gmt":"2026-01-14T06:47:53","guid":{"rendered":"https:\/\/www.ceramicbasin.com\/?post_type=product&#038;p=8897"},"modified":"2026-01-14T06:47:58","modified_gmt":"2026-01-14T06:47:58","slug":"custom-countertop-washbasin","status":"publish","type":"product","link":"https:\/\/www.ceramicbasin.com\/fr\/produit\/custom-countertop-washbasin\/","title":{"rendered":"New Custom Countertop Washbasin, Wholesale Bathroom Sinks (lavabos de salle de bain)"},"content":{"rendered":"<div class=\"wp-block-columns is-layout-flex wp-container-core-columns-is-layout-9d6595d7 wp-block-columns-is-layout-flex\">\n<div class=\"wp-block-column is-layout-flow wp-block-column-is-layout-flow\">\n<h2 class=\"wp-block-heading\">Lavabo de comptoir personnalis\u00e9 de premi\u00e8re qualit\u00e9 Caract\u00e9ristiques :<\/h2>\n\n\n\n<ul class=\"wp-block-list\">\n<li><strong>Cr\u00e9ation de mode :\u00a0<\/strong>Notre lavabo \u00e0 poser sur mesure au design personnalis\u00e9 a un aspect tr\u00e8s tendance avec des lignes douces. Il est con\u00e7u pour s'adapter \u00e0 diff\u00e9rents styles de salle de bains et apporte beaut\u00e9 et gr\u00e2ce \u00e0 l'ensemble de l'espace.<\/li>\n\n\n\n<li><strong>Mat\u00e9riau c\u00e9ramique de premi\u00e8re qualit\u00e9 :\u00a0<\/strong>Nos lavabos de comptoir personnalis\u00e9s sont fabriqu\u00e9s en verre de premi\u00e8re qualit\u00e9, d'une grande transparence et d'une texture fine, qui offre d'excellentes performances visuelles et un sens de la modernit\u00e9, assurant la stabilit\u00e9 et la beaut\u00e9 du produit.<\/li>\n\n\n\n<li><strong>Evier en Vessel \u00e0 poser :<\/strong> Cette m\u00e9thode d'installation des lavabos de salle de bains en gros offre une forte impression de profondeur et convient aux r\u00e9novations de salles de bains dans les h\u00f4tels, les projets r\u00e9sidentiels et les espaces commerciaux.<\/li>\n\n\n\n<li><strong>Prix de gros :<\/strong>\u00a0Notre lavabo de comptoir personnalis\u00e9 est vendu au prix de gros direct de l'usine afin d'augmenter l'espace de profit pour les clients. Nous souhaitons la bienvenue aux acheteurs B2B pour les achats en gros.<\/li>\n\n\n\n<li><strong>Vente en gros et OEM\/ODM :<\/strong> Nous fournissons un approvisionnement stable en \u00e9viers de salle de bains en gros et des services professionnels de personnalisation aux grossistes, aux entrepreneurs en ing\u00e9nierie et aux propri\u00e9taires de marques de salles de bains.<\/li>\n<\/ul>\n<\/div>\n\n\n\n<div class=\"wp-block-column is-layout-flow wp-block-column-is-layout-flow\">\n<figure class=\"wp-block-image size-full\"><img fetchpriority=\"high\" decoding=\"async\" width=\"664\" height=\"938\" src=\"https:\/\/www.ceramicbasin.com\/wp-content\/uploads\/2026\/01\/New-Design-Custom-Basin-sinkscountertop-washbasin-for-cabinet-5.webp\" alt=\"new-custom-countertop-washbasin-wholesale-bathroom-sinks-5\" class=\"wp-image-8877\" srcset=\"https:\/\/www.ceramicbasin.com\/wp-content\/uploads\/2026\/01\/New-Design-Custom-Basin-sinkscountertop-washbasin-for-cabinet-5.webp 664w, https:\/\/www.ceramicbasin.com\/wp-content\/uploads\/2026\/01\/New-Design-Custom-Basin-sinkscountertop-washbasin-for-cabinet-5-212x300.webp 212w, https:\/\/www.ceramicbasin.com\/wp-content\/uploads\/2026\/01\/New-Design-Custom-Basin-sinkscountertop-washbasin-for-cabinet-5-8x12.webp 8w, https:\/\/www.ceramicbasin.com\/wp-content\/uploads\/2026\/01\/New-Design-Custom-Basin-sinkscountertop-washbasin-for-cabinet-5-285x403.webp 285w, https:\/\/www.ceramicbasin.com\/wp-content\/uploads\/2026\/01\/New-Design-Custom-Basin-sinkscountertop-washbasin-for-cabinet-5-467x660.webp 467w, https:\/\/www.ceramicbasin.com\/wp-content\/uploads\/2026\/01\/New-Design-Custom-Basin-sinkscountertop-washbasin-for-cabinet-5-106x150.webp 106w\" sizes=\"(max-width: 664px) 100vw, 664px\" \/><\/figure>\n<\/div>\n<\/div>","protected":false},"excerpt":{"rendered":"<p>Le lavabo \u00e0 poser est fabriqu\u00e9 en c\u00e9ramique de haute qualit\u00e9 avec une finition lisse et \u00e9maill\u00e9e, offrant durabilit\u00e9, facilit\u00e9 d'entretien et aspect raffin\u00e9. Avec un design personnalis\u00e9, il a un aspect tr\u00e8s tendance avec des lignes douces, il est con\u00e7u pour s'adapter \u00e0 diff\u00e9rents styles de salle de bains et apporte beaut\u00e9 et gr\u00e2ce \u00e0 l'ensemble de l'espace.<\/p>\n<table style=\"border-collapse: collapse; width: 358.52pt;\" border=\"0\" width=\"478\" cellspacing=\"0\" cellpadding=\"0\">\n<tbody>\n<tr style=\"height: 17.25pt;\">\n<td class=\"et3\" style=\"height: 17.25pt; width: 125.00pt;\" width=\"166\" height=\"23\">Fabricant<\/td>\n<td class=\"et3\" style=\"width: 234.15pt;\" width=\"312\">HanYu<\/td>\n<\/tr>\n<tr style=\"height: 17.25pt;\">\n<td class=\"et3\" style=\"height: 17.25pt;\" height=\"23\">Num\u00e9ro de mod\u00e8le.<\/td>\n<td class=\"et4\">HY-8254<\/td>\n<\/tr>\n<tr style=\"height: 17.25pt;\">\n<td class=\"et3\" style=\"height: 17.25pt;\" height=\"23\">Type<\/td>\n<td class=\"et5\" style=\"width: 234.15pt;\" width=\"312\">Eviers de comptoir<\/td>\n<\/tr>\n<tr style=\"height: 18.00pt;\">\n<td class=\"et3\" style=\"height: 18.00pt;\" height=\"24\">Forme<\/td>\n<td class=\"et3\">Forme carr\u00e9e<\/td>\n<\/tr>\n<tr style=\"height: 34.50pt;\">\n<td class=\"et4\" style=\"height: 34.50pt;\" height=\"46\">Couleur<\/td>\n<td class=\"et5\" style=\"width: 234.15pt;\" width=\"312\">noir\/blanc\/bleu\/gris\/rose\/vert\/marron\/kaki<\/td>\n<\/tr>\n<tr style=\"height: 18.00pt;\">\n<td class=\"et3\" style=\"height: 18.00pt;\" height=\"24\">Dimension<\/td>\n<td class=\"et5\" style=\"width: 234.15pt;\" width=\"312\">44*44*13.5<\/td>\n<\/tr>\n<tr style=\"height: 17.25pt;\">\n<td class=\"et3\" style=\"height: 17.25pt;\" height=\"23\">N.W \/SET<\/td>\n<td class=\"et3\">7KGS\/PCS<\/td>\n<\/tr>\n<tr style=\"height: 17.25pt;\">\n<td class=\"et3\" style=\"height: 17.25pt;\" height=\"23\">MOQ<\/td>\n<td class=\"et3\">20pcs<\/td>\n<\/tr>\n<tr style=\"height: 17.25pt;\">\n<td class=\"et3\" style=\"height: 17.25pt;\" height=\"23\">Option personnalis\u00e9e<\/td>\n<td class=\"et3\">Couleur\/Pattenue\/Taille\/Logo\/Emballage<\/td>\n<\/tr>\n<\/tbody>\n<\/table>","protected":false},"featured_media":8876,"comment_status":"closed","ping_status":"closed","template":"","meta":{"_acf_changed":false},"product_brand":[],"product_cat":[50],"product_tag":[],"class_list":{"0":"post-8897","1":"product","2":"type-product","3":"status-publish","4":"has-post-thumbnail","6":"product_cat-wholesale-countertop-sinks","8":"first","9":"instock","10":"shipping-taxable","11":"product-type-simple"},"acf":[],"_links":{"self":[{"href":"https:\/\/www.ceramicbasin.com\/fr\/wp-json\/wp\/v2\/product\/8897","targetHints":{"allow":["GET"]}}],"collection":[{"href":"https:\/\/www.ceramicbasin.com\/fr\/wp-json\/wp\/v2\/product"}],"about":[{"href":"https:\/\/www.ceramicbasin.com\/fr\/wp-json\/wp\/v2\/types\/product"}],"replies":[{"embeddable":true,"href":"https:\/\/www.ceramicbasin.com\/fr\/wp-json\/wp\/v2\/comments?post=8897"}],"wp:featuredmedia":[{"embeddable":true,"href":"https:\/\/www.ceramicbasin.com\/fr\/wp-json\/wp\/v2\/media\/8876"}],"wp:attachment":[{"href":"https:\/\/www.ceramicbasin.com\/fr\/wp-json\/wp\/v2\/media?parent=8897"}],"wp:term":[{"taxonomy":"product_brand","embeddable":true,"href":"https:\/\/www.ceramicbasin.com\/fr\/wp-json\/wp\/v2\/product_brand?post=8897"},{"taxonomy":"product_cat","embeddable":true,"href":"https:\/\/www.ceramicbasin.com\/fr\/wp-json\/wp\/v2\/product_cat?post=8897"},{"taxonomy":"product_tag","embeddable":true,"href":"https:\/\/www.ceramicbasin.com\/fr\/wp-json\/wp\/v2\/product_tag?post=8897"}],"curies":[{"name":"wp","href":"https:\/\/api.w.org\/{rel}","templated":true}]}}