{"id":8898,"date":"2026-01-14T07:17:20","date_gmt":"2026-01-14T07:17:20","guid":{"rendered":"https:\/\/www.ceramicbasin.com\/?post_type=product&#038;p=8898"},"modified":"2026-01-14T07:17:22","modified_gmt":"2026-01-14T07:17:22","slug":"wholesale-rectangular-countertop-sink","status":"publish","type":"product","link":"https:\/\/www.ceramicbasin.com\/fr\/produit\/wholesale-rectangular-countertop-sink\/","title":{"rendered":"Wholesale Rectangular Countertop Sink, Ceramic Wash Basin Supply"},"content":{"rendered":"<div class=\"wp-block-columns is-layout-flex wp-container-core-columns-is-layout-9d6595d7 wp-block-columns-is-layout-flex\">\n<div class=\"wp-block-column is-layout-flow wp-block-column-is-layout-flow\">\n<h2 class=\"wp-block-heading\">Premium Wholesale Rectangular Countertop Sink Features :<\/h2>\n\n\n\n<ul class=\"wp-block-list\">\n<li><strong>Mat\u00e9riau c\u00e9ramique de haute qualit\u00e9 :<\/strong> Cet \u00e9vier de comptoir rectangulaire est fabriqu\u00e9 en c\u00e9ramique de premi\u00e8re qualit\u00e9 avec une cuisson \u00e0 haute temp\u00e9rature, offrant une excellente durabilit\u00e9, une grande duret\u00e9 et des performances \u00e0 long terme.<\/li>\n\n\n\n<li><strong>Installation facile :<\/strong>\u00a0Cet \u00e9vier de comptoir rectangulaire est con\u00e7u pour \u00eatre install\u00e9 au-dessus du comptoir. Ces \u00e9viers en c\u00e9ramique sont faciles \u00e0 installer et constituent une solution sans probl\u00e8me pour les nouvelles constructions et les r\u00e9novations de salles de bains.<\/li>\n\n\n\n<li><strong>Doux et moelleux :\u00a0<\/strong>Notre \u00e9vier de comptoir rectangulaire en gros offre une finition lisse et douce, qui est facile \u00e0 nettoyer et peut supporter le frottement et les taches dus \u00e0 l'usure quotidienne pour rester dans un \u00e9tat optimal pendant des d\u00e9cennies.<\/li>\n\n\n\n<li><strong>Grossistes et fournisseurs de projets pr\u00eats \u00e0 l'emploi :<\/strong> Nos lavabos en c\u00e9ramique offrent une capacit\u00e9 de production stable et un contr\u00f4le de qualit\u00e9 strict. Ils conviennent aux grossistes, aux entrepreneurs, aux promoteurs et aux marques de salles de bains.<\/li>\n\n\n\n<li><strong>Service de personnalisation :<\/strong>\u00a0Notre offre de lavabos en c\u00e9ramique prend en charge la conception personnalis\u00e9e de diverses sp\u00e9cifications, couleurs et styles, r\u00e9pondant ainsi pleinement aux besoins personnalis\u00e9s de diff\u00e9rentes marques, projets et clients.<\/li>\n<\/ul>\n<\/div>\n\n\n\n<div class=\"wp-block-column is-layout-flow wp-block-column-is-layout-flow\">\n<figure class=\"wp-block-image size-full\"><img fetchpriority=\"high\" decoding=\"async\" width=\"827\" height=\"1213\" src=\"https:\/\/www.ceramicbasin.com\/wp-content\/uploads\/2026\/01\/Ceramic-wash-basin-manufacturerhigh-quality-rectanglue-shape-countertop-sinks-5.webp\" alt=\"wholesale-rectangular-countertop-sink-ceramic-basin-supply-5\" class=\"wp-image-8882\" srcset=\"https:\/\/www.ceramicbasin.com\/wp-content\/uploads\/2026\/01\/Ceramic-wash-basin-manufacturerhigh-quality-rectanglue-shape-countertop-sinks-5.webp 827w, https:\/\/www.ceramicbasin.com\/wp-content\/uploads\/2026\/01\/Ceramic-wash-basin-manufacturerhigh-quality-rectanglue-shape-countertop-sinks-5-205x300.webp 205w, https:\/\/www.ceramicbasin.com\/wp-content\/uploads\/2026\/01\/Ceramic-wash-basin-manufacturerhigh-quality-rectanglue-shape-countertop-sinks-5-768x1126.webp 768w, https:\/\/www.ceramicbasin.com\/wp-content\/uploads\/2026\/01\/Ceramic-wash-basin-manufacturerhigh-quality-rectanglue-shape-countertop-sinks-5-8x12.webp 8w, https:\/\/www.ceramicbasin.com\/wp-content\/uploads\/2026\/01\/Ceramic-wash-basin-manufacturerhigh-quality-rectanglue-shape-countertop-sinks-5-285x418.webp 285w, https:\/\/www.ceramicbasin.com\/wp-content\/uploads\/2026\/01\/Ceramic-wash-basin-manufacturerhigh-quality-rectanglue-shape-countertop-sinks-5-450x660.webp 450w, https:\/\/www.ceramicbasin.com\/wp-content\/uploads\/2026\/01\/Ceramic-wash-basin-manufacturerhigh-quality-rectanglue-shape-countertop-sinks-5-102x150.webp 102w\" sizes=\"(max-width: 827px) 100vw, 827px\" \/><\/figure>\n<\/div>\n<\/div>","protected":false},"excerpt":{"rendered":"<p>Nous vous invitons \u00e0 acheter en gros notre \u00e9vier rectangulaire de comptoir en c\u00e9ramique de haute qualit\u00e9, dot\u00e9 d'un design rectangulaire moderne qui offre une finition lisse et douce, et qui est facile \u00e0 nettoyer. Ce lavabo en c\u00e9ramique est con\u00e7u pour \u00eatre install\u00e9 au-dessus du comptoir. Id\u00e9al pour l'approvisionnement en vrac, les projets h\u00f4teliers, les d\u00e9veloppements r\u00e9sidentiels et les marques de salles de bains \u00e0 la recherche de solutions fiables pour la vente en gros de lavabos en c\u00e9ramique.<\/p>\n<table border=\"0\" width=\"478\" cellspacing=\"0\" cellpadding=\"0\">\n<tbody>\n<tr>\n<td width=\"166\" height=\"23\">Fabricant<\/td>\n<td width=\"312\">HanYu<\/td>\n<\/tr>\n<tr>\n<td height=\"23\">Num\u00e9ro de mod\u00e8le.<\/td>\n<td>HY-8252<\/td>\n<\/tr>\n<tr>\n<td height=\"23\">Type<\/td>\n<td width=\"312\">Eviers de comptoir<\/td>\n<\/tr>\n<tr>\n<td height=\"24\">Forme<\/td>\n<td>Forme rectangulaire<\/td>\n<\/tr>\n<tr>\n<td height=\"46\">Couleur<\/td>\n<td width=\"312\">noir\/blanc\/bleu\/gris\/rose\/vert\/marron\/kaki<\/td>\n<\/tr>\n<tr>\n<td height=\"24\">Dimension<\/td>\n<td width=\"312\">41*34*10<\/td>\n<\/tr>\n<tr>\n<td height=\"23\">N.W \/SET<\/td>\n<td>9KGS\/PCS<\/td>\n<\/tr>\n<tr>\n<td height=\"23\">MOQ<\/td>\n<td>20pcs<\/td>\n<\/tr>\n<tr>\n<td height=\"23\">Option personnalis\u00e9e<\/td>\n<td>Couleur\/Pattenue\/Taille\/Logo\/Emballage<\/td>\n<\/tr>\n<\/tbody>\n<\/table>","protected":false},"featured_media":8881,"comment_status":"closed","ping_status":"closed","template":"","meta":{"_acf_changed":false},"product_brand":[],"product_cat":[50],"product_tag":[],"class_list":{"0":"post-8898","1":"product","2":"type-product","3":"status-publish","4":"has-post-thumbnail","6":"product_cat-wholesale-countertop-sinks","8":"first","9":"instock","10":"shipping-taxable","11":"product-type-simple"},"acf":[],"_links":{"self":[{"href":"https:\/\/www.ceramicbasin.com\/fr\/wp-json\/wp\/v2\/product\/8898","targetHints":{"allow":["GET"]}}],"collection":[{"href":"https:\/\/www.ceramicbasin.com\/fr\/wp-json\/wp\/v2\/product"}],"about":[{"href":"https:\/\/www.ceramicbasin.com\/fr\/wp-json\/wp\/v2\/types\/product"}],"replies":[{"embeddable":true,"href":"https:\/\/www.ceramicbasin.com\/fr\/wp-json\/wp\/v2\/comments?post=8898"}],"wp:featuredmedia":[{"embeddable":true,"href":"https:\/\/www.ceramicbasin.com\/fr\/wp-json\/wp\/v2\/media\/8881"}],"wp:attachment":[{"href":"https:\/\/www.ceramicbasin.com\/fr\/wp-json\/wp\/v2\/media?parent=8898"}],"wp:term":[{"taxonomy":"product_brand","embeddable":true,"href":"https:\/\/www.ceramicbasin.com\/fr\/wp-json\/wp\/v2\/product_brand?post=8898"},{"taxonomy":"product_cat","embeddable":true,"href":"https:\/\/www.ceramicbasin.com\/fr\/wp-json\/wp\/v2\/product_cat?post=8898"},{"taxonomy":"product_tag","embeddable":true,"href":"https:\/\/www.ceramicbasin.com\/fr\/wp-json\/wp\/v2\/product_tag?post=8898"}],"curies":[{"name":"wp","href":"https:\/\/api.w.org\/{rel}","templated":true}]}}