{"id":8901,"date":"2026-01-13T02:37:16","date_gmt":"2026-01-13T02:37:16","guid":{"rendered":"https:\/\/www.ceramicbasin.com\/?post_type=product&#038;p=8901"},"modified":"2026-01-14T07:46:25","modified_gmt":"2026-01-14T07:46:25","slug":"small-wall-hung-basin-wholesale","status":"publish","type":"product","link":"https:\/\/www.ceramicbasin.com\/fr\/produit\/small-wall-hung-basin-wholesale\/","title":{"rendered":"Petit bassin suspendu Wholesale, Ceramic Vanity Sink Bulk (lavabo en c\u00e9ramique en vrac)"},"content":{"rendered":"<div class=\"wp-block-columns is-layout-flex wp-container-core-columns-is-layout-9d6595d7 wp-block-columns-is-layout-flex\">\n<div class=\"wp-block-column is-layout-flow wp-block-column-is-layout-flow\">\n<h2 class=\"wp-block-heading\">Premium Small Wall Hung Basin Wholesale Caract\u00e9ristiques :<\/h2>\n\n\n\n<ul class=\"wp-block-list\">\n<li><strong>Petit mod\u00e8le rectangulaire :<\/strong> Cette petite vasque murale \u00e0 structure compacte permet d'\u00e9conomiser de l'espace. Elle est particuli\u00e8rement adapt\u00e9e aux petites salles de bains, aux toilettes commerciales, aux chambres d'h\u00f4tel et aux projets d'appartements.<\/li>\n\n\n\n<li><strong>Options personnalisables :<\/strong> Ce petit bassin suspendu est disponible en gros dans diff\u00e9rentes couleurs, finitions de surface et emballages personnalisables, ce qui vous permet d'adapter le produit aux besoins sp\u00e9cifiques de votre marque et de votre march\u00e9.<\/li>\n\n\n\n<li><strong>Ventes \u00e0 chaud :<\/strong> Ce petit bassin suspendu est bien accueilli par le march\u00e9 en raison de sa durabilit\u00e9, de sa couleur uniforme, de sa facilit\u00e9 de nettoyage et d'entretien, et de son co\u00fbt \u00e9lev\u00e9.<\/li>\n\n\n\n<li><strong>Traitement de l'\u00e9mail facile \u00e0 nettoyer :\u00a0<\/strong>La surface de ce petit lavabo suspendu adopte une technologie sp\u00e9ciale de gla\u00e7age facile \u00e0 nettoyer, qui est lisse et d\u00e9licate, les taches n'adh\u00e8rent pas facilement et sont faciles \u00e0 nettoyer.<\/li>\n\n\n\n<li><strong>Installation murale :<\/strong> Cet \u00e9vier commercial en c\u00e9ramique permet d'\u00e9conomiser de l'espace, de cr\u00e9er un aspect plus net et de faciliter le nettoyage des sols, r\u00e9pondant ainsi aux exigences d'hygi\u00e8ne et d'efficacit\u00e9 de l'entretien dans les espaces commerciaux.<\/li>\n\n\n\n<li><strong>Avantage du prix de gros :<\/strong> En tant que fabricant de lavabos personnalis\u00e9s, HanYu propose des prix de gros tr\u00e8s comp\u00e9titifs, et les achats en gros b\u00e9n\u00e9ficient de remises plus importantes, faisant des accessoires de salle de bain de haute qualit\u00e9 votre choix id\u00e9al sous contr\u00f4le des co\u00fbts.<\/li>\n<\/ul>\n<\/div>\n\n\n\n<div class=\"wp-block-column is-layout-flow wp-block-column-is-layout-flow\">\n<figure class=\"wp-block-image size-full\"><img fetchpriority=\"high\" decoding=\"async\" width=\"800\" height=\"800\" src=\"https:\/\/www.ceramicbasin.com\/wp-content\/uploads\/2026\/01\/wall-mount-sink\uff0csmall-wall-mounted-basin\uff0cceramic-sink.webp\" alt=\"petit-encastr\u00e9-bassin-en-gros-c\u00e9ramique-\u00e9vier-vasque-bulk-7\" class=\"wp-image-8905\" srcset=\"https:\/\/www.ceramicbasin.com\/wp-content\/uploads\/2026\/01\/wall-mount-sink\uff0csmall-wall-mounted-basin\uff0cceramic-sink.webp 800w, https:\/\/www.ceramicbasin.com\/wp-content\/uploads\/2026\/01\/wall-mount-sink\uff0csmall-wall-mounted-basin\uff0cceramic-sink-300x300.webp 300w, https:\/\/www.ceramicbasin.com\/wp-content\/uploads\/2026\/01\/wall-mount-sink\uff0csmall-wall-mounted-basin\uff0cceramic-sink-150x150.webp 150w, https:\/\/www.ceramicbasin.com\/wp-content\/uploads\/2026\/01\/wall-mount-sink\uff0csmall-wall-mounted-basin\uff0cceramic-sink-768x768.webp 768w, https:\/\/www.ceramicbasin.com\/wp-content\/uploads\/2026\/01\/wall-mount-sink\uff0csmall-wall-mounted-basin\uff0cceramic-sink-12x12.webp 12w, https:\/\/www.ceramicbasin.com\/wp-content\/uploads\/2026\/01\/wall-mount-sink\uff0csmall-wall-mounted-basin\uff0cceramic-sink-285x285.webp 285w, https:\/\/www.ceramicbasin.com\/wp-content\/uploads\/2026\/01\/wall-mount-sink\uff0csmall-wall-mounted-basin\uff0cceramic-sink-270x270.webp 270w, https:\/\/www.ceramicbasin.com\/wp-content\/uploads\/2026\/01\/wall-mount-sink\uff0csmall-wall-mounted-basin\uff0cceramic-sink-540x540.webp 540w, https:\/\/www.ceramicbasin.com\/wp-content\/uploads\/2026\/01\/wall-mount-sink\uff0csmall-wall-mounted-basin\uff0cceramic-sink-660x660.webp 660w\" sizes=\"(max-width: 800px) 100vw, 800px\" \/><\/figure>\n<\/div>\n<\/div>\n\n\n\n<p><\/p>","protected":false},"excerpt":{"rendered":"<p>Nous vous invitons \u00e0 acheter en gros notre petite cuvette suspendue pour vos projets commerciaux et r\u00e9sidentiels. Conservez votre espace au sol, gardez les petites salles de bains propres et nettes, et faites du nettoyage des sols une corv\u00e9e facile. Ils sont destin\u00e9s aux petits appartements, aux chambres d'h\u00f4tel, aux toilettes publiques et \u00e0 tous les endroits o\u00f9 vous disposez d'un petit espace et o\u00f9 vous souhaitez utiliser votre espace mural.<\/p>\n<table border=\"0\" width=\"478\" cellspacing=\"0\" cellpadding=\"0\">\n<tbody>\n<tr>\n<td width=\"166\" height=\"23\">Fabricant<\/td>\n<td width=\"312\">HanYu<\/td>\n<\/tr>\n<tr>\n<td height=\"23\">Num\u00e9ro de mod\u00e8le.<\/td>\n<td>HY-3137L<\/td>\n<\/tr>\n<tr>\n<td height=\"23\">Type<\/td>\n<td width=\"312\">\u00c9viers muraux<\/td>\n<\/tr>\n<tr>\n<td height=\"24\">Forme<\/td>\n<td>Forme rectangulaire<\/td>\n<\/tr>\n<tr>\n<td height=\"46\">Couleur<\/td>\n<td width=\"312\">noir\/blanc\/bleu\/gris\/rose\/vert\/marron\/kaki<\/td>\n<\/tr>\n<tr>\n<td height=\"24\">Dimension<\/td>\n<td width=\"312\">50.5*25.5*14<\/td>\n<\/tr>\n<tr>\n<td height=\"23\">N.W \/SET<\/td>\n<td>12KGS\/PCS<\/td>\n<\/tr>\n<tr>\n<td height=\"23\">MOQ<\/td>\n<td>20pcs<\/td>\n<\/tr>\n<tr>\n<td height=\"23\">Option personnalis\u00e9e<\/td>\n<td>Couleur\/Pattenue\/Taille\/Logo\/Emballage<\/td>\n<\/tr>\n<\/tbody>\n<\/table>","protected":false},"featured_media":8906,"comment_status":"closed","ping_status":"closed","template":"","meta":{"_acf_changed":false},"product_brand":[],"product_cat":[57],"product_tag":[],"class_list":{"0":"post-8901","1":"product","2":"type-product","3":"status-publish","4":"has-post-thumbnail","6":"product_cat-wholesale-wall-mounted-sinks","8":"first","9":"instock","10":"shipping-taxable","11":"product-type-simple"},"acf":[],"_links":{"self":[{"href":"https:\/\/www.ceramicbasin.com\/fr\/wp-json\/wp\/v2\/product\/8901","targetHints":{"allow":["GET"]}}],"collection":[{"href":"https:\/\/www.ceramicbasin.com\/fr\/wp-json\/wp\/v2\/product"}],"about":[{"href":"https:\/\/www.ceramicbasin.com\/fr\/wp-json\/wp\/v2\/types\/product"}],"replies":[{"embeddable":true,"href":"https:\/\/www.ceramicbasin.com\/fr\/wp-json\/wp\/v2\/comments?post=8901"}],"wp:featuredmedia":[{"embeddable":true,"href":"https:\/\/www.ceramicbasin.com\/fr\/wp-json\/wp\/v2\/media\/8906"}],"wp:attachment":[{"href":"https:\/\/www.ceramicbasin.com\/fr\/wp-json\/wp\/v2\/media?parent=8901"}],"wp:term":[{"taxonomy":"product_brand","embeddable":true,"href":"https:\/\/www.ceramicbasin.com\/fr\/wp-json\/wp\/v2\/product_brand?post=8901"},{"taxonomy":"product_cat","embeddable":true,"href":"https:\/\/www.ceramicbasin.com\/fr\/wp-json\/wp\/v2\/product_cat?post=8901"},{"taxonomy":"product_tag","embeddable":true,"href":"https:\/\/www.ceramicbasin.com\/fr\/wp-json\/wp\/v2\/product_tag?post=8901"}],"curies":[{"name":"wp","href":"https:\/\/api.w.org\/{rel}","templated":true}]}}