{"id":8911,"date":"2026-01-13T07:39:42","date_gmt":"2026-01-13T07:39:42","guid":{"rendered":"https:\/\/www.ceramicbasin.com\/?post_type=product&#038;p=8911"},"modified":"2026-01-14T08:03:41","modified_gmt":"2026-01-14T08:03:41","slug":"ceramic-wall-hung-sink-wholesale","status":"publish","type":"product","link":"https:\/\/www.ceramicbasin.com\/fr\/produit\/ceramic-wall-hung-sink-wholesale\/","title":{"rendered":"Ceramic Wall Hung Sink Wholesale, Bathroom Washbasin Custom (lavabo en c\u00e9ramique suspendu au mur)"},"content":{"rendered":"<div class=\"wp-block-columns is-layout-flex wp-container-core-columns-is-layout-9d6595d7 wp-block-columns-is-layout-flex\">\n<div class=\"wp-block-column is-layout-flow wp-block-column-is-layout-flow\">\n<h2 class=\"wp-block-heading\">Premium Ceramic Wall Hung Sink Wholesale Caract\u00e9ristiques :<\/h2>\n\n\n\n<ul class=\"wp-block-list\">\n<li><strong>Excellente performance :<\/strong> Nos \u00e9viers suspendus en c\u00e9ramique sont fabriqu\u00e9s \u00e0 partir de mat\u00e9riaux c\u00e9ramiques de haute qualit\u00e9, ce qui leur conf\u00e8re une excellente durabilit\u00e9 et une grande r\u00e9sistance aux rayures et leur permet de rester en bon \u00e9tat m\u00eame apr\u00e8s une longue p\u00e9riode d'utilisation.<\/li>\n\n\n\n<li><strong>R\u00e9duction des co\u00fbts :<\/strong> Notre \u00e9vier en c\u00e9ramique suspendu allie un design esth\u00e9tique simple \u00e0 une fonctionnalit\u00e9 pratique, un choix id\u00e9al pour les salles de bains \u00e9l\u00e9gantes. Nous proposons des \u00e9viers de salle de bain en gros \u00e0 des prix raisonnables, et une livraison rapide pour r\u00e9pondre aux grosses commandes, tout en garantissant la qualit\u00e9 du produit.<\/li>\n\n\n\n<li><strong>Traitement de l'\u00e9mail facile \u00e0 nettoyer :<\/strong>\u00a0La surface de cet \u00e9vier en c\u00e9ramique suspendu adopte une technologie sp\u00e9ciale de gla\u00e7age facile \u00e0 nettoyer, qui est lisse et d\u00e9licate, les taches n'adh\u00e8rent pas facilement et sont faciles \u00e0 nettoyer.<\/li>\n\n\n\n<li><strong>Montage mural Design : <\/strong>Ces lavabos de salle de bains en c\u00e9ramique sur mesure permettent de conserver l'espace au sol, de garder les petites salles de bains propres et nettes, et de faciliter le nettoyage des sols. Ils sont destin\u00e9s aux petits appartements, aux chambres d'h\u00f4tel, aux toilettes publiques et \u00e0 tous les endroits o\u00f9 vous disposez d'un petit espace et o\u00f9 vous souhaitez utiliser l'espace mural.<\/li>\n\n\n\n<li><strong>R\u00e9sistance structurelle de qualit\u00e9 commerciale :<\/strong> Ces lavabos de salle de bains en c\u00e9ramique personnalis\u00e9s ont une structure robuste et une excellente capacit\u00e9 de charge. Ils conviennent aux salles de bains publiques ou commerciales \u00e0 forte fr\u00e9quentation.<\/li>\n<\/ul>\n<\/div>\n\n\n\n<div class=\"wp-block-column is-layout-flow wp-block-column-is-layout-flow\">\n<figure class=\"wp-block-image size-full\"><img fetchpriority=\"high\" decoding=\"async\" width=\"800\" height=\"800\" src=\"https:\/\/www.ceramicbasin.com\/wp-content\/uploads\/2026\/01\/vessel-sinks-bathroom\uff0crectangle-sink\uff0cbasin-wall-mount5.webp\" alt=\"ceramic-wall-hung-sink-wholesale-bathroom-washbasin-custom-5\" class=\"wp-image-8917\" srcset=\"https:\/\/www.ceramicbasin.com\/wp-content\/uploads\/2026\/01\/vessel-sinks-bathroom\uff0crectangle-sink\uff0cbasin-wall-mount5.webp 800w, https:\/\/www.ceramicbasin.com\/wp-content\/uploads\/2026\/01\/vessel-sinks-bathroom\uff0crectangle-sink\uff0cbasin-wall-mount5-300x300.webp 300w, https:\/\/www.ceramicbasin.com\/wp-content\/uploads\/2026\/01\/vessel-sinks-bathroom\uff0crectangle-sink\uff0cbasin-wall-mount5-150x150.webp 150w, https:\/\/www.ceramicbasin.com\/wp-content\/uploads\/2026\/01\/vessel-sinks-bathroom\uff0crectangle-sink\uff0cbasin-wall-mount5-768x768.webp 768w, https:\/\/www.ceramicbasin.com\/wp-content\/uploads\/2026\/01\/vessel-sinks-bathroom\uff0crectangle-sink\uff0cbasin-wall-mount5-12x12.webp 12w, https:\/\/www.ceramicbasin.com\/wp-content\/uploads\/2026\/01\/vessel-sinks-bathroom\uff0crectangle-sink\uff0cbasin-wall-mount5-285x285.webp 285w, https:\/\/www.ceramicbasin.com\/wp-content\/uploads\/2026\/01\/vessel-sinks-bathroom\uff0crectangle-sink\uff0cbasin-wall-mount5-270x270.webp 270w, https:\/\/www.ceramicbasin.com\/wp-content\/uploads\/2026\/01\/vessel-sinks-bathroom\uff0crectangle-sink\uff0cbasin-wall-mount5-540x540.webp 540w, https:\/\/www.ceramicbasin.com\/wp-content\/uploads\/2026\/01\/vessel-sinks-bathroom\uff0crectangle-sink\uff0cbasin-wall-mount5-660x660.webp 660w\" sizes=\"(max-width: 800px) 100vw, 800px\" \/><\/figure>\n<\/div>\n<\/div>\n\n\n\n<p><\/p>","protected":false},"excerpt":{"rendered":"<p>Notre \u00e9vier en c\u00e9ramique suspendu en gros se caract\u00e9rise par un design compact et peu encombrant, une c\u00e9ramique durable cuite \u00e0 haute temp\u00e9rature et une surface \u00e9maill\u00e9e facile \u00e0 nettoyer. Id\u00e9al pour les commandes en gros, il est largement utilis\u00e9 dans les h\u00f4tels, les appartements, les bureaux et les toilettes publiques, offrant une qualit\u00e9 fiable et une installation efficace pour les projets \u00e0 grande \u00e9chelle.<\/p>\n<table border=\"0\" width=\"478\" cellspacing=\"0\" cellpadding=\"0\">\n<tbody>\n<tr>\n<td width=\"166\" height=\"23\">Fabricant<\/td>\n<td width=\"312\">HanYu<\/td>\n<\/tr>\n<tr>\n<td height=\"23\">Num\u00e9ro de mod\u00e8le.<\/td>\n<td>HY-3137R<\/td>\n<\/tr>\n<tr>\n<td height=\"23\">Type<\/td>\n<td width=\"312\">\u00c9viers muraux<\/td>\n<\/tr>\n<tr>\n<td height=\"24\">Forme<\/td>\n<td>Forme rectangulaire<\/td>\n<\/tr>\n<tr>\n<td height=\"46\">Couleur<\/td>\n<td width=\"312\">noir\/blanc\/bleu\/gris\/rose\/vert\/marron\/kaki<\/td>\n<\/tr>\n<tr>\n<td height=\"24\">Dimension<\/td>\n<td width=\"312\">50.5*25.5*14<\/td>\n<\/tr>\n<tr>\n<td height=\"23\">N.W \/SET<\/td>\n<td>12KGS\/PCS<\/td>\n<\/tr>\n<tr>\n<td height=\"23\">MOQ<\/td>\n<td>20pcs<\/td>\n<\/tr>\n<tr>\n<td height=\"23\">Option personnalis\u00e9e<\/td>\n<td>Couleur\/Pattenue\/Taille\/Logo\/Emballage<\/td>\n<\/tr>\n<\/tbody>\n<\/table>","protected":false},"featured_media":8915,"comment_status":"closed","ping_status":"closed","template":"","meta":{"_acf_changed":false},"product_brand":[],"product_cat":[57],"product_tag":[],"class_list":{"0":"post-8911","1":"product","2":"type-product","3":"status-publish","4":"has-post-thumbnail","6":"product_cat-wholesale-wall-mounted-sinks","8":"first","9":"instock","10":"shipping-taxable","11":"product-type-simple"},"acf":[],"_links":{"self":[{"href":"https:\/\/www.ceramicbasin.com\/fr\/wp-json\/wp\/v2\/product\/8911","targetHints":{"allow":["GET"]}}],"collection":[{"href":"https:\/\/www.ceramicbasin.com\/fr\/wp-json\/wp\/v2\/product"}],"about":[{"href":"https:\/\/www.ceramicbasin.com\/fr\/wp-json\/wp\/v2\/types\/product"}],"replies":[{"embeddable":true,"href":"https:\/\/www.ceramicbasin.com\/fr\/wp-json\/wp\/v2\/comments?post=8911"}],"wp:featuredmedia":[{"embeddable":true,"href":"https:\/\/www.ceramicbasin.com\/fr\/wp-json\/wp\/v2\/media\/8915"}],"wp:attachment":[{"href":"https:\/\/www.ceramicbasin.com\/fr\/wp-json\/wp\/v2\/media?parent=8911"}],"wp:term":[{"taxonomy":"product_brand","embeddable":true,"href":"https:\/\/www.ceramicbasin.com\/fr\/wp-json\/wp\/v2\/product_brand?post=8911"},{"taxonomy":"product_cat","embeddable":true,"href":"https:\/\/www.ceramicbasin.com\/fr\/wp-json\/wp\/v2\/product_cat?post=8911"},{"taxonomy":"product_tag","embeddable":true,"href":"https:\/\/www.ceramicbasin.com\/fr\/wp-json\/wp\/v2\/product_tag?post=8911"}],"curies":[{"name":"wp","href":"https:\/\/api.w.org\/{rel}","templated":true}]}}