{"id":8925,"date":"2026-01-13T08:04:23","date_gmt":"2026-01-13T08:04:23","guid":{"rendered":"https:\/\/www.ceramicbasin.com\/?post_type=product&#038;p=8925"},"modified":"2026-01-14T08:39:57","modified_gmt":"2026-01-14T08:39:57","slug":"wholesale-wash-basin-wall-mounted","status":"publish","type":"product","link":"https:\/\/www.ceramicbasin.com\/fr\/produit\/wholesale-wash-basin-wall-mounted\/","title":{"rendered":"Wholesale Wash Basin Wall Mounted, Ceramic Sink with Drainer"},"content":{"rendered":"<div class=\"wp-block-columns is-layout-flex wp-container-core-columns-is-layout-9d6595d7 wp-block-columns-is-layout-flex\">\n<div class=\"wp-block-column is-layout-flow wp-block-column-is-layout-flow\">\n<h2 class=\"wp-block-heading\">Premium Wholesale Wash Basin Wall Mounted Features :<\/h2>\n\n\n\n<ul class=\"wp-block-list\">\n<li><strong>Conception de l'optimisation de l'espace : <\/strong>Ce lavabo mural est particuli\u00e8rement adapt\u00e9 aux petites salles de bains et permet d'am\u00e9liorer l'utilisation de l'espace. Il convient aux appartements, aux h\u00f4tels et aux petits espaces commerciaux.<\/li>\n\n\n\n<li><strong>Egouttoir int\u00e9gr\u00e9 :<\/strong> La structure int\u00e9gr\u00e9e de l'\u00e9gouttoir du lavabo mural grossiste permet de placer facilement les articles de toilette ou de nettoyage, am\u00e9liorant ainsi la praticit\u00e9 et l'efficacit\u00e9 de l'utilisation quotidienne.<\/li>\n\n\n\n<li><strong>Mat\u00e9riau c\u00e9ramique de haute qualit\u00e9 :<\/strong>\u00a0Les lavabos muraux de HanYu sont fabriqu\u00e9s \u00e0 partir de mati\u00e8res premi\u00e8res c\u00e9ramiques de haute qualit\u00e9, cuites \u00e0 haute temp\u00e9rature, avec une texture solide et une surface lisse, emp\u00eachant efficacement la salet\u00e9 d'adh\u00e9rer.<\/li>\n\n\n\n<li><strong>Forte compatibilit\u00e9 d'installation :<\/strong> Cet \u00e9vier en c\u00e9ramique personnalis\u00e9 est dot\u00e9 d'un trop-plein et de trous de vidange standard, compatibles avec les vidanges universelles. L'installation murale est stable et compatible avec la plupart des surfaces murales et des syst\u00e8mes d'alimentation en eau.<\/li>\n\n\n\n<li><strong>Installation murale :<\/strong> La structure de cet \u00e9vier en c\u00e9ramique personnalis\u00e9 est raisonnablement con\u00e7ue, l'installation est ferme, elle r\u00e9duit l'espace occup\u00e9 au sol et il est facile de nettoyer l'espace au sol, ce qui r\u00e9pond aux besoins de la conception des b\u00e2timents modernes.<\/li>\n\n\n\n<li><strong>Convient aux projets et aux march\u00e9s pr\u00eats \u00e0 l'exportation :<\/strong> Conforme aux normes internationales en mati\u00e8re de salles de bains, il convient aux achats en gros, \u00e0 la coop\u00e9ration OEM\/ODM et aux ventes \u00e0 l'\u00e9tranger.<\/li>\n<\/ul>\n<\/div>\n\n\n\n<div class=\"wp-block-column is-layout-flow wp-block-column-is-layout-flow\">\n<figure class=\"wp-block-image size-full\"><img fetchpriority=\"high\" decoding=\"async\" width=\"800\" height=\"800\" src=\"https:\/\/www.ceramicbasin.com\/wp-content\/uploads\/2026\/01\/white-ceramic-sink\uff0cwashroom-sink\uff0cwall-hung-basin-sink5.webp\" alt=\"grossiste-lavabo-\u00e9vier-c\u00e9ramique-mural-avec-\u00e9gouttoir-5\" class=\"wp-image-8931\" srcset=\"https:\/\/www.ceramicbasin.com\/wp-content\/uploads\/2026\/01\/white-ceramic-sink\uff0cwashroom-sink\uff0cwall-hung-basin-sink5.webp 800w, https:\/\/www.ceramicbasin.com\/wp-content\/uploads\/2026\/01\/white-ceramic-sink\uff0cwashroom-sink\uff0cwall-hung-basin-sink5-300x300.webp 300w, https:\/\/www.ceramicbasin.com\/wp-content\/uploads\/2026\/01\/white-ceramic-sink\uff0cwashroom-sink\uff0cwall-hung-basin-sink5-150x150.webp 150w, https:\/\/www.ceramicbasin.com\/wp-content\/uploads\/2026\/01\/white-ceramic-sink\uff0cwashroom-sink\uff0cwall-hung-basin-sink5-768x768.webp 768w, https:\/\/www.ceramicbasin.com\/wp-content\/uploads\/2026\/01\/white-ceramic-sink\uff0cwashroom-sink\uff0cwall-hung-basin-sink5-12x12.webp 12w, https:\/\/www.ceramicbasin.com\/wp-content\/uploads\/2026\/01\/white-ceramic-sink\uff0cwashroom-sink\uff0cwall-hung-basin-sink5-285x285.webp 285w, https:\/\/www.ceramicbasin.com\/wp-content\/uploads\/2026\/01\/white-ceramic-sink\uff0cwashroom-sink\uff0cwall-hung-basin-sink5-270x270.webp 270w, https:\/\/www.ceramicbasin.com\/wp-content\/uploads\/2026\/01\/white-ceramic-sink\uff0cwashroom-sink\uff0cwall-hung-basin-sink5-540x540.webp 540w, https:\/\/www.ceramicbasin.com\/wp-content\/uploads\/2026\/01\/white-ceramic-sink\uff0cwashroom-sink\uff0cwall-hung-basin-sink5-660x660.webp 660w\" sizes=\"(max-width: 800px) 100vw, 800px\" \/><\/figure>\n<\/div>\n<\/div>\n\n\n\n<p><\/p>","protected":false},"excerpt":{"rendered":"<p>Le lavabo mural en gros de HanYu est fabriqu\u00e9 \u00e0 partir de mat\u00e9riaux c\u00e9ramiques de haute qualit\u00e9, cuits \u00e0 haute temp\u00e9rature, avec une texture solide et une surface lisse, emp\u00eachant efficacement la salet\u00e9 d'adh\u00e9rer. Id\u00e9al pour la vente en gros, la fourniture de projets et la personnalisation, il est largement utilis\u00e9 dans les projets de salles de bains r\u00e9sidentielles, h\u00f4teli\u00e8res et commerciales.<\/p>\n<table border=\"0\" width=\"478\" cellspacing=\"0\" cellpadding=\"0\">\n<tbody>\n<tr>\n<td width=\"166\" height=\"23\">Fabricant<\/td>\n<td width=\"312\">HanYu<\/td>\n<\/tr>\n<tr>\n<td height=\"23\">Num\u00e9ro de mod\u00e8le.<\/td>\n<td>HY-3139R<\/td>\n<\/tr>\n<tr>\n<td height=\"23\">Type<\/td>\n<td width=\"312\">\u00c9viers muraux<\/td>\n<\/tr>\n<tr>\n<td height=\"24\">Forme<\/td>\n<td>Forme rectangulaire<\/td>\n<\/tr>\n<tr>\n<td height=\"46\">Couleur<\/td>\n<td width=\"312\">noir\/blanc\/bleu\/gris\/rose\/vert\/marron\/kaki<\/td>\n<\/tr>\n<tr>\n<td height=\"24\">Dimension<\/td>\n<td width=\"312\">75*48*20<\/td>\n<\/tr>\n<tr>\n<td height=\"23\">N.W \/SET<\/td>\n<td>18KGS\/PCS<\/td>\n<\/tr>\n<tr>\n<td height=\"23\">MOQ<\/td>\n<td>20pcs<\/td>\n<\/tr>\n<tr>\n<td height=\"23\">Option personnalis\u00e9e<\/td>\n<td>Couleur\/Pattenue\/Taille\/Logo\/Emballage<\/td>\n<\/tr>\n<\/tbody>\n<\/table>","protected":false},"featured_media":8929,"comment_status":"closed","ping_status":"closed","template":"","meta":{"_acf_changed":false},"product_brand":[],"product_cat":[57],"product_tag":[],"class_list":{"0":"post-8925","1":"product","2":"type-product","3":"status-publish","4":"has-post-thumbnail","6":"product_cat-wholesale-wall-mounted-sinks","8":"first","9":"instock","10":"shipping-taxable","11":"product-type-simple"},"acf":[],"_links":{"self":[{"href":"https:\/\/www.ceramicbasin.com\/fr\/wp-json\/wp\/v2\/product\/8925","targetHints":{"allow":["GET"]}}],"collection":[{"href":"https:\/\/www.ceramicbasin.com\/fr\/wp-json\/wp\/v2\/product"}],"about":[{"href":"https:\/\/www.ceramicbasin.com\/fr\/wp-json\/wp\/v2\/types\/product"}],"replies":[{"embeddable":true,"href":"https:\/\/www.ceramicbasin.com\/fr\/wp-json\/wp\/v2\/comments?post=8925"}],"wp:featuredmedia":[{"embeddable":true,"href":"https:\/\/www.ceramicbasin.com\/fr\/wp-json\/wp\/v2\/media\/8929"}],"wp:attachment":[{"href":"https:\/\/www.ceramicbasin.com\/fr\/wp-json\/wp\/v2\/media?parent=8925"}],"wp:term":[{"taxonomy":"product_brand","embeddable":true,"href":"https:\/\/www.ceramicbasin.com\/fr\/wp-json\/wp\/v2\/product_brand?post=8925"},{"taxonomy":"product_cat","embeddable":true,"href":"https:\/\/www.ceramicbasin.com\/fr\/wp-json\/wp\/v2\/product_cat?post=8925"},{"taxonomy":"product_tag","embeddable":true,"href":"https:\/\/www.ceramicbasin.com\/fr\/wp-json\/wp\/v2\/product_tag?post=8925"}],"curies":[{"name":"wp","href":"https:\/\/api.w.org\/{rel}","templated":true}]}}