{"id":8946,"date":"2026-01-26T02:50:20","date_gmt":"2026-01-26T02:50:20","guid":{"rendered":"https:\/\/www.ceramicbasin.com\/?post_type=product&#038;p=8946"},"modified":"2026-01-26T02:50:23","modified_gmt":"2026-01-26T02:50:23","slug":"modern-bathroom-sink-wholesale","status":"publish","type":"product","link":"https:\/\/www.ceramicbasin.com\/fr\/produit\/modern-bathroom-sink-wholesale\/","title":{"rendered":"Evier de salle de bain moderne Wholesale, Glossy White With Black Rim"},"content":{"rendered":"<div class=\"wp-block-columns is-layout-flex wp-container-core-columns-is-layout-9d6595d7 wp-block-columns-is-layout-flex\">\n<div class=\"wp-block-column is-layout-flow wp-block-column-is-layout-flow\">\n<h2 class=\"wp-block-heading\">Premium Modern Bathroom Sink Wholesale Caract\u00e9ristiques :<\/h2>\n\n\n\n<ul class=\"wp-block-list\">\n<li><strong>Design identique en noir et blanc : <\/strong>Cet \u00e9vier de salle de bains moderne se compose d'un bassin en c\u00e9ramique blanche brillante et d'un bord noir mat ultrafin de 1,5 mm d'\u00e9paisseur. Ses lignes nettes et frappantes en font un point de mire visuel sans qu'il soit n\u00e9cessaire de recourir \u00e0 des d\u00e9corations complexes, ce qui rehausse le style g\u00e9n\u00e9ral de la salle de bains.<\/li>\n\n\n\n<li><strong>Dimensions ergonomiques :<\/strong> Ce lavabo en c\u00e9ramique offre un grand espace de lavage avec une longueur de 500 mm, une largeur de 385 mm pour s'adapter \u00e0 la plupart des lavabos de salle de bain standard, et une profondeur de 130 mm pour une pr\u00e9vention efficace des \u00e9claboussures, en \u00e9quilibrant le confort et l'utilisation de l'espace.<\/li>\n\n\n\n<li><strong>Adaptabilit\u00e9 multi-sc\u00e8ne : <\/strong>Notre lavabo de salle de bain moderne peut \u00eatre associ\u00e9 de mani\u00e8re flexible \u00e0 des miroirs ronds intelligents, des robinets noirs minimalistes et des comptoirs en pierre grise, ce qui permet de cr\u00e9er facilement des sc\u00e8nes de salle de bain de luxe minimaliste moderne pour les h\u00f4tels, les salles d'exposition et les r\u00e9sidences haut de gamme.<\/li>\n\n\n\n<li><strong>Mat\u00e9riau durable et facile \u00e0 nettoyer : <\/strong>Nos \u00e9viers en c\u00e9ramique sont fabriqu\u00e9s \u00e0 partir d'une gla\u00e7ure c\u00e9ramique \u00e0 haute temp\u00e9rature cuite en une seule pi\u00e8ce, avec une surface dense et brillante tr\u00e8s r\u00e9sistante aux taches. Le bord noir est fabriqu\u00e9 \u00e0 l'aide d'un proc\u00e9d\u00e9 de couleur sous gla\u00e7ure r\u00e9sistant \u00e0 l'usure, qui n'est pas facile \u00e0 d\u00e9colorer ou \u00e0 user au cours d'une utilisation \u00e0 long terme. Le nettoyage quotidien est aussi simple qu'un coup d'\u00e9ponge.<\/li>\n<\/ul>\n<\/div>\n\n\n\n<div class=\"wp-block-column is-layout-flow wp-block-column-is-layout-flow\">\n<figure class=\"wp-block-image size-full\"><img fetchpriority=\"high\" decoding=\"async\" width=\"1024\" height=\"1024\" src=\"https:\/\/www.ceramicbasin.com\/wp-content\/uploads\/2026\/01\/Modern-Style-Bathroom-Sink-Glossy-White-Black-Edge-Art-White-Table-Top-Rectangular-Wash-Basin-5.webp\" alt=\"Vasque de salle de bain moderne, blanc brillant, bord noir, table blanche, lavabo rectangulaire\" class=\"wp-image-8951\" srcset=\"https:\/\/www.ceramicbasin.com\/wp-content\/uploads\/2026\/01\/Modern-Style-Bathroom-Sink-Glossy-White-Black-Edge-Art-White-Table-Top-Rectangular-Wash-Basin-5.webp 1024w, https:\/\/www.ceramicbasin.com\/wp-content\/uploads\/2026\/01\/Modern-Style-Bathroom-Sink-Glossy-White-Black-Edge-Art-White-Table-Top-Rectangular-Wash-Basin-5-300x300.webp 300w, https:\/\/www.ceramicbasin.com\/wp-content\/uploads\/2026\/01\/Modern-Style-Bathroom-Sink-Glossy-White-Black-Edge-Art-White-Table-Top-Rectangular-Wash-Basin-5-150x150.webp 150w, https:\/\/www.ceramicbasin.com\/wp-content\/uploads\/2026\/01\/Modern-Style-Bathroom-Sink-Glossy-White-Black-Edge-Art-White-Table-Top-Rectangular-Wash-Basin-5-768x768.webp 768w, https:\/\/www.ceramicbasin.com\/wp-content\/uploads\/2026\/01\/Modern-Style-Bathroom-Sink-Glossy-White-Black-Edge-Art-White-Table-Top-Rectangular-Wash-Basin-5-12x12.webp 12w, https:\/\/www.ceramicbasin.com\/wp-content\/uploads\/2026\/01\/Modern-Style-Bathroom-Sink-Glossy-White-Black-Edge-Art-White-Table-Top-Rectangular-Wash-Basin-5-285x285.webp 285w, https:\/\/www.ceramicbasin.com\/wp-content\/uploads\/2026\/01\/Modern-Style-Bathroom-Sink-Glossy-White-Black-Edge-Art-White-Table-Top-Rectangular-Wash-Basin-5-270x270.webp 270w, https:\/\/www.ceramicbasin.com\/wp-content\/uploads\/2026\/01\/Modern-Style-Bathroom-Sink-Glossy-White-Black-Edge-Art-White-Table-Top-Rectangular-Wash-Basin-5-540x540.webp 540w, https:\/\/www.ceramicbasin.com\/wp-content\/uploads\/2026\/01\/Modern-Style-Bathroom-Sink-Glossy-White-Black-Edge-Art-White-Table-Top-Rectangular-Wash-Basin-5-660x660.webp 660w\" sizes=\"(max-width: 1024px) 100vw, 1024px\" \/><\/figure>\n<\/div>\n<\/div>","protected":false},"excerpt":{"rendered":"<p>Bienvenue sur le site d'achat de lavabos en c\u00e9ramique. Ce lavabo de salle de bain moderne en gros pr\u00e9sente un sch\u00e9ma de couleurs classique noir et blanc, cr\u00e9ant un fort sentiment visuel de profondeur et compl\u00e9tant parfaitement les styles de salle de bain de luxe modernes et minimalistes.<\/p>\n<table style=\"border-collapse: collapse; width: 311.02pt;\" border=\"0\" width=\"311\" cellspacing=\"0\" cellpadding=\"0\">\n<tbody>\n<tr style=\"height: 17.60pt;\">\n<td class=\"et3\" style=\"height: 17.60pt; width: 108.35pt;\" width=\"108\" height=\"17\">Fabricant<\/td>\n<td class=\"et3\" style=\"width: 202.95pt;\" width=\"202\">HanYu<\/td>\n<\/tr>\n<tr style=\"height: 17.60pt;\">\n<td class=\"et3\" style=\"height: 17.60pt;\" height=\"17\">Num\u00e9ro de mod\u00e8le.<\/td>\n<td class=\"et4\">HY-8024BC<\/td>\n<\/tr>\n<tr style=\"height: 17.60pt;\">\n<td class=\"et3\" style=\"height: 17.60pt;\" height=\"17\">Type<\/td>\n<td class=\"et3\">Bassin de comptoir<\/td>\n<\/tr>\n<tr style=\"height: 17.60pt;\">\n<td class=\"et3\" style=\"height: 17.60pt;\" height=\"17\">Forme<\/td>\n<td class=\"et3\">Forme rectangulaire<\/td>\n<\/tr>\n<tr style=\"height: 17.60pt;\">\n<td class=\"et4\" style=\"height: 17.60pt;\" height=\"17\">Couleur<\/td>\n<td class=\"et3\">blanc avec ligne noire mate<\/td>\n<\/tr>\n<tr style=\"height: 18.00pt;\">\n<td class=\"et3\" style=\"height: 18.00pt;\" height=\"18\">Dimension<\/td>\n<td class=\"et5\" style=\"width: 202.95pt;\" width=\"202\">50*38.5*13<\/td>\n<\/tr>\n<tr style=\"height: 17.60pt;\">\n<td class=\"et3\" style=\"height: 17.60pt;\" height=\"17\">N.W \/SET<\/td>\n<td class=\"et3\">10.5KGS\/PCS<\/td>\n<\/tr>\n<tr style=\"height: 17.60pt;\">\n<td class=\"et3\" style=\"height: 17.60pt;\" height=\"17\">MOQ<\/td>\n<td class=\"et3\">20pcs<\/td>\n<\/tr>\n<tr style=\"height: 17.60pt;\">\n<td class=\"et3\" style=\"height: 17.60pt;\" height=\"17\">Option personnalis\u00e9e<\/td>\n<td class=\"et3\">Color\/Patten\/Size\/Logo\/Package-<\/td>\n<\/tr>\n<\/tbody>\n<\/table>","protected":false},"featured_media":8947,"comment_status":"closed","ping_status":"closed","template":"","meta":{"_acf_changed":false},"product_brand":[],"product_cat":[50,55],"product_tag":[],"class_list":{"0":"post-8946","1":"product","2":"type-product","3":"status-publish","4":"has-post-thumbnail","6":"product_cat-wholesale-countertop-sinks","7":"product_cat-wholesale-matte-sinks","9":"first","10":"instock","11":"shipping-taxable","12":"product-type-simple"},"acf":[],"_links":{"self":[{"href":"https:\/\/www.ceramicbasin.com\/fr\/wp-json\/wp\/v2\/product\/8946","targetHints":{"allow":["GET"]}}],"collection":[{"href":"https:\/\/www.ceramicbasin.com\/fr\/wp-json\/wp\/v2\/product"}],"about":[{"href":"https:\/\/www.ceramicbasin.com\/fr\/wp-json\/wp\/v2\/types\/product"}],"replies":[{"embeddable":true,"href":"https:\/\/www.ceramicbasin.com\/fr\/wp-json\/wp\/v2\/comments?post=8946"}],"wp:featuredmedia":[{"embeddable":true,"href":"https:\/\/www.ceramicbasin.com\/fr\/wp-json\/wp\/v2\/media\/8947"}],"wp:attachment":[{"href":"https:\/\/www.ceramicbasin.com\/fr\/wp-json\/wp\/v2\/media?parent=8946"}],"wp:term":[{"taxonomy":"product_brand","embeddable":true,"href":"https:\/\/www.ceramicbasin.com\/fr\/wp-json\/wp\/v2\/product_brand?post=8946"},{"taxonomy":"product_cat","embeddable":true,"href":"https:\/\/www.ceramicbasin.com\/fr\/wp-json\/wp\/v2\/product_cat?post=8946"},{"taxonomy":"product_tag","embeddable":true,"href":"https:\/\/www.ceramicbasin.com\/fr\/wp-json\/wp\/v2\/product_tag?post=8946"}],"curies":[{"name":"wp","href":"https:\/\/api.w.org\/{rel}","templated":true}]}}