{"id":8953,"date":"2026-01-26T02:28:57","date_gmt":"2026-01-26T02:28:57","guid":{"rendered":"https:\/\/www.ceramicbasin.com\/?post_type=product&#038;p=8953"},"modified":"2026-01-26T02:29:00","modified_gmt":"2026-01-26T02:29:00","slug":"wholesale-rectangle-basin","status":"publish","type":"product","link":"https:\/\/www.ceramicbasin.com\/fr\/produit\/wholesale-rectangle-basin\/","title":{"rendered":"Wholesale Rectangle Basin, Matte Black Vanity Sinks"},"content":{"rendered":"<div class=\"wp-block-columns is-layout-flex wp-container-core-columns-is-layout-9d6595d7 wp-block-columns-is-layout-flex\">\n<div class=\"wp-block-column is-layout-flow wp-block-column-is-layout-flow\">\n<div class=\"wp-block-columns is-layout-flex wp-container-core-columns-is-layout-9d6595d7 wp-block-columns-is-layout-flex\">\n<div class=\"wp-block-column is-layout-flow wp-block-column-is-layout-flow\">\n<h2 class=\"wp-block-heading\">Premium Wholesale Rectangle Basin Caract\u00e9ristiques :<\/h2>\n\n\n\n<ul class=\"wp-block-list\">\n<li><strong>Design carr\u00e9 classique : <\/strong>Cette vasque rectangulaire en gros utilise une taille carr\u00e9e standard de 385 mm avec des coins arrondis pour la s\u00e9curit\u00e9 et pour \u00e9viter les chocs. La forme carr\u00e9e se marie bien avec les conceptions modernes courantes telles que les conceptions minimalistes et les conceptions industrielles et compl\u00e8tera l'esth\u00e9tique d'un espace.<\/li>\n\n\n\n<li><strong>Finition mate durable : <\/strong>Nos \u00e9viers de salle de bain en c\u00e9ramique sont fabriqu\u00e9s \u00e0 partir de c\u00e9ramique \u00e0 haute temp\u00e9rature, ce qui en fait un produit solide qui durera longtemps. La finition glac\u00e9e noire mate ne laisse pas appara\u00eetre les taches ou la salet\u00e9 et est \u00e9galement facile \u00e0 nettoyer. Vous ne verrez pas de traces d'eau ou d'empreintes digitales, et l'entretien r\u00e9gulier se fait en un clin d'\u0153il, de sorte qu'ils resteront un produit haut de gamme m\u00eame apr\u00e8s des ann\u00e9es d'utilisation.<\/li>\n\n\n\n<li><strong>D\u00e9tails conviviaux :<\/strong> La profondeur scientifiquement con\u00e7ue de 135 mm de cette vasque rectangulaire en gros garantit un minimum d'\u00e9claboussures d'eau pendant le lavage, et le trou de vidange circulaire central assure une \u00e9vacuation en douceur. Elle est compatible avec la plupart des \u00e9cartements de trous de robinet standard, ce qui rend l'installation flexible et simple.<\/li>\n\n\n\n<li><strong>Applications polyvalentes :<\/strong> Nos \u00e9viers de salle de bains en c\u00e9ramique peuvent \u00eatre largement utilis\u00e9s dans des projets allant des salles de bains principales aux salles de bains des invit\u00e9s dans les maisons, en passant par les h\u00f4tels de charme et les salles d'exposition commerciales. Nous offrons une qualit\u00e9 de gros et un approvisionnement stable, ainsi que des solutions personnalis\u00e9es.<\/li>\n<\/ul>\n<\/div>\n\n\n\n<div class=\"wp-block-column is-layout-flow wp-block-column-is-layout-flow\">\n<figure class=\"wp-block-image size-full\"><img fetchpriority=\"high\" decoding=\"async\" width=\"1024\" height=\"1024\" src=\"https:\/\/www.ceramicbasin.com\/wp-content\/uploads\/2026\/01\/Above-Counter-Wash-Hand-Basin-Black-Vanity-Wholesale-Square-Ceramic-Matte-Basins-5.webp\" alt=\"Above Counter Wash Hand Basin, Black Vanity Wholesale Square Ceramic Matte Basins\" class=\"wp-image-8958\" srcset=\"https:\/\/www.ceramicbasin.com\/wp-content\/uploads\/2026\/01\/Above-Counter-Wash-Hand-Basin-Black-Vanity-Wholesale-Square-Ceramic-Matte-Basins-5.webp 1024w, https:\/\/www.ceramicbasin.com\/wp-content\/uploads\/2026\/01\/Above-Counter-Wash-Hand-Basin-Black-Vanity-Wholesale-Square-Ceramic-Matte-Basins-5-300x300.webp 300w, https:\/\/www.ceramicbasin.com\/wp-content\/uploads\/2026\/01\/Above-Counter-Wash-Hand-Basin-Black-Vanity-Wholesale-Square-Ceramic-Matte-Basins-5-150x150.webp 150w, https:\/\/www.ceramicbasin.com\/wp-content\/uploads\/2026\/01\/Above-Counter-Wash-Hand-Basin-Black-Vanity-Wholesale-Square-Ceramic-Matte-Basins-5-768x768.webp 768w, https:\/\/www.ceramicbasin.com\/wp-content\/uploads\/2026\/01\/Above-Counter-Wash-Hand-Basin-Black-Vanity-Wholesale-Square-Ceramic-Matte-Basins-5-12x12.webp 12w, https:\/\/www.ceramicbasin.com\/wp-content\/uploads\/2026\/01\/Above-Counter-Wash-Hand-Basin-Black-Vanity-Wholesale-Square-Ceramic-Matte-Basins-5-285x285.webp 285w, https:\/\/www.ceramicbasin.com\/wp-content\/uploads\/2026\/01\/Above-Counter-Wash-Hand-Basin-Black-Vanity-Wholesale-Square-Ceramic-Matte-Basins-5-270x270.webp 270w, https:\/\/www.ceramicbasin.com\/wp-content\/uploads\/2026\/01\/Above-Counter-Wash-Hand-Basin-Black-Vanity-Wholesale-Square-Ceramic-Matte-Basins-5-540x540.webp 540w, https:\/\/www.ceramicbasin.com\/wp-content\/uploads\/2026\/01\/Above-Counter-Wash-Hand-Basin-Black-Vanity-Wholesale-Square-Ceramic-Matte-Basins-5-660x660.webp 660w\" sizes=\"(max-width: 1024px) 100vw, 1024px\" \/><\/figure>\n<\/div>\n<\/div>\n<\/div>\n<\/div>","protected":false},"excerpt":{"rendered":"<p>Bienvenue pour l'achat de lavabos de salle de bain en c\u00e9ramique. Ce bassin rectangulaire en gros pr\u00e9sente un design minimaliste moderne avec une gla\u00e7ure noire mate et lisse, qui s'harmonise parfaitement avec divers plans de travail tels que le marbre gris.<\/p>\n<table style=\"border-collapse: collapse; width: 311.02pt;\" border=\"0\" width=\"311\" cellspacing=\"0\" cellpadding=\"0\">\n<tbody>\n<tr style=\"height: 17.60pt;\">\n<td class=\"et3\" style=\"height: 17.60pt; width: 108.35pt;\" width=\"108\" height=\"17\">Fabricant<\/td>\n<td class=\"et3\" style=\"width: 202.95pt;\" width=\"202\">HanYu<\/td>\n<\/tr>\n<tr style=\"height: 17.60pt;\">\n<td class=\"et3\" style=\"height: 17.60pt;\" height=\"17\">Num\u00e9ro de mod\u00e8le.<\/td>\n<td class=\"et4\">HY-8025MB<\/td>\n<\/tr>\n<tr style=\"height: 17.60pt;\">\n<td class=\"et3\" style=\"height: 17.60pt;\" height=\"17\">Type<\/td>\n<td class=\"et3\">Bassin de comptoir<\/td>\n<\/tr>\n<tr style=\"height: 17.60pt;\">\n<td class=\"et3\" style=\"height: 17.60pt;\" height=\"17\">Forme<\/td>\n<td class=\"et3\">Forme carr\u00e9e<\/td>\n<\/tr>\n<tr style=\"height: 17.60pt;\">\n<td class=\"et4\" style=\"height: 17.60pt;\" height=\"17\">Couleur<\/td>\n<td class=\"et3\">Noir mat<\/td>\n<\/tr>\n<tr style=\"height: 18.00pt;\">\n<td class=\"et3\" style=\"height: 18.00pt;\" height=\"18\">Dimension<\/td>\n<td class=\"et5\" style=\"width: 202.95pt;\" width=\"202\">38.5*38.5*13.5<\/td>\n<\/tr>\n<tr style=\"height: 17.60pt;\">\n<td class=\"et3\" style=\"height: 17.60pt;\" height=\"17\">N.W \/SET<\/td>\n<td class=\"et3\">7KGS\/PCS<\/td>\n<\/tr>\n<tr style=\"height: 17.60pt;\">\n<td class=\"et3\" style=\"height: 17.60pt;\" height=\"17\">MOQ<\/td>\n<td class=\"et3\">20pcs<\/td>\n<\/tr>\n<tr style=\"height: 17.60pt;\">\n<td class=\"et3\" style=\"height: 17.60pt;\" height=\"17\">Option personnalis\u00e9e<\/td>\n<td class=\"et3\">Color\/Patten\/Size\/Logo\/Package-<\/td>\n<\/tr>\n<\/tbody>\n<\/table>","protected":false},"featured_media":8955,"comment_status":"closed","ping_status":"closed","template":"","meta":{"_acf_changed":false},"product_brand":[],"product_cat":[50,55],"product_tag":[],"class_list":{"0":"post-8953","1":"product","2":"type-product","3":"status-publish","4":"has-post-thumbnail","6":"product_cat-wholesale-countertop-sinks","7":"product_cat-wholesale-matte-sinks","9":"first","10":"instock","11":"shipping-taxable","12":"product-type-simple"},"acf":[],"_links":{"self":[{"href":"https:\/\/www.ceramicbasin.com\/fr\/wp-json\/wp\/v2\/product\/8953","targetHints":{"allow":["GET"]}}],"collection":[{"href":"https:\/\/www.ceramicbasin.com\/fr\/wp-json\/wp\/v2\/product"}],"about":[{"href":"https:\/\/www.ceramicbasin.com\/fr\/wp-json\/wp\/v2\/types\/product"}],"replies":[{"embeddable":true,"href":"https:\/\/www.ceramicbasin.com\/fr\/wp-json\/wp\/v2\/comments?post=8953"}],"wp:featuredmedia":[{"embeddable":true,"href":"https:\/\/www.ceramicbasin.com\/fr\/wp-json\/wp\/v2\/media\/8955"}],"wp:attachment":[{"href":"https:\/\/www.ceramicbasin.com\/fr\/wp-json\/wp\/v2\/media?parent=8953"}],"wp:term":[{"taxonomy":"product_brand","embeddable":true,"href":"https:\/\/www.ceramicbasin.com\/fr\/wp-json\/wp\/v2\/product_brand?post=8953"},{"taxonomy":"product_cat","embeddable":true,"href":"https:\/\/www.ceramicbasin.com\/fr\/wp-json\/wp\/v2\/product_cat?post=8953"},{"taxonomy":"product_tag","embeddable":true,"href":"https:\/\/www.ceramicbasin.com\/fr\/wp-json\/wp\/v2\/product_tag?post=8953"}],"curies":[{"name":"wp","href":"https:\/\/api.w.org\/{rel}","templated":true}]}}