{"id":8959,"date":"2026-01-26T02:12:18","date_gmt":"2026-01-26T02:12:18","guid":{"rendered":"https:\/\/www.ceramicbasin.com\/?post_type=product&#038;p=8959"},"modified":"2026-01-26T02:12:20","modified_gmt":"2026-01-26T02:12:20","slug":"ceramic-vessel-sinks-wholesale-2","status":"publish","type":"product","link":"https:\/\/www.ceramicbasin.com\/fr\/produit\/ceramic-vessel-sinks-wholesale-2\/","title":{"rendered":"Vasques en c\u00e9ramique Wholesale, Vasques de salle de bain modernes roses"},"content":{"rendered":"<div class=\"wp-block-columns is-layout-flex wp-container-core-columns-is-layout-9d6595d7 wp-block-columns-is-layout-flex\">\n<div class=\"wp-block-column is-layout-flow wp-block-column-is-layout-flow\">\n<h2 class=\"wp-block-heading\">Premium Ceramic Vessel Sinks Wholesale Caract\u00e9ristiques :<\/h2>\n\n\n\n<ul class=\"wp-block-list\">\n<li><strong>Esth\u00e9tique douce Sch\u00e9ma de couleurs :<\/strong> Nos \u00e9viers en c\u00e9ramique utilisent une gla\u00e7ure rose mate exclusivement formul\u00e9e, une couleur douce, sophistiqu\u00e9e et non brillante qui s'harmonise facilement avec divers mat\u00e9riaux tels que le m\u00e9tal et le marbre, cr\u00e9ant ainsi une atmosph\u00e8re chaleureuse et apaisante dans la salle de bains.<\/li>\n\n\n\n<li><strong>Mat\u00e9riau c\u00e9ramique s\u00e9lectionn\u00e9 : <\/strong>Nos vasques en c\u00e9ramique sont fabriqu\u00e9es en c\u00e9ramique cuite \u00e0 haute temp\u00e9rature, ce qui permet d'obtenir un \u00e9mail dense, lisse et facile \u00e0 nettoyer. La finition mate emp\u00eache l'accumulation de calcaire et conserve un \u00e9clat chaleureux m\u00eame apr\u00e8s une utilisation prolong\u00e9e.<\/li>\n\n\n\n<li><strong>Adaptabilit\u00e9 multi-sc\u00e8ne :<\/strong> Ces \u00e9viers en c\u00e9ramique, d'une taille mod\u00e9r\u00e9e de 365 mm, sont parfaits pour ajouter une touche d'\u00e9l\u00e9gance \u00e0 la vanit\u00e9 d'une salle de bains principale, ainsi qu'aux salles de bains des invit\u00e9s et aux dressings, r\u00e9pondant ainsi aux besoins personnalis\u00e9s des h\u00f4tels de charme, des espaces \u00e0 th\u00e8me f\u00e9minin et d'autres projets commerciaux.<\/li>\n\n\n\n<li><strong>Approvisionnement flexible des grossistes : <\/strong>Nos bassins c\u00e9ramiques en gros offrent des ensembles complets, des bassins individuels aux ensembles comprenant un robinet et une bonde \u00e0 th\u00e8me rose, ce qui permet de r\u00e9duire les co\u00fbts d'approvisionnement globaux et d'assurer la coh\u00e9rence du style.<\/li>\n<\/ul>\n<\/div>\n\n\n\n<div class=\"wp-block-column is-layout-flow wp-block-column-is-layout-flow\">\n<figure class=\"wp-block-image size-full\"><img fetchpriority=\"high\" decoding=\"async\" width=\"1024\" height=\"1024\" src=\"https:\/\/www.ceramicbasin.com\/wp-content\/uploads\/2026\/01\/Hot-Sales-Bathroom-Above-Counter-Sink-Modern-Design-Sanitary-Ware-Round-Sinks-Ceramic-Wash-Hand-Basin-5.webp\" alt=\"Hot Sales Bathroom Above Counter Sink, Modern Design Sanitary Ware Round Sinks, Ceramic Wash Hand Basin\" class=\"wp-image-8964\" srcset=\"https:\/\/www.ceramicbasin.com\/wp-content\/uploads\/2026\/01\/Hot-Sales-Bathroom-Above-Counter-Sink-Modern-Design-Sanitary-Ware-Round-Sinks-Ceramic-Wash-Hand-Basin-5.webp 1024w, https:\/\/www.ceramicbasin.com\/wp-content\/uploads\/2026\/01\/Hot-Sales-Bathroom-Above-Counter-Sink-Modern-Design-Sanitary-Ware-Round-Sinks-Ceramic-Wash-Hand-Basin-5-300x300.webp 300w, https:\/\/www.ceramicbasin.com\/wp-content\/uploads\/2026\/01\/Hot-Sales-Bathroom-Above-Counter-Sink-Modern-Design-Sanitary-Ware-Round-Sinks-Ceramic-Wash-Hand-Basin-5-150x150.webp 150w, https:\/\/www.ceramicbasin.com\/wp-content\/uploads\/2026\/01\/Hot-Sales-Bathroom-Above-Counter-Sink-Modern-Design-Sanitary-Ware-Round-Sinks-Ceramic-Wash-Hand-Basin-5-768x768.webp 768w, https:\/\/www.ceramicbasin.com\/wp-content\/uploads\/2026\/01\/Hot-Sales-Bathroom-Above-Counter-Sink-Modern-Design-Sanitary-Ware-Round-Sinks-Ceramic-Wash-Hand-Basin-5-12x12.webp 12w, https:\/\/www.ceramicbasin.com\/wp-content\/uploads\/2026\/01\/Hot-Sales-Bathroom-Above-Counter-Sink-Modern-Design-Sanitary-Ware-Round-Sinks-Ceramic-Wash-Hand-Basin-5-285x285.webp 285w, https:\/\/www.ceramicbasin.com\/wp-content\/uploads\/2026\/01\/Hot-Sales-Bathroom-Above-Counter-Sink-Modern-Design-Sanitary-Ware-Round-Sinks-Ceramic-Wash-Hand-Basin-5-270x270.webp 270w, https:\/\/www.ceramicbasin.com\/wp-content\/uploads\/2026\/01\/Hot-Sales-Bathroom-Above-Counter-Sink-Modern-Design-Sanitary-Ware-Round-Sinks-Ceramic-Wash-Hand-Basin-5-540x540.webp 540w, https:\/\/www.ceramicbasin.com\/wp-content\/uploads\/2026\/01\/Hot-Sales-Bathroom-Above-Counter-Sink-Modern-Design-Sanitary-Ware-Round-Sinks-Ceramic-Wash-Hand-Basin-5-660x660.webp 660w\" sizes=\"(max-width: 1024px) 100vw, 1024px\" \/><\/figure>\n<\/div>\n<\/div>","protected":false},"excerpt":{"rendered":"<p>Bienvenue sur le site d'achat de vasques en c\u00e9ramique. Nos vasques en c\u00e9ramique rose mat sont dot\u00e9es d'un design moderne et minimaliste. L'\u00e9mail rose mat doux associ\u00e9 \u00e0 une forme de cuve lisse conf\u00e8re \u00e0 la salle de bains une sensation de douceur et de style.<\/p>\n<table style=\"border-collapse: collapse; width: 311.02pt;\" border=\"0\" width=\"311\" cellspacing=\"0\" cellpadding=\"0\">\n<tbody>\n<tr style=\"height: 17.60pt;\">\n<td class=\"et3\" style=\"height: 17.60pt; width: 108.35pt;\" width=\"108\" height=\"17\">Fabricant<\/td>\n<td class=\"et3\" style=\"width: 202.95pt;\" width=\"202\">HanYu<\/td>\n<\/tr>\n<tr style=\"height: 17.60pt;\">\n<td class=\"et3\" style=\"height: 17.60pt;\" height=\"17\">Num\u00e9ro de mod\u00e8le.<\/td>\n<td class=\"et4\">HY-8070YF1<\/td>\n<\/tr>\n<tr style=\"height: 17.60pt;\">\n<td class=\"et3\" style=\"height: 17.60pt;\" height=\"17\">Type<\/td>\n<td class=\"et3\">Bassin de comptoir<\/td>\n<\/tr>\n<tr style=\"height: 17.60pt;\">\n<td class=\"et3\" style=\"height: 17.60pt;\" height=\"17\">Forme<\/td>\n<td class=\"et3\">Forme ronde<\/td>\n<\/tr>\n<tr style=\"height: 17.60pt;\">\n<td class=\"et4\" style=\"height: 17.60pt;\" height=\"17\">Couleur<\/td>\n<td class=\"et3\">Rose<\/td>\n<\/tr>\n<tr style=\"height: 18.00pt;\">\n<td class=\"et3\" style=\"height: 18.00pt;\" height=\"18\">Dimension<\/td>\n<td class=\"et5\" style=\"width: 202.95pt;\" width=\"202\">36.5*36.5*12.5<\/td>\n<\/tr>\n<tr style=\"height: 17.60pt;\">\n<td class=\"et3\" style=\"height: 17.60pt;\" height=\"17\">N.W \/SET<\/td>\n<td class=\"et3\">7KGS\/PCS<\/td>\n<\/tr>\n<tr style=\"height: 17.60pt;\">\n<td class=\"et3\" style=\"height: 17.60pt;\" height=\"17\">MOQ<\/td>\n<td class=\"et3\">20pcs<\/td>\n<\/tr>\n<tr style=\"height: 17.60pt;\">\n<td class=\"et3\" style=\"height: 17.60pt;\" height=\"17\">Option personnalis\u00e9e<\/td>\n<td class=\"et3\">Color\/Patten\/Size\/Logo\/Package-<\/td>\n<\/tr>\n<\/tbody>\n<\/table>","protected":false},"featured_media":8963,"comment_status":"closed","ping_status":"closed","template":"","meta":{"_acf_changed":false},"product_brand":[],"product_cat":[50,55],"product_tag":[],"class_list":{"0":"post-8959","1":"product","2":"type-product","3":"status-publish","4":"has-post-thumbnail","6":"product_cat-wholesale-countertop-sinks","7":"product_cat-wholesale-matte-sinks","9":"first","10":"instock","11":"shipping-taxable","12":"product-type-simple"},"acf":[],"_links":{"self":[{"href":"https:\/\/www.ceramicbasin.com\/fr\/wp-json\/wp\/v2\/product\/8959","targetHints":{"allow":["GET"]}}],"collection":[{"href":"https:\/\/www.ceramicbasin.com\/fr\/wp-json\/wp\/v2\/product"}],"about":[{"href":"https:\/\/www.ceramicbasin.com\/fr\/wp-json\/wp\/v2\/types\/product"}],"replies":[{"embeddable":true,"href":"https:\/\/www.ceramicbasin.com\/fr\/wp-json\/wp\/v2\/comments?post=8959"}],"wp:featuredmedia":[{"embeddable":true,"href":"https:\/\/www.ceramicbasin.com\/fr\/wp-json\/wp\/v2\/media\/8963"}],"wp:attachment":[{"href":"https:\/\/www.ceramicbasin.com\/fr\/wp-json\/wp\/v2\/media?parent=8959"}],"wp:term":[{"taxonomy":"product_brand","embeddable":true,"href":"https:\/\/www.ceramicbasin.com\/fr\/wp-json\/wp\/v2\/product_brand?post=8959"},{"taxonomy":"product_cat","embeddable":true,"href":"https:\/\/www.ceramicbasin.com\/fr\/wp-json\/wp\/v2\/product_cat?post=8959"},{"taxonomy":"product_tag","embeddable":true,"href":"https:\/\/www.ceramicbasin.com\/fr\/wp-json\/wp\/v2\/product_tag?post=8959"}],"curies":[{"name":"wp","href":"https:\/\/api.w.org\/{rel}","templated":true}]}}