{"id":8965,"date":"2026-01-26T02:02:22","date_gmt":"2026-01-26T02:02:22","guid":{"rendered":"https:\/\/www.ceramicbasin.com\/?post_type=product&#038;p=8965"},"modified":"2026-01-26T02:02:24","modified_gmt":"2026-01-26T02:02:24","slug":"wholesale-matte-black-bathroom-basin","status":"publish","type":"product","link":"https:\/\/www.ceramicbasin.com\/fr\/produit\/wholesale-matte-black-bathroom-basin\/","title":{"rendered":"Wholesale Matte Black Bathroom Basin, OEM Round Shape Sinks (lavabos de forme ronde)"},"content":{"rendered":"<div class=\"wp-block-columns is-layout-flex wp-container-core-columns-is-layout-9d6595d7 wp-block-columns-is-layout-flex\">\n<div class=\"wp-block-column is-layout-flow wp-block-column-is-layout-flow\">\n<h2 class=\"wp-block-heading\">Premium Wholesale Matte Black Bathroom Basin Caract\u00e9ristiques :<\/h2>\n\n\n\n<ul class=\"wp-block-list\">\n<li><strong>Finition mate textur\u00e9e :<\/strong> Ce lavabo de salle de bains noir mat est dot\u00e9 d'une surface r\u00e9sistante aux empreintes digitales et aux taches d'eau. Le design en forme de vague verticale am\u00e9liore \u00e0 la fois l'attrait visuel et l'exp\u00e9rience tactile.<\/li>\n\n\n\n<li><strong>Design comestible :<\/strong> Cet \u00e9vier de salle de bains en c\u00e9ramique a une profondeur raisonnable de 180 mm et un trou d'\u00e9vacuation central pour un drainage rapide sans \u00e9claboussures. Sa taille compacte de 410 mm convient \u00e0 de nombreux espaces de salle de bains.<\/li>\n\n\n\n<li><strong>Avantages de l'appariement des ensembles :<\/strong> Notre vasque de salle de bain noir mat peut \u00eatre assortie d'un robinet incurv\u00e9 noir et d'un distributeur de savon pour former un ensemble de salle de bain unifi\u00e9, r\u00e9duisant ainsi les co\u00fbts d'approvisionnement globaux.<\/li>\n\n\n\n<li><strong>Qualit\u00e9 commerciale :<\/strong> Cet \u00e9vier de salle de bains en c\u00e9ramique est dot\u00e9 d'une structure de bassin \u00e9paissie et de mat\u00e9riaux r\u00e9sistants aux rayures. Il r\u00e9pond aux besoins d'utilisation fr\u00e9quente des espaces commerciaux tels que les h\u00f4tels et les appartements. L'entretien est simple.<\/li>\n<\/ul>\n<\/div>\n\n\n\n<div class=\"wp-block-column is-layout-flow wp-block-column-is-layout-flow\">\n<figure class=\"wp-block-image size-full\"><img fetchpriority=\"high\" decoding=\"async\" width=\"1024\" height=\"1024\" src=\"https:\/\/www.ceramicbasin.com\/wp-content\/uploads\/2026\/01\/Sanitary-Ware-Matt-Black-Round-Shape-Basin-Ceramic-Wash-Hand-Lavatory-Counter-Top-basin-5.webp\" alt=\"Sanitary Ware Matt Black Round Shape Basin, Ceramic Wash Hand Lavatory Counter Top basin\" class=\"wp-image-8970\" srcset=\"https:\/\/www.ceramicbasin.com\/wp-content\/uploads\/2026\/01\/Sanitary-Ware-Matt-Black-Round-Shape-Basin-Ceramic-Wash-Hand-Lavatory-Counter-Top-basin-5.webp 1024w, https:\/\/www.ceramicbasin.com\/wp-content\/uploads\/2026\/01\/Sanitary-Ware-Matt-Black-Round-Shape-Basin-Ceramic-Wash-Hand-Lavatory-Counter-Top-basin-5-300x300.webp 300w, https:\/\/www.ceramicbasin.com\/wp-content\/uploads\/2026\/01\/Sanitary-Ware-Matt-Black-Round-Shape-Basin-Ceramic-Wash-Hand-Lavatory-Counter-Top-basin-5-150x150.webp 150w, https:\/\/www.ceramicbasin.com\/wp-content\/uploads\/2026\/01\/Sanitary-Ware-Matt-Black-Round-Shape-Basin-Ceramic-Wash-Hand-Lavatory-Counter-Top-basin-5-768x768.webp 768w, https:\/\/www.ceramicbasin.com\/wp-content\/uploads\/2026\/01\/Sanitary-Ware-Matt-Black-Round-Shape-Basin-Ceramic-Wash-Hand-Lavatory-Counter-Top-basin-5-12x12.webp 12w, https:\/\/www.ceramicbasin.com\/wp-content\/uploads\/2026\/01\/Sanitary-Ware-Matt-Black-Round-Shape-Basin-Ceramic-Wash-Hand-Lavatory-Counter-Top-basin-5-285x285.webp 285w, https:\/\/www.ceramicbasin.com\/wp-content\/uploads\/2026\/01\/Sanitary-Ware-Matt-Black-Round-Shape-Basin-Ceramic-Wash-Hand-Lavatory-Counter-Top-basin-5-270x270.webp 270w, https:\/\/www.ceramicbasin.com\/wp-content\/uploads\/2026\/01\/Sanitary-Ware-Matt-Black-Round-Shape-Basin-Ceramic-Wash-Hand-Lavatory-Counter-Top-basin-5-540x540.webp 540w, https:\/\/www.ceramicbasin.com\/wp-content\/uploads\/2026\/01\/Sanitary-Ware-Matt-Black-Round-Shape-Basin-Ceramic-Wash-Hand-Lavatory-Counter-Top-basin-5-660x660.webp 660w\" sizes=\"(max-width: 1024px) 100vw, 1024px\" \/><\/figure>\n<\/div>\n<\/div>","protected":false},"excerpt":{"rendered":"<p>Bienvenue pour l'achat de lavabos de salle de bain en c\u00e9ramique. Notre vasque de salle de bain noir mat en gros pr\u00e9sente un design moderne minimaliste, avec une vasque ronde et une texture unique de vagues verticales, cr\u00e9ant un espace de salle de bain sophistiqu\u00e9.<\/p>\n<table style=\"border-collapse: collapse; width: 311.02pt;\" border=\"0\" width=\"311\" cellspacing=\"0\" cellpadding=\"0\">\n<tbody>\n<tr style=\"height: 17.60pt;\">\n<td class=\"et3\" style=\"height: 17.60pt; width: 108.35pt;\" width=\"108\" height=\"17\">Fabricant<\/td>\n<td class=\"et3\" style=\"width: 202.95pt;\" width=\"202\">HanYu<\/td>\n<\/tr>\n<tr style=\"height: 17.60pt;\">\n<td class=\"et3\" style=\"height: 17.60pt;\" height=\"17\">Num\u00e9ro de mod\u00e8le.<\/td>\n<td class=\"et4\">HY-8077MB<\/td>\n<\/tr>\n<tr style=\"height: 17.60pt;\">\n<td class=\"et3\" style=\"height: 17.60pt;\" height=\"17\">Type<\/td>\n<td class=\"et3\">Bassin de comptoir<\/td>\n<\/tr>\n<tr style=\"height: 17.60pt;\">\n<td class=\"et3\" style=\"height: 17.60pt;\" height=\"17\">Forme<\/td>\n<td class=\"et3\">Forme ronde<\/td>\n<\/tr>\n<tr style=\"height: 17.60pt;\">\n<td class=\"et4\" style=\"height: 17.60pt;\" height=\"17\">Couleur<\/td>\n<td class=\"et3\">Noir mat<\/td>\n<\/tr>\n<tr style=\"height: 18.00pt;\">\n<td class=\"et3\" style=\"height: 18.00pt;\" height=\"18\">Dimension<\/td>\n<td class=\"et5\" style=\"width: 202.95pt;\" width=\"202\">41*41*18<\/td>\n<\/tr>\n<tr style=\"height: 17.60pt;\">\n<td class=\"et3\" style=\"height: 17.60pt;\" height=\"17\">N.W \/SET<\/td>\n<td class=\"et3\">10KGS\/PCS<\/td>\n<\/tr>\n<tr style=\"height: 17.60pt;\">\n<td class=\"et3\" style=\"height: 17.60pt;\" height=\"17\">MOQ<\/td>\n<td class=\"et3\">20pcs<\/td>\n<\/tr>\n<tr style=\"height: 17.60pt;\">\n<td class=\"et3\" style=\"height: 17.60pt;\" height=\"17\">Option personnalis\u00e9e<\/td>\n<td class=\"et3\">Color\/Patten\/Size\/Logo\/Package-<\/td>\n<\/tr>\n<\/tbody>\n<\/table>","protected":false},"featured_media":8969,"comment_status":"closed","ping_status":"closed","template":"","meta":{"_acf_changed":false},"product_brand":[],"product_cat":[50,55],"product_tag":[],"class_list":{"0":"post-8965","1":"product","2":"type-product","3":"status-publish","4":"has-post-thumbnail","6":"product_cat-wholesale-countertop-sinks","7":"product_cat-wholesale-matte-sinks","9":"first","10":"instock","11":"shipping-taxable","12":"product-type-simple"},"acf":[],"_links":{"self":[{"href":"https:\/\/www.ceramicbasin.com\/fr\/wp-json\/wp\/v2\/product\/8965","targetHints":{"allow":["GET"]}}],"collection":[{"href":"https:\/\/www.ceramicbasin.com\/fr\/wp-json\/wp\/v2\/product"}],"about":[{"href":"https:\/\/www.ceramicbasin.com\/fr\/wp-json\/wp\/v2\/types\/product"}],"replies":[{"embeddable":true,"href":"https:\/\/www.ceramicbasin.com\/fr\/wp-json\/wp\/v2\/comments?post=8965"}],"wp:featuredmedia":[{"embeddable":true,"href":"https:\/\/www.ceramicbasin.com\/fr\/wp-json\/wp\/v2\/media\/8969"}],"wp:attachment":[{"href":"https:\/\/www.ceramicbasin.com\/fr\/wp-json\/wp\/v2\/media?parent=8965"}],"wp:term":[{"taxonomy":"product_brand","embeddable":true,"href":"https:\/\/www.ceramicbasin.com\/fr\/wp-json\/wp\/v2\/product_brand?post=8965"},{"taxonomy":"product_cat","embeddable":true,"href":"https:\/\/www.ceramicbasin.com\/fr\/wp-json\/wp\/v2\/product_cat?post=8965"},{"taxonomy":"product_tag","embeddable":true,"href":"https:\/\/www.ceramicbasin.com\/fr\/wp-json\/wp\/v2\/product_tag?post=8965"}],"curies":[{"name":"wp","href":"https:\/\/api.w.org\/{rel}","templated":true}]}}