{"id":8978,"date":"2026-01-30T05:45:47","date_gmt":"2026-01-30T05:45:47","guid":{"rendered":"https:\/\/www.ceramicbasin.com\/?post_type=product&#038;p=8978"},"modified":"2026-02-10T09:40:54","modified_gmt":"2026-02-10T09:40:54","slug":"wholesale-bath-sink-countertop","status":"publish","type":"product","link":"https:\/\/www.ceramicbasin.com\/fr\/produit\/wholesale-bath-sink-countertop\/","title":{"rendered":"Wholesale Bath Sink Countertop, Clean Glaze Ceramic Basin"},"content":{"rendered":"<div class=\"wp-block-columns is-layout-flex wp-container-core-columns-is-layout-9d6595d7 wp-block-columns-is-layout-flex\">\n<div class=\"wp-block-column is-layout-flow wp-block-column-is-layout-flow\">\n<h2 class=\"wp-block-heading\">Premium Wholesale Bath Sink Countertop Features :<\/h2>\n\n\n\n<ul class=\"wp-block-list\">\n<li><strong>C\u00e9ramique de haute qualit\u00e9 :<\/strong> Ces plans de travail pour \u00e9viers de salle de bains sont cuits \u00e0 haute temp\u00e9rature pour obtenir une surface beaucoup plus lisse et plus dense qui r\u00e9siste aux rayures et aux taches et qui est facile \u00e0 nettoyer.<\/li>\n\n\n\n<li><strong>Surface glac\u00e9e facile \u00e0 nettoyer :<\/strong> Ces comptoirs d'\u00e9vier de salle de bain en gros ont un gla\u00e7age lisse nano facile \u00e0 nettoyer qui r\u00e9siste aux taches, aux filigranes et aux r\u00e9sidus de savon. La surface non poreuse simplifie l'entretien quotidien et r\u00e9duit les co\u00fbts de nettoyage pour les h\u00f4tels et les projets immobiliers.<\/li>\n\n\n\n<li><strong>Stock en vrac : <\/strong>Ces \u00e9viers de salle de bain blancs en gros peuvent \u00eatre achet\u00e9s \u00e0 la fois en gros et dans le cadre de projets, r\u00e9pondant ainsi aux besoins de livraison rapide des d\u00e9taillants, des distributeurs et des clients de projets.<\/li>\n\n\n\n<li><strong>Polyvalent :<\/strong> Ces lavabos de comptoir de salle de bains personnalis\u00e9s conviennent aux vanit\u00e9s de salle de bains, aux h\u00f4tels, aux salles de bains commerciales et aux r\u00e9novations r\u00e9sidentielles, offrant \u00e0 la fois esth\u00e9tisme et praticit\u00e9.<\/li>\n<\/ul>\n<\/div>\n\n\n\n<div class=\"wp-block-column is-layout-flow wp-block-column-is-layout-flow\">\n<figure class=\"wp-block-image size-full\"><img fetchpriority=\"high\" decoding=\"async\" width=\"633\" height=\"785\" src=\"https:\/\/www.ceramicbasin.com\/wp-content\/uploads\/2026\/01\/Countertop-Ceramic-Counter-Bathroom-Sink-6.jpg\" alt=\"grossiste-lavabo-plan-de-comptoir-nettoyage-glacis-bassin-c\u00e9ramique-6\" class=\"wp-image-8994\" srcset=\"https:\/\/www.ceramicbasin.com\/wp-content\/uploads\/2026\/01\/Countertop-Ceramic-Counter-Bathroom-Sink-6.jpg 633w, https:\/\/www.ceramicbasin.com\/wp-content\/uploads\/2026\/01\/Countertop-Ceramic-Counter-Bathroom-Sink-6-242x300.jpg 242w, https:\/\/www.ceramicbasin.com\/wp-content\/uploads\/2026\/01\/Countertop-Ceramic-Counter-Bathroom-Sink-6-10x12.jpg 10w, https:\/\/www.ceramicbasin.com\/wp-content\/uploads\/2026\/01\/Countertop-Ceramic-Counter-Bathroom-Sink-6-285x353.jpg 285w, https:\/\/www.ceramicbasin.com\/wp-content\/uploads\/2026\/01\/Countertop-Ceramic-Counter-Bathroom-Sink-6-532x660.jpg 532w, https:\/\/www.ceramicbasin.com\/wp-content\/uploads\/2026\/01\/Countertop-Ceramic-Counter-Bathroom-Sink-6-121x150.jpg 121w\" sizes=\"(max-width: 633px) 100vw, 633px\" \/><\/figure>\n<\/div>\n<\/div>\n\n\n\n<p><\/p>","protected":false},"excerpt":{"rendered":"<p>Nous vous invitons \u00e0 acheter nos comptoirs d'\u00e9vier de salle de bain en gros. Ils sont dot\u00e9s d'une surface \u00e9maill\u00e9e facile \u00e0 nettoyer qui r\u00e9siste aux taches, aux rayures et \u00e0 l'usure quotidienne. Les lavabos ci-dessus conviennent aux h\u00f4tels, aux appartements, aux projets commerciaux et aux distributeurs d'articles sanitaires. Contactez-nous si vous souhaitez faire passer votre entreprise au niveau sup\u00e9rieur de lavabos de salle de bain avec des prix comp\u00e9titifs provenant d'usines de haute qualit\u00e9.<\/p>\n<table border=\"0\" width=\"311\" cellspacing=\"0\" cellpadding=\"0\">\n<tbody>\n<tr>\n<td width=\"108\" height=\"17\">Fabricant<\/td>\n<td width=\"202\">HanYu<\/td>\n<\/tr>\n<tr>\n<td height=\"17\">Num\u00e9ro de mod\u00e8le.<\/td>\n<td>HY-5006<\/td>\n<\/tr>\n<tr>\n<td height=\"17\">Type<\/td>\n<td>Bassin de comptoir<\/td>\n<\/tr>\n<tr>\n<td height=\"17\">Forme<\/td>\n<td>Forme ovale<\/td>\n<\/tr>\n<tr>\n<td height=\"17\">Couleur<\/td>\n<td>Blanc<\/td>\n<\/tr>\n<tr>\n<td height=\"18\">Dimension<\/td>\n<td width=\"202\">59*42*14<\/td>\n<\/tr>\n<tr>\n<td height=\"17\">N.W \/SET<\/td>\n<td>12 KGS\/PCS<\/td>\n<\/tr>\n<tr>\n<td height=\"17\">MOQ<\/td>\n<td>20pcs<\/td>\n<\/tr>\n<tr>\n<td height=\"17\">Option personnalis\u00e9e<\/td>\n<td>Couleur\/Pattenue\/Taille\/Logo\/Emballage<\/td>\n<\/tr>\n<\/tbody>\n<\/table>","protected":false},"featured_media":8995,"comment_status":"closed","ping_status":"closed","template":"","meta":{"_acf_changed":false},"product_brand":[],"product_cat":[50],"product_tag":[],"class_list":{"0":"post-8978","1":"product","2":"type-product","3":"status-publish","4":"has-post-thumbnail","6":"product_cat-wholesale-countertop-sinks","8":"first","9":"instock","10":"shipping-taxable","11":"product-type-simple"},"acf":[],"_links":{"self":[{"href":"https:\/\/www.ceramicbasin.com\/fr\/wp-json\/wp\/v2\/product\/8978","targetHints":{"allow":["GET"]}}],"collection":[{"href":"https:\/\/www.ceramicbasin.com\/fr\/wp-json\/wp\/v2\/product"}],"about":[{"href":"https:\/\/www.ceramicbasin.com\/fr\/wp-json\/wp\/v2\/types\/product"}],"replies":[{"embeddable":true,"href":"https:\/\/www.ceramicbasin.com\/fr\/wp-json\/wp\/v2\/comments?post=8978"}],"wp:featuredmedia":[{"embeddable":true,"href":"https:\/\/www.ceramicbasin.com\/fr\/wp-json\/wp\/v2\/media\/8995"}],"wp:attachment":[{"href":"https:\/\/www.ceramicbasin.com\/fr\/wp-json\/wp\/v2\/media?parent=8978"}],"wp:term":[{"taxonomy":"product_brand","embeddable":true,"href":"https:\/\/www.ceramicbasin.com\/fr\/wp-json\/wp\/v2\/product_brand?post=8978"},{"taxonomy":"product_cat","embeddable":true,"href":"https:\/\/www.ceramicbasin.com\/fr\/wp-json\/wp\/v2\/product_cat?post=8978"},{"taxonomy":"product_tag","embeddable":true,"href":"https:\/\/www.ceramicbasin.com\/fr\/wp-json\/wp\/v2\/product_tag?post=8978"}],"curies":[{"name":"wp","href":"https:\/\/api.w.org\/{rel}","templated":true}]}}