{"id":9001,"date":"2026-01-30T06:16:48","date_gmt":"2026-01-30T06:16:48","guid":{"rendered":"https:\/\/www.ceramicbasin.com\/?post_type=product&#038;p=9001"},"modified":"2026-02-10T10:12:03","modified_gmt":"2026-02-10T10:12:03","slug":"wholesale-ceramic-table-top-basin","status":"publish","type":"product","link":"https:\/\/www.ceramicbasin.com\/fr\/produit\/wholesale-ceramic-table-top-basin\/","title":{"rendered":"Wholesale Ceramic Table Top Basin, Custom Square Bath Sinks (lavabos de table en c\u00e9ramique)"},"content":{"rendered":"<div class=\"wp-block-columns is-layout-flex wp-container-core-columns-is-layout-9d6595d7 wp-block-columns-is-layout-flex\">\n<div class=\"wp-block-column is-layout-flow wp-block-column-is-layout-flow\">\n<h2 class=\"wp-block-heading\">Bassin de table en c\u00e9ramique de premi\u00e8re qualit\u00e9 (Wholesale) Caract\u00e9ristiques :<\/h2>\n\n\n\n<ul class=\"wp-block-list\">\n<li><strong>Plan de travail carr\u00e9 moderne :<\/strong> La vasque \u00e0 poser en c\u00e9ramique Wholesale pr\u00e9sente des lignes g\u00e9om\u00e9triques \u00e9pur\u00e9es et une esth\u00e9tique contemporaine. Elle se pose \u00e9l\u00e9gamment au-dessus du meuble-lavabo, am\u00e9liorant ainsi l'agencement visuel et constituant un choix populaire pour les h\u00f4tels, les appartements, les villas et les d\u00e9veloppements r\u00e9sidentiels de luxe.<\/li>\n\n\n\n<li><strong>Glacis lisse et entretien facile :<\/strong> Le bassin de table en c\u00e9ramique de gros a un \u00e9mail facile \u00e0 nettoyer, la surface est lisse et anti-salissures. Elle r\u00e9siste aux rayures, au calcaire et \u00e0 la d\u00e9coloration, et conserve un aspect brillant m\u00eame en cas d'utilisation fr\u00e9quente.<\/li>\n\n\n\n<li><strong>Approvisionnement en vrac et production stable :<\/strong> Notre \u00e9vier de salle de bain carr\u00e9 personnalis\u00e9 est un produit d'usine fourni en gros avec une capacit\u00e9 de production stable, une inspection stricte du contr\u00f4le qualit\u00e9 et un emballage d'exportation s\u00e9curis\u00e9 pour r\u00e9pondre aux commandes de gros volumes.<\/li>\n\n\n\n<li><strong>Polyvalent :<\/strong>\u00a0Ces lavabos de comptoir sont adapt\u00e9s aux vanit\u00e9s de salle de bains, aux h\u00f4tels, aux salles de bains commerciales et aux r\u00e9novations r\u00e9sidentielles, offrant \u00e0 la fois esth\u00e9tique et praticit\u00e9.<\/li>\n<\/ul>\n<\/div>\n\n\n\n<div class=\"wp-block-column is-layout-flow wp-block-column-is-layout-flow\">\n<figure class=\"wp-block-image size-full\"><img fetchpriority=\"high\" decoding=\"async\" width=\"649\" height=\"897\" src=\"https:\/\/www.ceramicbasin.com\/wp-content\/uploads\/2026\/01\/Vanity-Tops-Table-Tops-Ceramic-Basin-6.webp\" alt=\"wholesale-ceramic-table-top-basin-custom-square-bath-sinks-6\" class=\"wp-image-9003\" srcset=\"https:\/\/www.ceramicbasin.com\/wp-content\/uploads\/2026\/01\/Vanity-Tops-Table-Tops-Ceramic-Basin-6.webp 649w, https:\/\/www.ceramicbasin.com\/wp-content\/uploads\/2026\/01\/Vanity-Tops-Table-Tops-Ceramic-Basin-6-217x300.webp 217w, https:\/\/www.ceramicbasin.com\/wp-content\/uploads\/2026\/01\/Vanity-Tops-Table-Tops-Ceramic-Basin-6-9x12.webp 9w, https:\/\/www.ceramicbasin.com\/wp-content\/uploads\/2026\/01\/Vanity-Tops-Table-Tops-Ceramic-Basin-6-285x394.webp 285w, https:\/\/www.ceramicbasin.com\/wp-content\/uploads\/2026\/01\/Vanity-Tops-Table-Tops-Ceramic-Basin-6-478x660.webp 478w, https:\/\/www.ceramicbasin.com\/wp-content\/uploads\/2026\/01\/Vanity-Tops-Table-Tops-Ceramic-Basin-6-109x150.webp 109w\" sizes=\"(max-width: 649px) 100vw, 649px\" \/><\/figure>\n<\/div>\n<\/div>","protected":false},"excerpt":{"rendered":"<p>Nous vous invitons \u00e0 commander en gros notre bassin de table en c\u00e9ramique, qui se caract\u00e9rise par un design carr\u00e9 moderne, une construction durable en c\u00e9ramique cuite \u00e0 haute temp\u00e9rature et une finition glac\u00e9e lisse et facile \u00e0 nettoyer. Notre \u00e9vier de salle de bain \u00e0 poser en direct de l'usine pr\u00e9sente un design rectangulaire simple et \u00e9l\u00e9gant avec des lignes douces et un caract\u00e8re moderne. Id\u00e9al pour les h\u00f4tels, les projets r\u00e9sidentiels et les distributeurs d'articles sanitaires.<\/p>\n<table style=\"border-collapse: collapse; width: 358.52pt;\" border=\"0\" width=\"478\" cellspacing=\"0\" cellpadding=\"0\">\n<tbody>\n<tr style=\"height: 17.25pt;\">\n<td class=\"et3\" style=\"height: 17.25pt; width: 125.00pt;\" width=\"166\" height=\"23\">Fabricant<\/td>\n<td class=\"et3\" style=\"width: 234.15pt;\" width=\"312\">HanYu<\/td>\n<\/tr>\n<tr style=\"height: 17.25pt;\">\n<td class=\"et3\" style=\"height: 17.25pt;\" height=\"23\">Num\u00e9ro de mod\u00e8le.<\/td>\n<td class=\"et4\">HY-8035<\/td>\n<\/tr>\n<tr style=\"height: 17.25pt;\">\n<td class=\"et3\" style=\"height: 17.25pt;\" height=\"23\">Type<\/td>\n<td class=\"et5\" style=\"width: 234.15pt;\" width=\"312\">Eviers de comptoir<\/td>\n<\/tr>\n<tr style=\"height: 18.00pt;\">\n<td class=\"et3\" style=\"height: 18.00pt;\" height=\"24\">Forme<\/td>\n<td class=\"et3\">Forme rectangulaire<\/td>\n<\/tr>\n<tr style=\"height: 34.50pt;\">\n<td class=\"et4\" style=\"height: 34.50pt;\" height=\"46\">Couleur<\/td>\n<td class=\"et5\" style=\"width: 234.15pt;\" width=\"312\">noir\/blanc\/bleu\/gris\/rose\/vert\/marron\/kaki<\/td>\n<\/tr>\n<tr style=\"height: 18.00pt;\">\n<td class=\"et3\" style=\"height: 18.00pt;\" height=\"24\">Dimension<\/td>\n<td class=\"et5\" style=\"width: 234.15pt;\" width=\"312\">40.3*40.3*12<\/td>\n<\/tr>\n<tr style=\"height: 17.25pt;\">\n<td class=\"et3\" style=\"height: 17.25pt;\" height=\"23\">N.W \/SET<\/td>\n<td class=\"et3\">10KGS\/PCS<\/td>\n<\/tr>\n<tr style=\"height: 17.25pt;\">\n<td class=\"et3\" style=\"height: 17.25pt;\" height=\"23\">MOQ<\/td>\n<td class=\"et3\">20pcs<\/td>\n<\/tr>\n<tr style=\"height: 17.25pt;\">\n<td class=\"et3\" style=\"height: 17.25pt;\" height=\"23\">Option personnalis\u00e9e<\/td>\n<td class=\"et3\">Couleur\/Pattenue\/Taille\/Logo\/Emballage<\/td>\n<\/tr>\n<\/tbody>\n<\/table>","protected":false},"featured_media":9004,"comment_status":"closed","ping_status":"closed","template":"","meta":{"_acf_changed":false},"product_brand":[],"product_cat":[50],"product_tag":[],"class_list":{"0":"post-9001","1":"product","2":"type-product","3":"status-publish","4":"has-post-thumbnail","6":"product_cat-wholesale-countertop-sinks","8":"first","9":"instock","10":"shipping-taxable","11":"product-type-simple"},"acf":[],"_links":{"self":[{"href":"https:\/\/www.ceramicbasin.com\/fr\/wp-json\/wp\/v2\/product\/9001","targetHints":{"allow":["GET"]}}],"collection":[{"href":"https:\/\/www.ceramicbasin.com\/fr\/wp-json\/wp\/v2\/product"}],"about":[{"href":"https:\/\/www.ceramicbasin.com\/fr\/wp-json\/wp\/v2\/types\/product"}],"replies":[{"embeddable":true,"href":"https:\/\/www.ceramicbasin.com\/fr\/wp-json\/wp\/v2\/comments?post=9001"}],"wp:featuredmedia":[{"embeddable":true,"href":"https:\/\/www.ceramicbasin.com\/fr\/wp-json\/wp\/v2\/media\/9004"}],"wp:attachment":[{"href":"https:\/\/www.ceramicbasin.com\/fr\/wp-json\/wp\/v2\/media?parent=9001"}],"wp:term":[{"taxonomy":"product_brand","embeddable":true,"href":"https:\/\/www.ceramicbasin.com\/fr\/wp-json\/wp\/v2\/product_brand?post=9001"},{"taxonomy":"product_cat","embeddable":true,"href":"https:\/\/www.ceramicbasin.com\/fr\/wp-json\/wp\/v2\/product_cat?post=9001"},{"taxonomy":"product_tag","embeddable":true,"href":"https:\/\/www.ceramicbasin.com\/fr\/wp-json\/wp\/v2\/product_tag?post=9001"}],"curies":[{"name":"wp","href":"https:\/\/api.w.org\/{rel}","templated":true}]}}