{"id":9017,"date":"2026-01-30T07:22:13","date_gmt":"2026-01-30T07:22:13","guid":{"rendered":"https:\/\/www.ceramicbasin.com\/?post_type=product&#038;p=9017"},"modified":"2026-02-10T10:48:46","modified_gmt":"2026-02-10T10:48:46","slug":"wholesale-bathroom-lavatory-sinks","status":"publish","type":"product","link":"https:\/\/www.ceramicbasin.com\/fr\/produit\/wholesale-bathroom-lavatory-sinks\/","title":{"rendered":"Wholesale Bathroom Lavatory Sinks, Oval Wash Basin Supply"},"content":{"rendered":"<div class=\"wp-block-columns is-layout-flex wp-container-core-columns-is-layout-9d6595d7 wp-block-columns-is-layout-flex\">\n<div class=\"wp-block-column is-layout-flow wp-block-column-is-layout-flow\">\n<h2 class=\"wp-block-heading\">Premium Wholesale Bathroom Lavatory Sinks Caract\u00e9ristiques :<\/h2>\n\n\n\n<ul class=\"wp-block-list\">\n<li><strong>Bassin ovale classique Design :<\/strong> Les lavabos de salle de bains en gros ont une forme ovale ergonomique qui offre une zone de lavage spacieuse tout en r\u00e9duisant les \u00e9claboussures d'eau. Son design intemporel s'harmonise avec les int\u00e9rieurs de salles de bains modernes, contemporains et traditionnels.<\/li>\n\n\n\n<li><strong>Conception de taille g\u00e9n\u00e9reuse :<\/strong>\u00a0L'\u00e9vier de salle de bain de comptoir factory-direct avec une vasque de taille g\u00e9n\u00e9reuse r\u00e9pond au besoin d'espace d'un lavabo. Il n'est pas seulement pratique, mais il peut aussi am\u00e9liorer la qualit\u00e9 et le confort de la salle de bains. Il convient aux maisons et aux h\u00f4tels de luxe.<\/li>\n\n\n\n<li><strong>Installation universelle Compatibilit\u00e9 :<\/strong> Les lavabos de salle de bains en gros sont con\u00e7us pour s'adapter \u00e0 la plupart des plans de toilette et des syst\u00e8mes d'\u00e9vacuation standard dans le monde entier, ce qui simplifie l'installation pour les entrepreneurs et les acheteurs de projets.<\/li>\n\n\n\n<li><strong>Surface lisse et glac\u00e9e en blanc :<\/strong> Fini avec un \u00e9mail blanc brillant multicouche, le lavabo ovale de gros pr\u00e9sente une surface non poreuse et r\u00e9sistante aux taches qui est facile \u00e0 nettoyer et conserve son aspect brillant m\u00eame en cas d'utilisation quotidienne intensive.<\/li>\n\n\n\n<li><strong>Stock en vrac :<\/strong>\u00a0Les lavabos de salle de bains en gros peuvent \u00eatre achet\u00e9s en gros ou dans le cadre de projets, et r\u00e9pondent aux besoins de livraison rapide des d\u00e9taillants, des distributeurs et des clients de projets.<\/li>\n<\/ul>\n<\/div>\n\n\n\n<div class=\"wp-block-column is-layout-flow wp-block-column-is-layout-flow\">\n<figure class=\"wp-block-image size-full\"><img fetchpriority=\"high\" decoding=\"async\" width=\"683\" height=\"861\" src=\"https:\/\/www.ceramicbasin.com\/wp-content\/uploads\/2026\/01\/Elegant-Shape-Oval-Hand-Wash-Basin-6.webp\" alt=\"wholesale-bathroom-lavatory-sinks-oval-washbasin-supply-6\" class=\"wp-image-9018\" srcset=\"https:\/\/www.ceramicbasin.com\/wp-content\/uploads\/2026\/01\/Elegant-Shape-Oval-Hand-Wash-Basin-6.webp 683w, https:\/\/www.ceramicbasin.com\/wp-content\/uploads\/2026\/01\/Elegant-Shape-Oval-Hand-Wash-Basin-6-238x300.webp 238w, https:\/\/www.ceramicbasin.com\/wp-content\/uploads\/2026\/01\/Elegant-Shape-Oval-Hand-Wash-Basin-6-10x12.webp 10w, https:\/\/www.ceramicbasin.com\/wp-content\/uploads\/2026\/01\/Elegant-Shape-Oval-Hand-Wash-Basin-6-285x359.webp 285w, https:\/\/www.ceramicbasin.com\/wp-content\/uploads\/2026\/01\/Elegant-Shape-Oval-Hand-Wash-Basin-6-524x660.webp 524w, https:\/\/www.ceramicbasin.com\/wp-content\/uploads\/2026\/01\/Elegant-Shape-Oval-Hand-Wash-Basin-6-119x150.webp 119w\" sizes=\"(max-width: 683px) 100vw, 683px\" \/><\/figure>\n<\/div>\n<\/div>","protected":false},"excerpt":{"rendered":"<p>Bienvenue pour commander notre approvisionnement en lavabos de salle de bain en gros de taille normale, avec des designs ovales \u00e9maill\u00e9s blancs, une durabilit\u00e9 et une performance \u00e0 long terme. Avec une finition lisse r\u00e9sistante aux taches et une compatibilit\u00e9 d'installation universelle, nos lavabos ovales sont id\u00e9aux pour les projets de salles de bains commerciales. Avec des prix directs d'usine, une capacit\u00e9 d'approvisionnement en vrac et des services complets de personnalisation OEM\/ODM, nous aidons les importateurs mondiaux et les distributeurs d'articles sanitaires \u00e0 trouver des solutions fiables en mati\u00e8re de lavabos en c\u00e9ramique.<\/p>\n<table style=\"border-collapse: collapse; width: 358.52pt;\" border=\"0\" width=\"478\" cellspacing=\"0\" cellpadding=\"0\">\n<tbody>\n<tr style=\"height: 17.25pt;\">\n<td class=\"et3\" style=\"height: 17.25pt; width: 125.00pt;\" width=\"166\" height=\"23\">Fabricant<\/td>\n<td class=\"et3\" style=\"width: 234.15pt;\" width=\"312\">HanYu<\/td>\n<\/tr>\n<tr style=\"height: 17.25pt;\">\n<td class=\"et3\" style=\"height: 17.25pt;\" height=\"23\">Num\u00e9ro de mod\u00e8le.<\/td>\n<td class=\"et4\">HY-8061<\/td>\n<\/tr>\n<tr style=\"height: 17.25pt;\">\n<td class=\"et3\" style=\"height: 17.25pt;\" height=\"23\">Type<\/td>\n<td class=\"et5\" style=\"width: 234.15pt;\" width=\"312\">Eviers de comptoir<\/td>\n<\/tr>\n<tr style=\"height: 18.00pt;\">\n<td class=\"et3\" style=\"height: 18.00pt;\" height=\"24\">Forme<\/td>\n<td class=\"et3\">Forme ovale<\/td>\n<\/tr>\n<tr style=\"height: 34.50pt;\">\n<td class=\"et4\" style=\"height: 34.50pt;\" height=\"46\">Couleur<\/td>\n<td class=\"et5\" style=\"width: 234.15pt;\" width=\"312\">noir\/blanc\/bleu\/gris\/rose\/vert\/marron\/kaki<\/td>\n<\/tr>\n<tr style=\"height: 18.00pt;\">\n<td class=\"et3\" style=\"height: 18.00pt;\" height=\"24\">Dimension<\/td>\n<td class=\"et5\" style=\"width: 234.15pt;\" width=\"312\">59.5*41.5*11<\/td>\n<\/tr>\n<tr style=\"height: 17.25pt;\">\n<td class=\"et3\" style=\"height: 17.25pt;\" height=\"23\">N.W \/SET<\/td>\n<td class=\"et3\">13KGS\/PCS<\/td>\n<\/tr>\n<tr style=\"height: 17.25pt;\">\n<td class=\"et3\" style=\"height: 17.25pt;\" height=\"23\">MOQ<\/td>\n<td class=\"et3\">20pcs<\/td>\n<\/tr>\n<tr style=\"height: 17.25pt;\">\n<td class=\"et3\" style=\"height: 17.25pt;\" height=\"23\">Option personnalis\u00e9e<\/td>\n<td class=\"et3\">Couleur\/Pattenue\/Taille\/Logo\/Emballage<\/td>\n<\/tr>\n<\/tbody>\n<\/table>","protected":false},"featured_media":9019,"comment_status":"closed","ping_status":"closed","template":"","meta":{"_acf_changed":false},"product_brand":[],"product_cat":[50],"product_tag":[],"class_list":{"0":"post-9017","1":"product","2":"type-product","3":"status-publish","4":"has-post-thumbnail","6":"product_cat-wholesale-countertop-sinks","8":"first","9":"instock","10":"shipping-taxable","11":"product-type-simple"},"acf":[],"_links":{"self":[{"href":"https:\/\/www.ceramicbasin.com\/fr\/wp-json\/wp\/v2\/product\/9017","targetHints":{"allow":["GET"]}}],"collection":[{"href":"https:\/\/www.ceramicbasin.com\/fr\/wp-json\/wp\/v2\/product"}],"about":[{"href":"https:\/\/www.ceramicbasin.com\/fr\/wp-json\/wp\/v2\/types\/product"}],"replies":[{"embeddable":true,"href":"https:\/\/www.ceramicbasin.com\/fr\/wp-json\/wp\/v2\/comments?post=9017"}],"wp:featuredmedia":[{"embeddable":true,"href":"https:\/\/www.ceramicbasin.com\/fr\/wp-json\/wp\/v2\/media\/9019"}],"wp:attachment":[{"href":"https:\/\/www.ceramicbasin.com\/fr\/wp-json\/wp\/v2\/media?parent=9017"}],"wp:term":[{"taxonomy":"product_brand","embeddable":true,"href":"https:\/\/www.ceramicbasin.com\/fr\/wp-json\/wp\/v2\/product_brand?post=9017"},{"taxonomy":"product_cat","embeddable":true,"href":"https:\/\/www.ceramicbasin.com\/fr\/wp-json\/wp\/v2\/product_cat?post=9017"},{"taxonomy":"product_tag","embeddable":true,"href":"https:\/\/www.ceramicbasin.com\/fr\/wp-json\/wp\/v2\/product_tag?post=9017"}],"curies":[{"name":"wp","href":"https:\/\/api.w.org\/{rel}","templated":true}]}}