{"id":9061,"date":"2026-02-10T10:58:55","date_gmt":"2026-02-10T10:58:55","guid":{"rendered":"https:\/\/www.ceramicbasin.com\/?post_type=product&#038;p=9061"},"modified":"2026-02-10T10:59:00","modified_gmt":"2026-02-10T10:59:00","slug":"custom-glass-vessel-sinks","status":"publish","type":"product","link":"https:\/\/www.ceramicbasin.com\/fr\/produit\/custom-glass-vessel-sinks\/","title":{"rendered":"\u00c9viers en verre sur mesure, \u00e9viers de comptoir en vrac pour armoires"},"content":{"rendered":"<div class=\"wp-block-columns is-layout-flex wp-container-core-columns-is-layout-9d6595d7 wp-block-columns-is-layout-flex\">\n<div class=\"wp-block-column is-layout-flow wp-block-column-is-layout-flow\">\n<h2 class=\"wp-block-heading\">Premium Custom Glass Vessel Sinks Caract\u00e9ristiques :<\/h2>\n\n\n\n<ul class=\"wp-block-list\">\n<li><strong>Mat\u00e9riau exquis :\u00a0<\/strong>Ces \u00e9viers en verre personnalis\u00e9s sont fabriqu\u00e9s en verre de haute qualit\u00e9, tr\u00e8s transparent et brillant, ce qui leur conf\u00e8re un effet visuel unique et une touche de modernit\u00e9.<\/li>\n\n\n\n<li><strong>Plusieurs options de couleurs :<\/strong>\u00a0Une vari\u00e9t\u00e9 de couleurs est offerte par nos \u00e9viers en verre sur mesure qui peuvent compl\u00e9ter et s'harmoniser avec la plupart des d\u00e9corations et styles d'int\u00e9rieur, ainsi qu'avec les pr\u00e9f\u00e9rences personnelles, apportant ainsi dynamisme et identit\u00e9 \u00e0 une salle de bains.<\/li>\n\n\n\n<li><strong>Facile \u00e0 nettoyer :<\/strong>\u00a0Avec une surface en verre lisse, ces \u00e9viers en verre sur mesure sont r\u00e9sistants aux taches et aux moisissures, faciles \u00e0 nettoyer et \u00e0 entretenir, garantissant l'hygi\u00e8ne et la propret\u00e9 lors de l'utilisation quotidienne.<\/li>\n\n\n\n<li><strong>Design exquis :\u00a0<\/strong>Cet \u00e9vier en verre est con\u00e7u dans un style moderne, avec de belles lignes et convient \u00e0 tous les types d'agencement de salle de bains, mettant en valeur la beaut\u00e9 de l'espace dans son ensemble.<\/li>\n\n\n\n<li><strong>Approvisionnement en vrac et production stable :<\/strong> L'approvisionnement en gros direct de l'usine avec une capacit\u00e9 de production stable, une inspection stricte du contr\u00f4le de qualit\u00e9 et un emballage d'exportation s\u00e9curis\u00e9 pour r\u00e9pondre aux commandes de gros volumes.<\/li>\n<\/ul>\n<\/div>\n\n\n\n<div class=\"wp-block-column is-layout-flow wp-block-column-is-layout-flow\">\n<figure class=\"wp-block-image size-full\"><img fetchpriority=\"high\" decoding=\"async\" width=\"800\" height=\"800\" src=\"https:\/\/www.ceramicbasin.com\/wp-content\/uploads\/2026\/02\/Fashion-design-counter-top-glass-vessle-sinks-bowl-for-cabinet-1.webp\" alt=\"custom-glass-vessel-sinks-bulk-countertop-sinks-for-cabinet-1\" class=\"wp-image-9053\" srcset=\"https:\/\/www.ceramicbasin.com\/wp-content\/uploads\/2026\/02\/Fashion-design-counter-top-glass-vessle-sinks-bowl-for-cabinet-1.webp 800w, https:\/\/www.ceramicbasin.com\/wp-content\/uploads\/2026\/02\/Fashion-design-counter-top-glass-vessle-sinks-bowl-for-cabinet-1-300x300.webp 300w, https:\/\/www.ceramicbasin.com\/wp-content\/uploads\/2026\/02\/Fashion-design-counter-top-glass-vessle-sinks-bowl-for-cabinet-1-150x150.webp 150w, https:\/\/www.ceramicbasin.com\/wp-content\/uploads\/2026\/02\/Fashion-design-counter-top-glass-vessle-sinks-bowl-for-cabinet-1-768x768.webp 768w, https:\/\/www.ceramicbasin.com\/wp-content\/uploads\/2026\/02\/Fashion-design-counter-top-glass-vessle-sinks-bowl-for-cabinet-1-12x12.webp 12w, https:\/\/www.ceramicbasin.com\/wp-content\/uploads\/2026\/02\/Fashion-design-counter-top-glass-vessle-sinks-bowl-for-cabinet-1-285x285.webp 285w, https:\/\/www.ceramicbasin.com\/wp-content\/uploads\/2026\/02\/Fashion-design-counter-top-glass-vessle-sinks-bowl-for-cabinet-1-270x270.webp 270w, https:\/\/www.ceramicbasin.com\/wp-content\/uploads\/2026\/02\/Fashion-design-counter-top-glass-vessle-sinks-bowl-for-cabinet-1-540x540.webp 540w, https:\/\/www.ceramicbasin.com\/wp-content\/uploads\/2026\/02\/Fashion-design-counter-top-glass-vessle-sinks-bowl-for-cabinet-1-660x660.webp 660w\" sizes=\"(max-width: 800px) 100vw, 800px\" \/><\/figure>\n<\/div>\n<\/div>","protected":false},"excerpt":{"rendered":"<p>Nous vous invitons \u00e0 acheter nos \u00e9viers en verre personnalis\u00e9s, qui constituent un choix de premier ordre pour les projets d'armoires de salle de bains modernes, en combinant un design artistique et une construction en verre durable. Avec des prix directs d'usine, un approvisionnement stable en vrac et un emballage de qualit\u00e9 export, nos \u00e9viers de comptoir en vrac sont id\u00e9aux pour les grossistes, les distributeurs d'articles sanitaires, les entrepreneurs et les acheteurs de projets h\u00f4teliers.<\/p>\n<table style=\"border-collapse: collapse; width: 358.52pt;\" border=\"0\" width=\"478\" cellspacing=\"0\" cellpadding=\"0\">\n<tbody>\n<tr style=\"height: 17.25pt;\">\n<td class=\"et3\" style=\"height: 17.25pt; width: 125.00pt;\" width=\"166\" height=\"23\">Fabricant<\/td>\n<td class=\"et3\" style=\"width: 234.15pt;\" width=\"312\">HanYu<\/td>\n<\/tr>\n<tr style=\"height: 17.25pt;\">\n<td class=\"et3\" style=\"height: 17.25pt;\" height=\"23\">Num\u00e9ro de mod\u00e8le.<\/td>\n<td class=\"et4\">HY-GL49<\/td>\n<\/tr>\n<tr style=\"height: 17.25pt;\">\n<td class=\"et3\" style=\"height: 17.25pt;\" height=\"23\">Type<\/td>\n<td class=\"et5\" style=\"width: 234.15pt;\" width=\"312\">Lavabo en verre<\/td>\n<\/tr>\n<tr style=\"height: 18.00pt;\">\n<td class=\"et3\" style=\"height: 18.00pt;\" height=\"24\">Forme<\/td>\n<td class=\"et3\">Forme ovale<\/td>\n<\/tr>\n<tr style=\"height: 34.50pt;\">\n<td class=\"et4\" style=\"height: 34.50pt;\" height=\"46\">Couleur<\/td>\n<td class=\"et5\" style=\"width: 234.15pt;\" width=\"312\">noir\/blanc\/bleu\/gris\/rose\/vert\/marron\/kaki<\/td>\n<\/tr>\n<tr style=\"height: 18.00pt;\">\n<td class=\"et3\" style=\"height: 18.00pt;\" height=\"24\">Dimension<\/td>\n<td class=\"et5\" style=\"width: 234.15pt;\" width=\"312\">51*35*15<\/td>\n<\/tr>\n<tr style=\"height: 17.25pt;\">\n<td class=\"et3\" style=\"height: 17.25pt;\" height=\"23\">N.W \/SET<\/td>\n<td class=\"et3\">8KGS\/PCS<\/td>\n<\/tr>\n<tr style=\"height: 17.25pt;\">\n<td class=\"et3\" style=\"height: 17.25pt;\" height=\"23\">MOQ<\/td>\n<td class=\"et3\">20pcs<\/td>\n<\/tr>\n<tr style=\"height: 17.25pt;\">\n<td class=\"et3\" style=\"height: 17.25pt;\" height=\"23\">Option personnalis\u00e9e<\/td>\n<td class=\"et3\">Couleur\/Pattenue\/Taille\/Logo\/Emballage<\/td>\n<\/tr>\n<\/tbody>\n<\/table>","protected":false},"featured_media":9057,"comment_status":"closed","ping_status":"closed","template":"","meta":{"_acf_changed":false},"product_brand":[],"product_cat":[52],"product_tag":[],"class_list":{"0":"post-9061","1":"product","2":"type-product","3":"status-publish","4":"has-post-thumbnail","6":"product_cat-wholesale-glass-vessel-sinks","8":"first","9":"instock","10":"shipping-taxable","11":"product-type-simple"},"acf":[],"_links":{"self":[{"href":"https:\/\/www.ceramicbasin.com\/fr\/wp-json\/wp\/v2\/product\/9061","targetHints":{"allow":["GET"]}}],"collection":[{"href":"https:\/\/www.ceramicbasin.com\/fr\/wp-json\/wp\/v2\/product"}],"about":[{"href":"https:\/\/www.ceramicbasin.com\/fr\/wp-json\/wp\/v2\/types\/product"}],"replies":[{"embeddable":true,"href":"https:\/\/www.ceramicbasin.com\/fr\/wp-json\/wp\/v2\/comments?post=9061"}],"wp:featuredmedia":[{"embeddable":true,"href":"https:\/\/www.ceramicbasin.com\/fr\/wp-json\/wp\/v2\/media\/9057"}],"wp:attachment":[{"href":"https:\/\/www.ceramicbasin.com\/fr\/wp-json\/wp\/v2\/media?parent=9061"}],"wp:term":[{"taxonomy":"product_brand","embeddable":true,"href":"https:\/\/www.ceramicbasin.com\/fr\/wp-json\/wp\/v2\/product_brand?post=9061"},{"taxonomy":"product_cat","embeddable":true,"href":"https:\/\/www.ceramicbasin.com\/fr\/wp-json\/wp\/v2\/product_cat?post=9061"},{"taxonomy":"product_tag","embeddable":true,"href":"https:\/\/www.ceramicbasin.com\/fr\/wp-json\/wp\/v2\/product_tag?post=9061"}],"curies":[{"name":"wp","href":"https:\/\/api.w.org\/{rel}","templated":true}]}}