{"id":9102,"date":"2026-02-09T02:20:49","date_gmt":"2026-02-09T02:20:49","guid":{"rendered":"https:\/\/www.ceramicbasin.com\/?post_type=product&#038;p=9102"},"modified":"2026-02-09T09:04:48","modified_gmt":"2026-02-09T09:04:48","slug":"wholesale-wall-hung-basins","status":"publish","type":"product","link":"https:\/\/www.ceramicbasin.com\/fr\/produit\/wholesale-wall-hung-basins\/","title":{"rendered":"Vasques murales de gros, \u00e9l\u00e9gantes, durables et peu encombrantes"},"content":{"rendered":"<div class=\"wp-block-columns is-layout-flex wp-container-core-columns-is-layout-9d6595d7 wp-block-columns-is-layout-flex\">\n<div class=\"wp-block-column is-layout-flow wp-block-column-is-layout-flow\">\n<h2 class=\"wp-block-heading\">Premium Wholesale Wall Hung Basins Caract\u00e9ristiques :<\/h2>\n\n\n\n<ul class=\"wp-block-list\">\n<li><strong>C\u00e9ramique de haute qualit\u00e9 pour la durabilit\u00e9 : <\/strong>Nos vasques suspendues en gros sont fabriqu\u00e9es en c\u00e9ramique \u00e9maill\u00e9e de haute qualit\u00e9, avec une texture dense, r\u00e9sistante aux taches et \u00e0 la corrosion. Ils sont durables et r\u00e9sistants aux fissures et \u00e0 l'usure, m\u00eame en cas d'utilisation prolong\u00e9e.<\/li>\n\n\n\n<li><strong>La conception murale permet d'\u00e9conomiser de l'espace : <\/strong>L'installation murale de cette vasque moderne de gros n'occupe pas l'espace au sol, ce qui facilite le nettoyage et permet d'\u00e9conomiser et d'optimiser l'espace dans les petites salles de bains, cr\u00e9ant ainsi une sensation plus spacieuse.<\/li>\n\n\n\n<li><strong>Design moderne pour une large compatibilit\u00e9 : <\/strong>Nos lavabos muraux en gros pr\u00e9sentent un design simple et \u00e9l\u00e9gant avec des options de couleurs classiques noir et blanc, s'int\u00e9grant facilement dans divers styles de d\u00e9coration tels que moderne et nordique, am\u00e9liorant ainsi l'attrait esth\u00e9tique de l'espace.<\/li>\n\n\n\n<li><strong>Installation facile et drainage efficace : <\/strong>Notre vasque murale moderne est con\u00e7ue pour faciliter l'installation et est livr\u00e9e avec des instructions d'installation claires. La forme de la vasque et le trou d'\u00e9vacuation, con\u00e7us scientifiquement, garantissent une \u00e9vacuation rapide et r\u00e9guli\u00e8re, r\u00e9duisant ainsi l'accumulation d'eau.<\/li>\n<\/ul>\n<\/div>\n\n\n\n<div class=\"wp-block-column is-layout-flow wp-block-column-is-layout-flow\">\n<figure class=\"wp-block-image size-full\"><img fetchpriority=\"high\" decoding=\"async\" width=\"800\" height=\"800\" src=\"https:\/\/www.ceramicbasin.com\/wp-content\/uploads\/2026\/02\/wall-mount-bathroom-sink\uff0cwall-hung-basin-sink\uff0csinks-bathroom5.webp\" alt=\"\" class=\"wp-image-9108\" srcset=\"https:\/\/www.ceramicbasin.com\/wp-content\/uploads\/2026\/02\/wall-mount-bathroom-sink\uff0cwall-hung-basin-sink\uff0csinks-bathroom5.webp 800w, https:\/\/www.ceramicbasin.com\/wp-content\/uploads\/2026\/02\/wall-mount-bathroom-sink\uff0cwall-hung-basin-sink\uff0csinks-bathroom5-300x300.webp 300w, https:\/\/www.ceramicbasin.com\/wp-content\/uploads\/2026\/02\/wall-mount-bathroom-sink\uff0cwall-hung-basin-sink\uff0csinks-bathroom5-150x150.webp 150w, https:\/\/www.ceramicbasin.com\/wp-content\/uploads\/2026\/02\/wall-mount-bathroom-sink\uff0cwall-hung-basin-sink\uff0csinks-bathroom5-768x768.webp 768w, https:\/\/www.ceramicbasin.com\/wp-content\/uploads\/2026\/02\/wall-mount-bathroom-sink\uff0cwall-hung-basin-sink\uff0csinks-bathroom5-12x12.webp 12w, https:\/\/www.ceramicbasin.com\/wp-content\/uploads\/2026\/02\/wall-mount-bathroom-sink\uff0cwall-hung-basin-sink\uff0csinks-bathroom5-285x285.webp 285w, https:\/\/www.ceramicbasin.com\/wp-content\/uploads\/2026\/02\/wall-mount-bathroom-sink\uff0cwall-hung-basin-sink\uff0csinks-bathroom5-270x270.webp 270w, https:\/\/www.ceramicbasin.com\/wp-content\/uploads\/2026\/02\/wall-mount-bathroom-sink\uff0cwall-hung-basin-sink\uff0csinks-bathroom5-540x540.webp 540w, https:\/\/www.ceramicbasin.com\/wp-content\/uploads\/2026\/02\/wall-mount-bathroom-sink\uff0cwall-hung-basin-sink\uff0csinks-bathroom5-660x660.webp 660w\" sizes=\"(max-width: 800px) 100vw, 800px\" \/><\/figure>\n<\/div>\n<\/div>\n\n\n\n<p><\/p>","protected":false},"excerpt":{"rendered":"<p>Bienvenue sur le site d'achat en gros de lavabos suspendus. Cette vasque murale moderne allie un design convivial \u00e0 un syst\u00e8me d'\u00e9vacuation en douceur. Elle convient \u00e0 divers espaces de salle de bains et constitue une solution solide, durable et peu encombrante.<\/p>\n<table style=\"border-collapse: collapse; width: 358.52pt;\" border=\"0\" width=\"478\" cellspacing=\"0\" cellpadding=\"0\">\n<tbody>\n<tr style=\"height: 17.25pt;\">\n<td class=\"et3\" style=\"height: 17.25pt; width: 125.00pt;\" width=\"166\" height=\"23\">Fabricant<\/td>\n<td class=\"et3\" style=\"width: 234.15pt;\" width=\"312\">HanYu<\/td>\n<\/tr>\n<tr style=\"height: 17.25pt;\">\n<td class=\"et3\" style=\"height: 17.25pt;\" height=\"23\">Num\u00e9ro de mod\u00e8le.<\/td>\n<td class=\"et4\">HY-3140<\/td>\n<\/tr>\n<tr style=\"height: 17.25pt;\">\n<td class=\"et3\" style=\"height: 17.25pt;\" height=\"23\">Type<\/td>\n<td class=\"et5\" style=\"width: 234.15pt;\" width=\"312\">\u00c9viers muraux<\/td>\n<\/tr>\n<tr style=\"height: 18.00pt;\">\n<td class=\"et3\" style=\"height: 18.00pt;\" height=\"24\">Forme<\/td>\n<td class=\"et3\">Forme rectangulaire<\/td>\n<\/tr>\n<tr style=\"height: 34.50pt;\">\n<td class=\"et4\" style=\"height: 34.50pt;\" height=\"46\">Couleur<\/td>\n<td class=\"et5\" style=\"width: 234.15pt;\" width=\"312\">noir\/blanc\/bleu\/gris\/rose\/vert\/marron\/kaki<\/td>\n<\/tr>\n<tr style=\"height: 18.00pt;\">\n<td class=\"et3\" style=\"height: 18.00pt;\" height=\"24\">Dimension<\/td>\n<td class=\"et5\" style=\"width: 234.15pt;\" width=\"312\">62*48*20<\/td>\n<\/tr>\n<tr style=\"height: 17.25pt;\">\n<td class=\"et3\" style=\"height: 17.25pt;\" height=\"23\">N.W \/SET<\/td>\n<td class=\"et3\">15 KGS\/PCS<\/td>\n<\/tr>\n<tr style=\"height: 17.25pt;\">\n<td class=\"et3\" style=\"height: 17.25pt;\" height=\"23\">MOQ<\/td>\n<td class=\"et3\">20pcs<\/td>\n<\/tr>\n<tr style=\"height: 17.25pt;\">\n<td class=\"et3\" style=\"height: 17.25pt;\" height=\"23\">Option personnalis\u00e9e<\/td>\n<td class=\"et3\">Couleur\/Pattenue\/Taille\/Logo\/Emballage<\/td>\n<\/tr>\n<\/tbody>\n<\/table>","protected":false},"featured_media":9103,"comment_status":"closed","ping_status":"closed","template":"","meta":{"_acf_changed":false},"product_brand":[],"product_cat":[57],"product_tag":[],"class_list":{"0":"post-9102","1":"product","2":"type-product","3":"status-publish","4":"has-post-thumbnail","6":"product_cat-wholesale-wall-mounted-sinks","8":"first","9":"instock","10":"shipping-taxable","11":"product-type-simple"},"acf":[],"_links":{"self":[{"href":"https:\/\/www.ceramicbasin.com\/fr\/wp-json\/wp\/v2\/product\/9102","targetHints":{"allow":["GET"]}}],"collection":[{"href":"https:\/\/www.ceramicbasin.com\/fr\/wp-json\/wp\/v2\/product"}],"about":[{"href":"https:\/\/www.ceramicbasin.com\/fr\/wp-json\/wp\/v2\/types\/product"}],"replies":[{"embeddable":true,"href":"https:\/\/www.ceramicbasin.com\/fr\/wp-json\/wp\/v2\/comments?post=9102"}],"wp:featuredmedia":[{"embeddable":true,"href":"https:\/\/www.ceramicbasin.com\/fr\/wp-json\/wp\/v2\/media\/9103"}],"wp:attachment":[{"href":"https:\/\/www.ceramicbasin.com\/fr\/wp-json\/wp\/v2\/media?parent=9102"}],"wp:term":[{"taxonomy":"product_brand","embeddable":true,"href":"https:\/\/www.ceramicbasin.com\/fr\/wp-json\/wp\/v2\/product_brand?post=9102"},{"taxonomy":"product_cat","embeddable":true,"href":"https:\/\/www.ceramicbasin.com\/fr\/wp-json\/wp\/v2\/product_cat?post=9102"},{"taxonomy":"product_tag","embeddable":true,"href":"https:\/\/www.ceramicbasin.com\/fr\/wp-json\/wp\/v2\/product_tag?post=9102"}],"curies":[{"name":"wp","href":"https:\/\/api.w.org\/{rel}","templated":true}]}}