{"id":9109,"date":"2026-02-09T05:13:51","date_gmt":"2026-02-09T05:13:51","guid":{"rendered":"https:\/\/www.ceramicbasin.com\/?post_type=product&#038;p=9109"},"modified":"2026-02-10T11:29:38","modified_gmt":"2026-02-10T11:29:38","slug":"custom-wall-mounted-bathroom-sink","status":"publish","type":"product","link":"https:\/\/www.ceramicbasin.com\/fr\/produit\/custom-wall-mounted-bathroom-sink\/","title":{"rendered":"Lavabo mural personnalis\u00e9, petit lavabo rectangulaire en vrac"},"content":{"rendered":"<div class=\"wp-block-columns is-layout-flex wp-container-core-columns-is-layout-9d6595d7 wp-block-columns-is-layout-flex\">\n<div class=\"wp-block-column is-layout-flow wp-block-column-is-layout-flow\">\n<h2 class=\"wp-block-heading\">Caract\u00e9ristiques de l'\u00e9vier de salle de bain mural personnalis\u00e9 Premium :<\/h2>\n\n\n\n<ul class=\"wp-block-list\">\n<li><strong>Excellente performance :<\/strong> Nos lavabos muraux personnalis\u00e9s sont fabriqu\u00e9s \u00e0 partir de mat\u00e9riaux c\u00e9ramiques de haute qualit\u00e9, ce qui leur conf\u00e8re une excellente durabilit\u00e9 et une grande r\u00e9sistance aux rayures et leur permet de rester en bon \u00e9tat m\u00eame apr\u00e8s une longue p\u00e9riode d'utilisation.<\/li>\n\n\n\n<li><strong>Options personnalisables :<\/strong> Notre \u00e9vier de salle de bain mural personnalis\u00e9 est disponible en diff\u00e9rentes couleurs, finitions de surface et emballages personnalisables, ce qui vous permet d'adapter le produit aux besoins sp\u00e9cifiques de votre marque et de votre march\u00e9.<\/li>\n\n\n\n<li><strong>Traitement de l'\u00e9mail facile \u00e0 nettoyer :\u00a0<\/strong>La surface de cet \u00e9vier en c\u00e9ramique suspendu adopte une technologie sp\u00e9ciale de gla\u00e7age facile \u00e0 nettoyer, qui est lisse et d\u00e9licate, les taches n'adh\u00e8rent pas et sont faciles \u00e0 nettoyer.<\/li>\n\n\n\n<li><strong>Montage mural Design :<\/strong> Ces lavabos de salle de bains en c\u00e9ramique sur mesure permettent d'\u00e9conomiser de l'espace au sol, de garder les petites salles de bains propres et nettes et de faciliter le nettoyage des sols.<\/li>\n\n\n\n<li><strong>Gagner de l'espace :<\/strong> Notre lavabo mural personnalis\u00e9 est destin\u00e9 aux petits appartements, aux chambres d'h\u00f4tel, aux toilettes publiques et \u00e0 tous les endroits o\u00f9 vous disposez d'un petit espace et o\u00f9 vous souhaitez utiliser l'espace mural.<\/li>\n\n\n\n<li><strong>R\u00e9sistance structurelle de qualit\u00e9 commerciale :<\/strong> Ces lavabos de salle de bains en c\u00e9ramique personnalis\u00e9s ont une structure robuste et une excellente capacit\u00e9 de charge. Ils conviennent aux salles de bains publiques ou commerciales \u00e0 forte fr\u00e9quentation.<\/li>\n<\/ul>\n<\/div>\n\n\n\n<div class=\"wp-block-column is-layout-flow wp-block-column-is-layout-flow\">\n<figure class=\"wp-block-image size-full\"><img fetchpriority=\"high\" decoding=\"async\" width=\"800\" height=\"800\" src=\"https:\/\/www.ceramicbasin.com\/wp-content\/uploads\/2026\/02\/vanity-sinks-for-bathroom\uff0cporcelain-bathroom-sink\uff0cwall-hung-sink5.webp\" alt=\"custom-wall-mounted-bathroom-sink-small-ceramic-basin-bulk-5\" class=\"wp-image-9115\" srcset=\"https:\/\/www.ceramicbasin.com\/wp-content\/uploads\/2026\/02\/vanity-sinks-for-bathroom\uff0cporcelain-bathroom-sink\uff0cwall-hung-sink5.webp 800w, https:\/\/www.ceramicbasin.com\/wp-content\/uploads\/2026\/02\/vanity-sinks-for-bathroom\uff0cporcelain-bathroom-sink\uff0cwall-hung-sink5-300x300.webp 300w, https:\/\/www.ceramicbasin.com\/wp-content\/uploads\/2026\/02\/vanity-sinks-for-bathroom\uff0cporcelain-bathroom-sink\uff0cwall-hung-sink5-150x150.webp 150w, https:\/\/www.ceramicbasin.com\/wp-content\/uploads\/2026\/02\/vanity-sinks-for-bathroom\uff0cporcelain-bathroom-sink\uff0cwall-hung-sink5-768x768.webp 768w, https:\/\/www.ceramicbasin.com\/wp-content\/uploads\/2026\/02\/vanity-sinks-for-bathroom\uff0cporcelain-bathroom-sink\uff0cwall-hung-sink5-12x12.webp 12w, https:\/\/www.ceramicbasin.com\/wp-content\/uploads\/2026\/02\/vanity-sinks-for-bathroom\uff0cporcelain-bathroom-sink\uff0cwall-hung-sink5-285x285.webp 285w, https:\/\/www.ceramicbasin.com\/wp-content\/uploads\/2026\/02\/vanity-sinks-for-bathroom\uff0cporcelain-bathroom-sink\uff0cwall-hung-sink5-270x270.webp 270w, https:\/\/www.ceramicbasin.com\/wp-content\/uploads\/2026\/02\/vanity-sinks-for-bathroom\uff0cporcelain-bathroom-sink\uff0cwall-hung-sink5-540x540.webp 540w, https:\/\/www.ceramicbasin.com\/wp-content\/uploads\/2026\/02\/vanity-sinks-for-bathroom\uff0cporcelain-bathroom-sink\uff0cwall-hung-sink5-660x660.webp 660w\" sizes=\"(max-width: 800px) 100vw, 800px\" \/><\/figure>\n<\/div>\n<\/div>\n\n\n\n<p><\/p>","protected":false},"excerpt":{"rendered":"<p>Nous vous invitons \u00e0 acheter nos lavabos muraux de haute qualit\u00e9, de forme rectangulaire, parfaits pour les lavabos peu encombrants dans les h\u00f4tels, les bureaux et les salles de bains r\u00e9sidentielles. Fabriqu\u00e9s en c\u00e9ramique durable, ils sont faciles \u00e0 nettoyer et peuvent \u00eatre personnalis\u00e9s en termes de taille, de couleur et de position du drain. Id\u00e9aux pour les achats en gros et les projets commerciaux, ils offrent des solutions pratiques, \u00e9l\u00e9gantes et hygi\u00e9niques pour les installations de salles de bains modernes.<\/p>\n<table border=\"0\" width=\"478\" cellspacing=\"0\" cellpadding=\"0\">\n<tbody>\n<tr>\n<td width=\"166\" height=\"23\">Fabricant<\/td>\n<td width=\"312\">HanYu<\/td>\n<\/tr>\n<tr>\n<td height=\"23\">Num\u00e9ro de mod\u00e8le.<\/td>\n<td>HY-3141L<\/td>\n<\/tr>\n<tr>\n<td height=\"23\">Type<\/td>\n<td width=\"312\">\u00c9viers muraux<\/td>\n<\/tr>\n<tr>\n<td height=\"24\">Forme<\/td>\n<td>Forme rectangulaire<\/td>\n<\/tr>\n<tr>\n<td height=\"46\">Couleur<\/td>\n<td width=\"312\">noir\/blanc\/bleu\/gris\/rose\/vert\/marron\/kaki<\/td>\n<\/tr>\n<tr>\n<td height=\"24\">Dimension<\/td>\n<td width=\"312\">43*27*25<\/td>\n<\/tr>\n<tr>\n<td height=\"23\">N.W \/SET<\/td>\n<td>15KGS\/PCS<\/td>\n<\/tr>\n<tr>\n<td height=\"23\">MOQ<\/td>\n<td>20pcs<\/td>\n<\/tr>\n<tr>\n<td height=\"23\">Option personnalis\u00e9e<\/td>\n<td>Couleur\/Pattenue\/Taille\/Logo\/Emballage<\/td>\n<\/tr>\n<\/tbody>\n<\/table>","protected":false},"featured_media":9113,"comment_status":"closed","ping_status":"closed","template":"","meta":{"_acf_changed":false},"product_brand":[],"product_cat":[57,56],"product_tag":[],"class_list":{"0":"post-9109","1":"product","2":"type-product","3":"status-publish","4":"has-post-thumbnail","6":"product_cat-wholesale-wall-mounted-sinks","7":"product_cat-wholesale-small-bathroom-sinks","9":"first","10":"instock","11":"shipping-taxable","12":"product-type-simple"},"acf":[],"_links":{"self":[{"href":"https:\/\/www.ceramicbasin.com\/fr\/wp-json\/wp\/v2\/product\/9109","targetHints":{"allow":["GET"]}}],"collection":[{"href":"https:\/\/www.ceramicbasin.com\/fr\/wp-json\/wp\/v2\/product"}],"about":[{"href":"https:\/\/www.ceramicbasin.com\/fr\/wp-json\/wp\/v2\/types\/product"}],"replies":[{"embeddable":true,"href":"https:\/\/www.ceramicbasin.com\/fr\/wp-json\/wp\/v2\/comments?post=9109"}],"wp:featuredmedia":[{"embeddable":true,"href":"https:\/\/www.ceramicbasin.com\/fr\/wp-json\/wp\/v2\/media\/9113"}],"wp:attachment":[{"href":"https:\/\/www.ceramicbasin.com\/fr\/wp-json\/wp\/v2\/media?parent=9109"}],"wp:term":[{"taxonomy":"product_brand","embeddable":true,"href":"https:\/\/www.ceramicbasin.com\/fr\/wp-json\/wp\/v2\/product_brand?post=9109"},{"taxonomy":"product_cat","embeddable":true,"href":"https:\/\/www.ceramicbasin.com\/fr\/wp-json\/wp\/v2\/product_cat?post=9109"},{"taxonomy":"product_tag","embeddable":true,"href":"https:\/\/www.ceramicbasin.com\/fr\/wp-json\/wp\/v2\/product_tag?post=9109"}],"curies":[{"name":"wp","href":"https:\/\/api.w.org\/{rel}","templated":true}]}}