{"id":9123,"date":"2026-02-09T05:24:01","date_gmt":"2026-02-09T05:24:01","guid":{"rendered":"https:\/\/www.ceramicbasin.com\/?post_type=product&#038;p=9123"},"modified":"2026-02-09T08:37:47","modified_gmt":"2026-02-09T08:37:47","slug":"wholesale-small-wall-hung-sinks","status":"publish","type":"product","link":"https:\/\/www.ceramicbasin.com\/fr\/produit\/wholesale-small-wall-hung-sinks\/","title":{"rendered":"Factory Direct Wholesale Small Wall Hung Sinks For Apartment"},"content":{"rendered":"<div class=\"wp-block-columns is-layout-flex wp-container-core-columns-is-layout-9d6595d7 wp-block-columns-is-layout-flex\">\n<div class=\"wp-block-column is-layout-flow wp-block-column-is-layout-flow\">\n<h2 class=\"wp-block-heading\">Premium Wholesale Small Wall Hung Sinks Caract\u00e9ristiques :<\/h2>\n\n\n\n<ul class=\"wp-block-list\">\n<li><strong>Ventes \u00e0 chaud : <\/strong>Ces petits \u00e9viers muraux en gros sont bien accueillis par le march\u00e9 en raison de leur durabilit\u00e9, de leur couleur uniforme, de leur facilit\u00e9 de nettoyage et d'entretien et de leur co\u00fbt \u00e9lev\u00e9.<\/li>\n\n\n\n<li><strong>Doux et d\u00e9licat : <\/strong>Nos petits lavabos de salle de bains en gros ont une surface lisse et d\u00e9licate qui est facile \u00e0 nettoyer et peut r\u00e9sister \u00e0 l'usure et aux taches dues \u00e0 l'utilisation quotidienne, ce qui leur permet de rester comme neufs pendant longtemps.<\/li>\n\n\n\n<li><strong>Grande capacit\u00e9 de production : <\/strong>Notre grand entrep\u00f4t contient diverses sortes de petits lavabos suspendus en gros. Choisissez les articles qui sont en production, nous avons suffisamment de bassins blancs pour fabriquer des bassins de couleur marbre, le d\u00e9lai d'exp\u00e9dition sera beaucoup plus court.<\/li>\n\n\n\n<li><strong>Montage mural Design :<\/strong> Ces petits lavabos de salle de bains personnalis\u00e9s permettent d'\u00e9conomiser l'espace au sol, de garder les petites salles de bains propres et nettes et de faciliter le nettoyage des sols. Ils sont destin\u00e9s aux petits appartements, aux chambres d'h\u00f4tel, aux toilettes publiques et \u00e0 tous les endroits o\u00f9 vous disposez d'un petit espace et o\u00f9 vous souhaitez utiliser l'espace mural.<\/li>\n\n\n\n<li><strong>R\u00e9sistance structurelle de qualit\u00e9 commerciale : <\/strong>Ces petits lavabos muraux en gros ont une structure robuste et une excellente capacit\u00e9 de charge. Ils conviennent aux toilettes publiques ou commerciales \u00e0 forte fr\u00e9quentation.<\/li>\n<\/ul>\n<\/div>\n\n\n\n<div class=\"wp-block-column is-layout-flow wp-block-column-is-layout-flow\">\n<figure class=\"wp-block-image size-full\"><img fetchpriority=\"high\" decoding=\"async\" width=\"800\" height=\"800\" src=\"https:\/\/www.ceramicbasin.com\/wp-content\/uploads\/2026\/02\/porcelain-bathroom-sink\uff0cceramic-bathroom-sink\uff0cwall-hung-bathroom-sink5.webp\" alt=\"\" class=\"wp-image-9129\" srcset=\"https:\/\/www.ceramicbasin.com\/wp-content\/uploads\/2026\/02\/porcelain-bathroom-sink\uff0cceramic-bathroom-sink\uff0cwall-hung-bathroom-sink5.webp 800w, https:\/\/www.ceramicbasin.com\/wp-content\/uploads\/2026\/02\/porcelain-bathroom-sink\uff0cceramic-bathroom-sink\uff0cwall-hung-bathroom-sink5-300x300.webp 300w, https:\/\/www.ceramicbasin.com\/wp-content\/uploads\/2026\/02\/porcelain-bathroom-sink\uff0cceramic-bathroom-sink\uff0cwall-hung-bathroom-sink5-150x150.webp 150w, https:\/\/www.ceramicbasin.com\/wp-content\/uploads\/2026\/02\/porcelain-bathroom-sink\uff0cceramic-bathroom-sink\uff0cwall-hung-bathroom-sink5-768x768.webp 768w, https:\/\/www.ceramicbasin.com\/wp-content\/uploads\/2026\/02\/porcelain-bathroom-sink\uff0cceramic-bathroom-sink\uff0cwall-hung-bathroom-sink5-12x12.webp 12w, https:\/\/www.ceramicbasin.com\/wp-content\/uploads\/2026\/02\/porcelain-bathroom-sink\uff0cceramic-bathroom-sink\uff0cwall-hung-bathroom-sink5-285x285.webp 285w, https:\/\/www.ceramicbasin.com\/wp-content\/uploads\/2026\/02\/porcelain-bathroom-sink\uff0cceramic-bathroom-sink\uff0cwall-hung-bathroom-sink5-270x270.webp 270w, https:\/\/www.ceramicbasin.com\/wp-content\/uploads\/2026\/02\/porcelain-bathroom-sink\uff0cceramic-bathroom-sink\uff0cwall-hung-bathroom-sink5-540x540.webp 540w, https:\/\/www.ceramicbasin.com\/wp-content\/uploads\/2026\/02\/porcelain-bathroom-sink\uff0cceramic-bathroom-sink\uff0cwall-hung-bathroom-sink5-660x660.webp 660w\" sizes=\"(max-width: 800px) 100vw, 800px\" \/><\/figure>\n<\/div>\n<\/div>\n\n\n\n<p><\/p>","protected":false},"excerpt":{"rendered":"<p>Bienvenue sur le site d'achat de petits lavabos de salle de bains. Nos petits lavabos muraux en gros ont une surface lisse et d\u00e9licate qui est facile \u00e0 nettoyer et peut r\u00e9sister \u00e0 l'usure et aux taches de l'utilisation quotidienne, les gardant comme neufs pendant longtemps.<\/p>\n<table border=\"0\" width=\"478\" cellspacing=\"0\" cellpadding=\"0\">\n<tbody>\n<tr>\n<td width=\"166\" height=\"23\">Fabricant<\/td>\n<td width=\"312\">HanYu<\/td>\n<\/tr>\n<tr>\n<td height=\"23\">Num\u00e9ro de mod\u00e8le.<\/td>\n<td>HY-3142R<\/td>\n<\/tr>\n<tr>\n<td height=\"23\">Type<\/td>\n<td width=\"312\">\u00c9viers muraux<\/td>\n<\/tr>\n<tr>\n<td height=\"24\">Forme<\/td>\n<td>Forme rectangulaire<\/td>\n<\/tr>\n<tr>\n<td height=\"46\">Couleur<\/td>\n<td width=\"312\">noir\/blanc\/bleu\/gris\/rose\/vert\/marron\/kaki<\/td>\n<\/tr>\n<tr>\n<td height=\"24\">Dimension<\/td>\n<td width=\"312\">43*27*14.5<\/td>\n<\/tr>\n<tr>\n<td height=\"23\">N.W \/SET<\/td>\n<td>15KGS\/PCS<\/td>\n<\/tr>\n<tr>\n<td height=\"23\">MOQ<\/td>\n<td>20pcs<\/td>\n<\/tr>\n<tr>\n<td height=\"23\">Option personnalis\u00e9e<\/td>\n<td>Couleur\/Pattenue\/Taille\/Logo\/Emballage<\/td>\n<\/tr>\n<\/tbody>\n<\/table>","protected":false},"featured_media":9127,"comment_status":"closed","ping_status":"closed","template":"","meta":{"_acf_changed":false},"product_brand":[],"product_cat":[57,56],"product_tag":[],"class_list":{"0":"post-9123","1":"product","2":"type-product","3":"status-publish","4":"has-post-thumbnail","6":"product_cat-wholesale-wall-mounted-sinks","7":"product_cat-wholesale-small-bathroom-sinks","9":"first","10":"instock","11":"shipping-taxable","12":"product-type-simple"},"acf":[],"_links":{"self":[{"href":"https:\/\/www.ceramicbasin.com\/fr\/wp-json\/wp\/v2\/product\/9123","targetHints":{"allow":["GET"]}}],"collection":[{"href":"https:\/\/www.ceramicbasin.com\/fr\/wp-json\/wp\/v2\/product"}],"about":[{"href":"https:\/\/www.ceramicbasin.com\/fr\/wp-json\/wp\/v2\/types\/product"}],"replies":[{"embeddable":true,"href":"https:\/\/www.ceramicbasin.com\/fr\/wp-json\/wp\/v2\/comments?post=9123"}],"wp:featuredmedia":[{"embeddable":true,"href":"https:\/\/www.ceramicbasin.com\/fr\/wp-json\/wp\/v2\/media\/9127"}],"wp:attachment":[{"href":"https:\/\/www.ceramicbasin.com\/fr\/wp-json\/wp\/v2\/media?parent=9123"}],"wp:term":[{"taxonomy":"product_brand","embeddable":true,"href":"https:\/\/www.ceramicbasin.com\/fr\/wp-json\/wp\/v2\/product_brand?post=9123"},{"taxonomy":"product_cat","embeddable":true,"href":"https:\/\/www.ceramicbasin.com\/fr\/wp-json\/wp\/v2\/product_cat?post=9123"},{"taxonomy":"product_tag","embeddable":true,"href":"https:\/\/www.ceramicbasin.com\/fr\/wp-json\/wp\/v2\/product_tag?post=9123"}],"curies":[{"name":"wp","href":"https:\/\/api.w.org\/{rel}","templated":true}]}}