{"id":9152,"date":"2026-03-03T03:17:56","date_gmt":"2026-03-03T03:17:56","guid":{"rendered":"https:\/\/www.ceramicbasin.com\/?post_type=product&#038;p=9152"},"modified":"2026-03-06T02:06:09","modified_gmt":"2026-03-06T02:06:09","slug":"wholesale-modern-bathroom-sink","status":"publish","type":"product","link":"https:\/\/www.ceramicbasin.com\/fr\/produit\/wholesale-modern-bathroom-sink\/","title":{"rendered":"Wholesale Modern Bathroom Sink, Custom Square Ceramic Wash Basin"},"content":{"rendered":"<div class=\"wp-block-columns is-layout-flex wp-container-core-columns-is-layout-9d6595d7 wp-block-columns-is-layout-flex\">\n<div class=\"wp-block-column is-layout-flow wp-block-column-is-layout-flow\">\n<h2 class=\"wp-block-heading\">Premium Wholesale Modern Bathroom Sink Features :<\/h2>\n\n\n\n<ul class=\"wp-block-list\">\n<li><strong>Design moderne asym\u00e9trique et carr\u00e9 :<\/strong> Ce lavabo de salle de bains moderne a un design rectangulaire avec une cuve int\u00e9rieure ovale, qui allie forme minimaliste et confort fonctionnel. Il constitue un point focal tr\u00e8s tendance pour les int\u00e9rieurs de salles de bains modernes.<\/li>\n\n\n\n<li><strong>Construction en c\u00e9ramique de premi\u00e8re qualit\u00e9 :<\/strong> Cet \u00e9vier de salle de bains moderne est fabriqu\u00e9 en c\u00e9ramique de haute qualit\u00e9, cuite \u00e0 haute temp\u00e9rature, et le bassin est tr\u00e8s durable. La surface \u00e9maill\u00e9e est lisse et aide \u00e0 pr\u00e9venir les taches, ce qui facilite le nettoyage.<\/li>\n\n\n\n<li><strong>Installation du comptoir :<\/strong> Notre \u00e9vier de salle de bain moderne en gros est un mod\u00e8le au-dessus du comptoir qui permet une installation flexible, am\u00e9liore la profondeur visuelle et simplifie le remplacement pour les projets de r\u00e9novation.<\/li>\n\n\n\n<li><strong>Inventaire de gros :<\/strong> Ces lavabos en c\u00e9ramique carr\u00e9s personnalis\u00e9s peuvent \u00eatre achet\u00e9s en gros ou dans le cadre d'un projet. Ils conviennent aux clients du commerce de d\u00e9tail, de la distribution et des projets qui ont besoin d'une livraison rapide.<\/li>\n\n\n\n<li><strong>Polyvalent :<\/strong> Ce lavabo de salle de bain en gros convient aux vanit\u00e9s de salle de bain, aux h\u00f4tels, aux salles de bain commerciales et aux r\u00e9novations r\u00e9sidentielles, offrant \u00e0 la fois esth\u00e9tique et praticit\u00e9.<\/li>\n<\/ul>\n<\/div>\n\n\n\n<div class=\"wp-block-column is-layout-flow wp-block-column-is-layout-flow\">\n<figure class=\"wp-block-image size-full\"><img fetchpriority=\"high\" decoding=\"async\" width=\"680\" height=\"912\" src=\"https:\/\/www.ceramicbasin.com\/wp-content\/uploads\/2026\/03\/Table-Top-Hand-Wash-Basin-6.webp\" alt=\"wholesale-modern-bathroom-sink-custom-square-ceramic-basin-6\" class=\"wp-image-9153\" srcset=\"https:\/\/www.ceramicbasin.com\/wp-content\/uploads\/2026\/03\/Table-Top-Hand-Wash-Basin-6.webp 680w, https:\/\/www.ceramicbasin.com\/wp-content\/uploads\/2026\/03\/Table-Top-Hand-Wash-Basin-6-224x300.webp 224w, https:\/\/www.ceramicbasin.com\/wp-content\/uploads\/2026\/03\/Table-Top-Hand-Wash-Basin-6-9x12.webp 9w, https:\/\/www.ceramicbasin.com\/wp-content\/uploads\/2026\/03\/Table-Top-Hand-Wash-Basin-6-285x382.webp 285w, https:\/\/www.ceramicbasin.com\/wp-content\/uploads\/2026\/03\/Table-Top-Hand-Wash-Basin-6-492x660.webp 492w, https:\/\/www.ceramicbasin.com\/wp-content\/uploads\/2026\/03\/Table-Top-Hand-Wash-Basin-6-112x150.webp 112w\" sizes=\"(max-width: 680px) 100vw, 680px\" \/><\/figure>\n<\/div>\n<\/div>","protected":false},"excerpt":{"rendered":"<p>Nous vous invitons \u00e0 acheter en gros notre lavabo de salle de bain moderne pour installation sur comptoir avec un contr\u00f4le de qualit\u00e9 stable, un d\u00e9lai de livraison stable et un bon emballage pour le march\u00e9 de l'exportation. Ce lavabo en c\u00e9ramique carr\u00e9 personnalis\u00e9 offre une personnalisation OEM\/ODM. Ce produit est parfait pour les vendeurs d'\u00e9vier de salle de bain en gros, les vendeurs d'articles sanitaires et les projets d'h\u00f4tel ou de maison.<\/p>\n<table border=\"0\" width=\"478\" cellspacing=\"0\" cellpadding=\"0\">\n<tbody>\n<tr>\n<td width=\"166\" height=\"23\">Fabricant<\/td>\n<td width=\"312\">HanYu<\/td>\n<\/tr>\n<tr>\n<td height=\"23\">Num\u00e9ro de mod\u00e8le.<\/td>\n<td>HY-8261A<\/td>\n<\/tr>\n<tr>\n<td height=\"23\">Type<\/td>\n<td width=\"312\">Eviers de comptoir<\/td>\n<\/tr>\n<tr>\n<td height=\"24\">Forme<\/td>\n<td>Forme irr\u00e9guli\u00e8re<\/td>\n<\/tr>\n<tr>\n<td height=\"46\">Couleur<\/td>\n<td width=\"312\">noir\/blanc\/bleu\/gris\/rose\/vert\/marron\/kaki<\/td>\n<\/tr>\n<tr>\n<td height=\"24\">Dimension<\/td>\n<td width=\"312\">64*36*12.5<\/td>\n<\/tr>\n<tr>\n<td height=\"23\">N.W \/SET<\/td>\n<td>13 KGS\/PCS<\/td>\n<\/tr>\n<tr>\n<td height=\"23\">MOQ<\/td>\n<td>20pcs<\/td>\n<\/tr>\n<tr>\n<td height=\"23\">Option personnalis\u00e9e<\/td>\n<td>Couleur\/Pattenue\/Taille\/Logo\/Emballage<\/td>\n<\/tr>\n<\/tbody>\n<\/table>\n<p>&nbsp;<\/p>","protected":false},"featured_media":9154,"comment_status":"closed","ping_status":"closed","template":"","meta":{"_acf_changed":false},"product_brand":[],"product_cat":[50],"product_tag":[],"class_list":{"0":"post-9152","1":"product","2":"type-product","3":"status-publish","4":"has-post-thumbnail","6":"product_cat-wholesale-countertop-sinks","8":"first","9":"instock","10":"shipping-taxable","11":"product-type-simple"},"acf":[],"_links":{"self":[{"href":"https:\/\/www.ceramicbasin.com\/fr\/wp-json\/wp\/v2\/product\/9152","targetHints":{"allow":["GET"]}}],"collection":[{"href":"https:\/\/www.ceramicbasin.com\/fr\/wp-json\/wp\/v2\/product"}],"about":[{"href":"https:\/\/www.ceramicbasin.com\/fr\/wp-json\/wp\/v2\/types\/product"}],"replies":[{"embeddable":true,"href":"https:\/\/www.ceramicbasin.com\/fr\/wp-json\/wp\/v2\/comments?post=9152"}],"wp:featuredmedia":[{"embeddable":true,"href":"https:\/\/www.ceramicbasin.com\/fr\/wp-json\/wp\/v2\/media\/9154"}],"wp:attachment":[{"href":"https:\/\/www.ceramicbasin.com\/fr\/wp-json\/wp\/v2\/media?parent=9152"}],"wp:term":[{"taxonomy":"product_brand","embeddable":true,"href":"https:\/\/www.ceramicbasin.com\/fr\/wp-json\/wp\/v2\/product_brand?post=9152"},{"taxonomy":"product_cat","embeddable":true,"href":"https:\/\/www.ceramicbasin.com\/fr\/wp-json\/wp\/v2\/product_cat?post=9152"},{"taxonomy":"product_tag","embeddable":true,"href":"https:\/\/www.ceramicbasin.com\/fr\/wp-json\/wp\/v2\/product_tag?post=9152"}],"curies":[{"name":"wp","href":"https:\/\/api.w.org\/{rel}","templated":true}]}}