{"id":9159,"date":"2026-03-03T03:31:37","date_gmt":"2026-03-03T03:31:37","guid":{"rendered":"https:\/\/www.ceramicbasin.com\/?post_type=product&#038;p=9159"},"modified":"2026-03-06T03:58:31","modified_gmt":"2026-03-06T03:58:31","slug":"wholesale-porcelain-bathroom-sink","status":"publish","type":"product","link":"https:\/\/www.ceramicbasin.com\/fr\/produit\/wholesale-porcelain-bathroom-sink\/","title":{"rendered":"Wholesale Porcelain Bathroom Sink, Hotel Countertop Basin Supply"},"content":{"rendered":"<div class=\"wp-block-columns is-layout-flex wp-container-core-columns-is-layout-9d6595d7 wp-block-columns-is-layout-flex\">\n<div class=\"wp-block-column is-layout-flow wp-block-column-is-layout-flow\">\n<h2 class=\"wp-block-heading\">Premium Wholesale Porcelain Bathroom Sink Caract\u00e9ristiques :<\/h2>\n\n\n\n<ul class=\"wp-block-list\">\n<li><strong>Plan de travail ovale classique :<\/strong> Le lavabo de salle de bain en porcelaine de gros a une forme ovale \u00e9l\u00e9gante qui lui conf\u00e8re une apparence intemporelle et polyvalente qui s'accorde facilement avec les int\u00e9rieurs de salle de bain modernes, minimalistes ou classiques, ce qui en fait un choix populaire pour les projets d'h\u00f4tellerie et d'immobilier.<\/li>\n\n\n\n<li><strong>Surface lisse et glac\u00e9e en blanc :<\/strong> L'\u00e9vier de salle de bains en porcelaine est recouvert d'une gla\u00e7ure blanche de haute qualit\u00e9. Le bassin pr\u00e9sente une surface lisse et non poreuse qui r\u00e9siste aux taches, aux rayures et \u00e0 la d\u00e9coloration, tout en restant facile \u00e0 nettoyer et \u00e0 entretenir.<\/li>\n\n\n\n<li><strong>Id\u00e9al pour les projets h\u00f4teliers et commerciaux : <\/strong>L'\u00e9vier de salle de bains en porcelaine est con\u00e7u pour \u00eatre install\u00e9 sur un comptoir. Ce lavabo est largement utilis\u00e9 dans les h\u00f4tels, les centres de vill\u00e9giature, les villas et les ensembles d'appartements en raison de son aspect \u00e9l\u00e9gant et de sa fonctionnalit\u00e9 pratique.<\/li>\n\n\n\n<li><strong>Approvisionnement en vrac et personnalisation :<\/strong> Le bassin de comptoir d'h\u00f4tel peut \u00eatre fourni en gros avec un service OEM\/ODM flexible, y compris l'impression de logo, le changement de taille, la personnalisation de l'emballage et la finition sp\u00e9ciale de l'\u00e9mail pour les diff\u00e9rents besoins de la marque.<\/li>\n\n\n\n<li><strong>Durable et facile \u00e0 nettoyer : <\/strong>Le corps en c\u00e9ramique dense et la finition \u00e9maill\u00e9e emp\u00eachent la prolif\u00e9ration des bact\u00e9ries, ce qui permet de maintenir l'environnement de votre salle de bains propre et de r\u00e9duire vos co\u00fbts d'entretien.<\/li>\n<\/ul>\n<\/div>\n\n\n\n<div class=\"wp-block-column is-layout-flow wp-block-column-is-layout-flow\">\n<figure class=\"wp-block-image size-full\"><img fetchpriority=\"high\" decoding=\"async\" width=\"726\" height=\"938\" src=\"https:\/\/www.ceramicbasin.com\/wp-content\/uploads\/2026\/03\/Countertop-Bathroom-Sink-for-Modern-Hotel-6.jpg\" alt=\"wholesale-porcelain-bathroom-sink-hotel-countertop-basin-6\" class=\"wp-image-9160\" srcset=\"https:\/\/www.ceramicbasin.com\/wp-content\/uploads\/2026\/03\/Countertop-Bathroom-Sink-for-Modern-Hotel-6.jpg 726w, https:\/\/www.ceramicbasin.com\/wp-content\/uploads\/2026\/03\/Countertop-Bathroom-Sink-for-Modern-Hotel-6-232x300.jpg 232w, https:\/\/www.ceramicbasin.com\/wp-content\/uploads\/2026\/03\/Countertop-Bathroom-Sink-for-Modern-Hotel-6-9x12.jpg 9w, https:\/\/www.ceramicbasin.com\/wp-content\/uploads\/2026\/03\/Countertop-Bathroom-Sink-for-Modern-Hotel-6-285x368.jpg 285w, https:\/\/www.ceramicbasin.com\/wp-content\/uploads\/2026\/03\/Countertop-Bathroom-Sink-for-Modern-Hotel-6-511x660.jpg 511w, https:\/\/www.ceramicbasin.com\/wp-content\/uploads\/2026\/03\/Countertop-Bathroom-Sink-for-Modern-Hotel-6-116x150.jpg 116w\" sizes=\"(max-width: 726px) 100vw, 726px\" \/><\/figure>\n<\/div>\n<\/div>\n\n\n\n<p><\/p>","protected":false},"excerpt":{"rendered":"<p>Bienvenue dans l'achat de ce lavabo de salle de bain en porcelaine en gros, un design classique de bassin ovale de comptoir avec une finition \u00e9maill\u00e9e blanche surchauff\u00e9e. Id\u00e9al pour les projets de salle de bain d'h\u00f4tel, les espaces commerciaux et la vente en gros, ce lavabo ovale de comptoir d'h\u00f4tel offre un service de personnalisation OEM\/ODM polyvalent et un approvisionnement en vrac, apportant votre confiance en tant que fournisseur mondial d'accessoires de salle de bain et d'entrepreneurs.<\/p>\n<table border=\"0\" width=\"478\" cellspacing=\"0\" cellpadding=\"0\">\n<tbody>\n<tr>\n<td width=\"166\" height=\"23\">Fabricant<\/td>\n<td width=\"312\">HanYu<\/td>\n<\/tr>\n<tr>\n<td height=\"23\">Num\u00e9ro de mod\u00e8le.<\/td>\n<td>HY-8263<\/td>\n<\/tr>\n<tr>\n<td height=\"23\">Type<\/td>\n<td width=\"312\">Eviers de comptoir<\/td>\n<\/tr>\n<tr>\n<td height=\"24\">Forme<\/td>\n<td>Forme ovale<\/td>\n<\/tr>\n<tr>\n<td height=\"46\">Couleur<\/td>\n<td width=\"312\">noir\/blanc\/bleu\/gris\/rose\/vert\/marron\/kaki<\/td>\n<\/tr>\n<tr>\n<td height=\"24\">Dimension<\/td>\n<td width=\"312\">50.5*37*13.5<\/td>\n<\/tr>\n<tr>\n<td height=\"23\">N.W \/SET<\/td>\n<td>12 KGS\/PCS<\/td>\n<\/tr>\n<tr>\n<td height=\"23\">MOQ<\/td>\n<td>20pcs<\/td>\n<\/tr>\n<tr>\n<td height=\"23\">Option personnalis\u00e9e<\/td>\n<td>Couleur\/Pattenue\/Taille\/Logo\/Emballage<\/td>\n<\/tr>\n<\/tbody>\n<\/table>","protected":false},"featured_media":9161,"comment_status":"closed","ping_status":"closed","template":"","meta":{"_acf_changed":false},"product_brand":[],"product_cat":[50],"product_tag":[],"class_list":{"0":"post-9159","1":"product","2":"type-product","3":"status-publish","4":"has-post-thumbnail","6":"product_cat-wholesale-countertop-sinks","8":"first","9":"instock","10":"shipping-taxable","11":"product-type-simple"},"acf":[],"_links":{"self":[{"href":"https:\/\/www.ceramicbasin.com\/fr\/wp-json\/wp\/v2\/product\/9159","targetHints":{"allow":["GET"]}}],"collection":[{"href":"https:\/\/www.ceramicbasin.com\/fr\/wp-json\/wp\/v2\/product"}],"about":[{"href":"https:\/\/www.ceramicbasin.com\/fr\/wp-json\/wp\/v2\/types\/product"}],"replies":[{"embeddable":true,"href":"https:\/\/www.ceramicbasin.com\/fr\/wp-json\/wp\/v2\/comments?post=9159"}],"wp:featuredmedia":[{"embeddable":true,"href":"https:\/\/www.ceramicbasin.com\/fr\/wp-json\/wp\/v2\/media\/9161"}],"wp:attachment":[{"href":"https:\/\/www.ceramicbasin.com\/fr\/wp-json\/wp\/v2\/media?parent=9159"}],"wp:term":[{"taxonomy":"product_brand","embeddable":true,"href":"https:\/\/www.ceramicbasin.com\/fr\/wp-json\/wp\/v2\/product_brand?post=9159"},{"taxonomy":"product_cat","embeddable":true,"href":"https:\/\/www.ceramicbasin.com\/fr\/wp-json\/wp\/v2\/product_cat?post=9159"},{"taxonomy":"product_tag","embeddable":true,"href":"https:\/\/www.ceramicbasin.com\/fr\/wp-json\/wp\/v2\/product_tag?post=9159"}],"curies":[{"name":"wp","href":"https:\/\/api.w.org\/{rel}","templated":true}]}}