{"id":9168,"date":"2026-03-04T02:24:19","date_gmt":"2026-03-04T02:24:19","guid":{"rendered":"https:\/\/www.ceramicbasin.com\/?post_type=product&#038;p=9168"},"modified":"2026-03-06T03:58:43","modified_gmt":"2026-03-06T03:58:43","slug":"bulk-ceramic-vessel-sink","status":"publish","type":"product","link":"https:\/\/www.ceramicbasin.com\/fr\/produit\/bulk-ceramic-vessel-sink\/","title":{"rendered":"Cuvette en c\u00e9ramique en forme de galet pour salle de bains d'h\u00f4tel et de maison"},"content":{"rendered":"<div class=\"wp-block-columns is-layout-flex wp-container-core-columns-is-layout-9d6595d7 wp-block-columns-is-layout-flex\">\n<div class=\"wp-block-column is-layout-flow wp-block-column-is-layout-flow\">\n<h2 class=\"wp-block-heading\">Premium Bulk Ceramic Vessel Sink Features :<\/h2>\n\n\n\n<ul class=\"wp-block-list\">\n<li><strong>Design unique en forme de galet :<\/strong> L'\u00e9vier en c\u00e9ramique bulk s'inspire de la forme d'un galet naturel ; cet \u00e9vier en c\u00e9ramique pr\u00e9sente des courbes douces et une forme organique \u00e9l\u00e9gante. Le style contemporain rend votre salle de bain plus attrayante et convient aux h\u00f4tels de luxe, aux appartements et \u00e0 la d\u00e9coration int\u00e9rieure.<\/li>\n\n\n\n<li><strong>Glacis blanc brillant de premi\u00e8re qualit\u00e9 :<\/strong> L'\u00e9vier en c\u00e9ramique en vrac est dot\u00e9 d'une finition blanche brillante, lisse et r\u00e9sistante aux rayures et aux taches. L'\u00e9mail emp\u00eache les taches, de sorte que m\u00eame apr\u00e8s une utilisation prolong\u00e9e, l'\u00e9vier reste propre et poli.<\/li>\n\n\n\n<li><strong>Installation au-dessus du comptoir :<\/strong> L'\u00e9vier en c\u00e9ramique bulk peut \u00eatre facilement install\u00e9 au-dessus du comptoir. Vous pouvez l'associer \u00e0 n'importe quel type de comptoir, qu'il s'agisse de marbre, de quartz ou de surface solide. Ce type d'installation facilite l'installation et rend votre salle de bain plus attrayante.<\/li>\n\n\n\n<li><strong>Id\u00e9al pour les commandes en gros et l'approvisionnement de projets :<\/strong> Parfait pour les projets h\u00f4teliers, les d\u00e9veloppements immobiliers, les grossistes et les distributeurs. L'usine offre une capacit\u00e9 de production stable et une qualit\u00e9 constante pour r\u00e9pondre aux besoins d'approvisionnement en grandes quantit\u00e9s.<\/li>\n\n\n\n<li><strong>Certifi\u00e9 et pr\u00eat pour l'exportation : <\/strong>Nos vasques de salle de bains en c\u00e9ramique sont produites selon des normes de haute qualit\u00e9 et peuvent \u00eatre inspect\u00e9es par une tierce partie afin de faciliter les activit\u00e9s d'exportation des importateurs, des distributeurs, des acheteurs de projets, etc.<\/li>\n<\/ul>\n<\/div>\n\n\n\n<div class=\"wp-block-column is-layout-flow wp-block-column-is-layout-flow\">\n<figure class=\"wp-block-image size-full\"><img fetchpriority=\"high\" decoding=\"async\" width=\"621\" height=\"938\" src=\"https:\/\/www.ceramicbasin.com\/wp-content\/uploads\/2026\/03\/Vanity-Tops-Table-Tops-Ceramic-Basin-6.jpg\" alt=\"\u00e9vier en c\u00e9ramique en forme de galet pour h\u00f4tel, maison et salle de bains-6\" class=\"wp-image-9169\" srcset=\"https:\/\/www.ceramicbasin.com\/wp-content\/uploads\/2026\/03\/Vanity-Tops-Table-Tops-Ceramic-Basin-6.jpg 621w, https:\/\/www.ceramicbasin.com\/wp-content\/uploads\/2026\/03\/Vanity-Tops-Table-Tops-Ceramic-Basin-6-199x300.jpg 199w, https:\/\/www.ceramicbasin.com\/wp-content\/uploads\/2026\/03\/Vanity-Tops-Table-Tops-Ceramic-Basin-6-8x12.jpg 8w, https:\/\/www.ceramicbasin.com\/wp-content\/uploads\/2026\/03\/Vanity-Tops-Table-Tops-Ceramic-Basin-6-285x430.jpg 285w, https:\/\/www.ceramicbasin.com\/wp-content\/uploads\/2026\/03\/Vanity-Tops-Table-Tops-Ceramic-Basin-6-437x660.jpg 437w, https:\/\/www.ceramicbasin.com\/wp-content\/uploads\/2026\/03\/Vanity-Tops-Table-Tops-Ceramic-Basin-6-99x150.jpg 99w\" sizes=\"(max-width: 621px) 100vw, 621px\" \/><\/figure>\n<\/div>\n<\/div>\n\n\n\n<p><\/p>","protected":false},"excerpt":{"rendered":"<p>Nous vous invitons \u00e0 acheter notre vasque en c\u00e9ramique en forme de galet avec une finition blanche brillante, parfaite pour la d\u00e9coration d'une salle de bain d'h\u00f4tel. Fabriqu\u00e9 en c\u00e9ramique cuite \u00e0 haute temp\u00e9rature, le bassin est durable, r\u00e9sistant aux taches, et durable, brillant. En gros de l'usine HANYU, avec le service OEM\/ODM, ce bassin de salle de bain en c\u00e9ramique au-dessus du comptoir est la meilleure solution pour les travaux de salle de bain commerciale et r\u00e9sidentielle.\u00a0<\/p>\n<table border=\"0\" width=\"311\" cellspacing=\"0\" cellpadding=\"0\">\n<tbody>\n<tr>\n<td width=\"108\" height=\"17\">Fabricant<\/td>\n<td width=\"202\">HanYu<\/td>\n<\/tr>\n<tr>\n<td height=\"17\">Num\u00e9ro de mod\u00e8le.<\/td>\n<td>HY-8265<\/td>\n<\/tr>\n<tr>\n<td height=\"17\">Type<\/td>\n<td>Bassin de comptoir<\/td>\n<\/tr>\n<tr>\n<td height=\"17\">Forme\u00a0 \u00a0<\/td>\n<td>Forme irr\u00e9guli\u00e8re<\/td>\n<\/tr>\n<tr>\n<td height=\"17\">Couleur<\/td>\n<td>Blanc<\/td>\n<\/tr>\n<tr>\n<td height=\"18\">Dimension<\/td>\n<td width=\"202\">41*38*13<\/td>\n<\/tr>\n<tr>\n<td height=\"17\">N.W \/SET<\/td>\n<td>10 KGS\/PCS<\/td>\n<\/tr>\n<tr>\n<td height=\"17\">MOQ<\/td>\n<td>20pcs<\/td>\n<\/tr>\n<tr>\n<td height=\"17\">Option personnalis\u00e9e<\/td>\n<td>Couleur\/Pattenue\/Taille\/Logo\/Emballage<\/td>\n<\/tr>\n<\/tbody>\n<\/table>","protected":false},"featured_media":9170,"comment_status":"closed","ping_status":"closed","template":"","meta":{"_acf_changed":false},"product_brand":[],"product_cat":[50,56],"product_tag":[],"class_list":{"0":"post-9168","1":"product","2":"type-product","3":"status-publish","4":"has-post-thumbnail","6":"product_cat-wholesale-countertop-sinks","7":"product_cat-wholesale-small-bathroom-sinks","9":"first","10":"instock","11":"shipping-taxable","12":"product-type-simple"},"acf":[],"_links":{"self":[{"href":"https:\/\/www.ceramicbasin.com\/fr\/wp-json\/wp\/v2\/product\/9168","targetHints":{"allow":["GET"]}}],"collection":[{"href":"https:\/\/www.ceramicbasin.com\/fr\/wp-json\/wp\/v2\/product"}],"about":[{"href":"https:\/\/www.ceramicbasin.com\/fr\/wp-json\/wp\/v2\/types\/product"}],"replies":[{"embeddable":true,"href":"https:\/\/www.ceramicbasin.com\/fr\/wp-json\/wp\/v2\/comments?post=9168"}],"wp:featuredmedia":[{"embeddable":true,"href":"https:\/\/www.ceramicbasin.com\/fr\/wp-json\/wp\/v2\/media\/9170"}],"wp:attachment":[{"href":"https:\/\/www.ceramicbasin.com\/fr\/wp-json\/wp\/v2\/media?parent=9168"}],"wp:term":[{"taxonomy":"product_brand","embeddable":true,"href":"https:\/\/www.ceramicbasin.com\/fr\/wp-json\/wp\/v2\/product_brand?post=9168"},{"taxonomy":"product_cat","embeddable":true,"href":"https:\/\/www.ceramicbasin.com\/fr\/wp-json\/wp\/v2\/product_cat?post=9168"},{"taxonomy":"product_tag","embeddable":true,"href":"https:\/\/www.ceramicbasin.com\/fr\/wp-json\/wp\/v2\/product_tag?post=9168"}],"curies":[{"name":"wp","href":"https:\/\/api.w.org\/{rel}","templated":true}]}}