{"id":9178,"date":"2026-03-04T05:23:29","date_gmt":"2026-03-04T05:23:29","guid":{"rendered":"https:\/\/www.ceramicbasin.com\/?post_type=product&#038;p=9178"},"modified":"2026-03-06T07:32:44","modified_gmt":"2026-03-06T07:32:44","slug":"custom-ceramic-wash-basin","status":"publish","type":"product","link":"https:\/\/www.ceramicbasin.com\/fr\/produit\/custom-ceramic-wash-basin\/","title":{"rendered":"Lavabo en c\u00e9ramique sur mesure, \u00e9vier de salle de bain irr\u00e9gulier Wholesale"},"content":{"rendered":"<div class=\"wp-block-columns is-layout-flex wp-container-core-columns-is-layout-9d6595d7 wp-block-columns-is-layout-flex\">\n<div class=\"wp-block-column is-layout-flow wp-block-column-is-layout-flow\">\n<h2 class=\"wp-block-heading\">Lavabo en c\u00e9ramique personnalis\u00e9 de premi\u00e8re qualit\u00e9 en forme de goutte d'eau :<\/h2>\n\n\n\n<ul class=\"wp-block-list\">\n<li><strong>Design unique inspir\u00e9 des gouttes d'eau :<\/strong> Le lavabo en c\u00e9ramique personnalis\u00e9, avec sa forme \u00e9l\u00e9gante de goutte d'eau, cr\u00e9e un aspect distinctif et artistique, ce qui en fait une pi\u00e8ce ma\u00eetresse dans les salles de bains modernes. Le contour irr\u00e9gulier renforce l'attrait visuel et aide les d\u00e9corateurs d'int\u00e9rieur et les d\u00e9taillants \u00e0 proposer des produits de salle de bains plus diff\u00e9renci\u00e9s.<\/li>\n\n\n\n<li><strong>Surface glac\u00e9e lisse :<\/strong> Le lavabo en c\u00e9ramique personnalis\u00e9 pr\u00e9sente une finition \u00e9maill\u00e9e lisse et non poreuse qui emp\u00eache les taches, les rayures et l'accumulation de bact\u00e9ries. L'\u00e9vier est donc facile \u00e0 nettoyer et \u00e0 entretenir, ce qui est id\u00e9al pour les h\u00f4tels, les appartements et les projets d'accueil.<\/li>\n\n\n\n<li><strong>Conception de l'installation du comptoir :<\/strong> Le lavabo en c\u00e9ramique, con\u00e7u comme un \u00e9vier \u00e0 poser sur un comptoir, offre des options d'installation flexibles et s'adapte \u00e0 un large \u00e9ventail de meubles-lavabos, de robinets et de styles d'am\u00e9nagement int\u00e9rieur.<\/li>\n\n\n\n<li><strong>Id\u00e9al pour la distribution en gros au niveau mondial :<\/strong> Gr\u00e2ce \u00e0 une capacit\u00e9 de production stable et \u00e0 un contr\u00f4le de qualit\u00e9 strict, ce lavabo en c\u00e9ramique est adapt\u00e9 \u00e0 la fourniture en gros \u00e0 grande \u00e9chelle aux distributeurs, aux marques de salles de bains et aux entrepreneurs du monde entier.<\/li>\n<\/ul>\n<\/div>\n\n\n\n<div class=\"wp-block-column is-layout-flow wp-block-column-is-layout-flow\">\n<figure class=\"wp-block-image size-full\"><img fetchpriority=\"high\" decoding=\"async\" width=\"680\" height=\"938\" src=\"https:\/\/www.ceramicbasin.com\/wp-content\/uploads\/2026\/03\/Wash-Basin-Irregular-Bathroom-Sink-6.jpg\" alt=\"custom-ceramic-wash-basin-irregular-bathroom-sink-wholesale-6\" class=\"wp-image-9179\" srcset=\"https:\/\/www.ceramicbasin.com\/wp-content\/uploads\/2026\/03\/Wash-Basin-Irregular-Bathroom-Sink-6.jpg 680w, https:\/\/www.ceramicbasin.com\/wp-content\/uploads\/2026\/03\/Wash-Basin-Irregular-Bathroom-Sink-6-217x300.jpg 217w, https:\/\/www.ceramicbasin.com\/wp-content\/uploads\/2026\/03\/Wash-Basin-Irregular-Bathroom-Sink-6-9x12.jpg 9w, https:\/\/www.ceramicbasin.com\/wp-content\/uploads\/2026\/03\/Wash-Basin-Irregular-Bathroom-Sink-6-285x393.jpg 285w, https:\/\/www.ceramicbasin.com\/wp-content\/uploads\/2026\/03\/Wash-Basin-Irregular-Bathroom-Sink-6-478x660.jpg 478w, https:\/\/www.ceramicbasin.com\/wp-content\/uploads\/2026\/03\/Wash-Basin-Irregular-Bathroom-Sink-6-109x150.jpg 109w\" sizes=\"(max-width: 680px) 100vw, 680px\" \/><\/figure>\n<\/div>\n<\/div>","protected":false},"excerpt":{"rendered":"<p>Nous vous invitons \u00e0 acheter notre lavabo en c\u00e9ramique personnalis\u00e9 en forme de goutte d'eau, qui convient parfaitement aux int\u00e9rieurs modernes et aux projets commerciaux. Ce lavabo est fabriqu\u00e9 en c\u00e9ramique de premi\u00e8re qualit\u00e9 et a une finition \u00e9maill\u00e9e lisse, ce qui le rend durable et peu exigeant en termes d'entretien. Meilleur choix pour les grossistes, les marques de salles de bains et les projets de construction, qui peuvent personnaliser les lavabos irr\u00e9guliers en OEM\/ODM et les vendre en gros.<\/p>\n<table style=\"border-collapse: collapse; width: 358.52pt;\" border=\"0\" width=\"478\" cellspacing=\"0\" cellpadding=\"0\">\n<tbody>\n<tr style=\"height: 17.25pt;\">\n<td class=\"et3\" style=\"height: 17.25pt; width: 125.00pt;\" width=\"166\" height=\"23\">Fabricant<\/td>\n<td class=\"et3\" style=\"width: 234.15pt;\" width=\"312\">HanYu<\/td>\n<\/tr>\n<tr style=\"height: 17.25pt;\">\n<td class=\"et3\" style=\"height: 17.25pt;\" height=\"23\">Num\u00e9ro de mod\u00e8le.<\/td>\n<td class=\"et4\">HY-8266<\/td>\n<\/tr>\n<tr style=\"height: 17.25pt;\">\n<td class=\"et3\" style=\"height: 17.25pt;\" height=\"23\">Type<\/td>\n<td class=\"et5\" style=\"width: 234.15pt;\" width=\"312\">Eviers de comptoir<\/td>\n<\/tr>\n<tr style=\"height: 18.00pt;\">\n<td class=\"et3\" style=\"height: 18.00pt;\" height=\"24\">Forme\u00a0\u00a0<\/td>\n<td class=\"et3\">\u00a0Forme de triangle<\/td>\n<\/tr>\n<tr style=\"height: 34.50pt;\">\n<td class=\"et4\" style=\"height: 34.50pt;\" height=\"46\">Couleur<\/td>\n<td class=\"et5\" style=\"width: 234.15pt;\" width=\"312\">noir\/blanc\/bleu\/gris\/rose\/vert\/marron\/kaki<\/td>\n<\/tr>\n<tr style=\"height: 18.00pt;\">\n<td class=\"et3\" style=\"height: 18.00pt;\" height=\"24\">Dimension<\/td>\n<td class=\"et5\" style=\"width: 234.15pt;\" width=\"312\">51*39*13<\/td>\n<\/tr>\n<tr style=\"height: 17.25pt;\">\n<td class=\"et3\" style=\"height: 17.25pt;\" height=\"23\">N.W \/SET<\/td>\n<td class=\"et3\">11 KGS\/PCS<\/td>\n<\/tr>\n<tr style=\"height: 17.25pt;\">\n<td class=\"et3\" style=\"height: 17.25pt;\" height=\"23\">MOQ<\/td>\n<td class=\"et3\">20pcs<\/td>\n<\/tr>\n<tr style=\"height: 17.25pt;\">\n<td class=\"et3\" style=\"height: 17.25pt;\" height=\"23\">Option personnalis\u00e9e<\/td>\n<td class=\"et3\">Couleur\/Pattenue\/Taille\/Logo\/Emballage<\/td>\n<\/tr>\n<\/tbody>\n<\/table>","protected":false},"featured_media":9181,"comment_status":"closed","ping_status":"closed","template":"","meta":{"_acf_changed":false},"product_brand":[],"product_cat":[50],"product_tag":[],"class_list":{"0":"post-9178","1":"product","2":"type-product","3":"status-publish","4":"has-post-thumbnail","6":"product_cat-wholesale-countertop-sinks","8":"first","9":"instock","10":"shipping-taxable","11":"product-type-simple"},"acf":[],"_links":{"self":[{"href":"https:\/\/www.ceramicbasin.com\/fr\/wp-json\/wp\/v2\/product\/9178","targetHints":{"allow":["GET"]}}],"collection":[{"href":"https:\/\/www.ceramicbasin.com\/fr\/wp-json\/wp\/v2\/product"}],"about":[{"href":"https:\/\/www.ceramicbasin.com\/fr\/wp-json\/wp\/v2\/types\/product"}],"replies":[{"embeddable":true,"href":"https:\/\/www.ceramicbasin.com\/fr\/wp-json\/wp\/v2\/comments?post=9178"}],"wp:featuredmedia":[{"embeddable":true,"href":"https:\/\/www.ceramicbasin.com\/fr\/wp-json\/wp\/v2\/media\/9181"}],"wp:attachment":[{"href":"https:\/\/www.ceramicbasin.com\/fr\/wp-json\/wp\/v2\/media?parent=9178"}],"wp:term":[{"taxonomy":"product_brand","embeddable":true,"href":"https:\/\/www.ceramicbasin.com\/fr\/wp-json\/wp\/v2\/product_brand?post=9178"},{"taxonomy":"product_cat","embeddable":true,"href":"https:\/\/www.ceramicbasin.com\/fr\/wp-json\/wp\/v2\/product_cat?post=9178"},{"taxonomy":"product_tag","embeddable":true,"href":"https:\/\/www.ceramicbasin.com\/fr\/wp-json\/wp\/v2\/product_tag?post=9178"}],"curies":[{"name":"wp","href":"https:\/\/api.w.org\/{rel}","templated":true}]}}