{"id":9233,"date":"2026-03-12T09:41:04","date_gmt":"2026-03-12T09:41:04","guid":{"rendered":"https:\/\/www.ceramicbasin.com\/?post_type=product&#038;p=9233"},"modified":"2026-03-21T08:31:15","modified_gmt":"2026-03-21T08:31:15","slug":"custom-glass-bathroom-sinks","status":"publish","type":"product","link":"https:\/\/www.ceramicbasin.com\/fr\/produit\/custom-glass-bathroom-sinks\/","title":{"rendered":"Lavabos de salle de bain en verre, lavabos en verre ronds en gros"},"content":{"rendered":"<div class=\"wp-block-columns is-layout-flex wp-container-core-columns-is-layout-9d6595d7 wp-block-columns-is-layout-flex\">\n<div class=\"wp-block-column is-layout-flow wp-block-column-is-layout-flow\">\n<h2 class=\"wp-block-heading\">Premium Custom Glass Bathroom Sinks Features :<\/h2>\n\n\n\n<ul class=\"wp-block-list\">\n<li><strong>Design rond \u00e9l\u00e9gant et luxueux :<\/strong> La forme ronde et lisse des lavabos de salle de bains en verre personnalis\u00e9s et leur finition cristalline cr\u00e9ent une apparence luxueuse et contemporaine. Ce design \u00e9l\u00e9gant s'adapte facilement aux salles de bains modernes, aux h\u00f4tels, aux villas et aux projets r\u00e9sidentiels haut de gamme, ajoutant un effet visuel de qualit\u00e9 \u00e0 l'espace.<\/li>\n\n\n\n<li><strong>Mat\u00e9riau du verre durable : <\/strong>L'\u00e9vier de gros en verre utilise du verre de haute qualit\u00e9, qui offre durabilit\u00e9, faible poids, haute transparence et haute brillance. Il vous offre un aspect moderne et haut de gamme ainsi qu'une utilisation durable.<\/li>\n\n\n\n<li><strong>Vari\u00e9t\u00e9 de couleurs :<\/strong> Ces lavabos de salle de bains en verre personnalis\u00e9s sont disponibles dans une grande vari\u00e9t\u00e9 de couleurs, allant du classique transparent au color\u00e9 et \u00e0 la mode, afin de r\u00e9pondre aux diff\u00e9rents styles de salle de bains et aux pr\u00e9f\u00e9rences personnelles.<\/li>\n\n\n\n<li><strong>Compatible avec l'installation d'une cuve de comptoir :<\/strong> Ces lavabos de salle de bains en verre sont con\u00e7us comme des vasques et se posent magnifiquement sur le plan de travail de la salle de bains. Ce type d'installation simplifie l'installation tout en am\u00e9liorant l'esth\u00e9tique g\u00e9n\u00e9rale de la salle de bains.<\/li>\n\n\n\n<li><strong>Facile \u00e0 nettoyer :<\/strong> La surface lisse du verre est r\u00e9sistante aux taches et aux moisissures. Elle est facile \u00e0 nettoyer et \u00e0 entretenir, ce qui garantit l'hygi\u00e8ne et la propret\u00e9 lors de l'utilisation quotidienne. Bienvenue \u00e0 l'achat et \u00e0 la personnalisation d'\u00e9viers en verre.<\/li>\n\n\n\n<li><strong>Options de personnalisation pour les acheteurs de marques :<\/strong> Nos \u00e9viers en verre sont disponibles pour la personnalisation OEM et ODM, vous pouvez personnaliser la couleur du verre, l'\u00e9paisseur, le motif, la taille et le logo. Cette flexibilit\u00e9 permet au revendeur, au d\u00e9taillant ou au propri\u00e9taire de la marque de cr\u00e9er des lignes exclusives qui correspondent \u00e0 leur position sur le march\u00e9.<\/li>\n<\/ul>\n<\/div>\n\n\n\n<div class=\"wp-block-column is-layout-flow wp-block-column-is-layout-flow\">\n<figure class=\"wp-block-image size-full\"><img fetchpriority=\"high\" decoding=\"async\" width=\"521\" height=\"384\" src=\"https:\/\/www.ceramicbasin.com\/wp-content\/uploads\/2026\/03\/Luxury-round-design-wholesale-glass-sink-bowl-for-cabinet-1.webp\" alt=\"lavabos en verre sur mesure - lavabos en verre en gros - lavabos en verre-1\" class=\"wp-image-9222\" srcset=\"https:\/\/www.ceramicbasin.com\/wp-content\/uploads\/2026\/03\/Luxury-round-design-wholesale-glass-sink-bowl-for-cabinet-1.webp 521w, https:\/\/www.ceramicbasin.com\/wp-content\/uploads\/2026\/03\/Luxury-round-design-wholesale-glass-sink-bowl-for-cabinet-1-300x221.webp 300w, https:\/\/www.ceramicbasin.com\/wp-content\/uploads\/2026\/03\/Luxury-round-design-wholesale-glass-sink-bowl-for-cabinet-1-16x12.webp 16w, https:\/\/www.ceramicbasin.com\/wp-content\/uploads\/2026\/03\/Luxury-round-design-wholesale-glass-sink-bowl-for-cabinet-1-285x210.webp 285w, https:\/\/www.ceramicbasin.com\/wp-content\/uploads\/2026\/03\/Luxury-round-design-wholesale-glass-sink-bowl-for-cabinet-1-150x111.webp 150w\" sizes=\"(max-width: 521px) 100vw, 521px\" \/><\/figure>\n<\/div>\n<\/div>","protected":false},"excerpt":{"rendered":"<p>Nous vous invitons \u00e0 acheter nos lavabos de salle de bain en verre, qui ont un design \u00e9l\u00e9gant et moderne, qui conviennent \u00e0 divers agencements de salle de bain et qui rehaussent la beaut\u00e9 g\u00e9n\u00e9rale et la qualit\u00e9 de l'espace. Con\u00e7us pour les grossistes, les distributeurs et les marques de salles de bains, ils sont enti\u00e8rement personnalisables en termes de couleur, de taille et de motifs, afin d'aider les entreprises \u00e0 cr\u00e9er des lignes de produits diff\u00e9renci\u00e9es.<\/p>\n<table style=\"border-collapse: collapse; width: 358.52pt;\" border=\"0\" width=\"478\" cellspacing=\"0\" cellpadding=\"0\">\n<tbody>\n<tr style=\"height: 17.25pt;\">\n<td class=\"et3\" style=\"height: 17.25pt; width: 125.00pt;\" width=\"166\" height=\"23\">Fabricant<\/td>\n<td class=\"et3\" style=\"width: 234.15pt;\" width=\"312\">HanYu<\/td>\n<\/tr>\n<tr style=\"height: 17.25pt;\">\n<td class=\"et3\" style=\"height: 17.25pt;\" height=\"23\">Num\u00e9ro de mod\u00e8le.<\/td>\n<td class=\"et4\">HY-GL322<\/td>\n<\/tr>\n<tr style=\"height: 17.25pt;\">\n<td class=\"et3\" style=\"height: 17.25pt;\" height=\"23\">Type<\/td>\n<td class=\"et5\" style=\"width: 234.15pt;\" width=\"312\">Lavabo en verre<\/td>\n<\/tr>\n<tr style=\"height: 18.00pt;\">\n<td class=\"et3\" style=\"height: 18.00pt;\" height=\"24\">Forme<\/td>\n<td class=\"et3\">Forme ronde<\/td>\n<\/tr>\n<tr style=\"height: 34.50pt;\">\n<td class=\"et4\" style=\"height: 34.50pt;\" height=\"46\">Couleur<\/td>\n<td class=\"et5\" style=\"width: 234.15pt;\" width=\"312\">noir\/blanc\/bleu\/gris\/rose\/vert\/marron\/kaki<\/td>\n<\/tr>\n<tr style=\"height: 18.00pt;\">\n<td class=\"et3\" style=\"height: 18.00pt;\" height=\"24\">Dimension<\/td>\n<td class=\"et5\" style=\"width: 234.15pt;\" width=\"312\">40*40*14<\/td>\n<\/tr>\n<tr style=\"height: 17.25pt;\">\n<td class=\"et3\" style=\"height: 17.25pt;\" height=\"23\">N.W \/SET<\/td>\n<td class=\"et3\">8KGS\/PCS<\/td>\n<\/tr>\n<tr style=\"height: 17.25pt;\">\n<td class=\"et3\" style=\"height: 17.25pt;\" height=\"23\">MOQ<\/td>\n<td class=\"et3\">20pcs<\/td>\n<\/tr>\n<tr style=\"height: 17.25pt;\">\n<td class=\"et3\" style=\"height: 17.25pt;\" height=\"23\">Option personnalis\u00e9e<\/td>\n<td class=\"et3\">Couleur\/Pattenue\/Taille\/Logo\/Emballage<\/td>\n<\/tr>\n<\/tbody>\n<\/table>","protected":false},"featured_media":9369,"comment_status":"closed","ping_status":"closed","template":"","meta":{"_acf_changed":false},"product_brand":[],"product_cat":[52],"product_tag":[],"class_list":{"0":"post-9233","1":"product","2":"type-product","3":"status-publish","4":"has-post-thumbnail","6":"product_cat-wholesale-glass-vessel-sinks","8":"first","9":"instock","10":"shipping-taxable","11":"product-type-simple"},"acf":[],"_links":{"self":[{"href":"https:\/\/www.ceramicbasin.com\/fr\/wp-json\/wp\/v2\/product\/9233","targetHints":{"allow":["GET"]}}],"collection":[{"href":"https:\/\/www.ceramicbasin.com\/fr\/wp-json\/wp\/v2\/product"}],"about":[{"href":"https:\/\/www.ceramicbasin.com\/fr\/wp-json\/wp\/v2\/types\/product"}],"replies":[{"embeddable":true,"href":"https:\/\/www.ceramicbasin.com\/fr\/wp-json\/wp\/v2\/comments?post=9233"}],"wp:featuredmedia":[{"embeddable":true,"href":"https:\/\/www.ceramicbasin.com\/fr\/wp-json\/wp\/v2\/media\/9369"}],"wp:attachment":[{"href":"https:\/\/www.ceramicbasin.com\/fr\/wp-json\/wp\/v2\/media?parent=9233"}],"wp:term":[{"taxonomy":"product_brand","embeddable":true,"href":"https:\/\/www.ceramicbasin.com\/fr\/wp-json\/wp\/v2\/product_brand?post=9233"},{"taxonomy":"product_cat","embeddable":true,"href":"https:\/\/www.ceramicbasin.com\/fr\/wp-json\/wp\/v2\/product_cat?post=9233"},{"taxonomy":"product_tag","embeddable":true,"href":"https:\/\/www.ceramicbasin.com\/fr\/wp-json\/wp\/v2\/product_tag?post=9233"}],"curies":[{"name":"wp","href":"https:\/\/api.w.org\/{rel}","templated":true}]}}