{"id":9234,"date":"2026-03-12T09:55:50","date_gmt":"2026-03-12T09:55:50","guid":{"rendered":"https:\/\/www.ceramicbasin.com\/?post_type=product&#038;p=9234"},"modified":"2026-03-21T08:26:58","modified_gmt":"2026-03-21T08:26:58","slug":"glass-bathroom-sinks-wholesale","status":"publish","type":"product","link":"https:\/\/www.ceramicbasin.com\/fr\/produit\/glass-bathroom-sinks-wholesale\/","title":{"rendered":"Newest Glass Bathroom Sinks Wholesale, Custom Glass Basin (lavabos en verre personnalis\u00e9s)"},"content":{"rendered":"<div class=\"wp-block-columns is-layout-flex wp-container-core-columns-is-layout-9d6595d7 wp-block-columns-is-layout-flex\">\n<div class=\"wp-block-column is-layout-flow wp-block-column-is-layout-flow\">\n<h2 class=\"wp-block-heading\">Premium Glass Bathroom Sinks Wholesale Caract\u00e9ristiques :<\/h2>\n\n\n\n<ul class=\"wp-block-list\">\n<li><strong>Cr\u00e9ation de mode : <\/strong>Nos \u00e9viers de salle de bain en verre ont un design moderne et \u00e0 la mode avec des lignes douces. Ils conviennent \u00e0 divers agencements de salle de bain et rehaussent la beaut\u00e9 g\u00e9n\u00e9rale et la qualit\u00e9 de l'espace.<\/li>\n\n\n\n<li><strong>Verre de haute qualit\u00e9 Mat\u00e9riau : <\/strong>Ces \u00e9viers de salle de bain en verre sont fabriqu\u00e9s avec du verre de haute qualit\u00e9, d'une grande transparence et d'une texture fine, ce qui a des effets visuels \u00e9tonnants et apporte une atmosph\u00e8re moderne, et c'est \u00e9galement bon pour la durabilit\u00e9 et la beaut\u00e9 du produit.<\/li>\n\n\n\n<li><strong>Service personnalis\u00e9 :<\/strong> Nous pouvons fournir des \u00e9viers sur mesure pour r\u00e9pondre aux exigences particuli\u00e8res des clients. Qu'il s'agisse de la taille, de la forme ou de la couleur, les clients peuvent obtenir ce qu'ils veulent gr\u00e2ce \u00e0 la personnalisation.<\/li>\n\n\n\n<li><strong>Id\u00e9al pour la vente en gros et l'approvisionnement de projets :<\/strong> Gr\u00e2ce \u00e0 une capacit\u00e9 de production stable et \u00e0 un contr\u00f4le de qualit\u00e9 strict, ces \u00e9viers sur mesure conviennent aux commandes en gros, \u00e0 la fourniture de projets et \u00e0 la distribution en gros \u00e0 l'\u00e9chelle mondiale, r\u00e9pondant ainsi aux besoins des importateurs, des marques de salles de bains et des entrepreneurs en b\u00e2timent.<\/li>\n<\/ul>\n<\/div>\n\n\n\n<div class=\"wp-block-column is-layout-flow wp-block-column-is-layout-flow\">\n<figure class=\"wp-block-image size-full\"><img fetchpriority=\"high\" decoding=\"async\" width=\"545\" height=\"342\" src=\"https:\/\/www.ceramicbasin.com\/wp-content\/uploads\/2026\/03\/Newest-fashion-design-counter-top-glass-sinks-basin-with-multiple-colors-1.webp\" alt=\"newest-glass-bathroom-sinks-wholesale-custom-glass-basin-1\" class=\"wp-image-9217\" srcset=\"https:\/\/www.ceramicbasin.com\/wp-content\/uploads\/2026\/03\/Newest-fashion-design-counter-top-glass-sinks-basin-with-multiple-colors-1.webp 545w, https:\/\/www.ceramicbasin.com\/wp-content\/uploads\/2026\/03\/Newest-fashion-design-counter-top-glass-sinks-basin-with-multiple-colors-1-300x188.webp 300w, https:\/\/www.ceramicbasin.com\/wp-content\/uploads\/2026\/03\/Newest-fashion-design-counter-top-glass-sinks-basin-with-multiple-colors-1-18x12.webp 18w, https:\/\/www.ceramicbasin.com\/wp-content\/uploads\/2026\/03\/Newest-fashion-design-counter-top-glass-sinks-basin-with-multiple-colors-1-285x179.webp 285w, https:\/\/www.ceramicbasin.com\/wp-content\/uploads\/2026\/03\/Newest-fashion-design-counter-top-glass-sinks-basin-with-multiple-colors-1-150x94.webp 150w\" sizes=\"(max-width: 545px) 100vw, 545px\" \/><\/figure>\n<\/div>\n<\/div>","protected":false},"excerpt":{"rendered":"<p>Nous vous invitons \u00e0 acheter en gros nos \u00e9viers de salle de bain en verre, qui sont fabriqu\u00e9s en verre de haute qualit\u00e9, d'une grande transparence et d'une texture d\u00e9licate, avec d'excellents effets visuels et un sens moderne. Cet \u00e9vier en verre personnalis\u00e9 est parfait pour les h\u00f4tels, les projets r\u00e9sidentiels et les march\u00e9s de d\u00e9tail haut de gamme, aidant les acheteurs B2B \u00e0 am\u00e9liorer la valeur du produit, \u00e0 attirer les clients et \u00e0 d\u00e9velopper leur activit\u00e9 d'\u00e9vier de salle de bain.<\/p>\n<table border=\"0\" width=\"478\" cellspacing=\"0\" cellpadding=\"0\">\n<tbody>\n<tr>\n<td width=\"166\" height=\"23\">Fabricant<\/td>\n<td width=\"312\">HanYu<\/td>\n<\/tr>\n<tr>\n<td height=\"23\">Num\u00e9ro de mod\u00e8le.<\/td>\n<td>HY-GL27<\/td>\n<\/tr>\n<tr>\n<td height=\"23\">Type<\/td>\n<td width=\"312\">Lavabo en verre<\/td>\n<\/tr>\n<tr>\n<td height=\"24\">Forme<\/td>\n<td>Forme ronde<\/td>\n<\/tr>\n<tr>\n<td height=\"46\">Couleur<\/td>\n<td width=\"312\">noir\/blanc\/bleu\/gris\/rose\/vert\/marron\/kaki<\/td>\n<\/tr>\n<tr>\n<td height=\"24\">Dimension<\/td>\n<td width=\"312\">46*46*12.5<\/td>\n<\/tr>\n<tr>\n<td height=\"23\">N.W \/SET<\/td>\n<td>8KGS\/PCS<\/td>\n<\/tr>\n<tr>\n<td height=\"23\">MOQ<\/td>\n<td>20pcs<\/td>\n<\/tr>\n<tr>\n<td height=\"23\">Option personnalis\u00e9e<\/td>\n<td>Couleur\/Pattenue\/Taille\/Logo\/Emballage<\/td>\n<\/tr>\n<\/tbody>\n<\/table>","protected":false},"featured_media":9376,"comment_status":"closed","ping_status":"closed","template":"","meta":{"_acf_changed":false},"product_brand":[],"product_cat":[52],"product_tag":[],"class_list":{"0":"post-9234","1":"product","2":"type-product","3":"status-publish","4":"has-post-thumbnail","6":"product_cat-wholesale-glass-vessel-sinks","8":"first","9":"instock","10":"shipping-taxable","11":"product-type-simple"},"acf":[],"_links":{"self":[{"href":"https:\/\/www.ceramicbasin.com\/fr\/wp-json\/wp\/v2\/product\/9234","targetHints":{"allow":["GET"]}}],"collection":[{"href":"https:\/\/www.ceramicbasin.com\/fr\/wp-json\/wp\/v2\/product"}],"about":[{"href":"https:\/\/www.ceramicbasin.com\/fr\/wp-json\/wp\/v2\/types\/product"}],"replies":[{"embeddable":true,"href":"https:\/\/www.ceramicbasin.com\/fr\/wp-json\/wp\/v2\/comments?post=9234"}],"wp:featuredmedia":[{"embeddable":true,"href":"https:\/\/www.ceramicbasin.com\/fr\/wp-json\/wp\/v2\/media\/9376"}],"wp:attachment":[{"href":"https:\/\/www.ceramicbasin.com\/fr\/wp-json\/wp\/v2\/media?parent=9234"}],"wp:term":[{"taxonomy":"product_brand","embeddable":true,"href":"https:\/\/www.ceramicbasin.com\/fr\/wp-json\/wp\/v2\/product_brand?post=9234"},{"taxonomy":"product_cat","embeddable":true,"href":"https:\/\/www.ceramicbasin.com\/fr\/wp-json\/wp\/v2\/product_cat?post=9234"},{"taxonomy":"product_tag","embeddable":true,"href":"https:\/\/www.ceramicbasin.com\/fr\/wp-json\/wp\/v2\/product_tag?post=9234"}],"curies":[{"name":"wp","href":"https:\/\/api.w.org\/{rel}","templated":true}]}}