{"id":9235,"date":"2026-03-12T10:08:09","date_gmt":"2026-03-12T10:08:09","guid":{"rendered":"https:\/\/www.ceramicbasin.com\/?post_type=product&#038;p=9235"},"modified":"2026-03-21T08:34:31","modified_gmt":"2026-03-21T08:34:31","slug":"glass-bowl-sink-wholesale","status":"publish","type":"product","link":"https:\/\/www.ceramicbasin.com\/fr\/produit\/glass-bowl-sink-wholesale\/","title":{"rendered":"Cuvette en verre Wholesale, Custom Color Glass Vessel Basin"},"content":{"rendered":"<div class=\"wp-block-columns is-layout-flex wp-container-core-columns-is-layout-9d6595d7 wp-block-columns-is-layout-flex\">\n<div class=\"wp-block-column is-layout-flow wp-block-column-is-layout-flow\">\n<h2 class=\"wp-block-heading\">Premium Glass Bowl Sink Wholesale Caract\u00e9ristiques :<\/h2>\n\n\n\n<ul class=\"wp-block-list\">\n<li><strong>Design exquis :<\/strong> Ce lavabo en verre est con\u00e7u dans un style moderne, avec de belles lignes et convient \u00e0 tous les types d'agencement de salle de bains, mettant en valeur la beaut\u00e9 de l'espace dans son ensemble.<\/li>\n\n\n\n<li><strong>Facile \u00e0 nettoyer :<\/strong> Avec une surface en verre lisse, cet \u00e9vier de gros en verre est r\u00e9sistant aux taches et \u00e0 la moisissure, facile \u00e0 nettoyer et \u00e0 entretenir, garantissant l'hygi\u00e8ne et la propret\u00e9 lors de l'utilisation quotidienne.<\/li>\n\n\n\n<li><strong>Mat\u00e9riau en verre de haute qualit\u00e9 :<\/strong> Le bol en verre de l'\u00e9vier en gros est fabriqu\u00e9 en verre de haute qualit\u00e9, avec une transparence \u00e9lev\u00e9e et une texture d\u00e9licate, qui a d'excellents effets visuels et un sens moderne, garantissant la durabilit\u00e9 et la beaut\u00e9 du produit.<\/li>\n\n\n\n<li><strong>Plusieurs options de couleurs : <\/strong>Notre vasque de couleur personnalis\u00e9e en vrac offre une large gamme d'options de couleurs, du transparent classique aux couleurs \u00e0 la mode, pour r\u00e9pondre aux diff\u00e9rents styles de d\u00e9coration et aux pr\u00e9f\u00e9rences personnelles, ajoutant des couleurs uniques et une personnalit\u00e9 \u00e0 la salle de bains.<\/li>\n\n\n\n<li><strong>Vente en gros Support de personnalisation :<\/strong> Notre bassin de couleur personnalis\u00e9 en vrac est id\u00e9al pour les grossistes, les distributeurs et les acheteurs de projets. Les options de personnalisation comprennent la taille, la couleur, l'impression du logo, l'emballage et la production en vrac pour r\u00e9pondre aux diff\u00e9rents besoins du march\u00e9.<\/li>\n<\/ul>\n<\/div>\n\n\n\n<div class=\"wp-block-column is-layout-flow wp-block-column-is-layout-flow\">\n<figure class=\"wp-block-image size-full\"><img fetchpriority=\"high\" decoding=\"async\" width=\"532\" height=\"448\" src=\"https:\/\/www.ceramicbasin.com\/wp-content\/uploads\/2026\/03\/Wholesale-glass-sinks-bowlcustom-color-bowl-vessel-1.webp\" alt=\"verre-cuvette-\u00e9vier-wholesale-custom-color-vessel-basin-1\" class=\"wp-image-9209\" srcset=\"https:\/\/www.ceramicbasin.com\/wp-content\/uploads\/2026\/03\/Wholesale-glass-sinks-bowlcustom-color-bowl-vessel-1.webp 532w, https:\/\/www.ceramicbasin.com\/wp-content\/uploads\/2026\/03\/Wholesale-glass-sinks-bowlcustom-color-bowl-vessel-1-300x253.webp 300w, https:\/\/www.ceramicbasin.com\/wp-content\/uploads\/2026\/03\/Wholesale-glass-sinks-bowlcustom-color-bowl-vessel-1-14x12.webp 14w, https:\/\/www.ceramicbasin.com\/wp-content\/uploads\/2026\/03\/Wholesale-glass-sinks-bowlcustom-color-bowl-vessel-1-285x240.webp 285w, https:\/\/www.ceramicbasin.com\/wp-content\/uploads\/2026\/03\/Wholesale-glass-sinks-bowlcustom-color-bowl-vessel-1-150x126.webp 150w\" sizes=\"(max-width: 532px) 100vw, 532px\" \/><\/figure>\n<\/div>\n<\/div>","protected":false},"excerpt":{"rendered":"<p>Nous vous invitons \u00e0 acheter en gros notre \u00e9vier \u00e0 cuvette en verre, qui offre une large gamme d'options de couleurs, du transparent classique aux couleurs \u00e0 la mode, pour r\u00e9pondre aux diff\u00e9rents styles de d\u00e9coration et aux pr\u00e9f\u00e9rences personnelles, en ajoutant des couleurs uniques et de la personnalit\u00e9 \u00e0 la salle de bains.<\/p>\n<table style=\"border-collapse: collapse; width: 358.52pt;\" border=\"0\" width=\"478\" cellspacing=\"0\" cellpadding=\"0\">\n<tbody>\n<tr style=\"height: 17.25pt;\">\n<td class=\"et3\" style=\"height: 17.25pt; width: 125.00pt;\" width=\"166\" height=\"23\">Fabricant<\/td>\n<td class=\"et3\" style=\"width: 234.15pt;\" width=\"312\">HanYu<\/td>\n<\/tr>\n<tr style=\"height: 17.25pt;\">\n<td class=\"et3\" style=\"height: 17.25pt;\" height=\"23\">Num\u00e9ro de mod\u00e8le.<\/td>\n<td class=\"et4\">HY-GL47<\/td>\n<\/tr>\n<tr style=\"height: 17.25pt;\">\n<td class=\"et3\" style=\"height: 17.25pt;\" height=\"23\">Type<\/td>\n<td class=\"et5\" style=\"width: 234.15pt;\" width=\"312\">Lavabo en verre<\/td>\n<\/tr>\n<tr style=\"height: 18.00pt;\">\n<td class=\"et3\" style=\"height: 18.00pt;\" height=\"24\">Forme<\/td>\n<td class=\"et3\">Forme rectangulaire<\/td>\n<\/tr>\n<tr style=\"height: 34.50pt;\">\n<td class=\"et4\" style=\"height: 34.50pt;\" height=\"46\">Couleur<\/td>\n<td class=\"et5\" style=\"width: 234.15pt;\" width=\"312\">noir\/blanc\/bleu\/gris\/rose\/vert\/marron\/kaki<\/td>\n<\/tr>\n<tr style=\"height: 18.00pt;\">\n<td class=\"et3\" style=\"height: 18.00pt;\" height=\"24\">Dimension<\/td>\n<td class=\"et5\" style=\"width: 234.15pt;\" width=\"312\">44*33*13<\/td>\n<\/tr>\n<tr style=\"height: 17.25pt;\">\n<td class=\"et3\" style=\"height: 17.25pt;\" height=\"23\">N.W \/SET<\/td>\n<td class=\"et3\">8KGS\/PCS<\/td>\n<\/tr>\n<tr style=\"height: 17.25pt;\">\n<td class=\"et3\" style=\"height: 17.25pt;\" height=\"23\">MOQ<\/td>\n<td class=\"et3\">20pcs<\/td>\n<\/tr>\n<tr style=\"height: 17.25pt;\">\n<td class=\"et3\" style=\"height: 17.25pt;\" height=\"23\">Option personnalis\u00e9e<\/td>\n<td class=\"et3\">Couleur\/Pattenue\/Taille\/Logo\/Emballage<\/td>\n<\/tr>\n<\/tbody>\n<\/table>","protected":false},"featured_media":9390,"comment_status":"closed","ping_status":"closed","template":"","meta":{"_acf_changed":false},"product_brand":[],"product_cat":[52],"product_tag":[],"class_list":{"0":"post-9235","1":"product","2":"type-product","3":"status-publish","4":"has-post-thumbnail","6":"product_cat-wholesale-glass-vessel-sinks","8":"first","9":"instock","10":"shipping-taxable","11":"product-type-simple"},"acf":[],"_links":{"self":[{"href":"https:\/\/www.ceramicbasin.com\/fr\/wp-json\/wp\/v2\/product\/9235","targetHints":{"allow":["GET"]}}],"collection":[{"href":"https:\/\/www.ceramicbasin.com\/fr\/wp-json\/wp\/v2\/product"}],"about":[{"href":"https:\/\/www.ceramicbasin.com\/fr\/wp-json\/wp\/v2\/types\/product"}],"replies":[{"embeddable":true,"href":"https:\/\/www.ceramicbasin.com\/fr\/wp-json\/wp\/v2\/comments?post=9235"}],"wp:featuredmedia":[{"embeddable":true,"href":"https:\/\/www.ceramicbasin.com\/fr\/wp-json\/wp\/v2\/media\/9390"}],"wp:attachment":[{"href":"https:\/\/www.ceramicbasin.com\/fr\/wp-json\/wp\/v2\/media?parent=9235"}],"wp:term":[{"taxonomy":"product_brand","embeddable":true,"href":"https:\/\/www.ceramicbasin.com\/fr\/wp-json\/wp\/v2\/product_brand?post=9235"},{"taxonomy":"product_cat","embeddable":true,"href":"https:\/\/www.ceramicbasin.com\/fr\/wp-json\/wp\/v2\/product_cat?post=9235"},{"taxonomy":"product_tag","embeddable":true,"href":"https:\/\/www.ceramicbasin.com\/fr\/wp-json\/wp\/v2\/product_tag?post=9235"}],"curies":[{"name":"wp","href":"https:\/\/api.w.org\/{rel}","templated":true}]}}