{"id":9249,"date":"2026-03-10T08:39:13","date_gmt":"2026-03-10T08:39:13","guid":{"rendered":"https:\/\/www.ceramicbasin.com\/?post_type=product&#038;p=9249"},"modified":"2026-03-12T17:06:40","modified_gmt":"2026-03-12T17:06:40","slug":"bathroom-vessel-sinks-wholesale","status":"publish","type":"product","link":"https:\/\/www.ceramicbasin.com\/fr\/produit\/bathroom-vessel-sinks-wholesale\/","title":{"rendered":"Vasques de salle de bains Wholesale, Handmade Blue Glazed Basin"},"content":{"rendered":"<div class=\"wp-block-columns is-layout-flex wp-container-core-columns-is-layout-9d6595d7 wp-block-columns-is-layout-flex\">\n<div class=\"wp-block-column is-layout-flow wp-block-column-is-layout-flow\">\n<h2 class=\"wp-block-heading\">Premium Bathroom Vessel Sinks Wholesale Caract\u00e9ristiques :<\/h2>\n\n\n\n<ul class=\"wp-block-list\">\n<li><strong>Peinture chinoise faite \u00e0 la main :<\/strong> Les \u00e9viers de salle de bains en gros sont soigneusement fabriqu\u00e9s selon les techniques traditionnelles chinoises de peinture \u00e0 la main. Les d\u00e9corations bleues artistiques font de ce lavabo une pi\u00e8ce culturelle unique, id\u00e9ale pour les h\u00f4tels de charme, les salles de bains de luxe ou les projets d'int\u00e9rieur des designers.<\/li>\n\n\n\n<li><strong>Construction en c\u00e9ramique de haute qualit\u00e9 :<\/strong> Les \u00e9viers de salle de bains sont fabriqu\u00e9s \u00e0 partir de mat\u00e9riaux c\u00e9ramiques de haute qualit\u00e9 et cuits \u00e0 haute temp\u00e9rature, ce qui leur conf\u00e8re une bonne durabilit\u00e9, une r\u00e9sistance \u00e0 la fissuration et une utilisation \u00e0 long terme. Le corps compact en c\u00e9ramique garantit une faible absorption d'eau et une structure solide.<\/li>\n\n\n\n<li><strong>Surface \u00e9maill\u00e9e bleue :<\/strong> Le fini glac\u00e9 bleu lisse du lavabo en c\u00e9ramique personnalis\u00e9 rehausse l'attrait visuel tout en offrant une surface r\u00e9sistante aux taches et facile \u00e0 nettoyer. L'\u00e9mail prot\u00e8ge l'\u0153uvre d'art et pr\u00e9serve l'\u00e9clat de ses couleurs, m\u00eame apr\u00e8s une utilisation prolong\u00e9e.<\/li>\n\n\n\n<li><strong>Au-dessus du comptoir Vessel Design :<\/strong> Con\u00e7ue pour \u00eatre install\u00e9e au-dessus du comptoir, la vasque en c\u00e9ramique personnalis\u00e9e offre un point central moderne et sophistiqu\u00e9 aux salles de bains. Il s'adapte \u00e0 la plupart des plans de toilette et robinets de salle de bains standard.<\/li>\n<\/ul>\n<\/div>\n\n\n\n<div class=\"wp-block-column is-layout-flow wp-block-column-is-layout-flow\">\n<figure class=\"wp-block-image size-full\"><img fetchpriority=\"high\" decoding=\"async\" width=\"800\" height=\"800\" src=\"https:\/\/www.ceramicbasin.com\/wp-content\/uploads\/2026\/03\/sink-custom\uff0cbathroom-sinks-vanity\uff0ccountertop-sinks4.webp\" alt=\"lavabos de salle de bain - lavabos en gros - lavabos faits \u00e0 la main - lavabos bleus - lavabos \u00e9maill\u00e9s - lavabos-4\" class=\"wp-image-9254\" srcset=\"https:\/\/www.ceramicbasin.com\/wp-content\/uploads\/2026\/03\/sink-custom\uff0cbathroom-sinks-vanity\uff0ccountertop-sinks4.webp 800w, https:\/\/www.ceramicbasin.com\/wp-content\/uploads\/2026\/03\/sink-custom\uff0cbathroom-sinks-vanity\uff0ccountertop-sinks4-300x300.webp 300w, https:\/\/www.ceramicbasin.com\/wp-content\/uploads\/2026\/03\/sink-custom\uff0cbathroom-sinks-vanity\uff0ccountertop-sinks4-150x150.webp 150w, https:\/\/www.ceramicbasin.com\/wp-content\/uploads\/2026\/03\/sink-custom\uff0cbathroom-sinks-vanity\uff0ccountertop-sinks4-768x768.webp 768w, https:\/\/www.ceramicbasin.com\/wp-content\/uploads\/2026\/03\/sink-custom\uff0cbathroom-sinks-vanity\uff0ccountertop-sinks4-12x12.webp 12w, https:\/\/www.ceramicbasin.com\/wp-content\/uploads\/2026\/03\/sink-custom\uff0cbathroom-sinks-vanity\uff0ccountertop-sinks4-285x285.webp 285w, https:\/\/www.ceramicbasin.com\/wp-content\/uploads\/2026\/03\/sink-custom\uff0cbathroom-sinks-vanity\uff0ccountertop-sinks4-270x270.webp 270w, https:\/\/www.ceramicbasin.com\/wp-content\/uploads\/2026\/03\/sink-custom\uff0cbathroom-sinks-vanity\uff0ccountertop-sinks4-540x540.webp 540w, https:\/\/www.ceramicbasin.com\/wp-content\/uploads\/2026\/03\/sink-custom\uff0cbathroom-sinks-vanity\uff0ccountertop-sinks4-660x660.webp 660w\" sizes=\"(max-width: 800px) 100vw, 800px\" \/><\/figure>\n<\/div>\n<\/div>","protected":false},"excerpt":{"rendered":"<p>Nous vous invitons \u00e0 acheter en gros nos lavabos de salle de bains, qui pr\u00e9sentent un design de peinture chinoise faite \u00e0 la main avec une finition \u00e9maill\u00e9e bleue. Ils conviennent aux grossistes, aux distributeurs d'articles sanitaires, aux d\u00e9corateurs d'int\u00e9rieur et aux fournisseurs de projets d'h\u00f4tellerie qui recherchent des lavabos en c\u00e9ramique artistiques avec une forte identit\u00e9 visuelle.<\/p>\n<table border=\"0\" width=\"311\" cellspacing=\"0\" cellpadding=\"0\">\n<tbody>\n<tr>\n<td width=\"108\" height=\"17\">Fabricant<\/td>\n<td width=\"202\">HanYu<\/td>\n<\/tr>\n<tr>\n<td height=\"17\">Num\u00e9ro de mod\u00e8le.<\/td>\n<td>HY-9001<\/td>\n<\/tr>\n<tr>\n<td height=\"17\">Type<\/td>\n<td>Cuvette mate, cuvette de comptoir<\/td>\n<\/tr>\n<tr>\n<td height=\"17\">Forme<\/td>\n<td>Forme ronde<\/td>\n<\/tr>\n<tr>\n<td height=\"36\">Couleur<\/td>\n<td width=\"202\">Noir\/Blanc\/Bleu\/Gris\/Rose\/Vert\/Marron\/Kaki......<\/td>\n<\/tr>\n<tr>\n<td height=\"18\">Dimension<\/td>\n<td width=\"202\">36*36*13<\/td>\n<\/tr>\n<tr>\n<td height=\"17\">N.W \/SET<\/td>\n<td>10KGS\/PCS<\/td>\n<\/tr>\n<tr>\n<td height=\"17\">MOQ<\/td>\n<td>20pcs<\/td>\n<\/tr>\n<tr>\n<td height=\"17\">Option personnalis\u00e9e<\/td>\n<td>Couleur\/Pattenue\/Taille\/Logo\/Emballage<\/td>\n<\/tr>\n<\/tbody>\n<\/table>","protected":false},"featured_media":9250,"comment_status":"closed","ping_status":"closed","template":"","meta":{"_acf_changed":false},"product_brand":[],"product_cat":[50,55],"product_tag":[],"class_list":{"0":"post-9249","1":"product","2":"type-product","3":"status-publish","4":"has-post-thumbnail","6":"product_cat-wholesale-countertop-sinks","7":"product_cat-wholesale-matte-sinks","9":"first","10":"instock","11":"shipping-taxable","12":"product-type-simple"},"acf":[],"_links":{"self":[{"href":"https:\/\/www.ceramicbasin.com\/fr\/wp-json\/wp\/v2\/product\/9249","targetHints":{"allow":["GET"]}}],"collection":[{"href":"https:\/\/www.ceramicbasin.com\/fr\/wp-json\/wp\/v2\/product"}],"about":[{"href":"https:\/\/www.ceramicbasin.com\/fr\/wp-json\/wp\/v2\/types\/product"}],"replies":[{"embeddable":true,"href":"https:\/\/www.ceramicbasin.com\/fr\/wp-json\/wp\/v2\/comments?post=9249"}],"wp:featuredmedia":[{"embeddable":true,"href":"https:\/\/www.ceramicbasin.com\/fr\/wp-json\/wp\/v2\/media\/9250"}],"wp:attachment":[{"href":"https:\/\/www.ceramicbasin.com\/fr\/wp-json\/wp\/v2\/media?parent=9249"}],"wp:term":[{"taxonomy":"product_brand","embeddable":true,"href":"https:\/\/www.ceramicbasin.com\/fr\/wp-json\/wp\/v2\/product_brand?post=9249"},{"taxonomy":"product_cat","embeddable":true,"href":"https:\/\/www.ceramicbasin.com\/fr\/wp-json\/wp\/v2\/product_cat?post=9249"},{"taxonomy":"product_tag","embeddable":true,"href":"https:\/\/www.ceramicbasin.com\/fr\/wp-json\/wp\/v2\/product_tag?post=9249"}],"curies":[{"name":"wp","href":"https:\/\/api.w.org\/{rel}","templated":true}]}}