{"id":9256,"date":"2026-03-10T08:57:08","date_gmt":"2026-03-10T08:57:08","guid":{"rendered":"https:\/\/www.ceramicbasin.com\/?post_type=product&#038;p=9256"},"modified":"2026-03-13T02:16:10","modified_gmt":"2026-03-13T02:16:10","slug":"blue-bathroom-sinks-wholesale","status":"publish","type":"product","link":"https:\/\/www.ceramicbasin.com\/fr\/produit\/blue-bathroom-sinks-wholesale\/","title":{"rendered":"Luxury Blue Bathroom Sinks Wholesale With Black Gold Line (lavabos de salle de bain bleus en gros avec ligne noire et dor\u00e9e)"},"content":{"rendered":"<div class=\"wp-block-columns is-layout-flex wp-container-core-columns-is-layout-9d6595d7 wp-block-columns-is-layout-flex\">\n<div class=\"wp-block-column is-layout-flow wp-block-column-is-layout-flow\">\n<h2 class=\"wp-block-heading\">Premium Blue Bathroom Sinks Wholesale Caract\u00e9ristiques :<\/h2>\n\n\n\n<ul class=\"wp-block-list\">\n<li><strong>Texture mate :<\/strong> Le traitement de surface mat de ces lavabos de salle de bain bleus en gros donne au bassin une touche de modernit\u00e9 discr\u00e8te et d\u00e9licate. Il est facile \u00e0 nettoyer et convient aux familles modernes qui recherchent un style minimaliste.<\/li>\n\n\n\n<li><strong>Id\u00e9al pour les march\u00e9s mondiaux de la salle de bains :<\/strong> Ces lavabos de salle de bains bleus conviennent aux grossistes, aux distributeurs d'articles sanitaires, aux d\u00e9corateurs d'int\u00e9rieur et aux fournisseurs de projets d'h\u00f4tellerie qui recherchent des lavabos en c\u00e9ramique artistiques dot\u00e9s d'une forte identit\u00e9 visuelle.<\/li>\n\n\n\n<li><strong>Cr\u00e9ation de mode :<\/strong> Nos lavabos en porcelaine sur mesure ont un design moderne et \u00e0 la mode avec des lignes douces. Ils conviennent \u00e0 divers agencements de salles de bains et rehaussent la beaut\u00e9 g\u00e9n\u00e9rale et la qualit\u00e9 de l'espace.<\/li>\n\n\n\n<li><strong>Au-dessus du comptoir Vessel Design :<\/strong> La structure de l'\u00e9vier sur mesure est con\u00e7ue pour \u00eatre install\u00e9e sur un comptoir, ajoutant un point focal moderne et \u00e9l\u00e9gant aux espaces de la salle de bains. Il est compatible avec la plupart des plans de toilette et robinets de salle de bains standard.<\/li>\n<\/ul>\n<\/div>\n\n\n\n<div class=\"wp-block-column is-layout-flow wp-block-column-is-layout-flow\">\n<figure class=\"wp-block-image size-full\"><img fetchpriority=\"high\" decoding=\"async\" width=\"800\" height=\"800\" src=\"https:\/\/www.ceramicbasin.com\/wp-content\/uploads\/2026\/03\/bathroom-countertop-sink\uff0csink-suppliers\uff0cbathroom-porcelain-sink5.webp\" alt=\"luxury-blue-bathroom-sinks-wholesale-with-black-gold-line-5\" class=\"wp-image-9262\" srcset=\"https:\/\/www.ceramicbasin.com\/wp-content\/uploads\/2026\/03\/bathroom-countertop-sink\uff0csink-suppliers\uff0cbathroom-porcelain-sink5.webp 800w, https:\/\/www.ceramicbasin.com\/wp-content\/uploads\/2026\/03\/bathroom-countertop-sink\uff0csink-suppliers\uff0cbathroom-porcelain-sink5-300x300.webp 300w, https:\/\/www.ceramicbasin.com\/wp-content\/uploads\/2026\/03\/bathroom-countertop-sink\uff0csink-suppliers\uff0cbathroom-porcelain-sink5-150x150.webp 150w, https:\/\/www.ceramicbasin.com\/wp-content\/uploads\/2026\/03\/bathroom-countertop-sink\uff0csink-suppliers\uff0cbathroom-porcelain-sink5-768x768.webp 768w, https:\/\/www.ceramicbasin.com\/wp-content\/uploads\/2026\/03\/bathroom-countertop-sink\uff0csink-suppliers\uff0cbathroom-porcelain-sink5-12x12.webp 12w, https:\/\/www.ceramicbasin.com\/wp-content\/uploads\/2026\/03\/bathroom-countertop-sink\uff0csink-suppliers\uff0cbathroom-porcelain-sink5-285x285.webp 285w, https:\/\/www.ceramicbasin.com\/wp-content\/uploads\/2026\/03\/bathroom-countertop-sink\uff0csink-suppliers\uff0cbathroom-porcelain-sink5-270x270.webp 270w, https:\/\/www.ceramicbasin.com\/wp-content\/uploads\/2026\/03\/bathroom-countertop-sink\uff0csink-suppliers\uff0cbathroom-porcelain-sink5-540x540.webp 540w, https:\/\/www.ceramicbasin.com\/wp-content\/uploads\/2026\/03\/bathroom-countertop-sink\uff0csink-suppliers\uff0cbathroom-porcelain-sink5-660x660.webp 660w\" sizes=\"(max-width: 800px) 100vw, 800px\" \/><\/figure>\n<\/div>\n<\/div>","protected":false},"excerpt":{"rendered":"<p>Nous vous invitons \u00e0 acheter en gros nos lavabos de salle de bain bleus, qui ont un design moderne et \u00e0 la mode avec des lignes douces, qui conviennent \u00e0 divers agencements de salle de bain et qui rehaussent la beaut\u00e9 g\u00e9n\u00e9rale et la qualit\u00e9 de l'espace, ce qui les rend id\u00e9aux pour les h\u00f4tels-boutiques, les projets de salle de bain de luxe et les collections de salle de bain de vente au d\u00e9tail.<\/p>\n<table style=\"border-collapse: collapse; width: 311.02pt;\" border=\"0\" width=\"311\" cellspacing=\"0\" cellpadding=\"0\">\n<tbody>\n<tr style=\"height: 17.60pt;\">\n<td class=\"et3\" style=\"height: 17.60pt; width: 108.35pt;\" width=\"108\" height=\"17\">Fabricant<\/td>\n<td class=\"et3\" style=\"width: 202.95pt;\" width=\"202\">HanYu<\/td>\n<\/tr>\n<tr style=\"height: 17.60pt;\">\n<td class=\"et3\" style=\"height: 17.60pt;\" height=\"17\">Num\u00e9ro de mod\u00e8le.<\/td>\n<td class=\"et4\">HY-9002<\/td>\n<\/tr>\n<tr style=\"height: 17.60pt;\">\n<td class=\"et3\" style=\"height: 17.60pt;\" height=\"17\">Type<\/td>\n<td class=\"et3\">Cuvette mate, cuvette de comptoir<\/td>\n<\/tr>\n<tr style=\"height: 17.60pt;\">\n<td class=\"et3\" style=\"height: 17.60pt;\" height=\"17\">Forme<\/td>\n<td class=\"et3\">Forme ronde<\/td>\n<\/tr>\n<tr style=\"height: 36.00pt;\">\n<td class=\"et4\" style=\"height: 36.00pt;\" height=\"36\">Couleur<\/td>\n<td class=\"et5\" style=\"width: 202.95pt;\" width=\"202\">Noir\/Blanc\/Bleu\/Gris\/Rose\/Vert\/Marron\/Kaki......<\/td>\n<\/tr>\n<tr style=\"height: 18.00pt;\">\n<td class=\"et3\" style=\"height: 18.00pt;\" height=\"18\">Dimension<\/td>\n<td class=\"et5\" style=\"width: 202.95pt;\" width=\"202\">40*40*12<\/td>\n<\/tr>\n<tr style=\"height: 17.60pt;\">\n<td class=\"et3\" style=\"height: 17.60pt;\" height=\"17\">N.W \/SET<\/td>\n<td class=\"et3\">10KGS\/PCS<\/td>\n<\/tr>\n<tr style=\"height: 17.60pt;\">\n<td class=\"et3\" style=\"height: 17.60pt;\" height=\"17\">MOQ<\/td>\n<td class=\"et3\">12pcs<\/td>\n<\/tr>\n<tr style=\"height: 17.60pt;\">\n<td class=\"et3\" style=\"height: 17.60pt;\" height=\"17\">Option personnalis\u00e9e<\/td>\n<td class=\"et3\">Couleur\/Pattenue\/Taille\/Logo\/Emballage<\/td>\n<\/tr>\n<\/tbody>\n<\/table>","protected":false},"featured_media":9260,"comment_status":"closed","ping_status":"closed","template":"","meta":{"_acf_changed":false},"product_brand":[],"product_cat":[50,55],"product_tag":[],"class_list":{"0":"post-9256","1":"product","2":"type-product","3":"status-publish","4":"has-post-thumbnail","6":"product_cat-wholesale-countertop-sinks","7":"product_cat-wholesale-matte-sinks","9":"first","10":"instock","11":"shipping-taxable","12":"product-type-simple"},"acf":[],"_links":{"self":[{"href":"https:\/\/www.ceramicbasin.com\/fr\/wp-json\/wp\/v2\/product\/9256","targetHints":{"allow":["GET"]}}],"collection":[{"href":"https:\/\/www.ceramicbasin.com\/fr\/wp-json\/wp\/v2\/product"}],"about":[{"href":"https:\/\/www.ceramicbasin.com\/fr\/wp-json\/wp\/v2\/types\/product"}],"replies":[{"embeddable":true,"href":"https:\/\/www.ceramicbasin.com\/fr\/wp-json\/wp\/v2\/comments?post=9256"}],"wp:featuredmedia":[{"embeddable":true,"href":"https:\/\/www.ceramicbasin.com\/fr\/wp-json\/wp\/v2\/media\/9260"}],"wp:attachment":[{"href":"https:\/\/www.ceramicbasin.com\/fr\/wp-json\/wp\/v2\/media?parent=9256"}],"wp:term":[{"taxonomy":"product_brand","embeddable":true,"href":"https:\/\/www.ceramicbasin.com\/fr\/wp-json\/wp\/v2\/product_brand?post=9256"},{"taxonomy":"product_cat","embeddable":true,"href":"https:\/\/www.ceramicbasin.com\/fr\/wp-json\/wp\/v2\/product_cat?post=9256"},{"taxonomy":"product_tag","embeddable":true,"href":"https:\/\/www.ceramicbasin.com\/fr\/wp-json\/wp\/v2\/product_tag?post=9256"}],"curies":[{"name":"wp","href":"https:\/\/api.w.org\/{rel}","templated":true}]}}