{"id":9264,"date":"2026-03-11T01:55:15","date_gmt":"2026-03-11T01:55:15","guid":{"rendered":"https:\/\/www.ceramicbasin.com\/?post_type=product&#038;p=9264"},"modified":"2026-03-13T03:10:59","modified_gmt":"2026-03-13T03:10:59","slug":"vessel-bathroom-sinks-wholesale","status":"publish","type":"product","link":"https:\/\/www.ceramicbasin.com\/fr\/produit\/vessel-bathroom-sinks-wholesale\/","title":{"rendered":"Hotel Vessel Bathroom Sinks Wholesale, Round Basin Supply"},"content":{"rendered":"<div class=\"wp-block-columns is-layout-flex wp-container-core-columns-is-layout-9d6595d7 wp-block-columns-is-layout-flex\">\n<div class=\"wp-block-column is-layout-flow wp-block-column-is-layout-flow\">\n<h2 class=\"wp-block-heading\">Premium Hotel Vessel Bathroom Sinks Wholesale Caract\u00e9ristiques :<\/h2>\n\n\n\n<ul class=\"wp-block-list\">\n<li><strong>Mat\u00e9riau c\u00e9ramique de premi\u00e8re qualit\u00e9 avec gla\u00e7ure durable :<\/strong> Les \u00e9viers de salle de bain de type \"h\u00f4tel\" sont fabriqu\u00e9s en c\u00e9ramique cuite de haute qualit\u00e9 ; le bassin pr\u00e9sente un \u00e9mail lisse et non poreux qui r\u00e9siste aux taches, aux rayures et \u00e0 la d\u00e9coloration. La surface conserve son \u00e9clat m\u00eame apr\u00e8s une utilisation prolong\u00e9e.<\/li>\n\n\n\n<li><strong>Texture mate :<\/strong> Le traitement de surface mat de cette vasque \u00e0 poser personnalis\u00e9e lui conf\u00e8re une touche de modernit\u00e9 et de d\u00e9licatesse. Facile \u00e0 nettoyer, elle convient aux familles modernes adeptes d'un style minimaliste.<\/li>\n\n\n\n<li><strong>Installation d'une cuve de comptoir :<\/strong> La conception en forme de cuve permet au bassin de se placer au-dessus du plan de travail, cr\u00e9ant ainsi un point focal \u00e9l\u00e9gant tout en simplifiant l'installation par rapport aux \u00e9viers traditionnels sous le plan de travail.<\/li>\n\n\n\n<li><strong>Approvisionnement en gros et options de personnalisation :<\/strong> Les \u00e9viers de salle de bain \u00e0 cuve pour h\u00f4tels sont disponibles pour les commandes en gros, avec un service de personnalisation OEM\/ODM, y compris l'impression de logo, les ajustements de couleur, la conception d'emballage, et les modifications de taille, etc.<\/li>\n<\/ul>\n<\/div>\n\n\n\n<div class=\"wp-block-column is-layout-flow wp-block-column-is-layout-flow\">\n<figure class=\"wp-block-image size-full\"><img fetchpriority=\"high\" decoding=\"async\" width=\"800\" height=\"800\" src=\"https:\/\/www.ceramicbasin.com\/wp-content\/uploads\/2026\/03\/porcelain-vanity-sink\uff0cvanity-sinks-for-bathroom\uff0ccountertop-sinks5.webp\" alt=\"hotel-vessel-bathroom-sinks-wholesale-round-basin-supply-5\" class=\"wp-image-9270\" srcset=\"https:\/\/www.ceramicbasin.com\/wp-content\/uploads\/2026\/03\/porcelain-vanity-sink\uff0cvanity-sinks-for-bathroom\uff0ccountertop-sinks5.webp 800w, https:\/\/www.ceramicbasin.com\/wp-content\/uploads\/2026\/03\/porcelain-vanity-sink\uff0cvanity-sinks-for-bathroom\uff0ccountertop-sinks5-300x300.webp 300w, https:\/\/www.ceramicbasin.com\/wp-content\/uploads\/2026\/03\/porcelain-vanity-sink\uff0cvanity-sinks-for-bathroom\uff0ccountertop-sinks5-150x150.webp 150w, https:\/\/www.ceramicbasin.com\/wp-content\/uploads\/2026\/03\/porcelain-vanity-sink\uff0cvanity-sinks-for-bathroom\uff0ccountertop-sinks5-768x768.webp 768w, https:\/\/www.ceramicbasin.com\/wp-content\/uploads\/2026\/03\/porcelain-vanity-sink\uff0cvanity-sinks-for-bathroom\uff0ccountertop-sinks5-12x12.webp 12w, https:\/\/www.ceramicbasin.com\/wp-content\/uploads\/2026\/03\/porcelain-vanity-sink\uff0cvanity-sinks-for-bathroom\uff0ccountertop-sinks5-285x285.webp 285w, https:\/\/www.ceramicbasin.com\/wp-content\/uploads\/2026\/03\/porcelain-vanity-sink\uff0cvanity-sinks-for-bathroom\uff0ccountertop-sinks5-270x270.webp 270w, https:\/\/www.ceramicbasin.com\/wp-content\/uploads\/2026\/03\/porcelain-vanity-sink\uff0cvanity-sinks-for-bathroom\uff0ccountertop-sinks5-540x540.webp 540w, https:\/\/www.ceramicbasin.com\/wp-content\/uploads\/2026\/03\/porcelain-vanity-sink\uff0cvanity-sinks-for-bathroom\uff0ccountertop-sinks5-660x660.webp 660w\" sizes=\"(max-width: 800px) 100vw, 800px\" \/><\/figure>\n<\/div>\n<\/div>","protected":false},"excerpt":{"rendered":"<p>Nous vous invitons \u00e0 acheter en gros nos \u00e9viers de salle de bain ronds de style am\u00e9ricain, con\u00e7us pour les projets h\u00f4teliers, les grossistes et les distributeurs de salles de bain \u00e0 la recherche de vasques de comptoir en c\u00e9ramique de qualit\u00e9 sup\u00e9rieure. Fabriqu\u00e9 en c\u00e9ramique \u00e9maill\u00e9e de haute qualit\u00e9, il est durable et facile \u00e0 nettoyer avec un design de r\u00e9cipient \u00e9l\u00e9gant qui compl\u00e8te les int\u00e9rieurs de salle de bains contemporains.<\/p>\n<table style=\"border-collapse: collapse; width: 311.02pt;\" border=\"0\" width=\"311\" cellspacing=\"0\" cellpadding=\"0\">\n<tbody>\n<tr style=\"height: 17.60pt;\">\n<td class=\"et3\" style=\"height: 17.60pt; width: 108.35pt;\" width=\"108\" height=\"17\">Fabricant<\/td>\n<td class=\"et3\" style=\"width: 202.95pt;\" width=\"202\">HanYu<\/td>\n<\/tr>\n<tr style=\"height: 17.60pt;\">\n<td class=\"et3\" style=\"height: 17.60pt;\" height=\"17\">Num\u00e9ro de mod\u00e8le.<\/td>\n<td class=\"et4\">HY-9003<\/td>\n<\/tr>\n<tr style=\"height: 17.60pt;\">\n<td class=\"et3\" style=\"height: 17.60pt;\" height=\"17\">Type<\/td>\n<td class=\"et3\">Cuvette mate, cuvette de comptoir<\/td>\n<\/tr>\n<tr style=\"height: 17.60pt;\">\n<td class=\"et3\" style=\"height: 17.60pt;\" height=\"17\">Forme<\/td>\n<td class=\"et3\">Forme ronde<\/td>\n<\/tr>\n<tr style=\"height: 36.00pt;\">\n<td class=\"et4\" style=\"height: 36.00pt;\" height=\"36\">Couleur<\/td>\n<td class=\"et5\" style=\"width: 202.95pt;\" width=\"202\">Noir\/Blanc\/Bleu\/Gris\/Rose\/Vert\/Marron\/Kaki......<\/td>\n<\/tr>\n<tr style=\"height: 18.00pt;\">\n<td class=\"et3\" style=\"height: 18.00pt;\" height=\"18\">Dimension<\/td>\n<td class=\"et5\" style=\"width: 202.95pt;\" width=\"202\">40*40*15<\/td>\n<\/tr>\n<tr style=\"height: 17.60pt;\">\n<td class=\"et3\" style=\"height: 17.60pt;\" height=\"17\">N.W \/SET<\/td>\n<td class=\"et3\">12KGS\/PCS<\/td>\n<\/tr>\n<tr style=\"height: 17.60pt;\">\n<td class=\"et3\" style=\"height: 17.60pt;\" height=\"17\">MOQ<\/td>\n<td class=\"et3\">10pcs<\/td>\n<\/tr>\n<tr style=\"height: 17.60pt;\">\n<td class=\"et3\" style=\"height: 17.60pt;\" height=\"17\">Option personnalis\u00e9e<\/td>\n<td class=\"et3\">Couleur\/Pattenue\/Taille\/Logo\/Emballage<\/td>\n<\/tr>\n<\/tbody>\n<\/table>","protected":false},"featured_media":9268,"comment_status":"closed","ping_status":"closed","template":"","meta":{"_acf_changed":false},"product_brand":[],"product_cat":[50,55],"product_tag":[],"class_list":{"0":"post-9264","1":"product","2":"type-product","3":"status-publish","4":"has-post-thumbnail","6":"product_cat-wholesale-countertop-sinks","7":"product_cat-wholesale-matte-sinks","9":"first","10":"instock","11":"shipping-taxable","12":"product-type-simple"},"acf":[],"_links":{"self":[{"href":"https:\/\/www.ceramicbasin.com\/fr\/wp-json\/wp\/v2\/product\/9264","targetHints":{"allow":["GET"]}}],"collection":[{"href":"https:\/\/www.ceramicbasin.com\/fr\/wp-json\/wp\/v2\/product"}],"about":[{"href":"https:\/\/www.ceramicbasin.com\/fr\/wp-json\/wp\/v2\/types\/product"}],"replies":[{"embeddable":true,"href":"https:\/\/www.ceramicbasin.com\/fr\/wp-json\/wp\/v2\/comments?post=9264"}],"wp:featuredmedia":[{"embeddable":true,"href":"https:\/\/www.ceramicbasin.com\/fr\/wp-json\/wp\/v2\/media\/9268"}],"wp:attachment":[{"href":"https:\/\/www.ceramicbasin.com\/fr\/wp-json\/wp\/v2\/media?parent=9264"}],"wp:term":[{"taxonomy":"product_brand","embeddable":true,"href":"https:\/\/www.ceramicbasin.com\/fr\/wp-json\/wp\/v2\/product_brand?post=9264"},{"taxonomy":"product_cat","embeddable":true,"href":"https:\/\/www.ceramicbasin.com\/fr\/wp-json\/wp\/v2\/product_cat?post=9264"},{"taxonomy":"product_tag","embeddable":true,"href":"https:\/\/www.ceramicbasin.com\/fr\/wp-json\/wp\/v2\/product_tag?post=9264"}],"curies":[{"name":"wp","href":"https:\/\/api.w.org\/{rel}","templated":true}]}}