{"id":9271,"date":"2026-03-11T02:39:19","date_gmt":"2026-03-11T02:39:19","guid":{"rendered":"https:\/\/www.ceramicbasin.com\/?post_type=product&#038;p=9271"},"modified":"2026-03-13T09:40:47","modified_gmt":"2026-03-13T09:40:47","slug":"wholesale-porcelain-wash-basin","status":"publish","type":"product","link":"https:\/\/www.ceramicbasin.com\/fr\/produit\/wholesale-porcelain-wash-basin\/","title":{"rendered":"Wholesale Porcelain Wash Basin, Hotel Bathroom Sinks Supply"},"content":{"rendered":"<div class=\"wp-block-columns is-layout-flex wp-container-core-columns-is-layout-9d6595d7 wp-block-columns-is-layout-flex\">\n<div class=\"wp-block-column is-layout-flow wp-block-column-is-layout-flow\">\n<h2 class=\"wp-block-heading\">Premium Blue Glazed Single Wholesale Porcelain Wash Basin Features :<\/h2>\n\n\n\n<ul class=\"wp-block-list\">\n<li><strong>Conception artistique : <\/strong>Le lavabo en porcelaine de gros allie luxe et beaut\u00e9 artistique. Le style rectangulaire est \u00e0 la mode et raffin\u00e9, et il poss\u00e8de une forme unique et des d\u00e9tails m\u00e9ticuleux, et il y a un sens de l'ornementation artistique contemporaine dans l'espace de la salle de bains.<\/li>\n\n\n\n<li><strong>R\u00e9duction des co\u00fbts : <\/strong>Notre lavabo en porcelaine allie un design esth\u00e9tique simple \u00e0 une fonctionnalit\u00e9 pratique, un choix id\u00e9al pour les salles de bains \u00e9l\u00e9gantes. Vente en gros de lavabos de salle de bain \u00e0 des prix raisonnables, et livraison rapide pour r\u00e9pondre aux besoins des grosses commandes, tout en garantissant la qualit\u00e9 du produit.<\/li>\n\n\n\n<li><strong>Bleu menthe frais, cr\u00e9ant une atmosph\u00e8re confortable : <\/strong>Ce plan de toilette personnalis\u00e9 utilise un gla\u00e7age mat bleu menthe doux, pr\u00e9sentant un effet visuel frais et naturel, ajoutant une touche d'\u00e9l\u00e9gance \u00e0 l'espace commercial de la salle de bain, cr\u00e9ant une atmosph\u00e8re relaxante et confortable, et convient aux int\u00e9rieurs modernes, nordiques et minimalistes.<\/li>\n\n\n\n<li><strong>Surface hygi\u00e9nique facile \u00e0 nettoyer :<\/strong> L'\u00e9mail c\u00e9ramique lisse emp\u00eache l'accumulation de salet\u00e9 et rend le nettoyage rapide et facile, ce qui est particuli\u00e8rement important pour les environnements hospitaliers o\u00f9 l'hygi\u00e8ne et l'efficacit\u00e9 sont essentielles.<\/li>\n<\/ul>\n<\/div>\n\n\n\n<div class=\"wp-block-column is-layout-flow wp-block-column-is-layout-flow\">\n<figure class=\"wp-block-image size-full\"><img fetchpriority=\"high\" decoding=\"async\" width=\"800\" height=\"800\" src=\"https:\/\/www.ceramicbasin.com\/wp-content\/uploads\/2026\/03\/bathroom-sink-countertops\uff0cvanity-sinks-for-bathroom\uff0cceramic-sinks5.webp\" alt=\"wholesale-porcelain-wash-basin-hotel-bathroom-sinks-suppupply-5\" class=\"wp-image-9277\" srcset=\"https:\/\/www.ceramicbasin.com\/wp-content\/uploads\/2026\/03\/bathroom-sink-countertops\uff0cvanity-sinks-for-bathroom\uff0cceramic-sinks5.webp 800w, https:\/\/www.ceramicbasin.com\/wp-content\/uploads\/2026\/03\/bathroom-sink-countertops\uff0cvanity-sinks-for-bathroom\uff0cceramic-sinks5-300x300.webp 300w, https:\/\/www.ceramicbasin.com\/wp-content\/uploads\/2026\/03\/bathroom-sink-countertops\uff0cvanity-sinks-for-bathroom\uff0cceramic-sinks5-150x150.webp 150w, https:\/\/www.ceramicbasin.com\/wp-content\/uploads\/2026\/03\/bathroom-sink-countertops\uff0cvanity-sinks-for-bathroom\uff0cceramic-sinks5-768x768.webp 768w, https:\/\/www.ceramicbasin.com\/wp-content\/uploads\/2026\/03\/bathroom-sink-countertops\uff0cvanity-sinks-for-bathroom\uff0cceramic-sinks5-12x12.webp 12w, https:\/\/www.ceramicbasin.com\/wp-content\/uploads\/2026\/03\/bathroom-sink-countertops\uff0cvanity-sinks-for-bathroom\uff0cceramic-sinks5-285x285.webp 285w, https:\/\/www.ceramicbasin.com\/wp-content\/uploads\/2026\/03\/bathroom-sink-countertops\uff0cvanity-sinks-for-bathroom\uff0cceramic-sinks5-270x270.webp 270w, https:\/\/www.ceramicbasin.com\/wp-content\/uploads\/2026\/03\/bathroom-sink-countertops\uff0cvanity-sinks-for-bathroom\uff0cceramic-sinks5-540x540.webp 540w, https:\/\/www.ceramicbasin.com\/wp-content\/uploads\/2026\/03\/bathroom-sink-countertops\uff0cvanity-sinks-for-bathroom\uff0cceramic-sinks5-660x660.webp 660w\" sizes=\"(max-width: 800px) 100vw, 800px\" \/><\/figure>\n<\/div>\n<\/div>","protected":false},"excerpt":{"rendered":"<p>Nous vous invitons \u00e0 acheter en gros notre lavabo en porcelaine, qui allie un design esth\u00e9tique simple \u00e0 une fonctionnalit\u00e9 pratique, un choix id\u00e9al pour les projets h\u00f4teliers. Disponible en gros et en personnalisation OEM, ce lavabo en c\u00e9ramique aide les acheteurs B2B \u00e0 cr\u00e9er des solutions de salle de bain haut de gamme tout en garantissant une qualit\u00e9 fiable, des prix comp\u00e9titifs et un approvisionnement stable en vrac pour les projets h\u00f4teliers et commerciaux.<\/p>\n<table border=\"0\" width=\"311\" cellspacing=\"0\" cellpadding=\"0\">\n<tbody>\n<tr>\n<td width=\"108\" height=\"17\">Fabricant<\/td>\n<td width=\"202\">HanYu<\/td>\n<\/tr>\n<tr>\n<td height=\"17\">Num\u00e9ro de mod\u00e8le.<\/td>\n<td>HY-9004<\/td>\n<\/tr>\n<tr>\n<td height=\"17\">Type<\/td>\n<td>Cuvette mate, cuvette de comptoir<\/td>\n<\/tr>\n<tr>\n<td height=\"17\">Forme<\/td>\n<td>Forme ronde<\/td>\n<\/tr>\n<tr>\n<td height=\"36\">Couleur<\/td>\n<td width=\"202\">Noir\/Blanc\/Bleu\/Gris\/Rose\/Vert\/Marron\/Kaki......<\/td>\n<\/tr>\n<tr>\n<td height=\"18\">Dimension<\/td>\n<td width=\"202\">42*42*12.5<\/td>\n<\/tr>\n<tr>\n<td height=\"17\">N.W \/SET<\/td>\n<td>12KGS\/PCS<\/td>\n<\/tr>\n<tr>\n<td height=\"17\">MOQ<\/td>\n<td>10pcs<\/td>\n<\/tr>\n<tr>\n<td height=\"17\">Option personnalis\u00e9e<\/td>\n<td>Couleur\/Pattenue\/Taille\/Logo\/Emballage<\/td>\n<\/tr>\n<\/tbody>\n<\/table>","protected":false},"featured_media":9272,"comment_status":"closed","ping_status":"closed","template":"","meta":{"_acf_changed":false},"product_brand":[],"product_cat":[50,55],"product_tag":[],"class_list":{"0":"post-9271","1":"product","2":"type-product","3":"status-publish","4":"has-post-thumbnail","6":"product_cat-wholesale-countertop-sinks","7":"product_cat-wholesale-matte-sinks","9":"first","10":"instock","11":"shipping-taxable","12":"product-type-simple"},"acf":[],"_links":{"self":[{"href":"https:\/\/www.ceramicbasin.com\/fr\/wp-json\/wp\/v2\/product\/9271","targetHints":{"allow":["GET"]}}],"collection":[{"href":"https:\/\/www.ceramicbasin.com\/fr\/wp-json\/wp\/v2\/product"}],"about":[{"href":"https:\/\/www.ceramicbasin.com\/fr\/wp-json\/wp\/v2\/types\/product"}],"replies":[{"embeddable":true,"href":"https:\/\/www.ceramicbasin.com\/fr\/wp-json\/wp\/v2\/comments?post=9271"}],"wp:featuredmedia":[{"embeddable":true,"href":"https:\/\/www.ceramicbasin.com\/fr\/wp-json\/wp\/v2\/media\/9272"}],"wp:attachment":[{"href":"https:\/\/www.ceramicbasin.com\/fr\/wp-json\/wp\/v2\/media?parent=9271"}],"wp:term":[{"taxonomy":"product_brand","embeddable":true,"href":"https:\/\/www.ceramicbasin.com\/fr\/wp-json\/wp\/v2\/product_brand?post=9271"},{"taxonomy":"product_cat","embeddable":true,"href":"https:\/\/www.ceramicbasin.com\/fr\/wp-json\/wp\/v2\/product_cat?post=9271"},{"taxonomy":"product_tag","embeddable":true,"href":"https:\/\/www.ceramicbasin.com\/fr\/wp-json\/wp\/v2\/product_tag?post=9271"}],"curies":[{"name":"wp","href":"https:\/\/api.w.org\/{rel}","templated":true}]}}