{"id":9321,"date":"2026-03-21T08:07:12","date_gmt":"2026-03-21T08:07:12","guid":{"rendered":"https:\/\/www.ceramicbasin.com\/?post_type=product&#038;p=9321"},"modified":"2026-03-21T08:07:14","modified_gmt":"2026-03-21T08:07:14","slug":"wholesale-bathroom-round-sink","status":"publish","type":"product","link":"https:\/\/www.ceramicbasin.com\/fr\/produit\/wholesale-bathroom-round-sink\/","title":{"rendered":"Wholesale Bathroom Round Sink, Black Gold Marble Art Basin"},"content":{"rendered":"<div class=\"wp-block-columns is-layout-flex wp-container-core-columns-is-layout-9d6595d7 wp-block-columns-is-layout-flex\">\n<div class=\"wp-block-column is-layout-flow wp-block-column-is-layout-flow\">\n<h2 class=\"wp-block-heading\">Premium Wholesale Bathroom Round Sink Features :<\/h2>\n\n\n\n<ul class=\"wp-block-list\">\n<li><strong>Design artistique luxueux en noir et or :<\/strong> Ce lavabo rond pour salle de bains en gros pr\u00e9sente une base noire mate sophistiqu\u00e9e combin\u00e9e \u00e0 un opulent veinage de marbre dor\u00e9, cr\u00e9ant une atmosph\u00e8re unique de luxe artistique qui illumine instantan\u00e9ment tout espace de salle de bains.<\/li>\n\n\n\n<li><strong>Profil arrondi et compact :<\/strong> Avec un diam\u00e8tre gracieux de 415 mm, cette vasque d'art en c\u00e9ramique de gros pr\u00e9sente un design arrondi et compact qui non seulement pr\u00e9serve l'espace du comptoir, mais offre \u00e9galement une sensation tactile douce et agr\u00e9able, ce qui en fait le choix id\u00e9al pour une installation avec un robinet \u00e0 trou unique.<\/li>\n\n\n\n<li><strong>C\u00e9ramique de premi\u00e8re qualit\u00e9 et durable :<\/strong> Nos \u00e9viers de salle de bains ronds sont cuits \u00e0 haute temp\u00e9rature pour produire un corps dense avec une absorption d'eau extr\u00eamement faible. Pr\u00e9sentant une r\u00e9sistance exceptionnelle \u00e0 la fissuration et \u00e0 l'abrasion, ils r\u00e9pondent aux exigences rigoureuses des projets commerciaux et d'ing\u00e9nierie \u00e0 grande \u00e9chelle.<\/li>\n\n\n\n<li><strong>Surface facile \u00e0 nettoyer et r\u00e9sistante aux taches :<\/strong> Ce bassin d'art en c\u00e9ramique de gros est dot\u00e9 d'une surface sp\u00e9cialement \u00e9maill\u00e9e et trait\u00e9e avec une technologie avanc\u00e9e. Ses propri\u00e9t\u00e9s hydrophobes et ol\u00e9ophobes repoussent les taches d'eau et la salet\u00e9, de sorte qu'un simple coup d'\u00e9ponge quotidien suffit \u00e0 pr\u00e9server son \u00e9clat et sa finition m\u00e9tallique pour les ann\u00e9es \u00e0 venir.<\/li>\n<\/ul>\n<\/div>\n\n\n\n<div class=\"wp-block-column is-layout-flow wp-block-column-is-layout-flow\">\n<figure class=\"wp-block-image size-full\"><img fetchpriority=\"high\" decoding=\"async\" width=\"1024\" height=\"1024\" src=\"https:\/\/www.ceramicbasin.com\/wp-content\/uploads\/2026\/03\/Customized-Marble-Pattern-Hand-Wash-Basin-Bathroom-Ceramic-Black-And-Gold-Round-Sinks-5.webp\" alt=\"Personnalis\u00e9-Marble-Pattern-Hand-Wash-Basin-Bathroom-Ceramic-Black-And-Gold-Round-Sinks\" class=\"wp-image-9327\" srcset=\"https:\/\/www.ceramicbasin.com\/wp-content\/uploads\/2026\/03\/Customized-Marble-Pattern-Hand-Wash-Basin-Bathroom-Ceramic-Black-And-Gold-Round-Sinks-5.webp 1024w, https:\/\/www.ceramicbasin.com\/wp-content\/uploads\/2026\/03\/Customized-Marble-Pattern-Hand-Wash-Basin-Bathroom-Ceramic-Black-And-Gold-Round-Sinks-5-300x300.webp 300w, https:\/\/www.ceramicbasin.com\/wp-content\/uploads\/2026\/03\/Customized-Marble-Pattern-Hand-Wash-Basin-Bathroom-Ceramic-Black-And-Gold-Round-Sinks-5-150x150.webp 150w, https:\/\/www.ceramicbasin.com\/wp-content\/uploads\/2026\/03\/Customized-Marble-Pattern-Hand-Wash-Basin-Bathroom-Ceramic-Black-And-Gold-Round-Sinks-5-768x768.webp 768w, https:\/\/www.ceramicbasin.com\/wp-content\/uploads\/2026\/03\/Customized-Marble-Pattern-Hand-Wash-Basin-Bathroom-Ceramic-Black-And-Gold-Round-Sinks-5-12x12.webp 12w, https:\/\/www.ceramicbasin.com\/wp-content\/uploads\/2026\/03\/Customized-Marble-Pattern-Hand-Wash-Basin-Bathroom-Ceramic-Black-And-Gold-Round-Sinks-5-285x285.webp 285w, https:\/\/www.ceramicbasin.com\/wp-content\/uploads\/2026\/03\/Customized-Marble-Pattern-Hand-Wash-Basin-Bathroom-Ceramic-Black-And-Gold-Round-Sinks-5-270x270.webp 270w, https:\/\/www.ceramicbasin.com\/wp-content\/uploads\/2026\/03\/Customized-Marble-Pattern-Hand-Wash-Basin-Bathroom-Ceramic-Black-And-Gold-Round-Sinks-5-540x540.webp 540w, https:\/\/www.ceramicbasin.com\/wp-content\/uploads\/2026\/03\/Customized-Marble-Pattern-Hand-Wash-Basin-Bathroom-Ceramic-Black-And-Gold-Round-Sinks-5-660x660.webp 660w\" sizes=\"(max-width: 1024px) 100vw, 1024px\" \/><\/figure>\n<\/div>\n<\/div>","protected":false},"excerpt":{"rendered":"<p>Bienvenue sur le site d'achat de vasques en c\u00e9ramique. Luxueux \u00e9vier rond de salle de bain de 415 mm avec une finition en marbre noir et or. Lavabo en c\u00e9ramique durable pour les h\u00f4tels haut de gamme et les projets de vanit\u00e9 modernes.<\/p>\n<table style=\"border-collapse: collapse; width: 311.02pt;\" border=\"0\" width=\"311\" cellspacing=\"0\" cellpadding=\"0\">\n<tbody>\n<tr style=\"height: 17.60pt;\">\n<td class=\"et3\" style=\"height: 17.60pt; width: 108.35pt;\" width=\"108\" height=\"17\">Fabricant<\/td>\n<td class=\"et3\" style=\"width: 202.95pt;\" width=\"202\">HanYu<\/td>\n<\/tr>\n<tr style=\"height: 17.60pt;\">\n<td class=\"et3\" style=\"height: 17.60pt;\" height=\"17\">Num\u00e9ro de mod\u00e8le.<\/td>\n<td class=\"et4\">HY-8069D98<\/td>\n<\/tr>\n<tr style=\"height: 36.00pt;\">\n<td class=\"et3\" style=\"height: 36.00pt;\" height=\"36\">Type<\/td>\n<td class=\"et5\" style=\"width: 202.95pt;\" width=\"202\">Cuvette en marbre, cuvette de comptoir<\/td>\n<\/tr>\n<tr style=\"height: 17.60pt;\">\n<td class=\"et3\" style=\"height: 17.60pt;\" height=\"17\">Forme<\/td>\n<td class=\"et3\">Forme ronde<\/td>\n<\/tr>\n<tr style=\"height: 18.00pt;\">\n<td class=\"et4\" style=\"height: 18.00pt;\" height=\"18\">Couleur<\/td>\n<td class=\"et5\" style=\"width: 202.95pt;\" width=\"202\">marbre<\/td>\n<\/tr>\n<tr style=\"height: 18.00pt;\">\n<td class=\"et3\" style=\"height: 18.00pt;\" height=\"18\">Dimension<\/td>\n<td class=\"et5\" style=\"width: 202.95pt;\" width=\"202\">41.5*41.5*13.5<\/td>\n<\/tr>\n<tr style=\"height: 17.60pt;\">\n<td class=\"et3\" style=\"height: 17.60pt;\" height=\"17\">N.W \/SET<\/td>\n<td class=\"et3\">8 KGS\/PCS<\/td>\n<\/tr>\n<tr style=\"height: 17.60pt;\">\n<td class=\"et3\" style=\"height: 17.60pt;\" height=\"17\">MOQ<\/td>\n<td class=\"et3\">20pcs<\/td>\n<\/tr>\n<tr style=\"height: 17.60pt;\">\n<td class=\"et3\" style=\"height: 17.60pt;\" height=\"17\">Option personnalis\u00e9e<\/td>\n<td class=\"et3\">Couleur\/Pattenue\/Taille\/Logo\/Emballage<\/td>\n<\/tr>\n<\/tbody>\n<\/table>","protected":false},"featured_media":9326,"comment_status":"closed","ping_status":"closed","template":"","meta":{"_acf_changed":false},"product_brand":[],"product_cat":[50,54],"product_tag":[],"class_list":{"0":"post-9321","1":"product","2":"type-product","3":"status-publish","4":"has-post-thumbnail","6":"product_cat-wholesale-countertop-sinks","7":"product_cat-wholesale-marble-sinks","9":"first","10":"instock","11":"shipping-taxable","12":"product-type-simple"},"acf":[],"_links":{"self":[{"href":"https:\/\/www.ceramicbasin.com\/fr\/wp-json\/wp\/v2\/product\/9321","targetHints":{"allow":["GET"]}}],"collection":[{"href":"https:\/\/www.ceramicbasin.com\/fr\/wp-json\/wp\/v2\/product"}],"about":[{"href":"https:\/\/www.ceramicbasin.com\/fr\/wp-json\/wp\/v2\/types\/product"}],"replies":[{"embeddable":true,"href":"https:\/\/www.ceramicbasin.com\/fr\/wp-json\/wp\/v2\/comments?post=9321"}],"wp:featuredmedia":[{"embeddable":true,"href":"https:\/\/www.ceramicbasin.com\/fr\/wp-json\/wp\/v2\/media\/9326"}],"wp:attachment":[{"href":"https:\/\/www.ceramicbasin.com\/fr\/wp-json\/wp\/v2\/media?parent=9321"}],"wp:term":[{"taxonomy":"product_brand","embeddable":true,"href":"https:\/\/www.ceramicbasin.com\/fr\/wp-json\/wp\/v2\/product_brand?post=9321"},{"taxonomy":"product_cat","embeddable":true,"href":"https:\/\/www.ceramicbasin.com\/fr\/wp-json\/wp\/v2\/product_cat?post=9321"},{"taxonomy":"product_tag","embeddable":true,"href":"https:\/\/www.ceramicbasin.com\/fr\/wp-json\/wp\/v2\/product_tag?post=9321"}],"curies":[{"name":"wp","href":"https:\/\/api.w.org\/{rel}","templated":true}]}}