{"id":9328,"date":"2026-03-21T07:54:43","date_gmt":"2026-03-21T07:54:43","guid":{"rendered":"https:\/\/www.ceramicbasin.com\/?post_type=product&#038;p=9328"},"modified":"2026-03-21T07:54:46","modified_gmt":"2026-03-21T07:54:46","slug":"wholesale-bathroom-lavatories","status":"publish","type":"product","link":"https:\/\/www.ceramicbasin.com\/fr\/produit\/wholesale-bathroom-lavatories\/","title":{"rendered":"Wholesale Bathroom Lavatories Marble Texture Vessel Sink"},"content":{"rendered":"<div class=\"wp-block-columns is-layout-flex wp-container-core-columns-is-layout-9d6595d7 wp-block-columns-is-layout-flex\">\n<div class=\"wp-block-column is-layout-flow wp-block-column-is-layout-flow\">\n<h2 class=\"wp-block-heading\">Lavabos de salle de bains Premium Wholesale Caract\u00e9ristiques :<\/h2>\n\n\n\n<ul class=\"wp-block-list\">\n<li><strong>Marbre classique de Carrare Motif :<\/strong> Nos lavabos de salle de bains en gros utilisent une technologie avanc\u00e9e d'impression par transfert d'eau pour reproduire fid\u00e8lement la texture classique du marbre italien de Carrare. Les motifs sont naturels et fluides, offrant une exp\u00e9rience tactile raffin\u00e9e qui conf\u00e8re \u00e0 la salle de bains un air de luxe discret.<\/li>\n\n\n\n<li><strong>Conception compacte et peu encombrante :<\/strong> Mesurant 450 \u00d7 380 mm, ces lavabos d'art en gros sont sp\u00e9cialement con\u00e7us pour les petites salles de bains, les toilettes des invit\u00e9s ou les projets commerciaux. Ils maximisent l'efficacit\u00e9 de l'espace sans compromettre l'esth\u00e9tique grandiose et sophistiqu\u00e9e.<\/li>\n\n\n\n<li><strong>Installation pratique sur le comptoir :<\/strong> Dot\u00e9s d'un design classique de bassin de comptoir, nos lavabos de salle de bain en gros offrent une installation sans tracas qui ne n\u00e9cessite pas de d\u00e9coupe complexe du comptoir. Ils peuvent \u00eatre librement associ\u00e9s \u00e0 des armoires de salle de bains ou \u00e0 des plans de toilette de diff\u00e9rents mat\u00e9riaux et styles.<\/li>\n\n\n\n<li><strong>Gla\u00e7age lisse et autonettoyant :<\/strong> L'\u00e9mail de ces lavabos d'art en gros est lisse comme un miroir, tr\u00e8s r\u00e9sistant \u00e0 l'accumulation de salet\u00e9s et exceptionnellement facile \u00e0 nettoyer. Un simple coup de chiffon suffit pour qu'ils conservent leur aspect neuf, ce qui r\u00e9duit consid\u00e9rablement les co\u00fbts d'entretien.<\/li>\n<\/ul>\n<\/div>\n\n\n\n<div class=\"wp-block-column is-layout-flow wp-block-column-is-layout-flow\">\n<figure class=\"wp-block-image size-full\"><img fetchpriority=\"high\" decoding=\"async\" width=\"1024\" height=\"1024\" src=\"https:\/\/www.ceramicbasin.com\/wp-content\/uploads\/2026\/03\/Ceramic-Rectangle-Vessel-Sink-Marble-Modern-Lavabos-Bathroom-Above-Counter-Hand-Wash-Basin-5.webp\" alt=\"Lavabo rectangulaire en c\u00e9ramique, Lavabos modernes en marbre, Lavabo au-dessus du comptoir de la salle de bain\" class=\"wp-image-9334\" srcset=\"https:\/\/www.ceramicbasin.com\/wp-content\/uploads\/2026\/03\/Ceramic-Rectangle-Vessel-Sink-Marble-Modern-Lavabos-Bathroom-Above-Counter-Hand-Wash-Basin-5.webp 1024w, https:\/\/www.ceramicbasin.com\/wp-content\/uploads\/2026\/03\/Ceramic-Rectangle-Vessel-Sink-Marble-Modern-Lavabos-Bathroom-Above-Counter-Hand-Wash-Basin-5-300x300.webp 300w, https:\/\/www.ceramicbasin.com\/wp-content\/uploads\/2026\/03\/Ceramic-Rectangle-Vessel-Sink-Marble-Modern-Lavabos-Bathroom-Above-Counter-Hand-Wash-Basin-5-150x150.webp 150w, https:\/\/www.ceramicbasin.com\/wp-content\/uploads\/2026\/03\/Ceramic-Rectangle-Vessel-Sink-Marble-Modern-Lavabos-Bathroom-Above-Counter-Hand-Wash-Basin-5-768x768.webp 768w, https:\/\/www.ceramicbasin.com\/wp-content\/uploads\/2026\/03\/Ceramic-Rectangle-Vessel-Sink-Marble-Modern-Lavabos-Bathroom-Above-Counter-Hand-Wash-Basin-5-12x12.webp 12w, https:\/\/www.ceramicbasin.com\/wp-content\/uploads\/2026\/03\/Ceramic-Rectangle-Vessel-Sink-Marble-Modern-Lavabos-Bathroom-Above-Counter-Hand-Wash-Basin-5-285x285.webp 285w, https:\/\/www.ceramicbasin.com\/wp-content\/uploads\/2026\/03\/Ceramic-Rectangle-Vessel-Sink-Marble-Modern-Lavabos-Bathroom-Above-Counter-Hand-Wash-Basin-5-270x270.webp 270w, https:\/\/www.ceramicbasin.com\/wp-content\/uploads\/2026\/03\/Ceramic-Rectangle-Vessel-Sink-Marble-Modern-Lavabos-Bathroom-Above-Counter-Hand-Wash-Basin-5-540x540.webp 540w, https:\/\/www.ceramicbasin.com\/wp-content\/uploads\/2026\/03\/Ceramic-Rectangle-Vessel-Sink-Marble-Modern-Lavabos-Bathroom-Above-Counter-Hand-Wash-Basin-5-660x660.webp 660w\" sizes=\"(max-width: 1024px) 100vw, 1024px\" \/><\/figure>\n<\/div>\n<\/div>","protected":false},"excerpt":{"rendered":"<p>Bienvenue pour acheter en gros des lavabos d'art. Lavabos de salle de bain modernes de 450 mm avec un aspect marbre de Carrare de premi\u00e8re qualit\u00e9. Vasque compacte en c\u00e9ramique pour comptoir, id\u00e9ale pour les projets de vanit\u00e9 \u00e9l\u00e9gants \u00e0 la maison ou \u00e0 l'h\u00f4tel.<\/p>\n<table style=\"border-collapse: collapse; width: 311.02pt;\" border=\"0\" width=\"311\" cellspacing=\"0\" cellpadding=\"0\">\n<tbody>\n<tr style=\"height: 17.60pt;\">\n<td class=\"et3\" style=\"height: 17.60pt; width: 108.35pt;\" width=\"108\" height=\"17\">Fabricant<\/td>\n<td class=\"et3\" style=\"width: 202.95pt;\" width=\"202\">HanYu<\/td>\n<\/tr>\n<tr style=\"height: 17.60pt;\">\n<td class=\"et3\" style=\"height: 17.60pt;\" height=\"17\">Num\u00e9ro de mod\u00e8le.<\/td>\n<td class=\"et4\">HY-8064-45D99<\/td>\n<\/tr>\n<tr style=\"height: 36.00pt;\">\n<td class=\"et3\" style=\"height: 36.00pt;\" height=\"36\">Type<\/td>\n<td class=\"et5\" style=\"width: 202.95pt;\" width=\"202\">Cuvette en marbre, cuvette de comptoir<\/td>\n<\/tr>\n<tr style=\"height: 17.60pt;\">\n<td class=\"et3\" style=\"height: 17.60pt;\" height=\"17\">Forme<\/td>\n<td class=\"et3\">Forme rectangulaire<\/td>\n<\/tr>\n<tr style=\"height: 18.00pt;\">\n<td class=\"et4\" style=\"height: 18.00pt;\" height=\"18\">Couleur<\/td>\n<td class=\"et5\" style=\"width: 202.95pt;\" width=\"202\">Noir<\/td>\n<\/tr>\n<tr style=\"height: 18.00pt;\">\n<td class=\"et3\" style=\"height: 18.00pt;\" height=\"18\">Dimension<\/td>\n<td class=\"et5\" style=\"width: 202.95pt;\" width=\"202\">45*38*11<\/td>\n<\/tr>\n<tr style=\"height: 17.60pt;\">\n<td class=\"et3\" style=\"height: 17.60pt;\" height=\"17\">N.W \/SET<\/td>\n<td class=\"et3\">8KGS\/PCS<\/td>\n<\/tr>\n<tr style=\"height: 17.60pt;\">\n<td class=\"et3\" style=\"height: 17.60pt;\" height=\"17\">MOQ<\/td>\n<td class=\"et3\">20pcs<\/td>\n<\/tr>\n<tr style=\"height: 17.60pt;\">\n<td class=\"et3\" style=\"height: 17.60pt;\" height=\"17\">Option personnalis\u00e9e<\/td>\n<td class=\"et3\">Couleur\/Pattenue\/Taille\/Logo\/Emballage<\/td>\n<\/tr>\n<\/tbody>\n<\/table>","protected":false},"featured_media":9330,"comment_status":"closed","ping_status":"closed","template":"","meta":{"_acf_changed":false},"product_brand":[],"product_cat":[50,54],"product_tag":[],"class_list":{"0":"post-9328","1":"product","2":"type-product","3":"status-publish","4":"has-post-thumbnail","6":"product_cat-wholesale-countertop-sinks","7":"product_cat-wholesale-marble-sinks","9":"first","10":"instock","11":"shipping-taxable","12":"product-type-simple"},"acf":[],"_links":{"self":[{"href":"https:\/\/www.ceramicbasin.com\/fr\/wp-json\/wp\/v2\/product\/9328","targetHints":{"allow":["GET"]}}],"collection":[{"href":"https:\/\/www.ceramicbasin.com\/fr\/wp-json\/wp\/v2\/product"}],"about":[{"href":"https:\/\/www.ceramicbasin.com\/fr\/wp-json\/wp\/v2\/types\/product"}],"replies":[{"embeddable":true,"href":"https:\/\/www.ceramicbasin.com\/fr\/wp-json\/wp\/v2\/comments?post=9328"}],"wp:featuredmedia":[{"embeddable":true,"href":"https:\/\/www.ceramicbasin.com\/fr\/wp-json\/wp\/v2\/media\/9330"}],"wp:attachment":[{"href":"https:\/\/www.ceramicbasin.com\/fr\/wp-json\/wp\/v2\/media?parent=9328"}],"wp:term":[{"taxonomy":"product_brand","embeddable":true,"href":"https:\/\/www.ceramicbasin.com\/fr\/wp-json\/wp\/v2\/product_brand?post=9328"},{"taxonomy":"product_cat","embeddable":true,"href":"https:\/\/www.ceramicbasin.com\/fr\/wp-json\/wp\/v2\/product_cat?post=9328"},{"taxonomy":"product_tag","embeddable":true,"href":"https:\/\/www.ceramicbasin.com\/fr\/wp-json\/wp\/v2\/product_tag?post=9328"}],"curies":[{"name":"wp","href":"https:\/\/api.w.org\/{rel}","templated":true}]}}